{"id":67,"date":"2019-10-28T11:39:26","date_gmt":"2019-10-28T11:39:26","guid":{"rendered":"http:\/\/autostopglobal.com\/?page_id=67"},"modified":"2023-03-22T06:22:45","modified_gmt":"2023-03-22T06:22:45","slug":"floor-mats","status":"publish","type":"page","link":"https:\/\/autostopglobal.com\/sr\/floor-mats\/","title":{"rendered":"Patosnice"},"content":{"rendered":"<div class=\"wpb-content-wrapper\"><p>[vc_section full_width=&#8220;stretch_row&#8220; el_id=&#8220;Subheader&#8220; el_class=&#8220;subheader-floormats slider&#8220;][vc_row][vc_column]\n\t\t\t<!-- START Subheader  Floor Mats SR REVOLUTION SLIDER 6.7.33 --><p class=\"rs-p-wp-fix\"><\/p>\n\t\t\t<rs-module-wrap id=\"rev_slider_69_3_wrapper\" data-source=\"gallery\" style=\"visibility:hidden;background:transparent;padding:0;margin:0px auto;margin-top:0;margin-bottom:0;\">\n\t\t\t\t<rs-module id=\"rev_slider_69_3\" style=\"\" data-version=\"6.7.33\">\n\t\t\t\t\t<rs-slides style=\"overflow: hidden; position: absolute;\">\n\t\t\t\t\t\t<rs-slide style=\"position: absolute;\" data-key=\"rs-189\" data-title=\"Slide\" data-thumb=\"\/\/autostopglobal.com\/wp-content\/uploads\/2021\/05\/IMG_3123-scaled-50x100.jpg\" data-duration=\"2000ms\" data-anim=\"adpr:false;\" data-in=\"o:0;\" data-out=\"a:false;\">\n\t\t\t\t\t\t\t<img decoding=\"async\" src=\"\/\/autostopglobal.com\/wp-content\/plugins\/revslider\/sr6\/assets\/assets\/dummy.png\" alt=\"\" title=\"IMG_3123\" width=\"2560\" height=\"1707\" class=\"rev-slidebg tp-rs-img rs-lazyload\" data-lazyload=\"\/\/autostopglobal.com\/wp-content\/uploads\/2021\/05\/IMG_3123-scaled.jpg\" data-bg=\"p:0% 80%;\" data-parallax=\"off\" data-no-retina>\n<!--\n\t\t\t\t\t\t\t--><rs-layer\n\t\t\t\t\t\t\t\tid=\"slider-69-slide-189-layer-0\" \n\t\t\t\t\t\t\t\tclass=\"title\"\n\t\t\t\t\t\t\t\tdata-type=\"text\"\n\t\t\t\t\t\t\t\tdata-color=\"#ffffff\"\n\t\t\t\t\t\t\t\tdata-rsp_ch=\"on\"\n\t\t\t\t\t\t\t\tdata-xy=\"x:c;y:c;\"\n\t\t\t\t\t\t\t\tdata-text=\"w:normal;s:60;a:center;\"\n\t\t\t\t\t\t\t\tdata-frame_999=\"o:0;st:w;\"\n\t\t\t\t\t\t\t\tstyle=\"z-index:9;font-family:'Questrial';\"\n\t\t\t\t\t\t\t>Patosnice \n\t\t\t\t\t\t\t<\/rs-layer><!--\n-->\t\t\t\t\t<\/rs-slide>\n\t\t\t\t\t\t<rs-slide style=\"position: absolute;\" data-key=\"rs-191\" data-title=\"Slide\" data-thumb=\"\/\/autostopglobal.com\/wp-content\/uploads\/2021\/04\/corner-of-car-mat-PMB9MMX-scaled-50x100.jpg\" data-duration=\"2000ms\" data-anim=\"adpr:false;\" data-in=\"o:0;\" data-out=\"a:false;\">\n\t\t\t\t\t\t\t<img decoding=\"async\" src=\"\/\/autostopglobal.com\/wp-content\/plugins\/revslider\/sr6\/assets\/assets\/dummy.png\" alt=\"corner-of-car-mat-PMB9MMX\" width=\"2560\" height=\"1700\" class=\"rev-slidebg tp-rs-img rs-lazyload\" data-lazyload=\"\/\/autostopglobal.com\/wp-content\/uploads\/2021\/04\/corner-of-car-mat-PMB9MMX-scaled.jpg\" data-bg=\"p:0% 45%;\" data-parallax=\"off\" data-no-retina>\n<!--\n\t\t\t\t\t\t\t--><rs-layer\n\t\t\t\t\t\t\t\tid=\"slider-69-slide-191-layer-0\" \n\t\t\t\t\t\t\t\tclass=\"title\"\n\t\t\t\t\t\t\t\tdata-type=\"text\"\n\t\t\t\t\t\t\t\tdata-color=\"#ffffff\"\n\t\t\t\t\t\t\t\tdata-rsp_ch=\"on\"\n\t\t\t\t\t\t\t\tdata-xy=\"x:c;y:c;\"\n\t\t\t\t\t\t\t\tdata-text=\"w:normal;s:60;a:center;\"\n\t\t\t\t\t\t\t\tdata-frame_999=\"o:0;st:w;\"\n\t\t\t\t\t\t\t\tstyle=\"z-index:9;font-family:'Questrial';\"\n\t\t\t\t\t\t\t>Patosnice \n\t\t\t\t\t\t\t<\/rs-layer><!--\n-->\t\t\t\t\t<\/rs-slide>\n\t\t\t\t\t\t<rs-slide style=\"position: absolute;\" data-key=\"rs-193\" data-title=\"Slide\" data-thumb=\"\/\/autostopglobal.com\/wp-content\/uploads\/2021\/05\/IMGgg_919cc4-scaled-50x100.jpg\" data-duration=\"2000ms\" data-anim=\"adpr:false;\" data-in=\"o:0;\" data-out=\"a:false;\">\n\t\t\t\t\t\t\t<img decoding=\"async\" src=\"\/\/autostopglobal.com\/wp-content\/plugins\/revslider\/sr6\/assets\/assets\/dummy.png\" alt=\"\" title=\"IMGgg_919cc4\" width=\"2560\" height=\"1437\" class=\"rev-slidebg tp-rs-img rs-lazyload\" data-lazyload=\"\/\/autostopglobal.com\/wp-content\/uploads\/2021\/05\/IMGgg_919cc4-scaled.jpg\" data-bg=\"p:0% 65%;\" data-parallax=\"off\" data-no-retina>\n<!--\n\t\t\t\t\t\t\t--><rs-layer\n\t\t\t\t\t\t\t\tid=\"slider-69-slide-193-layer-0\" \n\t\t\t\t\t\t\t\tclass=\"title\"\n\t\t\t\t\t\t\t\tdata-type=\"text\"\n\t\t\t\t\t\t\t\tdata-color=\"#ffffff\"\n\t\t\t\t\t\t\t\tdata-rsp_ch=\"on\"\n\t\t\t\t\t\t\t\tdata-xy=\"x:c;y:c;\"\n\t\t\t\t\t\t\t\tdata-text=\"w:normal;s:60;a:center;\"\n\t\t\t\t\t\t\t\tdata-frame_999=\"o:0;st:w;\"\n\t\t\t\t\t\t\t\tstyle=\"z-index:9;font-family:'Questrial';\"\n\t\t\t\t\t\t\t>Patosnice \n\t\t\t\t\t\t\t<\/rs-layer><!--\n-->\t\t\t\t\t<\/rs-slide>\n\t\t\t\t\t\t<rs-slide style=\"position: absolute;\" data-key=\"rs-323\" data-title=\"Slide\" data-thumb=\"\/\/autostopglobal.com\/wp-content\/uploads\/2021\/05\/IMG_3126-scaled-50x100.jpg\" data-duration=\"2000ms\" data-anim=\"adpr:false;\" data-in=\"o:0;\" data-out=\"a:false;\">\n\t\t\t\t\t\t\t<img decoding=\"async\" src=\"\/\/autostopglobal.com\/wp-content\/plugins\/revslider\/sr6\/assets\/assets\/dummy.png\" alt=\"\" title=\"IMG_3126\" width=\"2560\" height=\"1707\" class=\"rev-slidebg tp-rs-img rs-lazyload\" data-lazyload=\"\/\/autostopglobal.com\/wp-content\/uploads\/2021\/05\/IMG_3126-scaled.jpg\" data-bg=\"p:center bottom;\" data-parallax=\"off\" data-no-retina>\n<!--\n\t\t\t\t\t\t\t--><rs-layer\n\t\t\t\t\t\t\t\tid=\"slider-69-slide-323-layer-0\" \n\t\t\t\t\t\t\t\tclass=\"title\"\n\t\t\t\t\t\t\t\tdata-type=\"text\"\n\t\t\t\t\t\t\t\tdata-color=\"#ffffff\"\n\t\t\t\t\t\t\t\tdata-rsp_ch=\"on\"\n\t\t\t\t\t\t\t\tdata-xy=\"x:c;y:c;\"\n\t\t\t\t\t\t\t\tdata-text=\"w:normal;s:60;a:center;\"\n\t\t\t\t\t\t\t\tdata-frame_999=\"o:0;st:w;\"\n\t\t\t\t\t\t\t\tstyle=\"z-index:9;font-family:'Questrial';\"\n\t\t\t\t\t\t\t>Patosnice \n\t\t\t\t\t\t\t<\/rs-layer><!--\n-->\t\t\t\t\t<\/rs-slide>\n\t\t\t\t\t\t<rs-slide style=\"position: absolute;\" data-key=\"rs-192\" data-title=\"Slide\" data-thumb=\"\/\/autostopglobal.com\/wp-content\/uploads\/2021\/05\/IMG_9139-scaled-50x100.jpg\" data-duration=\"2000ms\" data-anim=\"adpr:false;\" data-in=\"o:0;\" data-out=\"a:false;\">\n\t\t\t\t\t\t\t<img decoding=\"async\" src=\"\/\/autostopglobal.com\/wp-content\/plugins\/revslider\/sr6\/assets\/assets\/dummy.png\" alt=\"\" title=\"IMG_9139\" width=\"2560\" height=\"1437\" class=\"rev-slidebg tp-rs-img rs-lazyload\" data-lazyload=\"\/\/autostopglobal.com\/wp-content\/uploads\/2021\/05\/IMG_9139-scaled.jpg\" data-bg=\"p:40% 90%;\" data-parallax=\"off\" data-no-retina>\n<!--\n\t\t\t\t\t\t\t--><rs-layer\n\t\t\t\t\t\t\t\tid=\"slider-69-slide-192-layer-0\" \n\t\t\t\t\t\t\t\tclass=\"title\"\n\t\t\t\t\t\t\t\tdata-type=\"text\"\n\t\t\t\t\t\t\t\tdata-color=\"#0c0c0c\"\n\t\t\t\t\t\t\t\tdata-rsp_ch=\"on\"\n\t\t\t\t\t\t\t\tdata-xy=\"x:c;y:c;\"\n\t\t\t\t\t\t\t\tdata-text=\"w:normal;s:60;a:center;\"\n\t\t\t\t\t\t\t\tdata-frame_999=\"o:0;st:w;\"\n\t\t\t\t\t\t\t\tstyle=\"z-index:9;font-family:'Questrial';\"\n\t\t\t\t\t\t\t>Patosnice \n\t\t\t\t\t\t\t<\/rs-layer><!--\n-->\t\t\t\t\t<\/rs-slide>\n\t\t\t\t\t<\/rs-slides>\n\t\t\t\t<\/rs-module>\n\t\t\t\t<script>\n\t\t\t\t\tsetREVStartSize({c: 'rev_slider_69_3',rl:[1240,1024,778,480],el:[240],gw:[1240],gh:[240],type:'standard',justify:'',layout:'fullwidth',mh:\"0\"});if (window.RS_MODULES!==undefined && window.RS_MODULES.modules!==undefined && window.RS_MODULES.modules[\"revslider693\"]!==undefined) {window.RS_MODULES.modules[\"revslider693\"].once = false;window.revapi69 = undefined;if (window.RS_MODULES.checkMinimal!==undefined) window.RS_MODULES.checkMinimal()}\n\t\t\t\t<\/script>\n\t\t\t<\/rs-module-wrap>\n\t\t\t<!-- END REVOLUTION SLIDER -->\n[\/vc_column][\/vc_row][\/vc_section][vc_row disable_element=&#8220;yes&#8220; css=&#8220;.vc_custom_1678342648285{margin-bottom: 30px !important;padding-top: 70px !important;}&#8220; el_class=&#8220;separator-triangle-up&#8220;][vc_column width=&#8220;1\/2&#8243;][vc_single_image image=&#8220;2339&#8243; img_size=&#8220;500X300&#8243; onclick=&#8220;link_image&#8220; css_animation=&#8220;none&#8220;][\/vc_column][vc_column width=&#8220;1\/2&#8243;][vc_column_text]<strong>Autostop Floormats<\/strong> je jedan od vodec\u0301ih proizvo\u0111a\u010da patosnica za automobile u Evropi.<\/p>\n<ul>\n<li style=\"text-align: justify;\"><span style=\"color: #000000;\"><strong>Dizajn i razvoj kompanije i vodec\u0301a proizvodna lokacija opslu\u017euju OPO-ve \u0161irom sveta proizvodima visoke klase i svojim kupcima osiguravaju konkurentne cene na tr\u017ei\u0161tu.<\/strong><\/span><\/li>\n<li style=\"text-align: justify;\"><span style=\"color: #000000;\"><strong>Izuzetno ve\u0161ti i iskusni ljudi proizvode prvoklasne patosnice koristec\u0301i vrhunsku opremu i ma\u0161ine.<\/strong><\/span><\/li>\n<\/ul>\n<p style=\"text-align: justify;\">Po\u010dev\u0161i od razvoja i pru\u017eajuc\u0301i prilagodljivost serijske proizvodnje, <strong>Autostop<\/strong> je prvoklasni dobavlja\u010d na jednom mestu za svoje kupce: inspekcija ulaznog materijala, se\u010denje,\u00a0 vezivanje\/logo welding, overlok ili edge wrap binding, postavljanje sistema za fiksiranje, \u010di\u0161c\u0301enje, kontrola kvaliteta i pakovanje &#8211; patosnice <strong>Autostopa<\/strong> proizvode se u visoko optimizovanom toku procesa.<\/p>\n<p>[\/vc_column_text][\/vc_column][\/vc_row][vc_row css=&#8220;.vc_custom_1608160442406{margin-bottom: 30px !important;padding-top: 70px !important;}&#8220; el_class=&#8220;separator-triangle-up&#8220;][vc_column width=&#8220;1\/2&#8243;][vc_single_image image=&#8220;2339&#8243; img_size=&#8220;500X300&#8243; onclick=&#8220;link_image&#8220; css_animation=&#8220;none&#8220;][\/vc_column][vc_column width=&#8220;1\/2&#8243;][vc_column_text]<\/p>\n<p style=\"text-align: justify;\"><strong>Autostop Floormats<\/strong> je jedan od vodec\u0301ih proizvo\u0111a\u010da patosnica za automobile u Evropi. <span style=\"color: #000000;\">Dizajn i razvoj kompanije i vodec\u0301a proizvodna lokacija opslu\u017euju OPO-ve \u0161irom sveta proizvodima visoke klase i svojim kupcima osiguravaju konkurentne cene na tr\u017ei\u0161tu. <\/span><span style=\"color: #000000;\">Izuzetno ve\u0161ti i iskusni ljudi proizvode prvoklasne patosnice koristec\u0301i vrhunsku opremu i ma\u0161ine.<\/span><\/p>\n<p>[\/vc_column_text][\/vc_column][\/vc_row][vc_row disable_element=&#8220;yes&#8220; el_class=&#8220;mobile-x3-columns&#8220;][vc_column width=&#8220;1\/6&#8243;][vc_single_image image=&#8220;1926&#8243; img_size=&#8220;400&#215;400&#8243; onclick=&#8220;link_image&#8220; css_animation=&#8220;appear&#8220;][vc_single_image image=&#8220;1931&#8243; img_size=&#8220;400&#215;400&#8243; onclick=&#8220;link_image&#8220; css_animation=&#8220;appear&#8220;][\/vc_column][vc_column width=&#8220;1\/6&#8243;][vc_single_image image=&#8220;1632&#8243; img_size=&#8220;400&#215;400&#8243; onclick=&#8220;link_image&#8220; css_animation=&#8220;appear&#8220;][vc_single_image image=&#8220;1929&#8243; img_size=&#8220;400&#215;400&#8243; onclick=&#8220;link_image&#8220; css_animation=&#8220;appear&#8220;][\/vc_column][vc_column width=&#8220;1\/6&#8243;][vc_single_image image=&#8220;1927&#8243; img_size=&#8220;400&#215;400&#8243; onclick=&#8220;link_image&#8220; css_animation=&#8220;appear&#8220;][vc_single_image image=&#8220;1936&#8243; img_size=&#8220;400&#215;400&#8243; onclick=&#8220;link_image&#8220; css_animation=&#8220;appear&#8220;][\/vc_column][vc_column width=&#8220;1\/6&#8243;][vc_single_image image=&#8220;1932&#8243; img_size=&#8220;400&#215;400&#8243; onclick=&#8220;link_image&#8220; css_animation=&#8220;appear&#8220;][vc_single_image image=&#8220;1930&#8243; img_size=&#8220;400&#215;400&#8243; onclick=&#8220;link_image&#8220; css_animation=&#8220;appear&#8220;][\/vc_column][vc_column width=&#8220;1\/6&#8243;][vc_single_image image=&#8220;1928&#8243; img_size=&#8220;400&#215;400&#8243; onclick=&#8220;link_image&#8220; css_animation=&#8220;appear&#8220;][vc_single_image image=&#8220;1925&#8243; img_size=&#8220;400&#215;400&#8243; onclick=&#8220;link_image&#8220; css_animation=&#8220;appear&#8220;][\/vc_column][vc_column width=&#8220;1\/6&#8243;][vc_single_image image=&#8220;1933&#8243; img_size=&#8220;400&#215;400&#8243; onclick=&#8220;link_image&#8220; css_animation=&#8220;appear&#8220;][vc_single_image image=&#8220;1935&#8243; img_size=&#8220;400&#215;400&#8243; onclick=&#8220;link_image&#8220; css_animation=&#8220;appear&#8220;][\/vc_column][\/vc_row][vc_row el_class=&#8220;mobile-x3-columns&#8220;][vc_column width=&#8220;1\/6&#8243;][vc_single_image image=&#8220;1926&#8243; img_size=&#8220;400&#215;400&#8243; onclick=&#8220;link_image&#8220; css_animation=&#8220;appear&#8220;][\/vc_column][vc_column width=&#8220;1\/6&#8243;][vc_single_image image=&#8220;1935&#8243; img_size=&#8220;400&#215;400&#8243; onclick=&#8220;link_image&#8220; css_animation=&#8220;appear&#8220;][\/vc_column][vc_column width=&#8220;1\/6&#8243;][vc_single_image image=&#8220;1927&#8243; img_size=&#8220;400&#215;400&#8243; onclick=&#8220;link_image&#8220; css_animation=&#8220;appear&#8220;][\/vc_column][vc_column width=&#8220;1\/6&#8243;][vc_single_image image=&#8220;1932&#8243; img_size=&#8220;400&#215;400&#8243; onclick=&#8220;link_image&#8220; css_animation=&#8220;appear&#8220;][\/vc_column][vc_column width=&#8220;1\/6&#8243;][vc_single_image image=&#8220;1928&#8243; img_size=&#8220;400&#215;400&#8243; onclick=&#8220;link_image&#8220; css_animation=&#8220;appear&#8220;][\/vc_column][vc_column width=&#8220;1\/6&#8243;][vc_single_image image=&#8220;1933&#8243; img_size=&#8220;400&#215;400&#8243; onclick=&#8220;link_image&#8220; css_animation=&#8220;appear&#8220;][\/vc_column][\/vc_row][vc_row][vc_column][vc_empty_space][vc_column_text]<\/p>\n<h3 style=\"text-align: center;\"><strong>Proizvodni procesi<\/strong><\/h3>\n<p>[\/vc_column_text][\/vc_column][\/vc_row][vc_row][vc_column width=&#8220;1\/3&#8243;][vc_column_text]<\/p>\n<h4><strong>Se\u010denje<\/strong><\/h4>\n<p>[\/vc_column_text][vc_single_image image=&#8220;4061&#8243; img_size=&#8220;500&#215;300&#8243;][\/vc_column][vc_column width=&#8220;1\/3&#8243;][vc_column_text]<\/p>\n<h4><strong>Izrada logoa<\/strong><\/h4>\n<p>[\/vc_column_text][vc_single_image image=&#8220;4062&#8243; img_size=&#8220;500&#215;300&#8243;][\/vc_column][vc_column width=&#8220;1\/3&#8243;][vc_column_text]<\/p>\n<h4><strong>Overlocking<\/strong><\/h4>\n<p>[\/vc_column_text][vc_single_image image=&#8220;1627&#8243; img_size=&#8220;500&#215;300&#8243;][\/vc_column][\/vc_row][vc_row][vc_column width=&#8220;1\/3&#8243;][vc_column_text]<\/p>\n<h4><strong>Fiksacija<\/strong><\/h4>\n<p>[\/vc_column_text][vc_single_image image=&#8220;4063&#8243; img_size=&#8220;500&#215;300&#8243;][\/vc_column][vc_column width=&#8220;1\/3&#8243;][vc_column_text]<\/p>\n<h4><strong>\u010ci\u0161\u0107enje<\/strong><\/h4>\n<p>[\/vc_column_text][vc_single_image image=&#8220;4064&#8243; img_size=&#8220;500&#215;300&#8243;][\/vc_column][vc_column width=&#8220;1\/3&#8243;][vc_column_text]<\/p>\n<h4><strong>Kontrola Kvaliteta<\/strong><\/h4>\n<p>[\/vc_column_text][vc_single_image image=&#8220;4065&#8243; img_size=&#8220;500&#215;300&#8243;][\/vc_column][\/vc_row][vc_row][vc_column][vc_empty_space][vc_column_text]<\/p>\n<h3 style=\"text-align: center;\"><strong>Mogu\u0107nosti za Dizajn<\/strong><\/h3>\n<p>[\/vc_column_text][\/vc_column][\/vc_row][vc_row][vc_column][vc_column_text]<\/p>\n<p style=\"text-align: justify;\">Vo\u0111eni na\u0161om misijom da tra\u017eimo vrhunski dizajn i re\u0161enje, u DNK na\u0161ih timova je rad na daljem razvoju i inovacijama tehnologija i metoda u procesima proizvodnje. Zajedno sa nau\u010dnim institutima i sopstvenim kupcima, tim <strong>Autostopa<\/strong> neprestano radi na novim proizvodima, ma\u0161inama i tehnologijama obrade, kako bi doprineo na\u0161im inovacijama i kreativnosti u oblikovanju enterijera buduc\u0301nosti.<\/p>\n<p>[\/vc_column_text][vc_empty_space][\/vc_column][\/vc_row][vc_row][vc_column][vc_column_text]<\/p>\n<h4 style=\"text-align: center;\"><strong>Ko\u017ene ili PVC patosnice<\/strong><\/h4>\n<p>[\/vc_column_text][\/vc_column][\/vc_row][vc_row][vc_column width=&#8220;1\/4&#8243;][vc_single_image image=&#8220;3584&#8243; img_size=&#8220;500&#215;300&#8243;][\/vc_column][vc_column width=&#8220;1\/4&#8243;][vc_single_image image=&#8220;3592&#8243; img_size=&#8220;500&#215;300&#8243;][\/vc_column][vc_column width=&#8220;1\/4&#8243;][vc_single_image image=&#8220;3586&#8243; img_size=&#8220;500&#215;300&#8243;][\/vc_column][vc_column width=&#8220;1\/4&#8243;][vc_single_image image=&#8220;3601&#8243; img_size=&#8220;500&#215;300&#8243;][\/vc_column][\/vc_row][vc_row][vc_column][vc_empty_space][vc_column_text]<\/p>\n<h4 style=\"text-align: center;\"><strong>Kombinacija ko\u017ee (ili PVC) i karpeta<\/strong><\/h4>\n<p>[\/vc_column_text][\/vc_column][\/vc_row][vc_row][vc_column width=&#8220;1\/4&#8243;][vc_single_image image=&#8220;3598&#8243; img_size=&#8220;500&#215;300&#8243;][\/vc_column][vc_column width=&#8220;1\/4&#8243;][vc_single_image image=&#8220;3590&#8243; img_size=&#8220;500&#215;300&#8243;][\/vc_column][vc_column width=&#8220;1\/4&#8243;][vc_single_image image=&#8220;1933&#8243; img_size=&#8220;500&#215;300&#8243;][\/vc_column][vc_column width=&#8220;1\/4&#8243;][vc_single_image image=&#8220;3593&#8243; img_size=&#8220;500&#215;300&#8243;][\/vc_column][\/vc_row][vc_row][vc_column][vc_empty_space][vc_column_text]<\/p>\n<h4 style=\"text-align: center;\"><strong>Ko\u017ea i kombinacija ko\u017ee i karpeta patosnica za prtlja\u017enik<\/strong><\/h4>\n<p>[\/vc_column_text][\/vc_column][\/vc_row][vc_row][vc_column width=&#8220;1\/4&#8243;][vc_single_image image=&#8220;3850&#8243; img_size=&#8220;500&#215;300&#8243;][\/vc_column][vc_column width=&#8220;1\/4&#8243;][vc_single_image image=&#8220;3851&#8243; img_size=&#8220;500&#215;300&#8243;][\/vc_column][vc_column width=&#8220;1\/4&#8243;][vc_single_image image=&#8220;3852&#8243; img_size=&#8220;500&#215;300&#8243;][\/vc_column][vc_column width=&#8220;1\/4&#8243;][vc_single_image image=&#8220;3853&#8243; img_size=&#8220;500&#215;300&#8243;][\/vc_column][\/vc_row][vc_row][vc_column][vc_empty_space][vc_column_text]<\/p>\n<h4 style=\"text-align: center;\"><strong>Logo<\/strong><\/h4>\n<p>[\/vc_column_text][\/vc_column][\/vc_row][vc_row][vc_column width=&#8220;1\/4&#8243;][vc_single_image image=&#8220;2195&#8243; img_size=&#8220;500&#215;300&#8243;][\/vc_column][vc_column width=&#8220;1\/4&#8243;][vc_single_image image=&#8220;2201&#8243; img_size=&#8220;500&#215;300&#8243;][\/vc_column][vc_column width=&#8220;1\/4&#8243;][vc_single_image image=&#8220;2317&#8243; img_size=&#8220;500&#215;300&#8243;][\/vc_column][vc_column width=&#8220;1\/4&#8243;][vc_single_image image=&#8220;2314&#8243; img_size=&#8220;500&#215;300&#8243;][\/vc_column][\/vc_row][vc_row][vc_column width=&#8220;1\/4&#8243;][vc_single_image image=&#8220;2290&#8243; img_size=&#8220;500&#215;300&#8243;][\/vc_column][vc_column width=&#8220;1\/4&#8243;][vc_single_image image=&#8220;2288&#8243; img_size=&#8220;500&#215;300&#8243;][\/vc_column][vc_column width=&#8220;1\/4&#8243;][vc_single_image image=&#8220;2287&#8243; img_size=&#8220;500&#215;300&#8243;][\/vc_column][vc_column width=&#8220;1\/4&#8243;][vc_single_image image=&#8220;2292&#8243; img_size=&#8220;500&#215;300&#8243;][\/vc_column][\/vc_row][vc_row][vc_column][vc_empty_space][vc_column_text]<\/p>\n<h4 style=\"text-align: center;\"><strong>Vezivanje<\/strong><\/h4>\n<p>[\/vc_column_text][\/vc_column][\/vc_row][vc_row][vc_column width=&#8220;1\/4&#8243;][vc_single_image image=&#8220;2192&#8243; img_size=&#8220;500&#215;300&#8243;][\/vc_column][vc_column width=&#8220;1\/4&#8243;][vc_single_image image=&#8220;2191&#8243; img_size=&#8220;500&#215;300&#8243;][\/vc_column][vc_column width=&#8220;1\/4&#8243;][vc_single_image image=&#8220;1930&#8243; img_size=&#8220;500&#215;300&#8243;][\/vc_column][vc_column width=&#8220;1\/4&#8243;][vc_single_image image=&#8220;2190&#8243; img_size=&#8220;500&#215;300&#8243;][\/vc_column][\/vc_row][vc_row][vc_column][vc_empty_space][vc_column_text]<\/p>\n<h4 style=\"text-align: center;\"><strong>Paterni<\/strong><\/h4>\n<p>[\/vc_column_text][\/vc_column][\/vc_row][vc_row][vc_column width=&#8220;1\/4&#8243;][vc_single_image image=&#8220;2206&#8243; img_size=&#8220;500&#215;300&#8243;][\/vc_column][vc_column width=&#8220;1\/4&#8243;][vc_single_image image=&#8220;2205&#8243; img_size=&#8220;500&#215;300&#8243;][\/vc_column][vc_column width=&#8220;1\/4&#8243;][vc_single_image image=&#8220;2308&#8243; img_size=&#8220;500&#215;300&#8243;][\/vc_column][vc_column width=&#8220;1\/4&#8243;][vc_single_image image=&#8220;2302&#8243; img_size=&#8220;500&#215;300&#8243;][\/vc_column][\/vc_row][vc_row][vc_column][vc_empty_space][vc_column_text]<\/p>\n<h4 style=\"text-align: center;\"><strong>Overlok<\/strong><\/h4>\n<p>[\/vc_column_text][\/vc_column][\/vc_row][vc_row][vc_column width=&#8220;1\/4&#8243;][vc_single_image image=&#8220;2264&#8243; img_size=&#8220;500&#215;300&#8243;][\/vc_column][vc_column width=&#8220;1\/4&#8243;][vc_single_image image=&#8220;2263&#8243; img_size=&#8220;500&#215;300&#8243;][\/vc_column][vc_column width=&#8220;1\/4&#8243;][vc_single_image image=&#8220;2272&#8243; img_size=&#8220;500&#215;300&#8243;][\/vc_column][vc_column width=&#8220;1\/4&#8243;][vc_single_image image=&#8220;2271&#8243; img_size=&#8220;500&#215;300&#8243;][\/vc_column][\/vc_row][vc_row][vc_column width=&#8220;1\/4&#8243;][vc_single_image image=&#8220;1936&#8243; img_size=&#8220;500&#215;300&#8243;][\/vc_column][vc_column width=&#8220;1\/4&#8243;][vc_single_image image=&#8220;326&#8243; img_size=&#8220;500&#215;300&#8243;][\/vc_column][vc_column width=&#8220;1\/4&#8243;][vc_single_image image=&#8220;1632&#8243; img_size=&#8220;500&#215;300&#8243;][\/vc_column][vc_column width=&#8220;1\/4&#8243;][vc_single_image image=&#8220;2273&#8243; img_size=&#8220;500&#215;300&#8243;][\/vc_column][\/vc_row][vc_row][vc_column width=&#8220;1\/4&#8243;][vc_single_image image=&#8220;2277&#8243; img_size=&#8220;500&#215;300&#8243;][\/vc_column][vc_column width=&#8220;1\/4&#8243;][vc_single_image image=&#8220;2278&#8243; img_size=&#8220;500&#215;300&#8243;][\/vc_column][vc_column width=&#8220;1\/4&#8243;][vc_single_image image=&#8220;844&#8243; img_size=&#8220;500&#215;300&#8243;][\/vc_column][vc_column width=&#8220;1\/4&#8243;][vc_single_image image=&#8220;2279&#8243; img_size=&#8220;500&#215;300&#8243;][\/vc_column][\/vc_row][vc_row][vc_column][vc_empty_space][vc_column_text]<\/p>\n<h4 style=\"text-align: center;\">Klikni na link<\/h4>\n<h3 style=\"text-align: center;\"><span style=\"text-decoration: underline;\"><span style=\"color: #000000;\"><strong><a style=\"color: #000000; text-decoration: underline;\" href=\"https:\/\/autostopglobal.com\/wp-content\/uploads\/2023\/03\/Aircraft-Carpet.pdf\">Aviation-Carpet<\/a><\/strong><\/span><\/span><\/h3>\n<p>[\/vc_column_text][vc_empty_space][\/vc_column][\/vc_row]<\/p>\n<\/div>","protected":false},"excerpt":{"rendered":"<p>[vc_section full_width=&#8220;stretch_row&#8220; el_id=&#8220;Subheader&#8220; el_class=&#8220;subheader-floormats slider&#8220;][vc_row][vc_column][\/vc_column][\/vc_row][\/vc_section][vc_row disable_element=&#8220;yes&#8220; css=&#8220;.vc_custom_1678342648285{margin-bottom: 30px !important;padding-top: 70px !important;}&#8220; el_class=&#8220;separator-triangle-up&#8220;][vc_column width=&#8220;1\/2&#8243;][vc_single_image image=&#8220;2339&#8243; img_size=&#8220;500X300&#8243; onclick=&#8220;link_image&#8220; css_animation=&#8220;none&#8220;][\/vc_column][vc_column width=&#8220;1\/2&#8243;][vc_column_text]Autostop Floormats je jedan od vodec\u0301ih proizvo\u0111a\u010da patosnica za<span class=\"excerpt-hellip\"> [\u2026]<\/span><\/p>\n","protected":false},"author":1,"featured_media":0,"parent":0,"menu_order":0,"comment_status":"closed","ping_status":"closed","template":"","meta":{"inline_featured_image":false,"footnotes":""},"class_list":["post-67","page","type-page","status-publish","hentry"],"_links":{"self":[{"href":"https:\/\/autostopglobal.com\/sr\/wp-json\/wp\/v2\/pages\/67","targetHints":{"allow":["GET"]}}],"collection":[{"href":"https:\/\/autostopglobal.com\/sr\/wp-json\/wp\/v2\/pages"}],"about":[{"href":"https:\/\/autostopglobal.com\/sr\/wp-json\/wp\/v2\/types\/page"}],"author":[{"embeddable":true,"href":"https:\/\/autostopglobal.com\/sr\/wp-json\/wp\/v2\/users\/1"}],"replies":[{"embeddable":true,"href":"https:\/\/autostopglobal.com\/sr\/wp-json\/wp\/v2\/comments?post=67"}],"version-history":[{"count":56,"href":"https:\/\/autostopglobal.com\/sr\/wp-json\/wp\/v2\/pages\/67\/revisions"}],"predecessor-version":[{"id":4247,"href":"https:\/\/autostopglobal.com\/sr\/wp-json\/wp\/v2\/pages\/67\/revisions\/4247"}],"wp:attachment":[{"href":"https:\/\/autostopglobal.com\/sr\/wp-json\/wp\/v2\/media?parent=67"}],"curies":[{"name":"wp","href":"https:\/\/api.w.org\/{rel}","templated":true}]}}