{"id":524,"date":"2021-02-09T14:00:26","date_gmt":"2021-02-09T14:00:26","guid":{"rendered":"http:\/\/autostopglobal.com\/?page_id=524"},"modified":"2025-05-10T10:38:46","modified_gmt":"2025-05-10T09:38:46","slug":"management-system","status":"publish","type":"page","link":"https:\/\/autostopglobal.com\/sr\/management-system\/","title":{"rendered":"Sistem upravljanja"},"content":{"rendered":"<div class=\"wpb-content-wrapper\"><p>[vc_section full_width=&#8220;stretch_row&#8220; parallax=&#8220;content-moving&#8220; parallax_speed_bg=&#8220;2&#8243; css=&#8220;.vc_custom_1625479601893{background-image: url(https:\/\/autostopglobal.com\/wp-content\/uploads\/2020\/12\/materials-light.png?id=443) !important;}&#8220; el_class=&#8220;subheader-none slider&#8220; el_id=&#8220;Subheader&#8220;][vc_row][vc_column]\n\t\t\t<!-- START Subheader  Managing System SR REVOLUTION SLIDER 6.7.33 --><p class=\"rs-p-wp-fix\"><\/p>\n\t\t\t<rs-module-wrap id=\"rev_slider_124_3_wrapper\" data-source=\"gallery\" style=\"visibility:hidden;background:transparent;padding:0;margin:0px auto;margin-top:0;margin-bottom:0;\">\n\t\t\t\t<rs-module id=\"rev_slider_124_3\" style=\"\" data-version=\"6.7.33\">\n\t\t\t\t\t<rs-slides style=\"overflow: hidden; position: absolute;\">\n\t\t\t\t\t\t<rs-slide style=\"position: absolute;\" data-key=\"rs-272\" data-title=\"Slide\" data-anim=\"adpr:false;\" data-in=\"o:0;\" data-out=\"a:false;\">\n\t\t\t\t\t\t\t<img decoding=\"async\" src=\"\/\/autostopglobal.com\/wp-content\/plugins\/revslider\/sr6\/assets\/assets\/dummy.png\" alt=\"leon-bzqU01v-G54-u111nsplash\" width=\"2560\" height=\"825\" class=\"rev-slidebg tp-rs-img rs-lazyload\" data-lazyload=\"\/\/autostopglobal.com\/wp-content\/uploads\/2021\/03\/leon-bzqU01v-G54-u111nsplash-scaled.jpg\" data-parallax=\"off\" data-no-retina>\n<!--\n\t\t\t\t\t\t\t--><rs-layer\n\t\t\t\t\t\t\t\tid=\"slider-124-slide-272-layer-0\" \n\t\t\t\t\t\t\t\tclass=\"title\"\n\t\t\t\t\t\t\t\tdata-type=\"text\"\n\t\t\t\t\t\t\t\tdata-color=\"#ffffff\"\n\t\t\t\t\t\t\t\tdata-rsp_ch=\"on\"\n\t\t\t\t\t\t\t\tdata-xy=\"x:c;xo:-4px;y:c;yo:-12px;\"\n\t\t\t\t\t\t\t\tdata-text=\"w:normal;s:60;a:center;\"\n\t\t\t\t\t\t\t\tdata-frame_999=\"o:0;st:w;\"\n\t\t\t\t\t\t\t\tstyle=\"z-index:9;font-family:'Questrial';\"\n\t\t\t\t\t\t\t>Sistem upravljanja \n\t\t\t\t\t\t\t<\/rs-layer><!--\n-->\t\t\t\t\t<\/rs-slide>\n\t\t\t\t\t<\/rs-slides>\n\t\t\t\t\t<rs-static-layers><!--\n\t\t\t\t\t--><\/rs-static-layers>\n\t\t\t\t<\/rs-module>\n\t\t\t\t<script>\n\t\t\t\t\tsetREVStartSize({c: 'rev_slider_124_3',rl:[1240,1024,778,480],el:[240],gw:[1240],gh:[240],type:'standard',justify:'',layout:'fullwidth',mh:\"0\"});if (window.RS_MODULES!==undefined && window.RS_MODULES.modules!==undefined && window.RS_MODULES.modules[\"revslider1243\"]!==undefined) {window.RS_MODULES.modules[\"revslider1243\"].once = false;window.revapi124 = undefined;if (window.RS_MODULES.checkMinimal!==undefined) window.RS_MODULES.checkMinimal()}\n\t\t\t\t<\/script>\n\t\t\t<\/rs-module-wrap>\n\t\t\t<!-- END REVOLUTION SLIDER -->\n[\/vc_column][\/vc_row][vc_row disable_element=&#8220;yes&#8220;][vc_column][vc_custom_heading text=&#8220;Managing System&#8220; font_container=&#8220;tag:h1|text_align:center&#8220; google_fonts=&#8220;font_family:Questrial%3Aregular|font_style:400%20regular%3A400%3Anormal&#8220; css_animation=&#8220;none&#8220; el_class=&#8220;title&#8220;][\/vc_column][\/vc_row][\/vc_section][vc_row css=&#8220;.vc_custom_1608160442406{margin-bottom: 30px !important;padding-top: 70px !important;}&#8220; el_class=&#8220;separator-triangle-up&#8220;][vc_column width=&#8220;1\/2&#8243;][vc_single_image image=&#8220;1060&#8243; img_size=&#8220;500X300&#8243;][vc_single_image image=&#8220;1061&#8243; img_size=&#8220;500X300&#8243;][vc_single_image image=&#8220;1020&#8243; img_size=&#8220;500X300&#8243;][\/vc_column][vc_column width=&#8220;1\/2&#8243;][vc_column_text]<\/p>\n<p style=\"text-align: justify;\">Autostop primenjuje sistem upravljanja bezbedno\u0161\u0107u, kvalitetom i za\u0161titom \u017eivotne sredine, koji se neprestano nadgleda i kontinuirano optimizuje tokom razli\u010ditih faza proizvodnog procesa. Sirovine i resursi koji se koriste zadovoljavaju sve zahteve ispitivanja i me\u0111unarodne industrijske standarde. Autostop je sertifikovan prema standardima:<\/p>\n<ul>\n<li><span style=\"color: #000000;\"><strong>IATF 16949<\/strong><\/span><\/li>\n<li><span style=\"color: #000000;\"><strong>ISO 14001<\/strong><\/span><\/li>\n<li><span style=\"color: #000000;\"><strong>ISO 45001<\/strong><\/span><\/li>\n<li><span style=\"color: #000000;\"><strong>ISO 50001<\/strong><\/span><\/li>\n<li><span style=\"color: #000000;\"><strong>TISAX\u00ae Assessment Scope SXTH6Y<\/strong><\/span><\/li>\n<\/ul>\n<p style=\"text-align: justify;\"><strong>Autostop \u010dine<\/strong>: Autostop Interiors i Autostop Floor mats.<\/p>\n<p style=\"text-align: justify;\">Podru\u010dje primene <strong>Autostop Interiors<\/strong>: Dizajn i proizvodnja delova za enterijer i presvlaka od ko\u017ee, tkanine i drugih mekanih materijala. Istra\u017eivanje i razvoj ve\u0161ta\u010dke ko\u017ee i proizvodnja ve\u0161ta\u010dke ko\u017ee.<\/p>\n<p>Podru\u010dje primene <strong>Autostop Floormats<\/strong>: Dizajn i izrada patosnica.<\/p>\n<p>Autostop ima proces podr\u0161ke:<\/p>\n<ul>\n<li style=\"text-align: justify;\"><span style=\"color: #000000;\"><strong>Dizajn i razvoj delova za enterijer i patosnica i laboratorijske delatnosti, u Leskovcu.<\/strong><\/span><\/li>\n<\/ul>\n<p style=\"text-align: justify;\">Kompanija svoj pristup gradi na uzajamnoj saradnji izme\u0111u dobavlja\u010da i kupaca. Dobra povezanost i interakcija izme\u0111u glavnih procesa, kao i proces podr\u0161ke, posti\u017ee dobru interakciju i koherentnost sistema upravljanja i odgovara na svaki zadatak. Posebna prednost, koju je Autostop izgradio kroz ovaj pristup, je brz odgovor i moguc\u0301nost fleksibilnosti prema kupcu i ostalim zainteresovanim stranama, brzo dono\u0161enje odluka, implementacija, kao i predlog novih re\u0161enja, a sve u cilju zadovoljstva svih strana.<\/p>\n<p>[\/vc_column_text][\/vc_column][\/vc_row][vc_row][vc_column width=&#8220;1\/2&#8243;][vc_single_image image=&#8220;1057&#8243; img_size=&#8220;500X300&#8243;][vc_single_image image=&#8220;1021&#8243; img_size=&#8220;500X300&#8243;][vc_single_image image=&#8220;2374&#8243; img_size=&#8220;500X300&#8243;][vc_single_image image=&#8220;710&#8243; img_size=&#8220;500X300&#8243;][\/vc_column][vc_column width=&#8220;1\/2&#8243;][vc_column_text]<\/p>\n<h5><strong>POLITIKA INTEGRISANOG SISTEMA UPRAVLJANJA<\/strong><\/h5>\n<p>[\/vc_column_text][vc_column_text]<span style=\"color: #000000;\">Ostvarivanje ciljeva definisanih Politikom integrisanog sistema upravljanja stalni je zadatak svih zaposlenih u Autostop Interiors doo i zasnivaju se na sledec\u0301em:<\/span><\/p>\n<ul>\n<li><span style=\"color: #000000;\">Ispunjavanje zahteva i o\u010dekivanja zainteresovanih strana;<\/span><\/li>\n<li><span style=\"color: #000000;\">Kontinuirano unapre\u0111enje efektivnosti i efikasnosti svih aspekata organizacije;<\/span><\/li>\n<li><span style=\"color: #000000;\">Visoka profesionalnost i kompetentnost zaposlenih, kao i stalno ulaganje u ljudske resurse;<\/span><\/li>\n<li><span style=\"color: #000000;\">Stvaranje poslovno-partnerskih odnosa sa podizvo\u0111a\u010dima;<\/span><\/li>\n<li><span style=\"color: #000000;\">Unapre\u0111enje organizacije rada za racionalno kori\u0161c\u0301enje sirovina, energije i vode, smanjenje emisije \u0161tetnih materija u vazduh i spre\u010davanje zaga\u0111ivanja voda i zemlji\u0161ta;<\/span><\/li>\n<li><span style=\"color: #000000;\">Odlaganje otpada, koji se obra\u0111uje na na\u010din da ne ugro\u017eava \u017eivotnu sredinu;<\/span><\/li>\n<li><span style=\"color: #000000;\">Stvaranje bezbednih i zdravih uslova za rad, bez profesionalnih oboljenja i povreda na radu;<\/span><\/li>\n<li><span style=\"color: #000000;\">Upravljanje energijom i energetska efikasnost;<\/span><\/li>\n<li><span style=\"color: #000000;\">Kontinuirano prac\u0301enje uticaja aktivnosti na \u017eivotnu sredinu, puna posvec\u0301enost upravljanju \u017eivotnom sredinom;<\/span><\/li>\n<li><span style=\"color: #000000;\">U\u0161teda prirodnih resursa i minimizacija stvaranja otpada bilo koje vrste, u skladu sa va\u017eec\u0301om zakonskom regulativom;<\/span><\/li>\n<li><span style=\"color: #000000;\">Dosledno prac\u0301enje i po\u0161tovanje zakona, propisa, kodeksa, standarda iz oblasti za\u0161tite \u017eivotne sredine, bezbednosti i zdravlja na radu, poslovnih aktivnosti, kao i ugovornih klauzula;<\/span><\/li>\n<li><span style=\"color: #000000;\">Prihvatanje i implementacija najboljih praksi za smanjenje \u0161tetnih uticaja na \u017eivotnu sredinu i odra\u017eavanje postojec\u0301eg eko sistema (flora i fauna);<\/span><\/li>\n<li><span style=\"color: #000000;\">Obaveza svih procesnih faktora da spre\u010de zaga\u0111enje i potro\u0161nju resursa (sirovina i energije) na ra\u010dun njihove recikla\u017ee i\/ili obnavljanja;<\/span><\/li>\n<li><span style=\"color: #000000;\">Kontinuirano pobolj\u0161anje energetskih performansi i efikasnosti;Nabavka energetski efikasnih proizvoda;<\/span><\/li>\n<li><span style=\"color: #000000;\">Dizajniranje sa ciljem smanjenja karbonskog otiska proizvoda tokom celog \u017eivotnog ciklusa;<\/span><\/li>\n<li><span style=\"color: #000000;\">Primena, odr\u017eavanje i kontinuirano unapre\u0111enje Integrisanog sistema upravljanja;<\/span><\/li>\n<li><span style=\"color: #000000;\">Uklju\u010divanje svih zaposlenih u odr\u017eavanje i unapre\u0111enje uspostavljenog Integrisanog sistema upravljanja;<\/span><\/li>\n<li><span style=\"color: #000000;\">Stalno preispitivanje utvr\u0111ene politike i op\u0161tih ciljeva Integrisanog sistema upravljanja.<\/span><\/li>\n<\/ul>\n<p><span style=\"color: #000000;\">Leskovac, 01.02.2022<\/span>[\/vc_column_text][\/vc_column][\/vc_row]<\/p>\n<\/div>","protected":false},"excerpt":{"rendered":"<p>[vc_section full_width=&#8220;stretch_row&#8220; parallax=&#8220;content-moving&#8220; parallax_speed_bg=&#8220;2&#8243; css=&#8220;.vc_custom_1625479601893{background-image: url(https:\/\/autostopglobal.com\/wp-content\/uploads\/2020\/12\/materials-light.png?id=443) !important;}&#8220; el_class=&#8220;subheader-none slider&#8220; el_id=&#8220;Subheader&#8220;][vc_row][vc_column][\/vc_column][\/vc_row][vc_row disable_element=&#8220;yes&#8220;][vc_column][vc_custom_heading text=&#8220;Managing System&#8220; font_container=&#8220;tag:h1|text_align:center&#8220; google_fonts=&#8220;font_family:Questrial%3Aregular|font_style:400%20regular%3A400%3Anormal&#8220; css_animation=&#8220;none&#8220; el_class=&#8220;title&#8220;][\/vc_column][\/vc_row][\/vc_section][vc_row css=&#8220;.vc_custom_1608160442406{margin-bottom: 30px !important;padding-top: 70px !important;}&#8220; el_class=&#8220;separator-triangle-up&#8220;][vc_column width=&#8220;1\/2&#8243;][vc_single_image image=&#8220;1060&#8243; img_size=&#8220;500X300&#8243;][vc_single_image<span class=\"excerpt-hellip\"> [\u2026]<\/span><\/p>\n","protected":false},"author":3,"featured_media":-1,"parent":0,"menu_order":0,"comment_status":"closed","ping_status":"closed","template":"","meta":{"inline_featured_image":false,"footnotes":""},"class_list":["post-524","page","type-page","status-publish","has-post-thumbnail","hentry"],"_links":{"self":[{"href":"https:\/\/autostopglobal.com\/sr\/wp-json\/wp\/v2\/pages\/524","targetHints":{"allow":["GET"]}}],"collection":[{"href":"https:\/\/autostopglobal.com\/sr\/wp-json\/wp\/v2\/pages"}],"about":[{"href":"https:\/\/autostopglobal.com\/sr\/wp-json\/wp\/v2\/types\/page"}],"author":[{"embeddable":true,"href":"https:\/\/autostopglobal.com\/sr\/wp-json\/wp\/v2\/users\/3"}],"replies":[{"embeddable":true,"href":"https:\/\/autostopglobal.com\/sr\/wp-json\/wp\/v2\/comments?post=524"}],"version-history":[{"count":50,"href":"https:\/\/autostopglobal.com\/sr\/wp-json\/wp\/v2\/pages\/524\/revisions"}],"predecessor-version":[{"id":4398,"href":"https:\/\/autostopglobal.com\/sr\/wp-json\/wp\/v2\/pages\/524\/revisions\/4398"}],"wp:featuredmedia":[{"embeddable":true,"href":"https:\/\/autostopglobal.com\/sr\/wp-json\/"}],"wp:attachment":[{"href":"https:\/\/autostopglobal.com\/sr\/wp-json\/wp\/v2\/media?parent=524"}],"curies":[{"name":"wp","href":"https:\/\/api.w.org\/{rel}","templated":true}]}}