{"id":519,"date":"2021-02-09T13:56:40","date_gmt":"2021-02-09T13:56:40","guid":{"rendered":"http:\/\/autostopglobal.com\/?page_id=519"},"modified":"2022-03-28T12:41:07","modified_gmt":"2022-03-28T11:41:07","slug":"eco-friendly-materials-environment","status":"publish","type":"page","link":"https:\/\/autostopglobal.com\/sr\/eco-friendly-materials-environment\/","title":{"rendered":"Ekolo\u0161ki prihvatljivi materijali"},"content":{"rendered":"<div class=\"wpb-content-wrapper\"><p>[vc_section full_width=&#8220;stretch_row&#8220; parallax=&#8220;content-moving&#8220; parallax_image=&#8220;754&#8243; parallax_speed_bg=&#8220;2&#8243; el_id=&#8220;Subheader&#8220; css=&#8220;.vc_custom_1625485622560{background-image: url(https:\/\/autostopglobal.com\/wp-content\/uploads\/2020\/12\/materials-light.png?id=443) !important;}&#8220; el_class=&#8220;subheader &#8211; none slider&#8220;][vc_row][vc_column]\n\t\t\t<!-- START Subheader  Eco Friendly Materials SR REVOLUTION SLIDER 6.7.33 --><p class=\"rs-p-wp-fix\"><\/p>\n\t\t\t<rs-module-wrap id=\"rev_slider_121_3_wrapper\" data-source=\"gallery\" style=\"visibility:hidden;background:transparent;padding:0;margin:0px auto;margin-top:0;margin-bottom:0;\">\n\t\t\t\t<rs-module id=\"rev_slider_121_3\" style=\"\" data-version=\"6.7.33\">\n\t\t\t\t\t<rs-slides style=\"overflow: hidden; position: absolute;\">\n\t\t\t\t\t\t<rs-slide style=\"position: absolute;\" data-key=\"rs-269\" data-title=\"Slide\" data-anim=\"adpr:false;\" data-in=\"o:0;\" data-out=\"a:false;\">\n\t\t\t\t\t\t\t<img decoding=\"async\" src=\"\/\/autostopglobal.com\/wp-content\/plugins\/revslider\/sr6\/assets\/assets\/dummy.png\" alt=\"20210315_101401\" width=\"2560\" height=\"1440\" class=\"rev-slidebg tp-rs-img rs-lazyload\" data-lazyload=\"\/\/autostopglobal.com\/wp-content\/uploads\/2021\/03\/20210315_101401-scaled.jpg\" data-parallax=\"off\" data-no-retina>\n<!--\n\t\t\t\t\t\t\t--><rs-layer\n\t\t\t\t\t\t\t\tid=\"slider-121-slide-269-layer-0\" \n\t\t\t\t\t\t\t\tclass=\"title\"\n\t\t\t\t\t\t\t\tdata-type=\"text\"\n\t\t\t\t\t\t\t\tdata-color=\"#ffffff\"\n\t\t\t\t\t\t\t\tdata-rsp_ch=\"on\"\n\t\t\t\t\t\t\t\tdata-xy=\"x:c;y:c;\"\n\t\t\t\t\t\t\t\tdata-text=\"w:normal;s:60;a:center;\"\n\t\t\t\t\t\t\t\tdata-frame_999=\"o:0;st:w;\"\n\t\t\t\t\t\t\t\tstyle=\"z-index:9;font-family:'Questrial';\"\n\t\t\t\t\t\t\t>Eco-Friendly Materijali \n\t\t\t\t\t\t\t<\/rs-layer><!--\n\n\t\t\t\t\t\t\t--><rs-layer\n\t\t\t\t\t\t\t\tid=\"slider-121-slide-269-layer-1\" \n\t\t\t\t\t\t\t\tdata-type=\"image\"\n\t\t\t\t\t\t\t\tdata-rsp_ch=\"on\"\n\t\t\t\t\t\t\t\tdata-xy=\"x:-382px;y:-270px;\"\n\t\t\t\t\t\t\t\tdata-text=\"w:normal;\"\n\t\t\t\t\t\t\t\tdata-dim=\"w:1989px;h:1119px;\"\n\t\t\t\t\t\t\t\tdata-frame_999=\"o:0;st:w;\"\n\t\t\t\t\t\t\t\tstyle=\"z-index:8;\"\n\t\t\t\t\t\t\t><img decoding=\"async\" src=\"\/\/autostopglobal.com\/wp-content\/plugins\/revslider\/sr6\/assets\/assets\/dummy.png\" alt=\"20210315_101401\" class=\"tp-rs-img rs-lazyload\" width=\"2048\" height=\"1152\" data-lazyload=\"\/\/autostopglobal.com\/wp-content\/uploads\/2021\/03\/20210315_101401-2048x1152.jpg\" data-no-retina> \n\t\t\t\t\t\t\t<\/rs-layer><!--\n-->\t\t\t\t\t<\/rs-slide>\n\t\t\t\t\t<\/rs-slides>\n\t\t\t\t\t<rs-static-layers><!--\n\t\t\t\t\t--><\/rs-static-layers>\n\t\t\t\t<\/rs-module>\n\t\t\t\t<script>\n\t\t\t\t\tsetREVStartSize({c: 'rev_slider_121_3',rl:[1240,1024,778,480],el:[240],gw:[1240],gh:[240],type:'standard',justify:'',layout:'fullwidth',mh:\"0\"});if (window.RS_MODULES!==undefined && window.RS_MODULES.modules!==undefined && window.RS_MODULES.modules[\"revslider1213\"]!==undefined) {window.RS_MODULES.modules[\"revslider1213\"].once = false;window.revapi121 = undefined;if (window.RS_MODULES.checkMinimal!==undefined) window.RS_MODULES.checkMinimal()}\n\t\t\t\t<\/script>\n\t\t\t<\/rs-module-wrap>\n\t\t\t<!-- END REVOLUTION SLIDER -->\n[\/vc_column][\/vc_row][vc_row disable_element=&#8220;yes&#8220;][vc_column][vc_custom_heading text=&#8220;Eco-Friendly Materials&#8220; font_container=&#8220;tag:h1|text_align:center&#8220; google_fonts=&#8220;font_family:Questrial%3Aregular|font_style:400%20regular%3A400%3Anormal&#8220; el_class=&#8220;title&#8220;][\/vc_column][\/vc_row][\/vc_section][vc_row css=&#8220;.vc_custom_1608160442406{margin-bottom: 30px !important;padding-top: 70px !important;}&#8220; el_class=&#8220;separator-triangle-up&#8220;][vc_column][vc_column_text]<\/p>\n<p style=\"text-align: justify;\">Odr\u017eivost je va\u017ena tema za Autostop i njegove kupce. Autostop Interiors nudi inovativne i ekolo\u0161ki prihvatljive materijale kako bi za\u0161titio kupca i \u017eivotnu sredinu. Kompanija prati:<\/p>\n<ul>\n<li><span style=\"color: #000000;\"><strong>Filozofiju isklju\u010divanja \u0161tetnih, alergenskih i toksi\u010dnih supstanci i njihovu zamenu vodenim i netoksi\u010dnim supstancama<\/strong><\/span><\/li>\n<li><span style=\"color: #000000;\"><strong>Strategiju niskih emisija i ne\u0161kodljivih nusproizvoda prac\u0301enu svim potrebnim procedurama koje osiguravaju ograni\u010denje zaga\u0111enja vazduha<\/strong><\/span><\/li>\n<\/ul>\n<p style=\"text-align: justify;\">Kompanija je isklju\u010dila upotrebu rastvara\u010da, azo-boja i ostataka monomera. Nudi ekolo\u0161ki prihvatljive alternative uobi\u010dajenoj sinteti\u010dkoj ko\u017ei odr\u017eavanjem fizi\u010dkih svojstava i svojstava materijala koji se nude kupcu. Na ovaj na\u010din, Autostop se smatra liderom zelenih alternativa koje se javljaju tokom godina istra\u017eivanja i postupaka ispitivanja.<\/p>\n<div class=\"wpb_text_column wpb_content_element \">\n<div class=\"wpb_wrapper\">\n<p style=\"text-align: justify;\">Autostop je tako\u0111e vodec\u0301i dobavlja\u010d patosnica od ekolo\u0161kih materijala. Materijali od 100% poliestera i 100% polipropilena potpuno su razvijeni i deluju kao alternativa za recikliranje sada\u0161njih konstrukcija tepiha koje se ne mogu reciklirati. Pored potpuno reciklirliraju\u0107ih patosnica, Autostop svojim kupcima nudi \u0161iroku paletu moguc\u0301nosti za stvaranje visoko recikliraju\u0107eg sastava trenutnih materijala.<\/p>\n<p><strong>Idemo zajedno u odr\u017eivu buduc\u0301nost!<\/strong><\/p>\n<\/div>\n<\/div>\n<p>[\/vc_column_text][\/vc_column][\/vc_row][vc_row el_class=&#8220;mobile-x3-columns&#8220;][vc_column width=&#8220;1\/6&#8243;][vc_single_image image=&#8220;749&#8243; img_size=&#8220;100&#215;100&#8243;][vc_single_image image=&#8220;771&#8243; img_size=&#8220;100&#215;120&#8243;][vc_single_image image=&#8220;777&#8243; img_size=&#8220;100&#215;120&#8243;][\/vc_column][vc_column width=&#8220;1\/6&#8243;][vc_single_image image=&#8220;766&#8243; img_size=&#8220;100X100&#8243;][vc_single_image image=&#8220;772&#8243; img_size=&#8220;100X100&#8243;][vc_single_image image=&#8220;778&#8243; img_size=&#8220;100X150&#8243;][\/vc_column][vc_column width=&#8220;1\/6&#8243;][vc_single_image image=&#8220;767&#8243; img_size=&#8220;100X100&#8243;][vc_single_image image=&#8220;773&#8243; img_size=&#8220;100X100&#8243;][vc_single_image image=&#8220;779&#8243; img_size=&#8220;100X140&#8243;][\/vc_column][vc_column width=&#8220;1\/6&#8243;][vc_single_image image=&#8220;768&#8243; img_size=&#8220;100X100&#8243;][vc_single_image image=&#8220;774&#8243; img_size=&#8220;100X100&#8243;][vc_single_image image=&#8220;780&#8243; img_size=&#8220;110&#215;115&#8243;][\/vc_column][vc_column width=&#8220;1\/6&#8243;][vc_single_image image=&#8220;769&#8243; img_size=&#8220;100X100&#8243;][vc_single_image image=&#8220;775&#8243; img_size=&#8220;100X200&#8243;][\/vc_column][vc_column width=&#8220;1\/6&#8243;][vc_single_image image=&#8220;770&#8243; img_size=&#8220;100X100&#8243;][vc_single_image image=&#8220;776&#8243; img_size=&#8220;120&#215;135&#8243;][\/vc_column][\/vc_row]<\/p>\n<\/div>","protected":false},"excerpt":{"rendered":"<p>[vc_section full_width=&#8220;stretch_row&#8220; parallax=&#8220;content-moving&#8220; parallax_image=&#8220;754&#8243; parallax_speed_bg=&#8220;2&#8243; el_id=&#8220;Subheader&#8220; css=&#8220;.vc_custom_1625485622560{background-image: url(https:\/\/autostopglobal.com\/wp-content\/uploads\/2020\/12\/materials-light.png?id=443) !important;}&#8220; el_class=&#8220;subheader &#8211; none slider&#8220;][vc_row][vc_column][\/vc_column][\/vc_row][vc_row disable_element=&#8220;yes&#8220;][vc_column][vc_custom_heading text=&#8220;Eco-Friendly Materials&#8220; font_container=&#8220;tag:h1|text_align:center&#8220; google_fonts=&#8220;font_family:Questrial%3Aregular|font_style:400%20regular%3A400%3Anormal&#8220; el_class=&#8220;title&#8220;][\/vc_column][\/vc_row][\/vc_section][vc_row css=&#8220;.vc_custom_1608160442406{margin-bottom: 30px !important;padding-top: 70px !important;}&#8220; el_class=&#8220;separator-triangle-up&#8220;][vc_column][vc_column_text] Odr\u017eivost<span class=\"excerpt-hellip\"> [\u2026]<\/span><\/p>\n","protected":false},"author":3,"featured_media":0,"parent":0,"menu_order":0,"comment_status":"closed","ping_status":"closed","template":"","meta":{"inline_featured_image":false,"footnotes":""},"class_list":["post-519","page","type-page","status-publish","hentry"],"_links":{"self":[{"href":"https:\/\/autostopglobal.com\/sr\/wp-json\/wp\/v2\/pages\/519","targetHints":{"allow":["GET"]}}],"collection":[{"href":"https:\/\/autostopglobal.com\/sr\/wp-json\/wp\/v2\/pages"}],"about":[{"href":"https:\/\/autostopglobal.com\/sr\/wp-json\/wp\/v2\/types\/page"}],"author":[{"embeddable":true,"href":"https:\/\/autostopglobal.com\/sr\/wp-json\/wp\/v2\/users\/3"}],"replies":[{"embeddable":true,"href":"https:\/\/autostopglobal.com\/sr\/wp-json\/wp\/v2\/comments?post=519"}],"version-history":[{"count":22,"href":"https:\/\/autostopglobal.com\/sr\/wp-json\/wp\/v2\/pages\/519\/revisions"}],"predecessor-version":[{"id":3265,"href":"https:\/\/autostopglobal.com\/sr\/wp-json\/wp\/v2\/pages\/519\/revisions\/3265"}],"wp:attachment":[{"href":"https:\/\/autostopglobal.com\/sr\/wp-json\/wp\/v2\/media?parent=519"}],"curies":[{"name":"wp","href":"https:\/\/api.w.org\/{rel}","templated":true}]}}