{"id":517,"date":"2021-02-09T13:55:39","date_gmt":"2021-02-09T13:55:39","guid":{"rendered":"http:\/\/autostopglobal.com\/?page_id=517"},"modified":"2022-03-28T12:40:01","modified_gmt":"2022-03-28T11:40:01","slug":"green-initiatives","status":"publish","type":"page","link":"https:\/\/autostopglobal.com\/sr\/green-initiatives\/","title":{"rendered":"Zelene inicijative"},"content":{"rendered":"<div class=\"wpb-content-wrapper\"><p>[vc_section full_width=&#8220;stretch_row&#8220; parallax=&#8220;content-moving&#8220; parallax_image=&#8220;550&#8243; parallax_speed_bg=&#8220;2&#8243; el_id=&#8220;Subheader&#8220; css=&#8220;.vc_custom_1625477656832{background-image: url(https:\/\/autostopglobal.com\/wp-content\/uploads\/2020\/12\/materials-light.png?id=443) !important;}&#8220; el_class=&#8220;subheader-none slider&#8220;][vc_row][vc_column]\n\t\t\t<!-- START Subheader  Green Initiatives SR REVOLUTION SLIDER 6.7.33 --><p class=\"rs-p-wp-fix\"><\/p>\n\t\t\t<rs-module-wrap id=\"rev_slider_119_3_wrapper\" data-source=\"gallery\" style=\"visibility:hidden;background:transparent;padding:0;margin:0px auto;margin-top:0;margin-bottom:0;\">\n\t\t\t\t<rs-module id=\"rev_slider_119_3\" style=\"\" data-version=\"6.7.33\">\n\t\t\t\t\t<rs-slides style=\"overflow: hidden; position: absolute;\">\n\t\t\t\t\t\t<rs-slide style=\"position: absolute;\" data-key=\"rs-267\" data-title=\"Slide\" data-anim=\"adpr:false;\" data-in=\"o:0;\" data-out=\"a:false;\">\n\t\t\t\t\t\t\t<img decoding=\"async\" src=\"\/\/autostopglobal.com\/wp-content\/plugins\/revslider\/sr6\/assets\/assets\/dummy.png\" alt=\"pexels-kaboompics-com-5770\" width=\"800\" height=\"533\" class=\"rev-slidebg tp-rs-img rs-lazyload\" data-lazyload=\"\/\/autostopglobal.com\/wp-content\/uploads\/2021\/02\/pexels-kaboompics-com-5770.jpg\" data-parallax=\"off\" data-no-retina>\n<!--\n\t\t\t\t\t\t\t--><rs-layer\n\t\t\t\t\t\t\t\tid=\"slider-119-slide-267-layer-0\" \n\t\t\t\t\t\t\t\tclass=\"title\"\n\t\t\t\t\t\t\t\tdata-type=\"text\"\n\t\t\t\t\t\t\t\tdata-color=\"#ffffff\"\n\t\t\t\t\t\t\t\tdata-rsp_ch=\"on\"\n\t\t\t\t\t\t\t\tdata-xy=\"x:c;y:c;\"\n\t\t\t\t\t\t\t\tdata-text=\"w:normal;s:60;a:center;\"\n\t\t\t\t\t\t\t\tdata-frame_999=\"o:0;st:w;\"\n\t\t\t\t\t\t\t\tstyle=\"z-index:9;font-family:'Questrial';\"\n\t\t\t\t\t\t\t>Zelene inicijative \n\t\t\t\t\t\t\t<\/rs-layer><!--\n-->\t\t\t\t\t<\/rs-slide>\n\t\t\t\t\t<\/rs-slides>\n\t\t\t\t\t<rs-static-layers><!--\n\t\t\t\t\t--><\/rs-static-layers>\n\t\t\t\t<\/rs-module>\n\t\t\t\t<script>\n\t\t\t\t\tsetREVStartSize({c: 'rev_slider_119_3',rl:[1240,1024,778,480],el:[240],gw:[1240],gh:[240],type:'standard',justify:'',layout:'fullwidth',mh:\"0\"});if (window.RS_MODULES!==undefined && window.RS_MODULES.modules!==undefined && window.RS_MODULES.modules[\"revslider1193\"]!==undefined) {window.RS_MODULES.modules[\"revslider1193\"].once = false;window.revapi119 = undefined;if (window.RS_MODULES.checkMinimal!==undefined) window.RS_MODULES.checkMinimal()}\n\t\t\t\t<\/script>\n\t\t\t<\/rs-module-wrap>\n\t\t\t<!-- END REVOLUTION SLIDER -->\n[\/vc_column][\/vc_row][vc_row disable_element=&#8220;yes&#8220;][vc_column][vc_custom_heading text=&#8220;Green Initiatives&#8220; font_container=&#8220;tag:h1|text_align:center&#8220; google_fonts=&#8220;font_family:Questrial%3Aregular|font_style:400%20regular%3A400%3Anormal&#8220; el_class=&#8220;title&#8220;][\/vc_column][\/vc_row][\/vc_section][vc_row css=&#8220;.vc_custom_1608160442406{margin-bottom: 30px !important;padding-top: 70px !important;}&#8220; el_class=&#8220;separator-triangle-up&#8220;][vc_column width=&#8220;1\/2&#8243;][vc_single_image image=&#8220;551&#8243; img_size=&#8220;500&#215;300&#8243;][vc_single_image image=&#8220;553&#8243; img_size=&#8220;500&#215;300&#8243;][vc_single_image image=&#8220;1772&#8243; img_size=&#8220;500&#215;300&#8243;][\/vc_column][vc_column width=&#8220;1\/2&#8243;][vc_column_text]<\/p>\n<p style=\"text-align: justify;\">Autostop je posvec\u0301en upravljanju \u017eivotnom sredinom. To dokazuje ispunjavanje zahteva kroz standard ISO 14001. Tako\u0111e ima za cilj upravljanje energijom kroz brojne aktivnosti kao \u0161to su:<\/p>\n<ul>\n<li style=\"text-align: justify;\"><span style=\"color: #000000;\"><strong>Implementacija solarnih panela<\/strong><\/span><\/li>\n<li style=\"text-align: justify;\"><span style=\"color: #000000;\"><strong>Smanjenje CO2<\/strong><\/span><\/li>\n<\/ul>\n<p style=\"text-align: justify;\">Autostop se brine o otpadu, otpad koji se pravilno odla\u017ee, i okolini. Autostop se zala\u017ee za proizvodnju i upotrebu biorazgradivih materijala, kao i lak\u0161ih materijala, a sve u cilju smanjenja CO2 i za\u0161tite \u017eivotne sredine. Glavni cilj, planiran za 2021. godinu, je postavljanje solarnih panela na krov fabrike. Ovaj sistem c\u0301e generisati dovoljno energije za napajanje 100% proizvodnje Autostopa. Tako\u0111e, cilj ovog sistema bic\u0301e moguc\u0301nost deljenja elektri\u010dne energije sa drugim potro\u0161a\u010dima, a sa tim c\u0301e doc\u0301i i mnoge druge koristi: \u010distija \u017eivotna sredina i smanjenje zaga\u0111enja kao najbitnija!<\/p>\n<p>[\/vc_column_text][vc_row_inner][vc_column_inner][vc_column_text]<\/p>\n<p style=\"text-align: justify;\">Zahvaljuju\u0107i Autostopovom fotonaponskom sistemu od 800 kW, koji se prvenstveno koristi za sopstvenu potro\u0161nju, moguc\u0301e je na godi\u0161njem nivou predvideti sledec\u0301e:<\/p>\n<p><span style=\"text-decoration: underline;\"><strong>Fabrike u Leskovcu i Bojniku imaju sledec\u0301e:<\/strong><\/span><\/p>\n<ul>\n<li style=\"text-align: justify;\"><span style=\"color: #000000;\"><strong>1050 MWh ili zelena energija proizvedena iz fotonaponskog sistema snage 800 kW<\/strong><\/span><\/li>\n<li style=\"text-align: justify;\"><span style=\"color: #000000;\"><strong>Smanjenje \u0161tetnih emisija za 735T CO2 i ekvivalenta CO2<\/strong><\/span><\/li>\n<li style=\"text-align: justify;\"><span style=\"color: #000000;\"><strong>Smanjenje proizvodnje energije u srpskom elektroenergetskom sistemu za 126 MWh radi u\u0161tede na toplotnim gubicima, alternativnim tro\u0161enjem energije iz lokalnih izvora.<\/strong><\/span><\/li>\n<li style=\"text-align: justify;\"><span style=\"color: #000000;\"><strong>Ukupna godi\u0161nja potro\u0161nja po fabrici: 1.235.000 kWh<\/strong><\/span><\/li>\n<li style=\"text-align: justify;\"><span style=\"color: #000000;\"><strong>86% od toga treba pokriti solarnom energijom ili 1,1m kWh<\/strong><\/span><\/li>\n<li style=\"text-align: justify;\"><span style=\"color: #000000;\"><strong>U\u0161teda od 300.000 kg CO2 godi\u0161nje &#8211; po lokaciji<\/strong><\/span><\/li>\n<li style=\"text-align: justify;\"><span style=\"color: #000000;\"><strong>Ukupna u\u0161teda kompanije od 600.000 kg godi\u0161nje<\/strong><\/span><\/li>\n<\/ul>\n<p>[\/vc_column_text][\/vc_column_inner][\/vc_row_inner][\/vc_column][\/vc_row][vc_row disable_element=&#8220;yes&#8220; css=&#8220;.vc_custom_1623415821235{margin-bottom: 30px !important;padding-top: 70px !important;}&#8220; el_class=&#8220;separator-triangle-up&#8220;][vc_column width=&#8220;1\/2&#8243;][vc_single_image image=&#8220;551&#8243; img_size=&#8220;500&#215;300&#8243;][vc_single_image image=&#8220;553&#8243; img_size=&#8220;500&#215;300&#8243;][vc_single_image image=&#8220;1772&#8243; img_size=&#8220;500&#215;300&#8243;][\/vc_column][vc_column width=&#8220;1\/2&#8243;][vc_empty_space height=&#8220;10px&#8220;][vc_column_text]<\/p>\n<p style=\"text-align: justify;\">Autostop is committed to environmental management. This is evidenced by meeting the requirements through the ISO 14001 standard. It also aims to manage energy through a number of activities such as:<\/p>\n<ul>\n<li style=\"text-align: justify;\"><span style=\"color: #000000;\"><strong>Solar panels implementation<\/strong><\/span><\/li>\n<li style=\"text-align: justify;\"><span style=\"color: #000000;\"><strong>Reducing CO2<\/strong><\/span><\/li>\n<\/ul>\n<p style=\"text-align: justify;\">Autostop takes care of waste, properly disposes of, and the environment. Autostop is committed to the production and use of biodegradable materials, as well as lighter materials, all with the aim of reducing CO2 and protecting the environment. The main goal, planned for 2021, is to install solar panels on the roof of the factory. This system will generate enough energy to power 100% of Autostop&#8217;s production. Also, the goal of this system will be the ability to share electricity with other consumers, and with this will come many other benefits: a cleaner environment and reduced pollution as the main one!<\/p>\n<p>&nbsp;<\/p>\n<p style=\"text-align: justify;\">With Autostop\u2019s 800 kW photovoltaic system, primarily used for self-consumption, it is possible to anticipate on the yearly level the following:<\/p>\n<ul>\n<li><span style=\"color: #000000;\"><strong>1050 MWh or green energy produced from 800 kW PV system<\/strong><\/span><\/li>\n<li><span style=\"color: #000000;\"><strong>Decrease of harmful emissions for 735T of CO2 and CO2 equivalent<\/strong><\/span><\/li>\n<li><span style=\"color: #000000;\"><strong>Reduction of energy generation in the Serbian electric system for 126 MWh due to saving in thermal losses, by alternatively consuming energy from local sources.<\/strong><\/span><\/li>\n<li><span style=\"color: #000000;\"><strong>Total factory usage per year: 1.235.000 kWh<\/strong><\/span>\n<ul>\n<li><span style=\"color: #000000;\"><strong>86% of it to be covered by solar or 1.1m kWh<\/strong><\/span><\/li>\n<li><span style=\"color: #000000;\"><strong>Savings of 300.000 kg of CO2 per year<\/strong><\/span><\/li>\n<\/ul>\n<\/li>\n<\/ul>\n<p>[\/vc_column_text][\/vc_column][\/vc_row]<\/p>\n<\/div>","protected":false},"excerpt":{"rendered":"<p>[vc_section full_width=&#8220;stretch_row&#8220; parallax=&#8220;content-moving&#8220; parallax_image=&#8220;550&#8243; parallax_speed_bg=&#8220;2&#8243; el_id=&#8220;Subheader&#8220; css=&#8220;.vc_custom_1625477656832{background-image: url(https:\/\/autostopglobal.com\/wp-content\/uploads\/2020\/12\/materials-light.png?id=443) !important;}&#8220; el_class=&#8220;subheader-none slider&#8220;][vc_row][vc_column][\/vc_column][\/vc_row][vc_row disable_element=&#8220;yes&#8220;][vc_column][vc_custom_heading text=&#8220;Green Initiatives&#8220; font_container=&#8220;tag:h1|text_align:center&#8220; google_fonts=&#8220;font_family:Questrial%3Aregular|font_style:400%20regular%3A400%3Anormal&#8220; el_class=&#8220;title&#8220;][\/vc_column][\/vc_row][\/vc_section][vc_row css=&#8220;.vc_custom_1608160442406{margin-bottom: 30px !important;padding-top: 70px !important;}&#8220; el_class=&#8220;separator-triangle-up&#8220;][vc_column width=&#8220;1\/2&#8243;][vc_single_image image=&#8220;551&#8243; img_size=&#8220;500&#215;300&#8243;][vc_single_image<span class=\"excerpt-hellip\"> [\u2026]<\/span><\/p>\n","protected":false},"author":3,"featured_media":0,"parent":0,"menu_order":0,"comment_status":"closed","ping_status":"closed","template":"","meta":{"inline_featured_image":false,"footnotes":""},"class_list":["post-517","page","type-page","status-publish","hentry"],"_links":{"self":[{"href":"https:\/\/autostopglobal.com\/sr\/wp-json\/wp\/v2\/pages\/517","targetHints":{"allow":["GET"]}}],"collection":[{"href":"https:\/\/autostopglobal.com\/sr\/wp-json\/wp\/v2\/pages"}],"about":[{"href":"https:\/\/autostopglobal.com\/sr\/wp-json\/wp\/v2\/types\/page"}],"author":[{"embeddable":true,"href":"https:\/\/autostopglobal.com\/sr\/wp-json\/wp\/v2\/users\/3"}],"replies":[{"embeddable":true,"href":"https:\/\/autostopglobal.com\/sr\/wp-json\/wp\/v2\/comments?post=517"}],"version-history":[{"count":28,"href":"https:\/\/autostopglobal.com\/sr\/wp-json\/wp\/v2\/pages\/517\/revisions"}],"predecessor-version":[{"id":3264,"href":"https:\/\/autostopglobal.com\/sr\/wp-json\/wp\/v2\/pages\/517\/revisions\/3264"}],"wp:attachment":[{"href":"https:\/\/autostopglobal.com\/sr\/wp-json\/wp\/v2\/media?parent=517"}],"curies":[{"name":"wp","href":"https:\/\/api.w.org\/{rel}","templated":true}]}}