{"id":511,"date":"2021-02-09T13:49:13","date_gmt":"2021-02-09T13:49:13","guid":{"rendered":"http:\/\/autostopglobal.com\/?page_id=511"},"modified":"2025-05-29T17:05:28","modified_gmt":"2025-05-29T16:05:28","slug":"corporate-social-responsibility","status":"publish","type":"page","link":"https:\/\/autostopglobal.com\/sr\/corporate-social-responsibility\/","title":{"rendered":"CSR"},"content":{"rendered":"<div class=\"wpb-content-wrapper\"><p>[vc_row][vc_column][vc_column_text][\/vc_column_text][\/vc_column][\/vc_row][vc_section full_width=&#8220;stretch_row&#8220; parallax=&#8220;content-moving&#8220; parallax_image=&#8220;1113&#8243; parallax_speed_bg=&#8220;2&#8243; el_id=&#8220;Subheader&#8220; css=&#8220;.vc_custom_1623232132195{background-image: url(https:\/\/autostopglobal.com\/wp-content\/uploads\/2020\/12\/materials-light.png?id=443) !important;}&#8220; el_class=&#8220;subheader-none slider&#8220;][vc_row][vc_column]\n\t\t\t<!-- START Subheader  Corporate Social Responsibility SR REVOLUTION SLIDER 6.7.33 --><p class=\"rs-p-wp-fix\"><\/p>\n\t\t\t<rs-module-wrap id=\"rev_slider_111_3_wrapper\" data-source=\"gallery\" style=\"visibility:hidden;background:transparent;padding:0;margin:0px auto;margin-top:0;margin-bottom:0;\">\n\t\t\t\t<rs-module id=\"rev_slider_111_3\" style=\"\" data-version=\"6.7.33\">\n\t\t\t\t\t<rs-slides style=\"overflow: hidden; position: absolute;\">\n\t\t\t\t\t\t<rs-slide style=\"position: absolute;\" data-key=\"rs-259\" data-title=\"Slide\" data-anim=\"adpr:false;\" data-in=\"o:0;\" data-out=\"a:false;\">\n\t\t\t\t\t\t\t<img decoding=\"async\" src=\"\/\/autostopglobal.com\/wp-content\/plugins\/revslider\/sr6\/assets\/assets\/dummy.png\" alt=\"top view of man and woman holding planet model on turquoise back\" width=\"2560\" height=\"967\" class=\"rev-slidebg tp-rs-img rs-lazyload\" data-lazyload=\"\/\/autostopglobal.com\/wp-content\/uploads\/2021\/03\/top-view-of-man-and-woman-holding-planet-model-on-Q4U2WMP-1-scaled.jpg\" data-parallax=\"off\" data-no-retina>\n<!--\n\t\t\t\t\t\t\t--><rs-layer\n\t\t\t\t\t\t\t\tid=\"slider-111-slide-259-layer-0\" \n\t\t\t\t\t\t\t\tclass=\"title\"\n\t\t\t\t\t\t\t\tdata-type=\"text\"\n\t\t\t\t\t\t\t\tdata-color=\"#ffffff\"\n\t\t\t\t\t\t\t\tdata-rsp_ch=\"on\"\n\t\t\t\t\t\t\t\tdata-xy=\"x:c;y:c;\"\n\t\t\t\t\t\t\t\tdata-text=\"w:normal;s:60;a:center;\"\n\t\t\t\t\t\t\t\tdata-frame_999=\"o:0;st:w;\"\n\t\t\t\t\t\t\t\tstyle=\"z-index:9;font-family:'Questrial';\"\n\t\t\t\t\t\t\t>Dru\u0161tvena odgovornost \n\t\t\t\t\t\t\t<\/rs-layer><!--\n\n\t\t\t\t\t\t\t--><rs-layer\n\t\t\t\t\t\t\t\tid=\"slider-111-slide-259-layer-1\" \n\t\t\t\t\t\t\t\tdata-type=\"image\"\n\t\t\t\t\t\t\t\tdata-rsp_ch=\"on\"\n\t\t\t\t\t\t\t\tdata-xy=\"x:-257px;y:-190px;\"\n\t\t\t\t\t\t\t\tdata-text=\"w:normal;\"\n\t\t\t\t\t\t\t\tdata-dim=\"w:1776px;h:671px;\"\n\t\t\t\t\t\t\t\tdata-frame_999=\"o:0;st:w;\"\n\t\t\t\t\t\t\t\tstyle=\"z-index:8;\"\n\t\t\t\t\t\t\t><img decoding=\"async\" src=\"\/\/autostopglobal.com\/wp-content\/plugins\/revslider\/sr6\/assets\/assets\/dummy.png\" alt=\"top view of man and woman holding planet model on turquoise back\" class=\"tp-rs-img rs-lazyload\" width=\"2048\" height=\"774\" data-lazyload=\"\/\/autostopglobal.com\/wp-content\/uploads\/2021\/03\/top-view-of-man-and-woman-holding-planet-model-on-Q4U2WMP-1-2048x774.jpg\" data-no-retina> \n\t\t\t\t\t\t\t<\/rs-layer><!--\n-->\t\t\t\t\t<\/rs-slide>\n\t\t\t\t\t<\/rs-slides>\n\t\t\t\t\t<rs-static-layers><!--\n\t\t\t\t\t--><\/rs-static-layers>\n\t\t\t\t<\/rs-module>\n\t\t\t\t<script>\n\t\t\t\t\tsetREVStartSize({c: 'rev_slider_111_3',rl:[1240,1024,778,480],el:[240],gw:[1240],gh:[240],type:'standard',justify:'',layout:'fullwidth',mh:\"0\"});if (window.RS_MODULES!==undefined && window.RS_MODULES.modules!==undefined && window.RS_MODULES.modules[\"revslider1113\"]!==undefined) {window.RS_MODULES.modules[\"revslider1113\"].once = false;window.revapi111 = undefined;if (window.RS_MODULES.checkMinimal!==undefined) window.RS_MODULES.checkMinimal()}\n\t\t\t\t<\/script>\n\t\t\t<\/rs-module-wrap>\n\t\t\t<!-- END REVOLUTION SLIDER -->\n[\/vc_column][\/vc_row][vc_row disable_element=&#8220;yes&#8220;][vc_column][vc_custom_heading text=&#8220;Corporate Social Responsibility&#8220; font_container=&#8220;tag:h1|text_align:center&#8220; google_fonts=&#8220;font_family:Questrial%3Aregular|font_style:400%20regular%3A400%3Anormal&#8220; el_class=&#8220;title&#8220;][\/vc_column][\/vc_row][\/vc_section][vc_row][vc_column][vc_empty_space][vc_column_text]<\/p>\n<h4 style=\"text-align: center;\">Recipient of the prestigious &#8216;\u0110or\u0111e Vajfert&#8217; National Award<\/h4>\n<p>[\/vc_column_text][vc_single_image image=&#8220;4422&#8243; img_size=&#8220;353&#215;160&#8243; alignment=&#8220;center&#8220;][vc_empty_space][vc_column_text css=&#8220;&#8220;]<\/p>\n<h3 style=\"text-align: center;\"><strong>Autostop<\/strong> podr\u017eava Ciljeve Odr\u017eivog Razvoja Ujedinjenih Nacija<\/h3>\n<p>[\/vc_column_text][vc_single_image image=&#8220;3885&#8243; img_size=&#8220;full&#8220;][\/vc_column][\/vc_row]<\/p>\n<p>[vc_row css=&#8220;.vc_custom_1608160442406{margin-bottom: 30px !important;padding-top: 70px !important;}&#8220; el_class=&#8220;separator-triangle-up&#8220;][vc_column width=&#8220;1\/2&#8243;][vc_single_image image=&#8220;939&#8243; img_size=&#8220;500&#215;300&#8243; onclick=&#8220;link_image&#8220; css_animation=&#8220;none&#8220;][vc_single_image image=&#8220;951&#8243; img_size=&#8220;500&#215;300&#8243; onclick=&#8220;link_image&#8220; css_animation=&#8220;none&#8220;][\/vc_column][vc_column width=&#8220;1\/2&#8243;][vc_column_text]<\/p>\n<p>&nbsp;<\/p>\n<p>&nbsp;<\/p>\n<p style=\"text-align: justify;\">\u017delja za kontinuiranim doprinosom zajednici u\u010dinila je da Autostop pokrene mnoge inicijative kao dru\u0161tveno odgovorno poslovanje. Dru\u0161tvena odgovornost je imperativ pravilnog funkcionisanja na svim nivoima, \u0161to uklju\u010duje:<\/p>\n<ul>\n<li><span style=\"color: #000000;\"><strong>Poverenje u zaposlene<\/strong><\/span><\/li>\n<li style=\"text-align: justify;\"><span style=\"color: #000000;\"><strong>Izgradnja stabilnih i odr\u017eivih odnosa sa klijentima<\/strong><\/span><\/li>\n<li style=\"text-align: justify;\"><span style=\"color: #000000;\"><strong>Saradnja sa zajednicom<\/strong><\/span><\/li>\n<li style=\"text-align: justify;\"><span style=\"color: #000000;\"><strong>Po\u0161tovanje radnog mesta i \u017eivotne sredine<\/strong><\/span><\/li>\n<li style=\"text-align: justify;\"><span style=\"color: #000000;\"><strong>Po\u0161tovanje i primena zakonskih propisa<\/strong><\/span><\/li>\n<li style=\"text-align: justify;\"><span style=\"color: #000000;\"><strong>Usvajanje i primena eti\u010dkih principa u poslovanju<\/strong><\/span><\/li>\n<\/ul>\n<p style=\"text-align: justify;\">Kao deo zajednice, kompanija je posebno posvec\u0301ena deci i mladima, u \u017eelji da razvija i stvara bolje dru\u0161tvo sa njima. U tom smislu, podr\u0161ka, donacije i saradnja sa srednjim \u0161kolama, fakultetima, Centrom za socijalni rad i zdravstvenim ustanovama deo su aktivnosti koje Autostop sprovodi kao svoju dru\u0161tveno odgovornu misiju.<\/p>\n<p>[\/vc_column_text][\/vc_column][\/vc_row][vc_row][vc_column][vc_empty_space][\/vc_column][\/vc_row][vc_row][vc_column width=&#8220;1\/2&#8243;][vc_gallery type=&#8220;image_grid&#8220; images=&#8220;2480,2481,2482,2483,2484,1765&#8243; onclick=&#8220;&#8220;][\/vc_column][vc_column width=&#8220;1\/2&#8243;][vc_column_text]<\/p>\n<p style=\"text-align: justify;\">Autostop je razvio prili\u010dno jaku politiku dru\u0161tvene odgovornosti. Tokom poslednjih pet godina, kompanija je sprovela niz aktivnosti za svoje zaposlene i zajednicu:<\/p>\n<ul>\n<li style=\"text-align: justify;\"><span style=\"color: #000000;\"><strong>Upravljanje vrtic\u0301em za decu zaposlenih u prostorijama kompanije<\/strong><\/span><\/li>\n<li style=\"text-align: justify;\"><span style=\"color: #000000;\"><strong>Upravljanje prostorije za odmor radnika koji ima u sklopu kafi\u0107, teretanu i prostor za zabavu za sve zaposlene nakon radnog vremena<\/strong><\/span><\/li>\n<li style=\"text-align: justify;\"><span style=\"color: #000000;\"><strong>Novogodi\u0161nje poklone za svu decu zaposlenih<\/strong><\/span><\/li>\n<\/ul>\n<p style=\"text-align: justify;\">Ovim inicijativama kompanija prati i oslu\u0161kuje potrebe svih zaposlenih i preduzima aktivnosti kako bi se one ostvarile.<\/p>\n<p>[\/vc_column_text][\/vc_column][\/vc_row][vc_row][vc_column][vc_empty_space][\/vc_column][\/vc_row][vc_row][vc_column][vc_empty_space][\/vc_column][\/vc_row][vc_row][vc_column width=&#8220;1\/2&#8243;][vc_empty_space height=&#8220;10px&#8220;][vc_single_image image=&#8220;1122&#8243; img_size=&#8220;500X300&#8243; onclick=&#8220;link_image&#8220; css_animation=&#8220;none&#8220;][\/vc_column][vc_column width=&#8220;1\/2&#8243;][vc_empty_space height=&#8220;15px&#8220;][vc_column_text]<\/p>\n<p style=\"text-align: justify;\">Pored dru\u0161tvenih aktivnosti unutar kompanije, kompanija u\u010destvuje u zajednici:<\/p>\n<ul>\n<li style=\"text-align: justify;\"><span style=\"color: #000000;\"><strong>Doniranjem novogodi\u0161njih poklona deci Centra za socijalni rad<\/strong><\/span><\/li>\n<li style=\"text-align: justify;\"><span style=\"color: #000000;\"><strong>Donacijama deci sa posebnim potrebama<\/strong><\/span><\/li>\n<li style=\"text-align: justify;\"><span style=\"color: #000000;\"><strong>Donacijom Kuc\u0301i ve\u0161tina u Leskovcu<\/strong><\/span><\/li>\n<li style=\"text-align: justify;\"><span style=\"color: #000000;\"><strong>Donacijom Sigurnoj kuc\u0301i u Leskovcu<\/strong><\/span><\/li>\n<li style=\"text-align: justify;\"><span style=\"color: #000000;\"><strong>Ponudom reflektujuc\u0301ih prsluka biciklistima grada<\/strong><\/span><\/li>\n<li style=\"text-align: justify;\"><span style=\"color: #000000;\"><strong>Donacijom \u0160koli za tekstil i dizajn u Leskovcu za realizaciju dualnog obrazovanja<\/strong><\/span> <span style=\"color: #000000;\">gde Autostop aktivno u\u010destvuje.<\/span><\/li>\n<\/ul>\n<p>[\/vc_column_text][\/vc_column][\/vc_row][vc_row][vc_column][vc_empty_space][\/vc_column][\/vc_row][vc_row][vc_column width=&#8220;1\/2&#8243;][vc_empty_space height=&#8220;10px&#8220;][vc_single_image image=&#8220;905&#8243; img_size=&#8220;500X300&#8243; onclick=&#8220;link_image&#8220; css_animation=&#8220;none&#8220;][\/vc_column][vc_column width=&#8220;1\/2&#8243;][vc_empty_space height=&#8220;15px&#8220;][vc_column_text]<\/p>\n<p style=\"text-align: justify;\">Inovacije i inicijative koje neguje Autostop doprinose ja\u010danju pozicije kompanije kao lidera u dru\u0161tveno odgovornom poslovanju. Slu\u0161anje potreba zaposlenih i podr\u0161ka roditeljstvu postaje va\u017ean deo doprinosa kompanije populacionoj politici. Kao rezultat toga, otvoren je vrtic\u0301 za decu zaposlenih. Vrtic\u0301 obuhvata:<\/p>\n<ul>\n<li style=\"text-align: justify;\"><span style=\"color: #000000;\"><strong>Dovoljno prostora za igru, krevete za odmor, kuhinju i kupatilo, kapaciteta za 90 dece. Obu\u010deno osoblje radi u dve smene kako bi roditeljima ponudilo fleksibilnost i sigurnost za svoju decu.<\/strong><\/span><\/li>\n<\/ul>\n<p>[\/vc_column_text][\/vc_column][\/vc_row][vc_row][vc_column][vc_empty_space][\/vc_column][\/vc_row][vc_row][vc_column width=&#8220;1\/6&#8243;][vc_single_image image=&#8220;944&#8243; img_size=&#8220;400&#215;400&#8243; alignment=&#8220;center&#8220; onclick=&#8220;link_image&#8220; css_animation=&#8220;appear&#8220;][\/vc_column][vc_column width=&#8220;1\/6&#8243;][vc_single_image image=&#8220;1123&#8243; img_size=&#8220;400&#215;400&#8243; alignment=&#8220;center&#8220; onclick=&#8220;link_image&#8220; css_animation=&#8220;appear&#8220;][\/vc_column][vc_column width=&#8220;1\/6&#8243;][vc_single_image image=&#8220;946&#8243; img_size=&#8220;400&#215;400&#8243; alignment=&#8220;center&#8220; onclick=&#8220;link_image&#8220; css_animation=&#8220;appear&#8220;][\/vc_column][vc_column width=&#8220;1\/6&#8243;][vc_single_image image=&#8220;907&#8243; img_size=&#8220;400&#215;400&#8243; alignment=&#8220;center&#8220; onclick=&#8220;link_image&#8220; css_animation=&#8220;appear&#8220;][\/vc_column][vc_column width=&#8220;1\/6&#8243;][vc_single_image image=&#8220;904&#8243; img_size=&#8220;400&#215;400&#8243; alignment=&#8220;center&#8220; onclick=&#8220;link_image&#8220; css_animation=&#8220;appear&#8220;][\/vc_column][vc_column width=&#8220;1\/6&#8243;][vc_single_image image=&#8220;902&#8243; img_size=&#8220;400&#215;400&#8243; alignment=&#8220;center&#8220; onclick=&#8220;link_image&#8220; css_animation=&#8220;appear&#8220;][\/vc_column][\/vc_row][vc_row][vc_column][vc_column_text][\/vc_column_text][\/vc_column][\/vc_row]<\/p>\n<\/div>","protected":false},"excerpt":{"rendered":"<p>[vc_row][vc_column][vc_column_text][\/vc_column_text][\/vc_column][\/vc_row][vc_section full_width=&#8220;stretch_row&#8220; parallax=&#8220;content-moving&#8220; parallax_image=&#8220;1113&#8243; parallax_speed_bg=&#8220;2&#8243; el_id=&#8220;Subheader&#8220; css=&#8220;.vc_custom_1623232132195{background-image: url(https:\/\/autostopglobal.com\/wp-content\/uploads\/2020\/12\/materials-light.png?id=443) !important;}&#8220; el_class=&#8220;subheader-none slider&#8220;][vc_row][vc_column][\/vc_column][\/vc_row][vc_row disable_element=&#8220;yes&#8220;][vc_column][vc_custom_heading text=&#8220;Corporate Social Responsibility&#8220; font_container=&#8220;tag:h1|text_align:center&#8220; google_fonts=&#8220;font_family:Questrial%3Aregular|font_style:400%20regular%3A400%3Anormal&#8220; el_class=&#8220;title&#8220;][\/vc_column][\/vc_row][\/vc_section][vc_row][vc_column][vc_empty_space][vc_column_text] Recipient of the prestigious &#8216;\u0110or\u0111e Vajfert&#8217; National Award<span class=\"excerpt-hellip\"> [\u2026]<\/span><\/p>\n","protected":false},"author":3,"featured_media":-1,"parent":0,"menu_order":0,"comment_status":"closed","ping_status":"closed","template":"","meta":{"inline_featured_image":false,"footnotes":""},"class_list":["post-511","page","type-page","status-publish","has-post-thumbnail","hentry"],"_links":{"self":[{"href":"https:\/\/autostopglobal.com\/sr\/wp-json\/wp\/v2\/pages\/511","targetHints":{"allow":["GET"]}}],"collection":[{"href":"https:\/\/autostopglobal.com\/sr\/wp-json\/wp\/v2\/pages"}],"about":[{"href":"https:\/\/autostopglobal.com\/sr\/wp-json\/wp\/v2\/types\/page"}],"author":[{"embeddable":true,"href":"https:\/\/autostopglobal.com\/sr\/wp-json\/wp\/v2\/users\/3"}],"replies":[{"embeddable":true,"href":"https:\/\/autostopglobal.com\/sr\/wp-json\/wp\/v2\/comments?post=511"}],"version-history":[{"count":58,"href":"https:\/\/autostopglobal.com\/sr\/wp-json\/wp\/v2\/pages\/511\/revisions"}],"predecessor-version":[{"id":4436,"href":"https:\/\/autostopglobal.com\/sr\/wp-json\/wp\/v2\/pages\/511\/revisions\/4436"}],"wp:featuredmedia":[{"embeddable":true,"href":"https:\/\/autostopglobal.com\/sr\/wp-json\/"}],"wp:attachment":[{"href":"https:\/\/autostopglobal.com\/sr\/wp-json\/wp\/v2\/media?parent=511"}],"curies":[{"name":"wp","href":"https:\/\/api.w.org\/{rel}","templated":true}]}}