{"id":489,"date":"2021-02-09T13:25:00","date_gmt":"2021-02-09T13:25:00","guid":{"rendered":"http:\/\/autostopglobal.com\/?page_id=489"},"modified":"2023-03-10T13:36:21","modified_gmt":"2023-03-10T13:36:21","slug":"research-and-development","status":"publish","type":"page","link":"https:\/\/autostopglobal.com\/sr\/research-and-development\/","title":{"rendered":"Istra\u017eivanje i razvoj"},"content":{"rendered":"<div class=\"wpb-content-wrapper\"><p>[vc_section full_width=&#8220;stretch_row&#8220; el_id=&#8220;Subheader&#8220; el_class=&#8220;subheader-materials slider&#8220;][vc_row][vc_column]\n\t\t\t<!-- START Subheader  R&amp;D SR REVOLUTION SLIDER 6.7.33 --><p class=\"rs-p-wp-fix\"><\/p>\n\t\t\t<rs-module-wrap id=\"rev_slider_93_3_wrapper\" data-source=\"gallery\" style=\"visibility:hidden;background:transparent;padding:0;margin:0px auto;margin-top:0;margin-bottom:0;\">\n\t\t\t\t<rs-module id=\"rev_slider_93_3\" style=\"\" data-version=\"6.7.33\">\n\t\t\t\t\t<rs-slides style=\"overflow: hidden; position: absolute;\">\n\t\t\t\t\t\t<rs-slide style=\"position: absolute;\" data-key=\"rs-241\" data-title=\"Slide\" data-anim=\"adpr:false;\" data-in=\"o:0;\" data-out=\"a:false;\">\n\t\t\t\t\t\t\t<img decoding=\"async\" src=\"\/\/autostopglobal.com\/wp-content\/plugins\/revslider\/sr6\/assets\/assets\/dummy.png\" alt=\"Laboratory Glassware\" width=\"2560\" height=\"1707\" class=\"rev-slidebg tp-rs-img rs-lazyload\" data-lazyload=\"\/\/autostopglobal.com\/wp-content\/uploads\/2021\/03\/laboratory-glassware-G5SQRWZ-scaled.jpg\" data-bg=\"p:0% 20%;\" data-parallax=\"off\" data-no-retina>\n<!--\n\t\t\t\t\t\t\t--><rs-layer\n\t\t\t\t\t\t\t\tid=\"slider-93-slide-241-layer-0\" \n\t\t\t\t\t\t\t\tclass=\"title\"\n\t\t\t\t\t\t\t\tdata-type=\"text\"\n\t\t\t\t\t\t\t\tdata-color=\"#ffffff\"\n\t\t\t\t\t\t\t\tdata-rsp_ch=\"on\"\n\t\t\t\t\t\t\t\tdata-xy=\"x:c;y:c;\"\n\t\t\t\t\t\t\t\tdata-text=\"w:normal;s:60;a:center;\"\n\t\t\t\t\t\t\t\tdata-frame_999=\"o:0;st:w;\"\n\t\t\t\t\t\t\t\tstyle=\"z-index:5;font-family:'Questrial';\"\n\t\t\t\t\t\t\t>Istra\u017eivanje i razvoj \n\t\t\t\t\t\t\t<\/rs-layer><!--\n-->\t\t\t\t\t<\/rs-slide>\n\t\t\t\t\t<\/rs-slides>\n\t\t\t\t<\/rs-module>\n\t\t\t\t<script>\n\t\t\t\t\tsetREVStartSize({c: 'rev_slider_93_3',rl:[1240,1024,778,480],el:[240],gw:[1240],gh:[240],type:'standard',justify:'',layout:'fullwidth',mh:\"0\"});if (window.RS_MODULES!==undefined && window.RS_MODULES.modules!==undefined && window.RS_MODULES.modules[\"revslider933\"]!==undefined) {window.RS_MODULES.modules[\"revslider933\"].once = false;window.revapi93 = undefined;if (window.RS_MODULES.checkMinimal!==undefined) window.RS_MODULES.checkMinimal()}\n\t\t\t\t<\/script>\n\t\t\t<\/rs-module-wrap>\n\t\t\t<!-- END REVOLUTION SLIDER -->\n[\/vc_column][\/vc_row][\/vc_section][vc_row disable_element=&#8220;yes&#8220; css=&#8220;.vc_custom_1678365054010{margin-bottom: 30px !important;padding-top: 70px !important;}&#8220; el_class=&#8220;separator-triangle-up&#8220;][vc_column width=&#8220;1\/2&#8243;][vc_single_image image=&#8220;2048&#8243; img_size=&#8220;500&#215;300&#8243; onclick=&#8220;link_image&#8220;][vc_single_image image=&#8220;914&#8243; img_size=&#8220;500&#215;300&#8243; onclick=&#8220;link_image&#8220;][\/vc_column][vc_column width=&#8220;1\/2&#8243;][vc_column_text]<\/p>\n<p style=\"text-align: justify;\">Laboratorije za istra\u017eivanje i razvoj materijala posvec\u0301ene su filozofiji razumevanja potreba kupaca i nu\u0111enju inovativnih i odr\u017eivih re\u0161enja i ideja<\/p>\n<ul>\n<li style=\"text-align: justify;\"><span style=\"color: #000000;\"><strong>Tim kontinuirano tra\u017ei na\u010dine za pobolj\u0161anje proizvoda pratec\u0301i stroge standarde i zahteve.<\/strong><\/span><\/li>\n<li style=\"text-align: justify;\"><span style=\"color: #000000;\"><strong>Oblo\u017eene tkanine poput PVC-a, PU-a, alkantare, antilopa i silikonske ko\u017ee su razvijene i mogu se dodatno poja\u010dati dodatnim svojstvima kao \u0161to su usporavanje plamena, za\u0161tita za lako \u010di\u0161\u0107enje, za\u0161tita od mikroba i specijalni zavr\u0161ni slojevi\u00a0<\/strong><\/span><\/li>\n<li style=\"text-align: justify;\"><span style=\"color: #000000;\"><strong>Dodatne specifikacije mogu biti mast i ulje, teksas, IR, UV, sol i hlor, vodootpornost i mnoge druge.<\/strong><\/span><\/li>\n<\/ul>\n<p style=\"text-align: justify;\">Laboratorije Autostop Interiors u potpunosti su opremljene specijalizovanim osobljem i stru\u010dnjacima i ma\u0161inama koje mogu podr\u017eati istra\u017eivanje, dizajn i razvoj bilo koje vrste primene presvu\u010denih tkanina.<\/p>\n<p style=\"text-align: justify;\">Sertifikovan u skladu sa IATF standardima, tim prati specijalizovano osiguranje kvaliteta, bezbedne uslove i sistem kontrole koji garantuje performanse i sigurnost razvijenih materijala. Zahvaljujuc\u0301i stru\u010dnosti i nauci u laboratoriji, materijali su pove\u0107ani do najsavremenijeg procesa proizvodnje, \u0161to dovodi do visokokvalitetnih, inovativnih i proizvoda po meri.<\/p>\n<p>[\/vc_column_text][\/vc_column][\/vc_row][vc_row][vc_column][vc_empty_space][vc_column_text]<\/p>\n<p style=\"text-align: justify;\">Laboratorija <strong>Autostop-a<\/strong> za istra\u017eivanje i razvoj materijala posvec\u0301ena je filozofiji razumevanja potreba kupaca i nudi inovativna i odr\u017eiva re\u0161enja i ideje. <span style=\"color: #000000;\">Tim kontinuirano tra\u017ei na\u010dine za pobolj\u0161anje proizvoda pratec\u0301i stroge standarde i zahteve. <\/span><span style=\"color: #000000;\">Oblo\u017eene tkanine poput PVC-a, PU-a, alkantare, antilopa i silikonske ko\u017ee su razvijene i mogu se dodatno poja\u010dati dodatnim svojstvima kao \u0161to su usporavanje plamena, za\u0161tita za lako \u010di\u0161\u0107enje, za\u0161tita od mikroba i specijalni zavr\u0161ni slojevi. <\/span><span style=\"color: #000000;\">Dodatne specifikacije mogu biti mast i ulje, teksas, IR, UV, sol i hlor, vodootpornost i mnoge druge.<\/span><\/p>\n<p>[\/vc_column_text][\/vc_column][\/vc_row][vc_row][vc_column width=&#8220;1\/2&#8243;][vc_single_image image=&#8220;759&#8243; img_size=&#8220;500&#215;300&#8243; onclick=&#8220;link_image&#8220;][\/vc_column][vc_column width=&#8220;1\/2&#8243;][vc_single_image image=&#8220;914&#8243; img_size=&#8220;500&#215;300&#8243; alignment=&#8220;right&#8220; onclick=&#8220;link_image&#8220;][\/vc_column][\/vc_row][vc_row][vc_column][vc_empty_space][vc_column_text]<\/p>\n<h3 style=\"text-align: center;\"><strong>Laboratorija<\/strong><\/h3>\n<p>[\/vc_column_text][\/vc_column][\/vc_row][vc_row][vc_column][vc_column_text]Laboratorija <strong>Autostop-a<\/strong> opremljena je: modernim i odre\u0111enim opremama za ispitivanje mehani\u010dkih, fizi\u010dkih i hemijskih karakteristika materijala kao \u0161to su prava i ve\u0161ta\u010dka ko\u017ea, tepih, tekstil i pena kao i opremom za ispitivanje delova unutra\u0161njosti automobila, kao \u0161to su: sedi\u0161te, delovi vrata itd. Ispitivanja se izvode prema razli\u010ditim me\u0111unarodnim standardima kao \u0161to su ISO, ASTM, DIN, BS, kao i prema odre\u0111enim standardima poput TS, VV, PSG itd.[\/vc_column_text][\/vc_column][\/vc_row][vc_row][vc_column width=&#8220;1\/5&#8243;][vc_single_image image=&#8220;735&#8243; img_size=&#8220;500&#215;300&#8243;][\/vc_column][vc_column width=&#8220;1\/5&#8243;][vc_single_image image=&#8220;1740&#8243; img_size=&#8220;500&#215;300&#8243;][\/vc_column][vc_column width=&#8220;1\/5&#8243;][vc_single_image image=&#8220;1738&#8243; img_size=&#8220;500&#215;300&#8243;][\/vc_column][vc_column width=&#8220;1\/5&#8243;][vc_single_image image=&#8220;1739&#8243; img_size=&#8220;500&#215;300&#8243;][\/vc_column][vc_column width=&#8220;1\/5&#8243;][vc_single_image image=&#8220;734&#8243; img_size=&#8220;500&#215;300&#8243;][\/vc_column][\/vc_row][vc_row][vc_column][vc_empty_space][vc_column_text]<\/p>\n<h3 style=\"text-align: center;\"><strong>Primena materijala<\/strong><\/h3>\n<p>[\/vc_column_text][vc_column_text]<strong>Autostop<\/strong> nudi \u0161iroku paletu materijala od sinteti\u010dke ko\u017ee za bilo koju moguc\u0301u primenu: Automobilsku industriju, Transportnu industriju, Plovila, Sedla za kamione i motore, Industriju name\u0161taja, Medicinsku, Torbe i cipele, sinteti\u010dku ko\u017eu, Odec\u0301u i kabanice, Presvlake, Industrijske materijale, Materijale za spolja\u0161nju upotrebu.[\/vc_column_text][\/vc_column][\/vc_row][vc_row][vc_column width=&#8220;1\/2&#8243;][vc_single_image image=&#8220;752&#8243; img_size=&#8220;500&#215;300&#8243; onclick=&#8220;link_image&#8220;][\/vc_column][vc_column width=&#8220;1\/2&#8243;][vc_single_image image=&#8220;1714&#8243; img_size=&#8220;500&#215;300&#8243; alignment=&#8220;right&#8220; onclick=&#8220;link_image&#8220;][\/vc_column][\/vc_row][vc_row][vc_column width=&#8220;1\/6&#8243;][vc_single_image image=&#8220;743&#8243; img_size=&#8220;500&#215;500&#8243;][\/vc_column][vc_column width=&#8220;1\/6&#8243;][vc_single_image image=&#8220;1719&#8243; img_size=&#8220;500&#215;500&#8243;][\/vc_column][vc_column width=&#8220;1\/6&#8243;][vc_single_image image=&#8220;740&#8243; img_size=&#8220;500&#215;500&#8243;][\/vc_column][vc_column width=&#8220;1\/6&#8243;][vc_single_image image=&#8220;884&#8243; img_size=&#8220;500&#215;500&#8243;][\/vc_column][vc_column width=&#8220;1\/6&#8243;][vc_single_image image=&#8220;1718&#8243; img_size=&#8220;500&#215;500&#8243;][\/vc_column][vc_column width=&#8220;1\/6&#8243;][vc_single_image image=&#8220;1716&#8243; img_size=&#8220;500&#215;500&#8243;][\/vc_column][\/vc_row]<\/p>\n<\/div>","protected":false},"excerpt":{"rendered":"<p>[vc_section full_width=&#8220;stretch_row&#8220; el_id=&#8220;Subheader&#8220; el_class=&#8220;subheader-materials slider&#8220;][vc_row][vc_column][\/vc_column][\/vc_row][\/vc_section][vc_row disable_element=&#8220;yes&#8220; css=&#8220;.vc_custom_1678365054010{margin-bottom: 30px !important;padding-top: 70px !important;}&#8220; el_class=&#8220;separator-triangle-up&#8220;][vc_column width=&#8220;1\/2&#8243;][vc_single_image image=&#8220;2048&#8243; img_size=&#8220;500&#215;300&#8243; onclick=&#8220;link_image&#8220;][vc_single_image image=&#8220;914&#8243; img_size=&#8220;500&#215;300&#8243; onclick=&#8220;link_image&#8220;][\/vc_column][vc_column width=&#8220;1\/2&#8243;][vc_column_text] Laboratorije za istra\u017eivanje i razvoj materijala<span class=\"excerpt-hellip\"> [\u2026]<\/span><\/p>\n","protected":false},"author":3,"featured_media":0,"parent":0,"menu_order":0,"comment_status":"closed","ping_status":"closed","template":"","meta":{"inline_featured_image":false,"footnotes":""},"class_list":["post-489","page","type-page","status-publish","hentry"],"_links":{"self":[{"href":"https:\/\/autostopglobal.com\/sr\/wp-json\/wp\/v2\/pages\/489","targetHints":{"allow":["GET"]}}],"collection":[{"href":"https:\/\/autostopglobal.com\/sr\/wp-json\/wp\/v2\/pages"}],"about":[{"href":"https:\/\/autostopglobal.com\/sr\/wp-json\/wp\/v2\/types\/page"}],"author":[{"embeddable":true,"href":"https:\/\/autostopglobal.com\/sr\/wp-json\/wp\/v2\/users\/3"}],"replies":[{"embeddable":true,"href":"https:\/\/autostopglobal.com\/sr\/wp-json\/wp\/v2\/comments?post=489"}],"version-history":[{"count":40,"href":"https:\/\/autostopglobal.com\/sr\/wp-json\/wp\/v2\/pages\/489\/revisions"}],"predecessor-version":[{"id":4126,"href":"https:\/\/autostopglobal.com\/sr\/wp-json\/wp\/v2\/pages\/489\/revisions\/4126"}],"wp:attachment":[{"href":"https:\/\/autostopglobal.com\/sr\/wp-json\/wp\/v2\/media?parent=489"}],"curies":[{"name":"wp","href":"https:\/\/api.w.org\/{rel}","templated":true}]}}