{"id":465,"date":"2021-02-09T08:00:51","date_gmt":"2021-02-09T08:00:51","guid":{"rendered":"http:\/\/autostopglobal.com\/?page_id=465"},"modified":"2022-03-31T12:34:03","modified_gmt":"2022-03-31T11:34:03","slug":"floor-mats-production","status":"publish","type":"page","link":"https:\/\/autostopglobal.com\/sr\/floor-mats-production\/","title":{"rendered":"Proizvodnja"},"content":{"rendered":"<div class=\"wpb-content-wrapper\"><p>[vc_section full_width=&#8220;stretch_row&#8220; el_id=&#8220;Subheader&#8220; el_class=&#8220;subheader-floormats slider&#8220;][vc_row][vc_column]\n\t\t\t<!-- START Subheader  Production Floor Mats SR REVOLUTION SLIDER 6.7.33 --><p class=\"rs-p-wp-fix\"><\/p>\n\t\t\t<rs-module-wrap id=\"rev_slider_85_3_wrapper\" data-source=\"gallery\" style=\"visibility:hidden;background:transparent;padding:0;margin:0px auto;margin-top:0;margin-bottom:0;\">\n\t\t\t\t<rs-module id=\"rev_slider_85_3\" style=\"\" data-version=\"6.7.33\">\n\t\t\t\t\t<rs-slides style=\"overflow: hidden; position: absolute;\">\n\t\t\t\t\t\t<rs-slide style=\"position: absolute;\" data-key=\"rs-233\" data-title=\"Slide\" data-anim=\"adpr:false;\" data-in=\"o:0;\" data-out=\"a:false;\">\n\t\t\t\t\t\t\t<img decoding=\"async\" src=\"\/\/autostopglobal.com\/wp-content\/plugins\/revslider\/sr6\/assets\/assets\/dummy.png\" alt=\"IMG_9502000000\" width=\"2560\" height=\"1440\" class=\"rev-slidebg tp-rs-img rs-lazyload\" data-lazyload=\"\/\/autostopglobal.com\/wp-content\/uploads\/2021\/03\/IMG_9502000000-scaled.jpg\" data-parallax=\"off\" data-no-retina>\n<!--\n\t\t\t\t\t\t\t--><rs-layer\n\t\t\t\t\t\t\t\tid=\"slider-85-slide-233-layer-0\" \n\t\t\t\t\t\t\t\tclass=\"title\"\n\t\t\t\t\t\t\t\tdata-type=\"text\"\n\t\t\t\t\t\t\t\tdata-color=\"#ffffff\"\n\t\t\t\t\t\t\t\tdata-rsp_ch=\"on\"\n\t\t\t\t\t\t\t\tdata-xy=\"x:c;y:c;\"\n\t\t\t\t\t\t\t\tdata-text=\"w:normal;s:60;a:center;\"\n\t\t\t\t\t\t\t\tdata-frame_999=\"o:0;st:w;\"\n\t\t\t\t\t\t\t\tstyle=\"z-index:5;font-family:'Questrial';\"\n\t\t\t\t\t\t\t>Proizvodnja \n\t\t\t\t\t\t\t<\/rs-layer><!--\n-->\t\t\t\t\t<\/rs-slide>\n\t\t\t\t\t<\/rs-slides>\n\t\t\t\t<\/rs-module>\n\t\t\t\t<script>\n\t\t\t\t\tsetREVStartSize({c: 'rev_slider_85_3',rl:[1240,1024,778,480],el:[240],gw:[1240],gh:[240],type:'standard',justify:'',layout:'fullwidth',mh:\"0\"});if (window.RS_MODULES!==undefined && window.RS_MODULES.modules!==undefined && window.RS_MODULES.modules[\"revslider853\"]!==undefined) {window.RS_MODULES.modules[\"revslider853\"].once = false;window.revapi85_3 = undefined;if (window.RS_MODULES.checkMinimal!==undefined) window.RS_MODULES.checkMinimal()}\n\t\t\t\t<\/script>\n\t\t\t<\/rs-module-wrap>\n\t\t\t<!-- END REVOLUTION SLIDER -->\n[\/vc_column][\/vc_row][\/vc_section][vc_row css=&#8220;.vc_custom_1608160442406{margin-bottom: 30px !important;padding-top: 70px !important;}&#8220; el_class=&#8220;separator-triangle-up&#8220;][vc_column width=&#8220;1\/2&#8243;][vc_single_image image=&#8220;2464&#8243; img_size=&#8220;500X310&#8243; alignment=&#8220;center&#8220; onclick=&#8220;link_image&#8220;][\/vc_column][vc_column width=&#8220;1\/2&#8243;][vc_empty_space][vc_column_text]<\/p>\n<p style=\"text-align: justify;\">Vo\u0111eni neprestanom potragom za kona\u010dnim re\u0161enjem, <strong>Autostop<\/strong> mora da radi na daljem razvoju i inovacijama tehnologija i metoda obrade. Zajedno sa nau\u010dnim institutima i na\u0161im kupcima, tim <strong>Autostopa<\/strong> neprestano radi na novim proizvodima, ma\u0161inama i tehnologijama obrade, kako bi svojim inovacijama i kreativno\u0161c\u0301u doprineo oblikovanju enterijera buduc\u0301nosti.<\/p>\n<p>[\/vc_column_text][\/vc_column][\/vc_row][vc_row][vc_column width=&#8220;1\/2&#8243;][\/vc_column][vc_column width=&#8220;1\/2&#8243;][vc_column_text]<\/p>\n<h3><strong>Proizvodni proces:<\/strong><\/h3>\n<p>[\/vc_column_text][\/vc_column][\/vc_row][vc_row][vc_column width=&#8220;1\/2&#8243;][vc_single_image image=&#8220;704&#8243; img_size=&#8220;400&#215;200&#8243; alignment=&#8220;center&#8220; onclick=&#8220;link_image&#8220;][\/vc_column][vc_column width=&#8220;1\/2&#8243;][vc_column_text]<\/p>\n<p style=\"text-align: justify;\"><strong>Se\u010denje tepiha<\/strong> &#8211; Zahvaljujuc\u0301i vi\u0161estrukim savremenim ma\u0161inama za se\u010denje, pojedina\u010dni oblici su izrezani iz osnovnih materijala za tepih. Minimalne tolerancije u proizvodnji garantuju visoku iskori\u0161c\u0301enost materijala.<\/p>\n<p>[\/vc_column_text][\/vc_column][\/vc_row][vc_row][vc_column width=&#8220;1\/2&#8243;][vc_single_image image=&#8220;1629&#8243; img_size=&#8220;400X200&#8243; alignment=&#8220;center&#8220; onclick=&#8220;link_image&#8220;][\/vc_column][vc_column width=&#8220;1\/2&#8243;][vc_column_text]<\/p>\n<p style=\"text-align: justify;\"><strong>Vez\/Graviranje<\/strong> &#8211; Vi\u0161estruke ma\u0161ine za vez sa direktnim \u0161avovima i visokofrekventne \/ ultrazvu\u010dne ma\u0161ine za graviranje koriste se za nano\u0161enje logotipa na patosnice u skladu sa specifi\u010dnim zahtevima kupaca.<\/p>\n<p>[\/vc_column_text][\/vc_column][\/vc_row][vc_row][vc_column width=&#8220;1\/2&#8243;][vc_single_image image=&#8220;1627&#8243; img_size=&#8220;400X200&#8243; alignment=&#8220;center&#8220; onclick=&#8220;link_image&#8220;][\/vc_column][vc_column width=&#8220;1\/2&#8243;][vc_column_text]<\/p>\n<p style=\"text-align: justify;\"><strong>Overlok\/Vezivanje\/Ivi\u010denje<\/strong> &#8211; Brojnim ma\u0161inama za overluk i vezivanje, od dobro poznatih dobavlja\u010da opremljenim najboljom tehnologijom, upravlja visoko kvalifikovano i iskusno osoblje, garantujuc\u0301i glatku zavr\u0161nu obradu na\u0161ih proizvoda.<\/p>\n<p>[\/vc_column_text][\/vc_column][\/vc_row][vc_row][vc_column width=&#8220;1\/2&#8243;][vc_single_image image=&#8220;1630&#8243; img_size=&#8220;400&#215;200&#8243; alignment=&#8220;center&#8220; onclick=&#8220;link_image&#8220; css_animation=&#8220;none&#8220;][\/vc_column][vc_column width=&#8220;1\/2&#8243;][vc_column_text]<\/p>\n<p style=\"text-align: justify;\"><strong>Fiksacija<\/strong> &#8211; Specijalne hidrauli\u010dne ma\u0161ine garantuju pouzdan postupak pri\u010dvr\u0161c\u0301ivanja elemenata na patosnicama sa jedinstvenim sigurnosnim parametrima.<\/p>\n<p>[\/vc_column_text][\/vc_column][\/vc_row][vc_row][vc_column width=&#8220;1\/2&#8243;][vc_single_image image=&#8220;1631&#8243; img_size=&#8220;400X200&#8243; alignment=&#8220;center&#8220; onclick=&#8220;link_image&#8220; css_animation=&#8220;none&#8220;][\/vc_column][vc_column width=&#8220;1\/2&#8243;][vc_column_text]<\/p>\n<p style=\"text-align: justify;\"><strong>\u010ci\u0161\u0107enje, kontrola kvaliteta i pakovanje<\/strong> &#8211; Potpuno automatizovane ma\u0161ine za pakovanje dovr\u0161avaju proizvodni proces. U zavisnosti od zahteva kupaca, patosnice se isporu\u010duju u kartonskim kutijama ili metalnim gajbama za vi\u0161ekratnu upotrebu, obezbe\u0111ujuc\u0301i siguran transport do krajnjeg odredi\u0161ta.<\/p>\n<p>[\/vc_column_text][\/vc_column][\/vc_row]<\/p>\n<\/div>","protected":false},"excerpt":{"rendered":"<p>[vc_section full_width=&#8220;stretch_row&#8220; el_id=&#8220;Subheader&#8220; el_class=&#8220;subheader-floormats slider&#8220;][vc_row][vc_column][\/vc_column][\/vc_row][\/vc_section][vc_row css=&#8220;.vc_custom_1608160442406{margin-bottom: 30px !important;padding-top: 70px !important;}&#8220; el_class=&#8220;separator-triangle-up&#8220;][vc_column width=&#8220;1\/2&#8243;][vc_single_image image=&#8220;2464&#8243; img_size=&#8220;500X310&#8243; alignment=&#8220;center&#8220; onclick=&#8220;link_image&#8220;][\/vc_column][vc_column width=&#8220;1\/2&#8243;][vc_empty_space][vc_column_text] Vo\u0111eni neprestanom potragom za kona\u010dnim re\u0161enjem, Autostop mora da<span class=\"excerpt-hellip\"> [\u2026]<\/span><\/p>\n","protected":false},"author":3,"featured_media":0,"parent":0,"menu_order":0,"comment_status":"closed","ping_status":"closed","template":"","meta":{"inline_featured_image":false,"footnotes":""},"class_list":["post-465","page","type-page","status-publish","hentry"],"_links":{"self":[{"href":"https:\/\/autostopglobal.com\/sr\/wp-json\/wp\/v2\/pages\/465","targetHints":{"allow":["GET"]}}],"collection":[{"href":"https:\/\/autostopglobal.com\/sr\/wp-json\/wp\/v2\/pages"}],"about":[{"href":"https:\/\/autostopglobal.com\/sr\/wp-json\/wp\/v2\/types\/page"}],"author":[{"embeddable":true,"href":"https:\/\/autostopglobal.com\/sr\/wp-json\/wp\/v2\/users\/3"}],"replies":[{"embeddable":true,"href":"https:\/\/autostopglobal.com\/sr\/wp-json\/wp\/v2\/comments?post=465"}],"version-history":[{"count":39,"href":"https:\/\/autostopglobal.com\/sr\/wp-json\/wp\/v2\/pages\/465\/revisions"}],"predecessor-version":[{"id":3280,"href":"https:\/\/autostopglobal.com\/sr\/wp-json\/wp\/v2\/pages\/465\/revisions\/3280"}],"wp:attachment":[{"href":"https:\/\/autostopglobal.com\/sr\/wp-json\/wp\/v2\/media?parent=465"}],"curies":[{"name":"wp","href":"https:\/\/api.w.org\/{rel}","templated":true}]}}