{"id":462,"date":"2021-02-09T07:51:50","date_gmt":"2021-02-09T07:51:50","guid":{"rendered":"http:\/\/autostopglobal.com\/?page_id=462"},"modified":"2023-03-08T07:00:31","modified_gmt":"2023-03-08T07:00:31","slug":"accessories","status":"publish","type":"page","link":"https:\/\/autostopglobal.com\/sr\/accessories\/","title":{"rendered":"Dodatna oprema"},"content":{"rendered":"<div class=\"wpb-content-wrapper\"><p>[vc_section full_width=&#8220;stretch_row&#8220; el_id=&#8220;Subheader&#8220; el_class=&#8220;subheader-interiors slider&#8220;][vc_row][vc_column]\n\t\t\t<!-- START Subheader  Accessories SR REVOLUTION SLIDER 6.7.33 --><p class=\"rs-p-wp-fix\"><\/p>\n\t\t\t<rs-module-wrap id=\"rev_slider_80_3_wrapper\" data-source=\"gallery\" style=\"visibility:hidden;background:transparent;padding:0;margin:0px auto;margin-top:0;margin-bottom:0;\">\n\t\t\t\t<rs-module id=\"rev_slider_80_3\" style=\"\" data-version=\"6.7.33\">\n\t\t\t\t\t<rs-slides style=\"overflow: hidden; position: absolute;\">\n\t\t\t\t\t\t<rs-slide style=\"position: absolute;\" data-key=\"rs-228\" data-title=\"Slide\" data-anim=\"adpr:false;\" data-in=\"o:0;\" data-out=\"a:false;\">\n\t\t\t\t\t\t\t<img decoding=\"async\" src=\"\/\/autostopglobal.com\/wp-content\/plugins\/revslider\/sr6\/assets\/assets\/dummy.png\" alt=\"New leather wallet on rustic wood background\" width=\"2560\" height=\"1709\" class=\"rev-slidebg tp-rs-img rs-lazyload\" data-lazyload=\"\/\/autostopglobal.com\/wp-content\/uploads\/2021\/03\/leather-wallet-on-the-rustic-wood-background-PTZXCWE-scaled.jpg\" data-parallax=\"off\" data-no-retina>\n<!--\n\t\t\t\t\t\t\t--><rs-layer\n\t\t\t\t\t\t\t\tid=\"slider-80-slide-228-layer-0\" \n\t\t\t\t\t\t\t\tclass=\"title\"\n\t\t\t\t\t\t\t\tdata-type=\"text\"\n\t\t\t\t\t\t\t\tdata-color=\"#ffffff\"\n\t\t\t\t\t\t\t\tdata-rsp_ch=\"on\"\n\t\t\t\t\t\t\t\tdata-xy=\"x:c;y:c;\"\n\t\t\t\t\t\t\t\tdata-text=\"w:normal;s:60;a:center;\"\n\t\t\t\t\t\t\t\tdata-frame_999=\"o:0;st:w;\"\n\t\t\t\t\t\t\t\tstyle=\"z-index:5;font-family:'Questrial';\"\n\t\t\t\t\t\t\t>Dodatna oprema \n\t\t\t\t\t\t\t<\/rs-layer><!--\n-->\t\t\t\t\t<\/rs-slide>\n\t\t\t\t\t<\/rs-slides>\n\t\t\t\t<\/rs-module>\n\t\t\t\t<script>\n\t\t\t\t\tsetREVStartSize({c: 'rev_slider_80_3',rl:[1240,1024,778,480],el:[240],gw:[1240],gh:[240],type:'standard',justify:'',layout:'fullwidth',mh:\"0\"});if (window.RS_MODULES!==undefined && window.RS_MODULES.modules!==undefined && window.RS_MODULES.modules[\"revslider803\"]!==undefined) {window.RS_MODULES.modules[\"revslider803\"].once = false;window.revapi80 = undefined;if (window.RS_MODULES.checkMinimal!==undefined) window.RS_MODULES.checkMinimal()}\n\t\t\t\t<\/script>\n\t\t\t<\/rs-module-wrap>\n\t\t\t<!-- END REVOLUTION SLIDER -->\n[\/vc_column][\/vc_row][\/vc_section][vc_row disable_element=&#8220;yes&#8220; css=&#8220;.vc_custom_1678110566964{margin-bottom: 30px !important;padding-top: 70px !important;}&#8220; el_class=&#8220;separator-triangle-up&#8220;][vc_column width=&#8220;1\/2&#8243;][vc_single_image image=&#8220;3828&#8243; img_size=&#8220;500&#215;300&#8243;][vc_column_text]<\/p>\n<p style=\"text-align: center;\"><strong>Buster Sedi\u0161te<\/strong><\/p>\n<p>[\/vc_column_text][\/vc_column][vc_column width=&#8220;1\/2&#8243;][vc_column_text]<\/p>\n<p style=\"text-align: justify;\"><strong>Autostop<\/strong> nudi razne proizvode kao dodatnu opremu, koristec\u0301i razli\u010dite materijale i dizajne za vozila, kancelarijsku upotrebu i svakodnevni \u017eivot. Neki primeri su:<\/p>\n<ul style=\"text-align: justify;\">\n<li><span style=\"color: #000000;\"><strong>Pokriva\u010di za automobile, lajneri za pse, torbe, jastuci, organizatori, itd.<\/strong><\/span><\/li>\n<\/ul>\n<p style=\"text-align: justify;\">Kombinacija visokog kvaliteta materijala, kreativnosti i izrade rezultiraju jedinstvenim proizvodima za svaki ukus.<\/p>\n<p>[\/vc_column_text][\/vc_column][\/vc_row][vc_row disable_element=&#8220;yes&#8220; el_class=&#8220;mobile-x3-columns&#8220;][vc_column width=&#8220;1\/6&#8243;][vc_single_image image=&#8220;3808&#8243; img_size=&#8220;400&#215;400&#8243; alignment=&#8220;center&#8220; onclick=&#8220;link_image&#8220; css_animation=&#8220;appear&#8220;][vc_column_text]<\/p>\n<p style=\"text-align: center;\"><strong>Ko\u017ena Torba<\/strong><\/p>\n<p>[\/vc_column_text][vc_single_image image=&#8220;3832&#8243; img_size=&#8220;400&#215;400&#8243; alignment=&#8220;center&#8220; onclick=&#8220;link_image&#8220; css_animation=&#8220;appear&#8220;][vc_column_text]<\/p>\n<p style=\"text-align: center;\"><strong>Lajner za Pse<\/strong><\/p>\n<p>[\/vc_column_text][\/vc_column][vc_column width=&#8220;1\/6&#8243;][vc_single_image image=&#8220;3829&#8243; img_size=&#8220;400&#215;400&#8243; alignment=&#8220;center&#8220; onclick=&#8220;link_image&#8220; css_animation=&#8220;appear&#8220;][vc_column_text]<\/p>\n<p style=\"text-align: center;\"><strong>Putna Torba<\/strong><\/p>\n<p>[\/vc_column_text][vc_single_image image=&#8220;1891&#8243; img_size=&#8220;400&#215;400&#8243; alignment=&#8220;center&#8220; onclick=&#8220;link_image&#8220; css_animation=&#8220;appear&#8220;][vc_column_text]<\/p>\n<p style=\"text-align: center;\"><strong>Bo\u010dni Organizator<\/strong><\/p>\n<p>[\/vc_column_text][\/vc_column][vc_column width=&#8220;1\/6&#8243;][vc_single_image image=&#8220;3824&#8243; img_size=&#8220;400&#215;400&#8243; alignment=&#8220;center&#8220; onclick=&#8220;link_image&#8220; css_animation=&#8220;appear&#8220;][vc_column_text]<\/p>\n<p style=\"text-align: center;\"><strong>Patosnice<\/strong><\/p>\n<p>[\/vc_column_text][vc_single_image image=&#8220;3802&#8243; img_size=&#8220;400&#215;400&#8243; alignment=&#8220;center&#8220; onclick=&#8220;link_image&#8220; css_animation=&#8220;appear&#8220;][vc_column_text]<\/p>\n<p style=\"text-align: center;\"><strong>Torba za Kablove<\/strong><\/p>\n<p>[\/vc_column_text][\/vc_column][vc_column width=&#8220;1\/6&#8243;][vc_single_image image=&#8220;3797&#8243; img_size=&#8220;400&#215;400&#8243; alignment=&#8220;center&#8220; onclick=&#8220;link_image&#8220; css_animation=&#8220;appear&#8220;][vc_column_text]<\/p>\n<p style=\"text-align: center;\"><strong>Jastuk<\/strong><\/p>\n<p>[\/vc_column_text][vc_single_image image=&#8220;3830&#8243; img_size=&#8220;400&#215;400&#8243; alignment=&#8220;center&#8220; onclick=&#8220;link_image&#8220; css_animation=&#8220;appear&#8220;][vc_column_text]<\/p>\n<p style=\"text-align: center;\"><strong>Organizator za Zadnje Sedi\u0161te<\/strong><\/p>\n<p>[\/vc_column_text][\/vc_column][vc_column width=&#8220;1\/6&#8243;][vc_single_image image=&#8220;3796&#8243; img_size=&#8220;400&#215;400&#8243; alignment=&#8220;center&#8220; onclick=&#8220;link_image&#8220; css_animation=&#8220;appear&#8220;][vc_column_text]<\/p>\n<p style=\"text-align: center;\"><strong>Jastuk za Sedi\u0161te<\/strong><\/p>\n<p>[\/vc_column_text][vc_single_image image=&#8220;3801&#8243; img_size=&#8220;400&#215;400&#8243; alignment=&#8220;center&#8220; onclick=&#8220;link_image&#8220; css_animation=&#8220;appear&#8220;][vc_column_text]<\/p>\n<p style=\"text-align: center;\"><strong>\u0160titnik za Pojas<\/strong><\/p>\n<p>[\/vc_column_text][\/vc_column][vc_column width=&#8220;1\/6&#8243;][vc_single_image image=&#8220;3827&#8243; img_size=&#8220;400&#215;400&#8243; alignment=&#8220;center&#8220; onclick=&#8220;link_image&#8220; css_animation=&#8220;appear&#8220;][vc_column_text]<\/p>\n<p style=\"text-align: center;\"><strong>Neseser<\/strong><\/p>\n<p>[\/vc_column_text][vc_single_image image=&#8220;3826&#8243; img_size=&#8220;400&#215;400&#8243; alignment=&#8220;center&#8220; onclick=&#8220;link_image&#8220; css_animation=&#8220;appear&#8220;][vc_column_text]<\/p>\n<p style=\"text-align: center;\"><strong>Za\u0161titni Pokriva\u010d<\/strong><\/p>\n<p>[\/vc_column_text][\/vc_column][\/vc_row][vc_row][vc_column][vc_empty_space][\/vc_column][\/vc_row][vc_row][vc_column width=&#8220;1\/2&#8243;][vc_images_carousel images=&#8220;3975,4052,4000&#8243; img_size=&#8220;500&#215;500&#8243; mode=&#8220;vertical&#8220; speed=&#8220;2000&#8243; autoplay=&#8220;yes&#8220; wrap=&#8220;yes&#8220;][vc_images_carousel images=&#8220;3974,4025&#8243; img_size=&#8220;500&#215;500&#8243; mode=&#8220;vertical&#8220; speed=&#8220;2000&#8243; autoplay=&#8220;yes&#8220; wrap=&#8220;yes&#8220;][\/vc_column][vc_column width=&#8220;1\/2&#8243;][vc_empty_space][vc_column_text]<\/p>\n<h3><strong>Silver Cover<\/strong><\/h3>\n<p>[\/vc_column_text][vc_column_text]PVU materijal u luksuznoj srebrnoj boji. Preporu\u010duje se za spolja\u0161nje pokriva\u010de automobila jer je otporan na UV zra\u010denje, vodootporan i ima odli\u010dna svojstva protiv grebanja[\/vc_column_text][vc_empty_space][vc_empty_space][vc_empty_space][vc_empty_space][vc_empty_space][vc_column_text]<\/p>\n<h3><strong>Eco Cover<\/strong><\/h3>\n<p>[\/vc_column_text][vc_column_text]Ekolo\u0161ki prihvatljiva alternativa srebrnom jer ne sadr\u017ei PU. PVC materijal bez toksi\u010dnih supstanci koji se mo\u017ee koristiti kao spoljna obloga automobila. Otporan na UV zrake, vodootporan i visoko otporan na abraziju. Po\u0161to je bez rastvara\u010da, nema toksi\u010dnih nusproizvoda tokom proizvodnje materijala i smatra se odr\u017eivom verzijom PU materijala.[\/vc_column_text][\/vc_column][\/vc_row][vc_row][vc_column width=&#8220;1\/2&#8243;][vc_images_carousel images=&#8220;4014,4018,4012,4017,4013,4022,4021,4015&#8243; img_size=&#8220;500&#215;500&#8243; mode=&#8220;vertical&#8220; speed=&#8220;2000&#8243; autoplay=&#8220;yes&#8220; wrap=&#8220;yes&#8220;][\/vc_column][vc_column width=&#8220;1\/2&#8243;][vc_column_text]<\/p>\n<h3><strong>Ostali Aksesoari<\/strong><\/h3>\n<p>[\/vc_column_text][vc_column_text]Razni dodatni proizvodi su dostupni u <strong>Autostop-u<\/strong> koji koriste razli\u010dite materijale i dizajne za vozila. Kombinacija visokog kvaliteta materijala, kreativnosti i zanatskog umec\u0301a rezultira u jedinstvenim proizvodima za svaki ukus.[\/vc_column_text][\/vc_column][\/vc_row]<\/p>\n<\/div>","protected":false},"excerpt":{"rendered":"<p>[vc_section full_width=&#8220;stretch_row&#8220; el_id=&#8220;Subheader&#8220; el_class=&#8220;subheader-interiors slider&#8220;][vc_row][vc_column][\/vc_column][\/vc_row][\/vc_section][vc_row disable_element=&#8220;yes&#8220; css=&#8220;.vc_custom_1678110566964{margin-bottom: 30px !important;padding-top: 70px !important;}&#8220; el_class=&#8220;separator-triangle-up&#8220;][vc_column width=&#8220;1\/2&#8243;][vc_single_image image=&#8220;3828&#8243; img_size=&#8220;500&#215;300&#8243;][vc_column_text] Buster Sedi\u0161te [\/vc_column_text][\/vc_column][vc_column width=&#8220;1\/2&#8243;][vc_column_text] Autostop nudi razne proizvode kao dodatnu opremu,<span class=\"excerpt-hellip\"> [\u2026]<\/span><\/p>\n","protected":false},"author":3,"featured_media":0,"parent":0,"menu_order":0,"comment_status":"closed","ping_status":"closed","template":"","meta":{"inline_featured_image":false,"footnotes":""},"class_list":["post-462","page","type-page","status-publish","hentry"],"_links":{"self":[{"href":"https:\/\/autostopglobal.com\/sr\/wp-json\/wp\/v2\/pages\/462","targetHints":{"allow":["GET"]}}],"collection":[{"href":"https:\/\/autostopglobal.com\/sr\/wp-json\/wp\/v2\/pages"}],"about":[{"href":"https:\/\/autostopglobal.com\/sr\/wp-json\/wp\/v2\/types\/page"}],"author":[{"embeddable":true,"href":"https:\/\/autostopglobal.com\/sr\/wp-json\/wp\/v2\/users\/3"}],"replies":[{"embeddable":true,"href":"https:\/\/autostopglobal.com\/sr\/wp-json\/wp\/v2\/comments?post=462"}],"version-history":[{"count":81,"href":"https:\/\/autostopglobal.com\/sr\/wp-json\/wp\/v2\/pages\/462\/revisions"}],"predecessor-version":[{"id":4060,"href":"https:\/\/autostopglobal.com\/sr\/wp-json\/wp\/v2\/pages\/462\/revisions\/4060"}],"wp:attachment":[{"href":"https:\/\/autostopglobal.com\/sr\/wp-json\/wp\/v2\/media?parent=462"}],"curies":[{"name":"wp","href":"https:\/\/api.w.org\/{rel}","templated":true}]}}