{"id":452,"date":"2021-02-09T07:24:39","date_gmt":"2021-02-09T07:24:39","guid":{"rendered":"http:\/\/autostopglobal.com\/?page_id=452"},"modified":"2023-03-22T12:32:31","modified_gmt":"2023-03-22T12:32:31","slug":"materials","status":"publish","type":"page","link":"https:\/\/autostopglobal.com\/sr\/materials\/","title":{"rendered":"Materijali"},"content":{"rendered":"<div class=\"wpb-content-wrapper\"><p>[vc_section full_width=&#8220;stretch_row&#8220; el_id=&#8220;Subheader&#8220; el_class=&#8220;subheader-materials slider&#8220;][vc_row][vc_column]\n\t\t\t<!-- START Subheader  Materials SR REVOLUTION SLIDER 6.7.33 --><p class=\"rs-p-wp-fix\"><\/p>\n\t\t\t<rs-module-wrap id=\"rev_slider_71_3_wrapper\" data-source=\"gallery\" style=\"visibility:hidden;background:transparent;padding:0;margin:0px auto;margin-top:0;margin-bottom:0;\">\n\t\t\t\t<rs-module id=\"rev_slider_71_3\" style=\"\" data-version=\"6.7.33\">\n\t\t\t\t\t<rs-slides style=\"overflow: hidden; position: absolute;\">\n\t\t\t\t\t\t<rs-slide style=\"position: absolute;\" data-key=\"rs-199\" data-title=\"Slide\" data-thumb=\"\/\/autostopglobal.com\/wp-content\/uploads\/2021\/04\/pieces-of-leather-P68BMGB-scaled-50x100.jpg\" data-duration=\"2000ms\" data-anim=\"adpr:false;\" data-in=\"o:0;\" data-out=\"a:false;\">\n\t\t\t\t\t\t\t<img decoding=\"async\" src=\"\/\/autostopglobal.com\/wp-content\/plugins\/revslider\/sr6\/assets\/assets\/dummy.png\" alt=\"Pieces of leather\" width=\"2560\" height=\"990\" class=\"rev-slidebg tp-rs-img rs-lazyload\" data-lazyload=\"\/\/autostopglobal.com\/wp-content\/uploads\/2021\/04\/pieces-of-leather-P68BMGB-scaled.jpg\" data-parallax=\"off\" data-no-retina>\n<!--\n\t\t\t\t\t\t\t--><rs-layer\n\t\t\t\t\t\t\t\tid=\"slider-71-slide-199-layer-0\" \n\t\t\t\t\t\t\t\tclass=\"title\"\n\t\t\t\t\t\t\t\tdata-type=\"text\"\n\t\t\t\t\t\t\t\tdata-color=\"#ffffff\"\n\t\t\t\t\t\t\t\tdata-rsp_ch=\"on\"\n\t\t\t\t\t\t\t\tdata-xy=\"x:c;y:c;\"\n\t\t\t\t\t\t\t\tdata-text=\"w:normal;s:60;a:center;\"\n\t\t\t\t\t\t\t\tdata-frame_999=\"o:0;st:w;\"\n\t\t\t\t\t\t\t\tstyle=\"z-index:8;font-family:'Questrial';\"\n\t\t\t\t\t\t\t>Materijali \n\t\t\t\t\t\t\t<\/rs-layer><!--\n-->\t\t\t\t\t<\/rs-slide>\n\t\t\t\t\t\t<rs-slide style=\"position: absolute;\" data-key=\"rs-201\" data-title=\"Slide\" data-thumb=\"\/\/autostopglobal.com\/wp-content\/uploads\/2021\/05\/genuine-leather-on-the-dark-X957DFV-scaled-50x100.jpg\" data-duration=\"2000ms\" data-anim=\"adpr:false;\" data-in=\"o:0;\" data-out=\"a:false;\">\n\t\t\t\t\t\t\t<img decoding=\"async\" src=\"\/\/autostopglobal.com\/wp-content\/plugins\/revslider\/sr6\/assets\/assets\/dummy.png\" alt=\"\" title=\"Genuine leather on the dark.\" width=\"2560\" height=\"1707\" class=\"rev-slidebg tp-rs-img rs-lazyload\" data-lazyload=\"\/\/autostopglobal.com\/wp-content\/uploads\/2021\/05\/genuine-leather-on-the-dark-X957DFV-scaled.jpg\" data-bg=\"p:center bottom;\" data-parallax=\"off\" data-no-retina>\n<!--\n\t\t\t\t\t\t\t--><rs-layer\n\t\t\t\t\t\t\t\tid=\"slider-71-slide-201-layer-0\" \n\t\t\t\t\t\t\t\tclass=\"title\"\n\t\t\t\t\t\t\t\tdata-type=\"text\"\n\t\t\t\t\t\t\t\tdata-color=\"#ffffff\"\n\t\t\t\t\t\t\t\tdata-rsp_ch=\"on\"\n\t\t\t\t\t\t\t\tdata-xy=\"x:c;y:c;\"\n\t\t\t\t\t\t\t\tdata-text=\"w:normal;s:60;a:center;\"\n\t\t\t\t\t\t\t\tdata-frame_999=\"o:0;st:w;\"\n\t\t\t\t\t\t\t\tstyle=\"z-index:9;font-family:'Questrial';\"\n\t\t\t\t\t\t\t>Materijali \n\t\t\t\t\t\t\t<\/rs-layer><!--\n-->\t\t\t\t\t<\/rs-slide>\n\t\t\t\t\t\t<rs-slide style=\"position: absolute;\" data-key=\"rs-200\" data-title=\"Slide\" data-thumb=\"\/\/autostopglobal.com\/wp-content\/uploads\/2021\/04\/leather-TQGTL99-scaled-50x100.jpg\" data-duration=\"2000ms\" data-anim=\"adpr:false;\" data-in=\"o:0;\" data-out=\"a:false;\">\n\t\t\t\t\t\t\t<img decoding=\"async\" src=\"\/\/autostopglobal.com\/wp-content\/plugins\/revslider\/sr6\/assets\/assets\/dummy.png\" alt=\"Leather\" width=\"2560\" height=\"1707\" class=\"rev-slidebg tp-rs-img rs-lazyload\" data-lazyload=\"\/\/autostopglobal.com\/wp-content\/uploads\/2021\/04\/leather-TQGTL99-scaled.jpg\" data-bg=\"p:0% 85%;\" data-parallax=\"off\" data-no-retina>\n<!--\n\t\t\t\t\t\t\t--><rs-layer\n\t\t\t\t\t\t\t\tid=\"slider-71-slide-200-layer-0\" \n\t\t\t\t\t\t\t\tclass=\"title\"\n\t\t\t\t\t\t\t\tdata-type=\"text\"\n\t\t\t\t\t\t\t\tdata-color=\"#ffffff\"\n\t\t\t\t\t\t\t\tdata-rsp_ch=\"on\"\n\t\t\t\t\t\t\t\tdata-xy=\"x:c;y:c;\"\n\t\t\t\t\t\t\t\tdata-text=\"w:normal;s:60;a:center;\"\n\t\t\t\t\t\t\t\tdata-frame_999=\"o:0;st:w;\"\n\t\t\t\t\t\t\t\tstyle=\"z-index:9;font-family:'Questrial';\"\n\t\t\t\t\t\t\t>Materijali \n\t\t\t\t\t\t\t<\/rs-layer><!--\n-->\t\t\t\t\t<\/rs-slide>\n\t\t\t\t\t\t<rs-slide style=\"position: absolute;\" data-key=\"rs-202\" data-title=\"Slide\" data-thumb=\"\/\/autostopglobal.com\/wp-content\/uploads\/2021\/05\/surface-and-crease-of-leather-H84J6DU-scaled-50x100.jpg\" data-duration=\"2000ms\" data-anim=\"adpr:false;\" data-in=\"o:0;\" data-out=\"a:false;\">\n\t\t\t\t\t\t\t<img decoding=\"async\" src=\"\/\/autostopglobal.com\/wp-content\/plugins\/revslider\/sr6\/assets\/assets\/dummy.png\" alt=\"\" title=\"Surface and crease of leather.\" width=\"2560\" height=\"1707\" class=\"rev-slidebg tp-rs-img rs-lazyload\" data-lazyload=\"\/\/autostopglobal.com\/wp-content\/uploads\/2021\/05\/surface-and-crease-of-leather-H84J6DU-scaled.jpg\" data-parallax=\"off\" data-no-retina>\n<!--\n\t\t\t\t\t\t\t--><rs-layer\n\t\t\t\t\t\t\t\tid=\"slider-71-slide-202-layer-0\" \n\t\t\t\t\t\t\t\tclass=\"title\"\n\t\t\t\t\t\t\t\tdata-type=\"text\"\n\t\t\t\t\t\t\t\tdata-color=\"#ffffff\"\n\t\t\t\t\t\t\t\tdata-rsp_ch=\"on\"\n\t\t\t\t\t\t\t\tdata-xy=\"x:c;y:c;\"\n\t\t\t\t\t\t\t\tdata-text=\"w:normal;s:60;a:center;\"\n\t\t\t\t\t\t\t\tdata-frame_999=\"o:0;st:w;\"\n\t\t\t\t\t\t\t\tstyle=\"z-index:9;font-family:'Questrial';\"\n\t\t\t\t\t\t\t>Materijali \n\t\t\t\t\t\t\t<\/rs-layer><!--\n-->\t\t\t\t\t<\/rs-slide>\n\t\t\t\t\t\t<rs-slide style=\"position: absolute;\" data-key=\"rs-203\" data-title=\"Slide\" data-thumb=\"\/\/autostopglobal.com\/wp-content\/uploads\/2021\/04\/set-of-colorful-samples-of-fashion-genuine-leather-ERQH3CT-scaled-50x100.jpg\" data-duration=\"2000ms\" data-anim=\"adpr:false;\" data-in=\"o:0;\" data-out=\"a:false;\">\n\t\t\t\t\t\t\t<img decoding=\"async\" src=\"\/\/autostopglobal.com\/wp-content\/plugins\/revslider\/sr6\/assets\/assets\/dummy.png\" alt=\"Set of colorful samples of fashion genuine leather, modern industry concept. Texture pattern for background\" width=\"2560\" height=\"1707\" class=\"rev-slidebg tp-rs-img rs-lazyload\" data-lazyload=\"\/\/autostopglobal.com\/wp-content\/uploads\/2021\/04\/set-of-colorful-samples-of-fashion-genuine-leather-ERQH3CT-scaled.jpg\" data-parallax=\"off\" data-no-retina>\n<!--\n\t\t\t\t\t\t\t--><rs-layer\n\t\t\t\t\t\t\t\tid=\"slider-71-slide-203-layer-0\" \n\t\t\t\t\t\t\t\tclass=\"title\"\n\t\t\t\t\t\t\t\tdata-type=\"text\"\n\t\t\t\t\t\t\t\tdata-color=\"#ffffff\"\n\t\t\t\t\t\t\t\tdata-rsp_ch=\"on\"\n\t\t\t\t\t\t\t\tdata-xy=\"x:c;y:c;\"\n\t\t\t\t\t\t\t\tdata-text=\"w:normal;s:60;a:center;\"\n\t\t\t\t\t\t\t\tdata-frame_999=\"o:0;st:w;\"\n\t\t\t\t\t\t\t\tstyle=\"z-index:9;font-family:'Questrial';\"\n\t\t\t\t\t\t\t>Materijali \n\t\t\t\t\t\t\t<\/rs-layer><!--\n-->\t\t\t\t\t<\/rs-slide>\n\t\t\t\t\t\t<rs-slide style=\"position: absolute;\" data-key=\"rs-204\" data-title=\"Slide\" data-thumb=\"\/\/autostopglobal.com\/wp-content\/uploads\/2021\/05\/hides-scaled-50x100.jpg\" data-duration=\"2000ms\" data-anim=\"adpr:false;\" data-in=\"o:0;\" data-out=\"a:false;\">\n\t\t\t\t\t\t\t<img decoding=\"async\" src=\"\/\/autostopglobal.com\/wp-content\/plugins\/revslider\/sr6\/assets\/assets\/dummy.png\" alt=\"\" title=\"hides\" width=\"2466\" height=\"2560\" class=\"rev-slidebg tp-rs-img rs-lazyload\" data-lazyload=\"\/\/autostopglobal.com\/wp-content\/uploads\/2021\/05\/hides-scaled.jpg\" data-parallax=\"off\" data-no-retina>\n<!--\n\t\t\t\t\t\t\t--><rs-layer\n\t\t\t\t\t\t\t\tid=\"slider-71-slide-204-layer-0\" \n\t\t\t\t\t\t\t\tclass=\"title\"\n\t\t\t\t\t\t\t\tdata-type=\"text\"\n\t\t\t\t\t\t\t\tdata-color=\"#ffffff\"\n\t\t\t\t\t\t\t\tdata-rsp_ch=\"on\"\n\t\t\t\t\t\t\t\tdata-xy=\"x:c;y:c;\"\n\t\t\t\t\t\t\t\tdata-text=\"w:normal;s:60;a:center;\"\n\t\t\t\t\t\t\t\tdata-frame_999=\"o:0;st:w;\"\n\t\t\t\t\t\t\t\tstyle=\"z-index:9;font-family:'Questrial';\"\n\t\t\t\t\t\t\t>Materijali \n\t\t\t\t\t\t\t<\/rs-layer><!--\n-->\t\t\t\t\t<\/rs-slide>\n\t\t\t\t\t<\/rs-slides>\n\t\t\t\t<\/rs-module>\n\t\t\t\t<script>\n\t\t\t\t\tsetREVStartSize({c: 'rev_slider_71_3',rl:[1240,1024,778,480],el:[240],gw:[1240],gh:[240],type:'standard',justify:'',layout:'fullwidth',mh:\"0\"});if (window.RS_MODULES!==undefined && window.RS_MODULES.modules!==undefined && window.RS_MODULES.modules[\"revslider713\"]!==undefined) {window.RS_MODULES.modules[\"revslider713\"].once = false;window.revapi71 = undefined;if (window.RS_MODULES.checkMinimal!==undefined) window.RS_MODULES.checkMinimal()}\n\t\t\t\t<\/script>\n\t\t\t<\/rs-module-wrap>\n\t\t\t<!-- END REVOLUTION SLIDER -->\n[\/vc_column][\/vc_row][\/vc_section][vc_row disable_element=&#8220;yes&#8220; css=&#8220;.vc_custom_1678968845015{margin-bottom: 30px !important;padding-top: 70px !important;}&#8220; el_class=&#8220;separator-triangle-up&#8220;][vc_column width=&#8220;1\/2&#8243;][vc_single_image image=&#8220;751&#8243; img_size=&#8220;500X300&#8243; onclick=&#8220;link_image&#8220;][\/vc_column][vc_column width=&#8220;1\/2&#8243;][vc_column_text]<\/p>\n<p style=\"text-align: justify;\">Autostop je proizvo\u0111a\u010d sinteti\u010dke ko\u017ee \u010diji je glavni cilj automobilska, medicinska, industrija name\u0161taja, vazduhoplovna i transportna industrija.<\/p>\n<ul>\n<li style=\"text-align: justify;\"><strong><span style=\"color: #000000;\">Paleta proizvoda uklju\u010duje PVC, PU, Nubuck, Bio i obnovljive, i druge materijale.<\/span><\/strong><\/li>\n<li style=\"text-align: justify;\"><strong><span style=\"color: #000000;\">Kompanija se zala\u017ee za razvoj i proizvodnju materijala visokog kvaliteta i strogih specifikacija<\/span><\/strong><\/li>\n<li style=\"text-align: justify;\"><strong><span style=\"color: #000000;\">Istra\u017eiva\u010dki i dizajnerski tim posvec\u0301en je ponudi inovativnih, ekolo\u0161kih i oblo\u017eenih tkanina visokih performansi.<\/span><\/strong><\/li>\n<\/ul>\n<p style=\"text-align: justify;\">Tim je specijalizovan za oblast sinteti\u010dke ko\u017ee sa najsavremenijim ma\u0161inama za proizvodnju i sistemom kontrole kvaliteta. Sertifikovana laboratorija kompanije zadu\u017eena je za kontrolu kvaliteta serijskih proizvoda i materijala u razvoju, osiguravajuc\u0301i prvoklasni kvalitet i usagla\u0161enost sa specifikacijama.<\/p>\n<p>[\/vc_column_text][\/vc_column][\/vc_row][vc_row][vc_column][vc_empty_space][vc_column_text]<\/p>\n<p style=\"text-align: justify;\">Autostop je proizvo\u0111a\u010d sinteti\u010dke ko\u017ee \u010diji je glavni cilj automobilska, medicinska, industrija name\u0161taja, vazduhoplovna i transportna industrija. <span style=\"color: #000000;\">Paleta proizvoda uklju\u010duje PVC, PU, Nubuck, Bio i obnovljive, i druge materijale. <\/span><span style=\"color: #000000;\">Kompanija se zala\u017ee za razvoj i proizvodnju materijala visokog kvaliteta i strogih specifikacija <\/span><span style=\"color: #000000;\">Istra\u017eiva\u010dki i dizajnerski tim posvec\u0301en je ponudi inovativnih, ekolo\u0161kih i oblo\u017eenih tkanina visokih performansi. <\/span>Tim je specijalizovan za oblast sinteti\u010dke ko\u017ee sa najsavremenijim ma\u0161inama za proizvodnju i sistemom kontrole kvaliteta. Sertifikovana laboratorija kompanije zadu\u017eena je za kontrolu kvaliteta serijskih proizvoda i materijala u razvoju, osiguravajuc\u0301i prvoklasni kvalitet i usagla\u0161enost sa specifikacijama.<\/p>\n<p>[\/vc_column_text][\/vc_column][\/vc_row][vc_row el_class=&#8220;mobile-x3-columns&#8220;][vc_column width=&#8220;1\/6&#8243;][vc_single_image image=&#8220;1825&#8243; img_size=&#8220;400&#215;400&#8243; onclick=&#8220;link_image&#8220; css_animation=&#8220;appear&#8220;][vc_single_image image=&#8220;742&#8243; img_size=&#8220;400&#215;400&#8243; onclick=&#8220;link_image&#8220; css_animation=&#8220;appear&#8220;][\/vc_column][vc_column width=&#8220;1\/6&#8243;][vc_single_image image=&#8220;1727&#8243; img_size=&#8220;400&#215;400&#8243; onclick=&#8220;link_image&#8220; css_animation=&#8220;appear&#8220;][vc_single_image image=&#8220;310&#8243; img_size=&#8220;400&#215;400&#8243; onclick=&#8220;link_image&#8220; css_animation=&#8220;appear&#8220;][\/vc_column][vc_column width=&#8220;1\/6&#8243;][vc_single_image image=&#8220;741&#8243; img_size=&#8220;400&#215;400&#8243; onclick=&#8220;link_image&#8220; css_animation=&#8220;appear&#8220;][vc_single_image image=&#8220;1729&#8243; img_size=&#8220;400&#215;400&#8243; onclick=&#8220;link_image&#8220; css_animation=&#8220;appear&#8220;][\/vc_column][vc_column width=&#8220;1\/6&#8243;][vc_single_image image=&#8220;2059&#8243; img_size=&#8220;400&#215;400&#8243; onclick=&#8220;link_image&#8220; css_animation=&#8220;appear&#8220;][vc_single_image image=&#8220;1734&#8243; img_size=&#8220;400&#215;400&#8243; onclick=&#8220;link_image&#8220; css_animation=&#8220;appear&#8220;][\/vc_column][vc_column width=&#8220;1\/6&#8243;][vc_single_image image=&#8220;853&#8243; img_size=&#8220;400&#215;400&#8243; onclick=&#8220;link_image&#8220; css_animation=&#8220;appear&#8220;][vc_single_image image=&#8220;1731&#8243; img_size=&#8220;400&#215;400&#8243; onclick=&#8220;link_image&#8220; css_animation=&#8220;appear&#8220;][\/vc_column][vc_column width=&#8220;1\/6&#8243;][vc_single_image image=&#8220;747&#8243; img_size=&#8220;400&#215;400&#8243; onclick=&#8220;link_image&#8220; css_animation=&#8220;appear&#8220;][vc_single_image image=&#8220;1735&#8243; img_size=&#8220;400&#215;400&#8243; onclick=&#8220;link_image&#8220; css_animation=&#8220;appear&#8220;][\/vc_column][\/vc_row][vc_row][vc_column][vc_empty_space][vc_column_text]<\/p>\n<h3 style=\"text-align: center;\"><strong>SkyLeather<\/strong><\/h3>\n<p>[\/vc_column_text][vc_column_text]<\/p>\n<p style=\"text-align: justify;\">Posebno razvijen za vazduhoplovnu industriju,\u00a0<span style=\"color: #0000ff;\"><a style=\"color: #0000ff;\" href=\"https:\/\/www.skyleather.com\/\">SkyLeather\u00ae<\/a><\/span> je revolucionarni materijal koji podi\u017ee unutra\u0161njost kabine i udobnost sedenja. Lagan i izdr\u017eljiv, poma\u017ee u smanjenju tro\u0161kova goriva i uticaja na \u017eivotnu sredinu. Genijalna alternativa rekonstruisanoj i pravoj ko\u017ei. Ovaj inovativni materijal nudi prednosti u odr\u017eavanju sedi\u0161ta u avionu i tako\u0111e se isti\u010de u pogledu dobrobiti putnika.<\/p>\n<p>[\/vc_column_text][\/vc_column][\/vc_row][vc_row][vc_column width=&#8220;1\/2&#8243;][vc_single_image image=&#8220;4147&#8243; img_size=&#8220;500&#215;200&#8243;][\/vc_column][vc_column width=&#8220;1\/2&#8243;][vc_single_image image=&#8220;4150&#8243; img_size=&#8220;500&#215;200&#8243; alignment=&#8220;right&#8220;][\/vc_column][\/vc_row][vc_row][vc_column width=&#8220;1\/4&#8243;][vc_single_image image=&#8220;4148&#8243; img_size=&#8220;500&#215;500&#8243;][\/vc_column][vc_column width=&#8220;1\/4&#8243;][vc_single_image image=&#8220;4151&#8243; img_size=&#8220;500&#215;500&#8243;][\/vc_column][vc_column width=&#8220;1\/4&#8243;][vc_single_image image=&#8220;4152&#8243; img_size=&#8220;500&#215;500&#8243;][\/vc_column][vc_column width=&#8220;1\/4&#8243;][vc_single_image image=&#8220;4153&#8243; img_size=&#8220;500&#215;500&#8243;][\/vc_column][\/vc_row][vc_row][vc_column][vc_empty_space][vc_column_text]<\/p>\n<h3 style=\"text-align: center;\"><strong>Istra\u017eivanje i Razvoj<\/strong><\/h3>\n<p>[\/vc_column_text][vc_column_text]<\/p>\n<p style=\"text-align: justify;\">Laboratorija <strong>Autostop-a<\/strong> za istra\u017eivanje i razvoj materijala posvec\u0301ena je filozofiji razumevanja potreba kupaca i nudi inovativna i odr\u017eiva re\u0161enja i ideje. <span style=\"color: #000000;\">Tim kontinuirano tra\u017ei na\u010dine za pobolj\u0161anje proizvoda pratec\u0301i stroge standarde i zahteve. <\/span><span style=\"color: #000000;\">Oblo\u017eene tkanine poput PVC-a, PU-a, alkantare, antilopa i silikonske ko\u017ee su razvijene i mogu se dodatno poja\u010dati dodatnim svojstvima kao \u0161to su usporavanje plamena, za\u0161tita za lako \u010di\u0161\u0107enje, za\u0161tita od mikroba i specijalni zavr\u0161ni slojevi. <\/span><span style=\"color: #000000;\">Dodatne specifikacije mogu biti mast i ulje, teksas, IR, UV, sol i hlor, vodootpornost i mnoge druge.<\/span><\/p>\n<p>[\/vc_column_text][\/vc_column][\/vc_row][vc_row][vc_column width=&#8220;1\/2&#8243;][vc_single_image image=&#8220;759&#8243; img_size=&#8220;500&#215;300&#8243;][\/vc_column][vc_column width=&#8220;1\/2&#8243;][vc_single_image image=&#8220;914&#8243; img_size=&#8220;500&#215;300&#8243; alignment=&#8220;right&#8220;][\/vc_column][\/vc_row][vc_row][vc_column][vc_empty_space][vc_column_text]<\/p>\n<h3 style=\"text-align: center;\"><strong>Primena Materijala<\/strong><\/h3>\n<p>[\/vc_column_text][vc_column_text]<\/p>\n<p style=\"text-align: justify;\"><strong>Autostop<\/strong> nudi \u0161iroku paletu materijala od sinteti\u010dke ko\u017ee za bilo koju moguc\u0301u primenu: Automobilsku industriju, Transportnu industriju, Plovila, Sedla za kamione i motore, Industriju name\u0161taja, Medicinsku, Torbe i cipele, sinteti\u010dku ko\u017eu, Odec\u0301u i kabanice, Presvlake, Industrijske materijale, Materijale za spolja\u0161nju upotrebu.<\/p>\n<p>[\/vc_column_text][\/vc_column][\/vc_row][vc_row][vc_column width=&#8220;1\/2&#8243;][vc_single_image image=&#8220;752&#8243; img_size=&#8220;500&#215;300&#8243;][\/vc_column][vc_column width=&#8220;1\/2&#8243;][vc_single_image image=&#8220;1714&#8243; img_size=&#8220;500&#215;300&#8243; alignment=&#8220;right&#8220;][\/vc_column][\/vc_row][vc_row][vc_column width=&#8220;1\/6&#8243;][vc_single_image image=&#8220;743&#8243; img_size=&#8220;500&#215;500&#8243;][\/vc_column][vc_column width=&#8220;1\/6&#8243;][vc_single_image image=&#8220;1719&#8243; img_size=&#8220;500&#215;500&#8243;][\/vc_column][vc_column width=&#8220;1\/6&#8243;][vc_single_image image=&#8220;740&#8243; img_size=&#8220;500&#215;500&#8243;][\/vc_column][vc_column width=&#8220;1\/6&#8243;][vc_single_image image=&#8220;884&#8243; img_size=&#8220;500&#215;500&#8243;][\/vc_column][vc_column width=&#8220;1\/6&#8243;][vc_single_image image=&#8220;1718&#8243; img_size=&#8220;500&#215;500&#8243;][\/vc_column][vc_column width=&#8220;1\/6&#8243;][vc_single_image image=&#8220;1716&#8243; img_size=&#8220;500&#215;500&#8243;][\/vc_column][\/vc_row][vc_row][vc_column][vc_empty_space][vc_column_text]<\/p>\n<h3 style=\"text-align: center;\"><strong>Pu Proizvodnja Pene<\/strong><\/h3>\n<p>[\/vc_column_text][vc_column_text]<\/p>\n<p style=\"text-align: justify;\">Proizvodnja pene mo\u017ee rezultirati mnogim vrstama finalnih proizvoda sa razli\u010ditim opcijama u: gustini, tvrdoc\u0301i, boji, zapaljivosti, veli\u010dini c\u0301elije pene, itd.<br \/>\nOvi materijali se mogu koristiti za sledec\u0301e industrije: automobilsku (presvlake za sedi\u0161ta, paneli vrata, nasloni za ruke, itd.), name\u0161taj i vazduhoplovstvo, ali kompanija mo\u017ee da proizvodi i tehni\u010dke pene (npr. akusti\u010dna izolacija, izolacija od udara itd.). Postupak proizvodnje pene uklju\u010duje: f<span style=\"color: #000000;\">ormulacija, m<\/span><span style=\"color: #000000;\">e\u0161anje sirovina, p<\/span><span style=\"color: #000000;\">relivanje blokova plo\u010da, r<\/span><span style=\"color: #000000;\">ezanje pene na potrebnu debljinu, <\/span><span style=\"color: #000000;\">3D se\u010denje.<\/span><\/p>\n<p>[\/vc_column_text][\/vc_column][\/vc_row][vc_row][vc_column width=&#8220;1\/2&#8243;][vc_single_image image=&#8220;3529&#8243; img_size=&#8220;500&#215;300&#8243;][\/vc_column][vc_column width=&#8220;1\/2&#8243;][vc_single_image image=&#8220;3541&#8243; img_size=&#8220;500&#215;300&#8243; alignment=&#8220;right&#8220;][\/vc_column][\/vc_row][vc_row][vc_column][vc_empty_space][vc_column_text]<\/p>\n<h3 style=\"text-align: center;\"><strong>Laminacija<\/strong><\/h3>\n<p>[\/vc_column_text][vc_column_text]<\/p>\n<p style=\"text-align: justify;\"><strong>Autostop <\/strong>nudi \u0161irok spektar opcija laminiranja na razli\u010dite vrste materijala, kao \u0161to su: k<span style=\"color: #000000;\">o\u017ea, v<\/span><span style=\"color: #000000;\">e\u0161ta\u010dka ko\u017ea (PVC, PU), t<\/span><span style=\"color: #000000;\">kanine (tkanine), p<\/span><span style=\"color: #000000;\">letene tkanine, p<\/span><span style=\"color: #000000;\">ene i sun\u0111eri, m<\/span><span style=\"color: #000000;\">embrane i filmovi. <\/span>Ovi materijali se mogu laminirati lepkom u prahu, mokrim lepkom i plamenom laminacijom. Klju\u010dne karakteristike dobre laminacije su: sila raslojavanja, otpornost laminacije na temperaturu, itd.<\/p>\n<p>[\/vc_column_text][\/vc_column][\/vc_row][vc_row][vc_column width=&#8220;1\/2&#8243;][vc_single_image image=&#8220;3451&#8243; img_size=&#8220;500&#215;300&#8243;][\/vc_column][vc_column width=&#8220;1\/2&#8243;][vc_single_image image=&#8220;3542&#8243; img_size=&#8220;500&#215;300&#8243; alignment=&#8220;right&#8220;][\/vc_column][\/vc_row][vc_row][vc_column][vc_empty_space][vc_column_text]<\/p>\n<h3 style=\"text-align: center;\"><strong>Bio i Obnovljivi Materijali<\/strong><\/h3>\n<p>[\/vc_column_text][vc_column_text]<\/p>\n<p style=\"text-align: justify;\">Laboratorije za istra\u017eivanje i razvoj materijala kompanije gledaju u buduc\u0301nost. Materijali na biobaziranim i obnovljivim ugljenicima dizajnirani su uz pomoc\u0301 najsavremenijih tehnologija i stru\u010dnosti: ve\u0161ta\u010dka ko\u017ea na biolo\u0161koj bazi, obnovljivi materijali na bazi ugljenika, ve\u0161ta\u010dka ko\u017ea od reciklirane sirovine.<\/p>\n<p>[\/vc_column_text][\/vc_column][\/vc_row][vc_row][vc_column width=&#8220;1\/6&#8243;][vc_single_image image=&#8220;2050&#8243; img_size=&#8220;400&#215;400&#8243;][\/vc_column][vc_column width=&#8220;1\/6&#8243;][vc_single_image image=&#8220;2051&#8243; img_size=&#8220;400&#215;400&#8243;][\/vc_column][vc_column width=&#8220;1\/6&#8243;][vc_single_image image=&#8220;2061&#8243; img_size=&#8220;400&#215;400&#8243;][\/vc_column][vc_column width=&#8220;1\/6&#8243;][vc_single_image image=&#8220;2052&#8243; img_size=&#8220;400&#215;400&#8243;][\/vc_column][vc_column width=&#8220;1\/6&#8243;][vc_single_image image=&#8220;2054&#8243; img_size=&#8220;400&#215;400&#8243;][\/vc_column][vc_column width=&#8220;1\/6&#8243;][vc_single_image image=&#8220;2062&#8243; img_size=&#8220;400&#215;400&#8243;][\/vc_column][\/vc_row]<\/p>\n<\/div>","protected":false},"excerpt":{"rendered":"<p>[vc_section full_width=&#8220;stretch_row&#8220; el_id=&#8220;Subheader&#8220; el_class=&#8220;subheader-materials slider&#8220;][vc_row][vc_column][\/vc_column][\/vc_row][\/vc_section][vc_row disable_element=&#8220;yes&#8220; css=&#8220;.vc_custom_1678968845015{margin-bottom: 30px !important;padding-top: 70px !important;}&#8220; el_class=&#8220;separator-triangle-up&#8220;][vc_column width=&#8220;1\/2&#8243;][vc_single_image image=&#8220;751&#8243; img_size=&#8220;500X300&#8243; onclick=&#8220;link_image&#8220;][\/vc_column][vc_column width=&#8220;1\/2&#8243;][vc_column_text] Autostop je proizvo\u0111a\u010d sinteti\u010dke ko\u017ee \u010diji je glavni cilj<span class=\"excerpt-hellip\"> [\u2026]<\/span><\/p>\n","protected":false},"author":3,"featured_media":0,"parent":0,"menu_order":0,"comment_status":"closed","ping_status":"closed","template":"","meta":{"inline_featured_image":false,"footnotes":""},"class_list":["post-452","page","type-page","status-publish","hentry"],"_links":{"self":[{"href":"https:\/\/autostopglobal.com\/sr\/wp-json\/wp\/v2\/pages\/452","targetHints":{"allow":["GET"]}}],"collection":[{"href":"https:\/\/autostopglobal.com\/sr\/wp-json\/wp\/v2\/pages"}],"about":[{"href":"https:\/\/autostopglobal.com\/sr\/wp-json\/wp\/v2\/types\/page"}],"author":[{"embeddable":true,"href":"https:\/\/autostopglobal.com\/sr\/wp-json\/wp\/v2\/users\/3"}],"replies":[{"embeddable":true,"href":"https:\/\/autostopglobal.com\/sr\/wp-json\/wp\/v2\/comments?post=452"}],"version-history":[{"count":54,"href":"https:\/\/autostopglobal.com\/sr\/wp-json\/wp\/v2\/pages\/452\/revisions"}],"predecessor-version":[{"id":4251,"href":"https:\/\/autostopglobal.com\/sr\/wp-json\/wp\/v2\/pages\/452\/revisions\/4251"}],"wp:attachment":[{"href":"https:\/\/autostopglobal.com\/sr\/wp-json\/wp\/v2\/media?parent=452"}],"curies":[{"name":"wp","href":"https:\/\/api.w.org\/{rel}","templated":true}]}}