{"id":28,"date":"2019-10-28T11:35:24","date_gmt":"2019-10-28T11:35:24","guid":{"rendered":"http:\/\/autostopglobal.com\/?page_id=28"},"modified":"2024-01-11T11:20:00","modified_gmt":"2024-01-11T11:20:00","slug":"profile","status":"publish","type":"page","link":"https:\/\/autostopglobal.com\/sr\/profile\/","title":{"rendered":"Profil"},"content":{"rendered":"<div class=\"wpb-content-wrapper\"><p>[vc_row][vc_column][vc_column_text][\/vc_column_text][\/vc_column][\/vc_row][vc_section full_width=&#8220;stretch_row&#8220; parallax=&#8220;content-moving&#8220; parallax_speed_bg=&#8220;2&#8243; el_id=&#8220;Subheader&#8220; el_class=&#8220;subheader-none slider&#8220;][vc_row][vc_column]\n\t\t\t<!-- START Subheader  Profile SR REVOLUTION SLIDER 6.7.33 --><p class=\"rs-p-wp-fix\"><\/p>\n\t\t\t<rs-module-wrap id=\"rev_slider_103_3_wrapper\" data-source=\"gallery\" style=\"visibility:hidden;background:transparent;padding:0;margin:0px auto;margin-top:0;margin-bottom:0;\">\n\t\t\t\t<rs-module id=\"rev_slider_103_3\" style=\"\" data-version=\"6.7.33\">\n\t\t\t\t\t<rs-slides style=\"overflow: hidden; position: absolute;\">\n\t\t\t\t\t\t<rs-slide style=\"position: absolute;\" data-key=\"rs-251\" data-title=\"Slide\" data-anim=\"adpr:false;\" data-in=\"o:0;\" data-out=\"a:false;\">\n\t\t\t\t\t\t\t<img decoding=\"async\" src=\"\/\/autostopglobal.com\/wp-content\/plugins\/revslider\/sr6\/assets\/assets\/dummy.png\" alt=\"\" title=\"profileee\" width=\"1592\" height=\"565\" class=\"rev-slidebg tp-rs-img rs-lazyload\" data-lazyload=\"\/\/autostopglobal.com\/wp-content\/uploads\/2021\/05\/profileee.jpg\" data-parallax=\"off\" data-no-retina>\n<!--\n\t\t\t\t\t\t\t--><rs-layer\n\t\t\t\t\t\t\t\tid=\"slider-103-slide-251-layer-0\" \n\t\t\t\t\t\t\t\tclass=\"title\"\n\t\t\t\t\t\t\t\tdata-type=\"text\"\n\t\t\t\t\t\t\t\tdata-color=\"#0c0c0c\"\n\t\t\t\t\t\t\t\tdata-rsp_ch=\"on\"\n\t\t\t\t\t\t\t\tdata-xy=\"x:c;y:c;\"\n\t\t\t\t\t\t\t\tdata-text=\"w:normal;s:60;a:center;\"\n\t\t\t\t\t\t\t\tdata-frame_999=\"o:0;st:w;\"\n\t\t\t\t\t\t\t\tstyle=\"z-index:9;font-family:'Questrial';\"\n\t\t\t\t\t\t\t>Profil \n\t\t\t\t\t\t\t<\/rs-layer><!--\n\n\t\t\t\t\t\t\t--><rs-layer\n\t\t\t\t\t\t\t\tid=\"slider-103-slide-251-layer-1\" \n\t\t\t\t\t\t\t\tdata-type=\"image\"\n\t\t\t\t\t\t\t\tdata-rsp_ch=\"on\"\n\t\t\t\t\t\t\t\tdata-xy=\"x:-380px;y:-235px;\"\n\t\t\t\t\t\t\t\tdata-text=\"w:normal;\"\n\t\t\t\t\t\t\t\tdata-dim=\"w:2227px;h:790px;\"\n\t\t\t\t\t\t\t\tdata-frame_999=\"o:0;st:w;\"\n\t\t\t\t\t\t\t\tstyle=\"z-index:8;\"\n\t\t\t\t\t\t\t><img decoding=\"async\" src=\"\/\/autostopglobal.com\/wp-content\/plugins\/revslider\/sr6\/assets\/assets\/dummy.png\" alt=\"\" class=\"tp-rs-img rs-lazyload\" width=\"1592\" height=\"565\" data-lazyload=\"\/\/autostopglobal.com\/wp-content\/uploads\/2021\/05\/profileee.jpg\" data-no-retina> \n\t\t\t\t\t\t\t<\/rs-layer><!--\n-->\t\t\t\t\t<\/rs-slide>\n\t\t\t\t\t<\/rs-slides>\n\t\t\t\t<\/rs-module>\n\t\t\t\t<script>\n\t\t\t\t\tsetREVStartSize({c: 'rev_slider_103_3',rl:[1240,1024,778,480],el:[240],gw:[1240],gh:[240],type:'standard',justify:'',layout:'fullwidth',mh:\"0\"});if (window.RS_MODULES!==undefined && window.RS_MODULES.modules!==undefined && window.RS_MODULES.modules[\"revslider1033\"]!==undefined) {window.RS_MODULES.modules[\"revslider1033\"].once = false;window.revapi103 = undefined;if (window.RS_MODULES.checkMinimal!==undefined) window.RS_MODULES.checkMinimal()}\n\t\t\t\t<\/script>\n\t\t\t<\/rs-module-wrap>\n\t\t\t<!-- END REVOLUTION SLIDER -->\n[\/vc_column][\/vc_row][vc_row disable_element=&#8220;yes&#8220;][vc_column][vc_custom_heading text=&#8220;Profile&#8220; font_container=&#8220;tag:h1|text_align:center|color:%23000000&#8243; google_fonts=&#8220;font_family:Questrial%3Aregular|font_style:400%20regular%3A400%3Anormal&#8220; css=&#8220;.vc_custom_1620306065092{margin-bottom: 30px !important;}&#8220; el_class=&#8220;title&#8220;][\/vc_column][\/vc_row][\/vc_section][vc_row equal_height=&#8220;yes&#8220; content_placement=&#8220;bottom&#8220; css=&#8220;.vc_custom_1608160976045{margin-bottom: 30px !important;padding-top: 70px !important;}&#8220; el_class=&#8220;separator-triangle-up&#8220;][vc_column][vc_custom_heading text=&#8220;AUTOSTOP GRUPA PREDUZEC\u0301A&#8220; font_container=&#8220;tag:h1|text_align:center&#8220; google_fonts=&#8220;font_family:Questrial%3Aregular|font_style:400%20regular%3A400%3Anormal&#8220; css=&#8220;.vc_custom_1626861370572{margin-bottom: 30px !important;}&#8220;][vc_column_text]<\/p>\n<p style=\"text-align: justify;\">AUTOSTOP GLOBAL je grupa kompanija koje su lideri na tr\u017ei\u0161tu u dizajniranju, razvoju, inovacijama i proizvodnji delova za enterijer i materijala prvenstveno za automobilsku, vazduhoplovnu i transportnu industriju u Evropi.<\/p>\n<p style=\"text-align: justify;\">Grupa se koncentri\u0161e na pru\u017eanje najkvalitetnijih proizvoda i usluga uvek uzimajuc\u0301i u obzir savremene zahteve, ali i dru\u0161tvene i ekolo\u0161ke odgovornosti.<\/p>\n<p style=\"text-align: justify;\">Vertikalno integrisana, strukturisana od idejnog dizajna do finalnog proizvoda koji uklju\u010duje proizvodnju svojih osnovnih materijala, svojim kupcima nudi kompletno re\u0161enje.<\/p>\n<p>[\/vc_column_text][vc_empty_space][\/vc_column][\/vc_row][vc_row equal_height=&#8220;yes&#8220; content_placement=&#8220;bottom&#8220; disable_element=&#8220;yes&#8220; css=&#8220;.vc_custom_1622464465556{margin-bottom: 30px !important;padding-top: 70px !important;}&#8220; el_class=&#8220;separator-triangle-up&#8220;][vc_column width=&#8220;1\/12&#8243;][\/vc_column][vc_column width=&#8220;5\/6&#8243;][vc_custom_heading text=&#8220;AUTOSTOP GROUP of COMPANIES&#8220; font_container=&#8220;tag:h1|text_align:center&#8220; google_fonts=&#8220;font_family:Questrial%3Aregular|font_style:400%20regular%3A400%3Anormal&#8220; css=&#8220;.vc_custom_1622463910205{margin-bottom: 30px !important;}&#8220;][vc_column_text]<\/p>\n<p style=\"text-align: justify;\">AUTOSTOP GLOBAL is comprised of a group of companies that are market leaders in the design, development, innovation, and manufacturing of interior parts and materials primarily for the Automotive, Aviation, and Transportation industries in Europe. \u00a0The group concentrates all its efforts towards offering the highest quality products and services by always taking into consideration modern demands but also social and environmental responsibilities.\u00a0 With a vertically-integrated structure from conceptual design to a final product that includes the production of its basic materials, it offers its customers a complete solution.<\/p>\n<p>[\/vc_column_text][vc_empty_space][\/vc_column][vc_column width=&#8220;1\/12&#8243;][\/vc_column][\/vc_row][vc_row][vc_column width=&#8220;1\/2&#8243;][vc_single_image image=&#8220;4324&#8243; img_size=&#8220;medium&#8220; alignment=&#8220;center&#8220;][vc_empty_space el_class=&#8220;hide-mobile&#8220;][\/vc_column][vc_column width=&#8220;1\/2&#8243;][vc_column_text]<\/p>\n<p style=\"text-align: justify;\"><strong>Autostop Interiors Doo<\/strong> se fokusira na razvoj i proizvodnju svih vrsta enterijera vozila, uklju\u010dujuc\u0301i presvlake za sedi\u0161ta, obloge za vrata, naslone za ruke, kontrolne table, volane i druge IP proizvode.<\/p>\n<p>[\/vc_column_text][\/vc_column][\/vc_row][vc_row][vc_column width=&#8220;1\/2&#8243;][vc_single_image image=&#8220;4325&#8243; img_size=&#8220;medium&#8220; alignment=&#8220;center&#8220;][vc_empty_space el_class=&#8220;hide-mobile&#8220;][\/vc_column][vc_column width=&#8220;1\/2&#8243;][vc_column_text]<\/p>\n<p style=\"text-align: justify;\"><strong>Autostop Floormats Doo<\/strong> koristec\u0301i \u0161iroku paletu materijala za tepihe, boje i stilske dizajne, proizvodi sve vrste patosnica za vozila.<\/p>\n<p>[\/vc_column_text][\/vc_column][\/vc_row][vc_row][vc_column width=&#8220;1\/2&#8243;][vc_single_image image=&#8220;4326&#8243; img_size=&#8220;medium&#8220; alignment=&#8220;center&#8220;][vc_empty_space el_class=&#8220;hide-mobile&#8220;][\/vc_column][vc_column width=&#8220;1\/2&#8243;][vc_column_text]<\/p>\n<p style=\"text-align: justify;\"><strong>Autostop Aviation Doo<\/strong> donosi automobilske standarde u vazduhoplovstvo. Nudi sve aktivnosti za dizajn i proizvodnju navlaka za sedi\u0161ta za avione.<\/p>\n<p>[\/vc_column_text][\/vc_column][\/vc_row][vc_row][vc_column width=&#8220;1\/2&#8243;][vc_single_image image=&#8220;4327&#8243; img_size=&#8220;medium&#8220; alignment=&#8220;center&#8220;][vc_empty_space el_class=&#8220;hide-mobile&#8220;][\/vc_column][vc_column width=&#8220;1\/2&#8243;][vc_column_text]<\/p>\n<p style=\"text-align: justify;\"><strong>Autostop Materials<\/strong> razvija, testira i proizvodi alternativne materijale za ko\u017eu, kao \u0161to su PVC i PU za vi\u0161e industrija. Tako\u0111e proizvodi sopstvenu PU penu koja se mo\u017ee laminirati na bilo koju vrstu materijala koristec\u0301i najsavremenije ma\u0161ine.<\/p>\n<p>[\/vc_column_text][\/vc_column][\/vc_row][vc_row][vc_column width=&#8220;1\/2&#8243;][vc_single_image image=&#8220;4104&#8243; img_size=&#8220;300&#215;80&#8243; alignment=&#8220;center&#8220;][vc_empty_space el_class=&#8220;hide-mobile&#8220;][\/vc_column][vc_column width=&#8220;1\/2&#8243;][vc_column_text]<\/p>\n<p style=\"text-align: justify;\"><strong>XSense Design<\/strong> dizajnira, razvija i testira nove proizvode za industriju automobila, vazduhoplovstva, name\u0161taja i mode.<\/p>\n<p>[\/vc_column_text][\/vc_column][\/vc_row][vc_section full_width=&#8220;stretch_row_content&#8220; css=&#8220;.vc_custom_1608163058745{background-color: #f4f5f7 !important;}&#8220;][vc_row][vc_column][vc_empty_space height=&#8220;15px&#8220;][\/vc_column][\/vc_row][vc_row][vc_column width=&#8220;1\/2&#8243;][vc_single_image image=&#8220;2036&#8243; img_size=&#8220;600X300&#8243; alignment=&#8220;center&#8220; css_animation=&#8220;appear&#8220;][\/vc_column][vc_column width=&#8220;1\/2&#8243;][vc_single_image image=&#8220;1008&#8243; img_size=&#8220;600X300&#8243; alignment=&#8220;center&#8220; css_animation=&#8220;appear&#8220;][\/vc_column][\/vc_row][vc_row full_width=&#8220;stretch_row&#8220; css=&#8220;.vc_custom_1621846527352{padding-top: 40px !important;padding-bottom: 40px !important;}&#8220;][vc_column width=&#8220;1\/2&#8243; css=&#8220;.vc_custom_1608162607070{border-right-width: 3px !important;padding-top: 30px !important;padding-right: 6% !important;padding-bottom: 30px !important;padding-left: 6% !important;border-right-color: #97a2b2 !important;border-right-style: solid !important;}&#8220;][vc_column_text]<\/p>\n<h3>Kompanija ula\u017ee sve svoje napore za pru\u017eanje najkvalitetnijih proizvoda i usluga<\/h3>\n<p>[\/vc_column_text][vc_row_inner css=&#8220;.vc_custom_1608162792477{margin-bottom: 0px !important;padding-top: 25px !important;}&#8220;][vc_column_inner][vc_column_text]<\/p>\n<p style=\"text-align: justify;\">Uzimajuc\u0301i u obzir sve zahteve kupaca i potrebu da se ponude delovi za enterijer koji \u010dine vozilo druga\u010dijim i jedinstvenim, individualnost je upravo ono \u0161to Autostop razlikuje od ostalih dobavlja\u010da. Misija kompanije je da pru\u017ei inovativna re\u0161enja za mnoge izazove koji se javljaju, uvek mislec\u0301i unapred i imajuc\u0301i za cilj izgradnju dugoro\u010dnih partnerstava. Visok nivo ve\u0161tina i kvalitet ponu\u0111enih usluga dokaz su \u010dvrste veze sa vrhunskim automobilskim kompanijama.<\/p>\n<p>[\/vc_column_text][\/vc_column_inner][\/vc_row_inner][\/vc_column][vc_column width=&#8220;1\/2&#8243; css=&#8220;.vc_custom_1608162600405{padding-top: 30px !important;padding-right: 6% !important;padding-bottom: 30px !important;padding-left: 6% !important;}&#8220;][vc_column_text]<\/p>\n<h3>Jedan od klju\u010deva uspeha je zajedni\u010dki timski rad<\/h3>\n<p>[\/vc_column_text][vc_row_inner css=&#8220;.vc_custom_1608162798859{margin-bottom: 0px !important;padding-top: 25px !important;}&#8220;][vc_column_inner][vc_column_text]<\/p>\n<p style=\"text-align: justify;\">Stalno usavr\u0161avanje zaposlenih i njihova motivacija da u\u010de znak su velike predanosti kompaniji, pri \u010demu se unapre\u0111uju svakodnevni zadaci i isporuka najkvalitetnijih proizvoda. Kao dru\u0161tveno odgovorna kompanija, Autostop se rukovodi idejom \u201ePodr\u017eavanje zajednice koja podr\u017eava nas\u201c, i uvek se trudi da podr\u017ei lokalnu zajednicu i njihove ideje.<\/p>\n<p>[\/vc_column_text][\/vc_column_inner][\/vc_row_inner][\/vc_column][\/vc_row][vc_row][vc_column][vc_empty_space][\/vc_column][\/vc_row][vc_row disable_element=&#8220;yes&#8220; css=&#8220;.vc_custom_1621586343133{padding-top: 40px !important;padding-bottom: 40px !important;}&#8220;][vc_column width=&#8220;1\/2&#8243; css=&#8220;.vc_custom_1608162607070{border-right-width: 3px !important;padding-top: 30px !important;padding-right: 6% !important;padding-bottom: 30px !important;padding-left: 6% !important;border-right-color: #97a2b2 !important;border-right-style: solid !important;}&#8220;][vc_custom_heading text=&#8220;The company concentrates all its efforts toward offering the highest quality products and services&#8220; use_theme_fonts=&#8220;yes&#8220;][vc_row_inner css=&#8220;.vc_custom_1608162792477{margin-bottom: 0px !important;padding-top: 25px !important;}&#8220;][vc_column_inner width=&#8220;1\/2&#8243;][vc_single_image image=&#8220;2036&#8243; img_size=&#8220;full&#8220;][vc_single_image image=&#8220;1008&#8243; img_size=&#8220;full&#8220;][\/vc_column_inner][vc_column_inner width=&#8220;1\/2&#8243;][vc_column_text]<\/p>\n<h6 class=\"big\" style=\"text-align: justify;\">Always taking into consideration modern demands as today everyone wants to own a vehicle that is different, unique, custom-made and special. Individuality is the trendy word and that is exactly what sets Autostop apart from others. The company\u2019s mission is to provide innovative solutions to the many challenges that arise and the team is always forward-thinking and aiming to build long-standing partnerships. Our high level of skills and quality of services offered to our clients is proof of the strong relationship we have with top-tier automotive companies.<\/h6>\n<p>[\/vc_column_text][\/vc_column_inner][\/vc_row_inner][\/vc_column][vc_column width=&#8220;1\/2&#8243; css=&#8220;.vc_custom_1608162600405{padding-top: 30px !important;padding-right: 6% !important;padding-bottom: 30px !important;padding-left: 6% !important;}&#8220;][vc_custom_heading text=&#8220;One of the keys to success is working together as a team&#8220; use_theme_fonts=&#8220;yes&#8220;][vc_custom_heading text=&#8220;Autostop is proud to have people like that; young, skilled and motivated, who support each other, share ideas and experiences to deliver the best services to our customers.&#8220; font_container=&#8220;tag:p|text_align:left&#8220; use_theme_fonts=&#8220;yes&#8220; el_class=&#8220;big&#8220;][vc_row_inner css=&#8220;.vc_custom_1608162798859{margin-bottom: 0px !important;padding-top: 25px !important;}&#8220;][vc_column_inner width=&#8220;1\/2&#8243;][vc_column_text]<\/p>\n<p style=\"text-align: justify;\">Continuous training of employees and their motivation to learn, improve themselves every day and deliver the best quality of products is to show that they are of crucial importance to the company.<\/p>\n<p style=\"text-align: justify;\">Autostop is certified with BS OHSAS 18001, ISO 14001, and IATF 16949<\/p>\n<p>[\/vc_column_text][\/vc_column_inner][vc_column_inner width=&#8220;1\/2&#8243;][vc_column_text]<\/p>\n<p style=\"text-align: justify;\">As a socially responsible company, Autostop is guided by the idea \u2018\u2019Supporting the community which supports us\u2019\u2019 so Autostop always makes sure to support people, their ideas and through various activities gain the employees\u2019 and clients trust.<\/p>\n<p style=\"text-align: justify;\">For Autostop, ecological responsibility is as important so the company\u2019s plans for the immediate future are focused on protecting our environment.<\/p>\n<p>[\/vc_column_text][\/vc_column_inner][\/vc_row_inner][\/vc_column][\/vc_row][\/vc_section][vc_section full_width=&#8220;stretch_row&#8220; parallax=&#8220;content-moving&#8220; parallax_image=&#8220;1105&#8243; parallax_speed_bg=&#8220;2&#8243; css=&#8220;.vc_custom_1617181934512{margin-bottom: -15px !important;padding-top: 100px !important;padding-bottom: 100px !important;}&#8220;][vc_row][vc_column][vc_custom_heading text=&#8220;Postani na\u0161 partner&#8220; font_container=&#8220;tag:h2|text_align:center|color:%23ffffff&#8220; use_theme_fonts=&#8220;yes&#8220;][vc_column_text el_class=&#8220;dark&#8220;][\/vc_column_text][vc_btn title=&#8220;Kontaktiraj nas&#8220; style=&#8220;custom&#8220; custom_background=&#8220;#e30613&#8243; custom_text=&#8220;#ffffff&#8220; shape=&#8220;square&#8220; align=&#8220;center&#8220; link=&#8220;url:https%3A%2F%2Fautostopglobal.com%2Fcontact-form-2%2F|title:Contact|target:%20_blank|&#8220;][\/vc_column][\/vc_row][\/vc_section][vc_row][vc_column][vc_column_text][\/vc_column_text][\/vc_column][\/vc_row]<\/p>\n<\/div>","protected":false},"excerpt":{"rendered":"<p>[vc_row][vc_column][vc_column_text][\/vc_column_text][\/vc_column][\/vc_row][vc_section full_width=&#8220;stretch_row&#8220; parallax=&#8220;content-moving&#8220; parallax_speed_bg=&#8220;2&#8243; el_id=&#8220;Subheader&#8220; el_class=&#8220;subheader-none slider&#8220;][vc_row][vc_column][\/vc_column][\/vc_row][vc_row disable_element=&#8220;yes&#8220;][vc_column][vc_custom_heading text=&#8220;Profile&#8220; font_container=&#8220;tag:h1|text_align:center|color:%23000000&#8243; google_fonts=&#8220;font_family:Questrial%3Aregular|font_style:400%20regular%3A400%3Anormal&#8220; css=&#8220;.vc_custom_1620306065092{margin-bottom: 30px !important;}&#8220; el_class=&#8220;title&#8220;][\/vc_column][\/vc_row][\/vc_section][vc_row equal_height=&#8220;yes&#8220; content_placement=&#8220;bottom&#8220; css=&#8220;.vc_custom_1608160976045{margin-bottom: 30px !important;padding-top: 70px !important;}&#8220; el_class=&#8220;separator-triangle-up&#8220;][vc_column][vc_custom_heading text=&#8220;AUTOSTOP GRUPA PREDUZEC\u0301A&#8220;<span class=\"excerpt-hellip\"> [\u2026]<\/span><\/p>\n","protected":false},"author":1,"featured_media":0,"parent":0,"menu_order":0,"comment_status":"closed","ping_status":"closed","template":"","meta":{"inline_featured_image":false,"footnotes":""},"class_list":["post-28","page","type-page","status-publish","hentry"],"_links":{"self":[{"href":"https:\/\/autostopglobal.com\/sr\/wp-json\/wp\/v2\/pages\/28","targetHints":{"allow":["GET"]}}],"collection":[{"href":"https:\/\/autostopglobal.com\/sr\/wp-json\/wp\/v2\/pages"}],"about":[{"href":"https:\/\/autostopglobal.com\/sr\/wp-json\/wp\/v2\/types\/page"}],"author":[{"embeddable":true,"href":"https:\/\/autostopglobal.com\/sr\/wp-json\/wp\/v2\/users\/1"}],"replies":[{"embeddable":true,"href":"https:\/\/autostopglobal.com\/sr\/wp-json\/wp\/v2\/comments?post=28"}],"version-history":[{"count":83,"href":"https:\/\/autostopglobal.com\/sr\/wp-json\/wp\/v2\/pages\/28\/revisions"}],"predecessor-version":[{"id":4334,"href":"https:\/\/autostopglobal.com\/sr\/wp-json\/wp\/v2\/pages\/28\/revisions\/4334"}],"wp:attachment":[{"href":"https:\/\/autostopglobal.com\/sr\/wp-json\/wp\/v2\/media?parent=28"}],"curies":[{"name":"wp","href":"https:\/\/api.w.org\/{rel}","templated":true}]}}