{"id":2559,"date":"2021-06-01T08:26:52","date_gmt":"2021-06-01T07:26:52","guid":{"rendered":"https:\/\/autostopglobal.com\/?page_id=2559"},"modified":"2023-03-07T12:26:15","modified_gmt":"2023-03-07T12:26:15","slug":"production","status":"publish","type":"page","link":"https:\/\/autostopglobal.com\/sr\/production\/","title":{"rendered":"Proizvodnja"},"content":{"rendered":"<div class=\"wpb-content-wrapper\"><p>[vc_section full_width=&#8220;stretch_row&#8220; el_id=&#8220;Subheader&#8220; el_class=&#8220;subheader-interiors slider&#8220;][vc_row][vc_column]\n\t\t\t<!-- START Subheader  Production Interiors SR REVOLUTION SLIDER 6.7.33 --><p class=\"rs-p-wp-fix\"><\/p>\n\t\t\t<rs-module-wrap id=\"rev_slider_76_3_wrapper\" data-source=\"gallery\" style=\"visibility:hidden;background:transparent;padding:0;margin:0px auto;margin-top:0;margin-bottom:0;\">\n\t\t\t\t<rs-module id=\"rev_slider_76_3\" style=\"\" data-version=\"6.7.33\">\n\t\t\t\t\t<rs-slides style=\"overflow: hidden; position: absolute;\">\n\t\t\t\t\t\t<rs-slide style=\"position: absolute;\" data-key=\"rs-224\" data-title=\"Slide\" data-anim=\"adpr:false;\" data-in=\"o:0;\" data-out=\"a:false;\">\n\t\t\t\t\t\t\t<img decoding=\"async\" src=\"\/\/autostopglobal.com\/wp-content\/plugins\/revslider\/sr6\/assets\/assets\/dummy.png\" alt=\"Back passenger seats\" width=\"2560\" height=\"1700\" class=\"rev-slidebg tp-rs-img rs-lazyload\" data-lazyload=\"\/\/autostopglobal.com\/wp-content\/uploads\/2021\/03\/back-seats-of-modern-luxury-car-red-leather-interi-PKNQCL6-scaled.jpg\" data-bg=\"p:0% 20%;\" data-parallax=\"off\" data-no-retina>\n<!--\n\t\t\t\t\t\t\t--><rs-layer\n\t\t\t\t\t\t\t\tid=\"slider-76-slide-224-layer-0\" \n\t\t\t\t\t\t\t\tclass=\"title\"\n\t\t\t\t\t\t\t\tdata-type=\"text\"\n\t\t\t\t\t\t\t\tdata-color=\"#ffffff\"\n\t\t\t\t\t\t\t\tdata-rsp_ch=\"on\"\n\t\t\t\t\t\t\t\tdata-xy=\"x:c;y:c;\"\n\t\t\t\t\t\t\t\tdata-text=\"w:normal;s:60;a:center;\"\n\t\t\t\t\t\t\t\tdata-frame_999=\"o:0;st:w;\"\n\t\t\t\t\t\t\t\tstyle=\"z-index:9;font-family:'Questrial';\"\n\t\t\t\t\t\t\t>Proizvodnja \n\t\t\t\t\t\t\t<\/rs-layer><!--\n-->\t\t\t\t\t<\/rs-slide>\n\t\t\t\t\t<\/rs-slides>\n\t\t\t\t<\/rs-module>\n\t\t\t\t<script>\n\t\t\t\t\tsetREVStartSize({c: 'rev_slider_76_3',rl:[1240,1024,778,480],el:[240],gw:[1240],gh:[240],type:'standard',justify:'',layout:'fullwidth',mh:\"0\"});if (window.RS_MODULES!==undefined && window.RS_MODULES.modules!==undefined && window.RS_MODULES.modules[\"revslider763\"]!==undefined) {window.RS_MODULES.modules[\"revslider763\"].once = false;window.revapi76 = undefined;if (window.RS_MODULES.checkMinimal!==undefined) window.RS_MODULES.checkMinimal()}\n\t\t\t\t<\/script>\n\t\t\t<\/rs-module-wrap>\n\t\t\t<!-- END REVOLUTION SLIDER -->\n[\/vc_column][\/vc_row][\/vc_section][vc_row css=&#8220;.vc_custom_1608160442406{margin-bottom: 30px !important;padding-top: 70px !important;}&#8220; el_class=&#8220;separator-triangle-up&#8220;][vc_column width=&#8220;1\/2&#8243;][vc_single_image image=&#8220;332&#8243; img_size=&#8220;500&#215;300&#8243; alignment=&#8220;center&#8220;][\/vc_column][vc_column width=&#8220;1\/2&#8243;][vc_empty_space height=&#8220;10px&#8220;][vc_column_text]<\/p>\n<p style=\"text-align: justify;\"><strong>Autostop<\/strong> je tr\u017ei\u0161ni lider u proizvodnji delova za enterijer, koristec\u0301i inovacije i tehnologiju kako bi uvek pro\u0161irio svoje moguc\u0301nosti. Sa dvadeset godina iskustva u proizvodnji enterijera od ko\u017ee za automobilsku industriju, kontinuirano unapre\u0111ivanje svih faza proizvodnje od velike je va\u017enosti za kompaniju kako bi mogla da proizvodi visokokvalitetne proizvode.<\/p>\n<p>[\/vc_column_text][\/vc_column][\/vc_row][vc_row][vc_column width=&#8220;1\/2&#8243;][\/vc_column][vc_column width=&#8220;1\/2&#8243;][vc_column_text]<\/p>\n<h3><strong>Proizvodni proces:<\/strong><\/h3>\n<p>[\/vc_column_text][\/vc_column][\/vc_row][vc_row][vc_column width=&#8220;1\/2&#8243;][vc_single_image image=&#8220;2469&#8243; img_size=&#8220;400X200&#8243; alignment=&#8220;center&#8220;][\/vc_column][vc_column width=&#8220;1\/2&#8243;][vc_column_text]<\/p>\n<p style=\"text-align: justify;\"><strong>Markiranje ko\u017ee\/priprema materijala<\/strong> \u2013 Pre nego \u0161to zapo\u010dne bilo koji proizvodni proces, ko\u017ea se postavlja na posebne stolove gde zaposleni vizuelno pregledavaju i obele\u017eavaju bilo kakve nedostatke, bore, ogrebotine itd. kako bi se iste uklonile tokom procesa se\u010denja. Ovo osigurava vrhunski materijal za kupce.<\/p>\n<p>[\/vc_column_text][\/vc_column][\/vc_row][vc_row][vc_column width=&#8220;1\/2&#8243;][vc_single_image image=&#8220;2475&#8243; img_size=&#8220;400X200&#8243; alignment=&#8220;center&#8220;][\/vc_column][vc_column width=&#8220;1\/2&#8243;][vc_column_text]<\/p>\n<p style=\"text-align: justify;\"><strong>Se\u010denje ko\u017ee<\/strong> \u2013 Pomoc\u0301u specijalnih ma\u0161ina i nesting tehnologije koje se koriste za se\u010denje ko\u017ee, delovi se seku precizno i kvalitetno.<\/p>\n<p>[\/vc_column_text][\/vc_column][\/vc_row][vc_row][vc_column width=&#8220;1\/2&#8243;][vc_single_image image=&#8220;2473&#8243; img_size=&#8220;400X200&#8243; alignment=&#8220;center&#8220;][\/vc_column][vc_column width=&#8220;1\/2&#8243;][vc_column_text]<\/p>\n<p style=\"text-align: justify;\"><strong>Perforacija\/Utiskivanje<\/strong> \u2013 Proces perforiranja i utiskivanja daje novi izgled finalnom proizvodu.<\/p>\n<p>[\/vc_column_text][\/vc_column][\/vc_row][vc_row][vc_column width=&#8220;1\/2&#8243;][vc_single_image image=&#8220;2468&#8243; img_size=&#8220;400X200&#8243; alignment=&#8220;center&#8220;][\/vc_column][vc_column width=&#8220;1\/2&#8243;][vc_column_text]<\/p>\n<p style=\"text-align: justify;\"><strong>Se\u010denje mekih materijala<\/strong> \u2013 Da bi udovoljio svim zahtevima kupca, <strong>Autostop<\/strong> je opremljen modernim ma\u0161inama za se\u010denje svih vrsta mekih materijala.<\/p>\n<p>[\/vc_column_text][\/vc_column][\/vc_row][vc_row][vc_column width=&#8220;1\/2&#8243;][vc_single_image image=&#8220;2466&#8243; img_size=&#8220;400X200&#8243; alignment=&#8220;center&#8220;][\/vc_column][vc_column width=&#8220;1\/2&#8243;][vc_column_text]<\/p>\n<p style=\"text-align: justify;\"><strong>\u0160ivenje AirBag-a<\/strong> \u2013 Upotrebom unapred definisanog postupka, \u0161ivanje podru\u010dja vazdu\u0161nog jastuka u preslavici za sedi\u0161ta jedan je od najva\u017enijih zadataka.<\/p>\n<p>[\/vc_column_text][\/vc_column][\/vc_row][vc_row][vc_column width=&#8220;1\/2&#8243;][vc_single_image image=&#8220;2429&#8243; img_size=&#8220;400X200&#8243; alignment=&#8220;center&#8220;][\/vc_column][vc_column width=&#8220;1\/2&#8243;][vc_column_text]<\/p>\n<p style=\"text-align: justify;\"><strong>Laminacija<\/strong> \u2013 Laminiranje pomoc\u0301u razli\u010ditih vrsta pena, dodaje za\u0161titu protiv bora, tragova, masti i drugih zaga\u0111iva\u010da. Pobolj\u0161ana \u010dvrstoc\u0301a, stabilnost i izgled su ono po \u010demu se ovi proizvodi isti\u010du.<\/p>\n<p>[\/vc_column_text][\/vc_column][\/vc_row][vc_row][vc_column width=&#8220;1\/2&#8243;][vc_single_image image=&#8220;1624&#8243; img_size=&#8220;400X200&#8243; alignment=&#8220;center&#8220;][\/vc_column][vc_column width=&#8220;1\/2&#8243;][vc_column_text]<\/p>\n<p style=\"text-align: justify;\"><strong>\u0160ivenje<\/strong>\u2013 Koristec\u0301i najsavremenije ma\u0161ine i iskustvo operatera, svi delovi su \u0161iveni prema crte\u017eima i posebnim uputstvima za \u0161ivenje.<\/p>\n<p>[\/vc_column_text][\/vc_column][\/vc_row][vc_row][vc_column width=&#8220;1\/2&#8243;][vc_single_image image=&#8220;2472&#8243; img_size=&#8220;400X200&#8243; alignment=&#8220;center&#8220;][\/vc_column][vc_column width=&#8220;1\/2&#8243;][vc_column_text]<\/p>\n<p style=\"text-align: justify;\"><strong>Kontrola kvaliteta<\/strong> \u2013 Finalni proizvod mora proc\u0301i sve procese kontrole kvaliteta gde se pa\u017eljivo kontroli\u0161e kako bi se zadovoljili zahtevani standardi kvaliteta.<\/p>\n<p>[\/vc_column_text][\/vc_column][\/vc_row][vc_row][vc_column width=&#8220;1\/2&#8243;][vc_single_image image=&#8220;2478&#8243; img_size=&#8220;400X200&#8243; alignment=&#8220;center&#8220;][\/vc_column][vc_column width=&#8220;1\/2&#8243;][vc_column_text]<\/p>\n<p style=\"text-align: justify;\"><strong>Pakovanje<\/strong> \u2013 Potpuno obu\u010deno osoblje upotpunjuje proizvodni proces procesom pakovanja. Nakon odre\u0111enog postupka, finalni proizvodi su dobro upakovani i spremni za siguran transport do krajnjeg odredi\u0161ta.<\/p>\n<p>[\/vc_column_text][\/vc_column][\/vc_row]<\/p>\n<\/div>","protected":false},"excerpt":{"rendered":"<p>[vc_section full_width=&#8220;stretch_row&#8220; el_id=&#8220;Subheader&#8220; el_class=&#8220;subheader-interiors slider&#8220;][vc_row][vc_column][\/vc_column][\/vc_row][\/vc_section][vc_row css=&#8220;.vc_custom_1608160442406{margin-bottom: 30px !important;padding-top: 70px !important;}&#8220; el_class=&#8220;separator-triangle-up&#8220;][vc_column width=&#8220;1\/2&#8243;][vc_single_image image=&#8220;332&#8243; img_size=&#8220;500&#215;300&#8243; alignment=&#8220;center&#8220;][\/vc_column][vc_column width=&#8220;1\/2&#8243;][vc_empty_space height=&#8220;10px&#8220;][vc_column_text] Autostop je tr\u017ei\u0161ni lider u proizvodnji delova za enterijer,<span class=\"excerpt-hellip\"> [\u2026]<\/span><\/p>\n","protected":false},"author":3,"featured_media":0,"parent":0,"menu_order":0,"comment_status":"closed","ping_status":"closed","template":"","meta":{"inline_featured_image":false,"footnotes":""},"class_list":["post-2559","page","type-page","status-publish","hentry"],"_links":{"self":[{"href":"https:\/\/autostopglobal.com\/sr\/wp-json\/wp\/v2\/pages\/2559","targetHints":{"allow":["GET"]}}],"collection":[{"href":"https:\/\/autostopglobal.com\/sr\/wp-json\/wp\/v2\/pages"}],"about":[{"href":"https:\/\/autostopglobal.com\/sr\/wp-json\/wp\/v2\/types\/page"}],"author":[{"embeddable":true,"href":"https:\/\/autostopglobal.com\/sr\/wp-json\/wp\/v2\/users\/3"}],"replies":[{"embeddable":true,"href":"https:\/\/autostopglobal.com\/sr\/wp-json\/wp\/v2\/comments?post=2559"}],"version-history":[{"count":14,"href":"https:\/\/autostopglobal.com\/sr\/wp-json\/wp\/v2\/pages\/2559\/revisions"}],"predecessor-version":[{"id":3275,"href":"https:\/\/autostopglobal.com\/sr\/wp-json\/wp\/v2\/pages\/2559\/revisions\/3275"}],"wp:attachment":[{"href":"https:\/\/autostopglobal.com\/sr\/wp-json\/wp\/v2\/media?parent=2559"}],"curies":[{"name":"wp","href":"https:\/\/api.w.org\/{rel}","templated":true}]}}