{"id":1820,"date":"2021-04-27T11:51:27","date_gmt":"2021-04-27T10:51:27","guid":{"rendered":"https:\/\/autostopglobal.com\/?page_id=1820"},"modified":"2023-01-23T08:17:59","modified_gmt":"2023-01-23T08:17:59","slug":"sustainablematerials","status":"publish","type":"page","link":"https:\/\/autostopglobal.com\/sr\/sustainablematerials\/","title":{"rendered":"Odr\u017eivi Materijali"},"content":{"rendered":"<div class=\"wpb-content-wrapper\"><p>[vc_section full_width=&#8220;stretch_row&#8220; el_id=&#8220;Subheader&#8220; el_class=&#8220;subheader-materials slider&#8220;][vc_row][vc_column]\n\t\t\t<!-- START Subheader  Bio and Renewable SR REVOLUTION SLIDER 6.7.33 --><p class=\"rs-p-wp-fix\"><\/p>\n\t\t\t<rs-module-wrap id=\"rev_slider_95_3_wrapper\" data-source=\"gallery\" style=\"visibility:hidden;background:transparent;padding:0;margin:0px auto;margin-top:0;margin-bottom:0;\">\n\t\t\t\t<rs-module id=\"rev_slider_95_3\" style=\"\" data-version=\"6.7.33\">\n\t\t\t\t\t<rs-slides style=\"overflow: hidden; position: absolute;\">\n\t\t\t\t\t\t<rs-slide style=\"position: absolute;\" data-key=\"rs-243\" data-title=\"Slide\" data-anim=\"adpr:false;\" data-in=\"o:0;\" data-out=\"a:false;\">\n\t\t\t\t\t\t\t<img decoding=\"async\" src=\"\/\/autostopglobal.com\/wp-content\/plugins\/revslider\/sr6\/assets\/assets\/dummy.png\" alt=\"\" title=\"DSC_0706\" width=\"2560\" height=\"1707\" class=\"rev-slidebg tp-rs-img rs-lazyload\" data-lazyload=\"\/\/autostopglobal.com\/wp-content\/uploads\/2022\/09\/DSC_0706-scaled.jpg\" data-parallax=\"off\" data-no-retina>\n<!--\n\t\t\t\t\t\t\t--><rs-layer\n\t\t\t\t\t\t\t\tid=\"slider-95-slide-243-layer-0\" \n\t\t\t\t\t\t\t\tclass=\"title\"\n\t\t\t\t\t\t\t\tdata-type=\"text\"\n\t\t\t\t\t\t\t\tdata-color=\"#ffffff\"\n\t\t\t\t\t\t\t\tdata-rsp_ch=\"on\"\n\t\t\t\t\t\t\t\tdata-xy=\"x:c;y:c;\"\n\t\t\t\t\t\t\t\tdata-text=\"w:normal;s:60;a:center;\"\n\t\t\t\t\t\t\t\tdata-frame_999=\"o:0;st:w;\"\n\t\t\t\t\t\t\t\tstyle=\"z-index:5;font-family:'Questrial';\"\n\t\t\t\t\t\t\t>Sustainable Artificial Leather \n\t\t\t\t\t\t\t<\/rs-layer><!--\n-->\t\t\t\t\t<\/rs-slide>\n\t\t\t\t\t<\/rs-slides>\n\t\t\t\t<\/rs-module>\n\t\t\t\t<script>\n\t\t\t\t\tsetREVStartSize({c: 'rev_slider_95_3',rl:[1240,1024,778,480],el:[240],gw:[1240],gh:[240],type:'standard',justify:'',layout:'fullwidth',mh:\"0\"});if (window.RS_MODULES!==undefined && window.RS_MODULES.modules!==undefined && window.RS_MODULES.modules[\"revslider953\"]!==undefined) {window.RS_MODULES.modules[\"revslider953\"].once = false;window.revapi95 = undefined;if (window.RS_MODULES.checkMinimal!==undefined) window.RS_MODULES.checkMinimal()}\n\t\t\t\t<\/script>\n\t\t\t<\/rs-module-wrap>\n\t\t\t<!-- END REVOLUTION SLIDER -->\n[\/vc_column][\/vc_row][\/vc_section][vc_row css=&#8220;.vc_custom_1608160442406{margin-bottom: 30px !important;padding-top: 70px !important;}&#8220; el_class=&#8220;separator-triangle-up&#8220;][vc_column width=&#8220;1\/2&#8243;][vc_single_image image=&#8220;3557&#8243; img_size=&#8220;500X300&#8243; onclick=&#8220;link_image&#8220;][vc_single_image image=&#8220;1823&#8243; img_size=&#8220;500X300&#8243; onclick=&#8220;link_image&#8220;][\/vc_column][vc_column width=&#8220;1\/2&#8243;][vc_column_text]<\/p>\n<p style=\"text-align: justify;\">Laboratorije za istra\u017eivanje i razvoj materijala gledaju u buduc\u0301nost. Ugljeni\u010dni materijali na biolo\u0161koj bazi i obnovljivi dizajnirani su po najsavremenijim tehnologijama i stru\u010dnosti.<\/p>\n<ul>\n<li style=\"text-align: justify;\"><span style=\"color: #000000;\"><strong>Biobazirana ve\u0161ta\u0107ka ko\u017ea<\/strong> koju laboratorije nude delimi\u010dno je izvedena iz biljnih sirovina umesto iz izvora petrohemije. Filozofija kompanije je pronala\u017eenje efikasnog na\u010dina za smanjenje otpada odr\u017eavanjem komponenata i materijala koji cirkuli\u0161u u privredi.<\/span><\/li>\n<li><span style=\"color: #000000;\"><strong>Obnovljivi materijali zasnovani na ugljenu<\/strong> su dizajnirani da prate o\u010dekivani visok kvalitet automobilske industrije. Emisije CO2 iz atmosfere se prikupljaju i koriste za proizvodnju sirovina koje se zatim koriste kao izvori za sinteti\u010dku ko\u017eu. Ovaj proces je doprineo kru\u017enom kretanju CO2 od emisije automobila do materijala unutra\u0161njosti automobila.<\/span><\/li>\n<li><span style=\"color: #000000;\"><strong>Reciklirana ve\u0161ta\u010dka ko\u017ea<\/strong> je jedan od najnovijih materijala razvijenih u laboratorijama kompanije. Autostop koristi biomasu i izvore reciklirane plastike kako bi zamenio fosilne sirovine u formulacijama. Ovim pravcem kompanija mo\u017ee da ponudi materijal koji zadovoljava automobilske standarde ali i doprinosi smanjenju otpada u \u017eivotnu sredinu.<\/span><\/li>\n<\/ul>\n<p>[\/vc_column_text][\/vc_column][\/vc_row][vc_row el_class=&#8220;mobile-x3-columns&#8220;][vc_column width=&#8220;1\/6&#8243;][vc_single_image image=&#8220;2050&#8243; img_size=&#8220;400&#215;400&#8243; alignment=&#8220;center&#8220; onclick=&#8220;link_image&#8220; css_animation=&#8220;appear&#8220;][\/vc_column][vc_column width=&#8220;1\/6&#8243;][vc_single_image image=&#8220;2051&#8243; img_size=&#8220;400&#215;400&#8243; alignment=&#8220;center&#8220; onclick=&#8220;link_image&#8220; css_animation=&#8220;appear&#8220;][\/vc_column][vc_column width=&#8220;1\/6&#8243;][vc_single_image image=&#8220;2061&#8243; img_size=&#8220;400&#215;400&#8243; alignment=&#8220;center&#8220; onclick=&#8220;link_image&#8220; css_animation=&#8220;appear&#8220;][\/vc_column][vc_column width=&#8220;1\/6&#8243;][vc_single_image image=&#8220;2052&#8243; img_size=&#8220;400&#215;400&#8243; alignment=&#8220;center&#8220; onclick=&#8220;link_image&#8220; css_animation=&#8220;appear&#8220;][\/vc_column][vc_column width=&#8220;1\/6&#8243;][vc_single_image image=&#8220;2054&#8243; img_size=&#8220;400&#215;400&#8243; alignment=&#8220;center&#8220; onclick=&#8220;link_image&#8220; css_animation=&#8220;appear&#8220;][\/vc_column][vc_column width=&#8220;1\/6&#8243;][vc_single_image image=&#8220;2062&#8243; img_size=&#8220;400&#215;400&#8243; alignment=&#8220;center&#8220; onclick=&#8220;link_image&#8220; css_animation=&#8220;appear&#8220;][\/vc_column][\/vc_row]<\/p>\n<\/div>","protected":false},"excerpt":{"rendered":"<p>[vc_section full_width=&#8220;stretch_row&#8220; el_id=&#8220;Subheader&#8220; el_class=&#8220;subheader-materials slider&#8220;][vc_row][vc_column][\/vc_column][\/vc_row][\/vc_section][vc_row css=&#8220;.vc_custom_1608160442406{margin-bottom: 30px !important;padding-top: 70px !important;}&#8220; el_class=&#8220;separator-triangle-up&#8220;][vc_column width=&#8220;1\/2&#8243;][vc_single_image image=&#8220;3557&#8243; img_size=&#8220;500X300&#8243; onclick=&#8220;link_image&#8220;][vc_single_image image=&#8220;1823&#8243; img_size=&#8220;500X300&#8243; onclick=&#8220;link_image&#8220;][\/vc_column][vc_column width=&#8220;1\/2&#8243;][vc_column_text] Laboratorije za istra\u017eivanje i razvoj materijala gledaju<span class=\"excerpt-hellip\"> [\u2026]<\/span><\/p>\n","protected":false},"author":3,"featured_media":0,"parent":0,"menu_order":0,"comment_status":"closed","ping_status":"closed","template":"","meta":{"inline_featured_image":false,"footnotes":""},"class_list":["post-1820","page","type-page","status-publish","hentry"],"_links":{"self":[{"href":"https:\/\/autostopglobal.com\/sr\/wp-json\/wp\/v2\/pages\/1820","targetHints":{"allow":["GET"]}}],"collection":[{"href":"https:\/\/autostopglobal.com\/sr\/wp-json\/wp\/v2\/pages"}],"about":[{"href":"https:\/\/autostopglobal.com\/sr\/wp-json\/wp\/v2\/types\/page"}],"author":[{"embeddable":true,"href":"https:\/\/autostopglobal.com\/sr\/wp-json\/wp\/v2\/users\/3"}],"replies":[{"embeddable":true,"href":"https:\/\/autostopglobal.com\/sr\/wp-json\/wp\/v2\/comments?post=1820"}],"version-history":[{"count":32,"href":"https:\/\/autostopglobal.com\/sr\/wp-json\/wp\/v2\/pages\/1820\/revisions"}],"predecessor-version":[{"id":3876,"href":"https:\/\/autostopglobal.com\/sr\/wp-json\/wp\/v2\/pages\/1820\/revisions\/3876"}],"wp:attachment":[{"href":"https:\/\/autostopglobal.com\/sr\/wp-json\/wp\/v2\/media?parent=1820"}],"curies":[{"name":"wp","href":"https:\/\/api.w.org\/{rel}","templated":true}]}}