{"id":158,"date":"2020-11-08T22:42:26","date_gmt":"2020-11-08T22:42:26","guid":{"rendered":"http:\/\/autostopglobal.com\/?page_id=158"},"modified":"2022-03-31T10:34:31","modified_gmt":"2022-03-31T09:34:31","slug":"products","status":"publish","type":"page","link":"https:\/\/autostopglobal.com\/sr\/products\/","title":{"rendered":"Proizvodi"},"content":{"rendered":"<div class=\"wpb-content-wrapper\"><p>[vc_section full_width=&#8220;stretch_row_content&#8220; el_id=&#8220;Subheader&#8220; css=&#8220;.vc_custom_1619800558615{padding-top: 0px !important;padding-bottom: 0px !important;}&#8220; el_class=&#8220;slider&#8220;][vc_row][vc_column]\n\t\t\t<!-- START Subheader  Products SR REVOLUTION SLIDER 6.7.33 --><p class=\"rs-p-wp-fix\"><\/p>\n\t\t\t<rs-module-wrap id=\"rev_slider_62_3_wrapper\" data-source=\"gallery\" style=\"visibility:hidden;background:transparent;padding:0;margin:0px auto;margin-top:0;margin-bottom:0;\">\n\t\t\t\t<rs-module id=\"rev_slider_62_3\" style=\"\" data-version=\"6.7.33\">\n\t\t\t\t\t<rs-slides style=\"overflow: hidden; position: absolute;\">\n\t\t\t\t\t\t<rs-slide style=\"position: absolute;\" data-key=\"rs-157\" data-title=\"Slide\" data-thumb=\"\/\/autostopglobal.com\/wp-content\/uploads\/2020\/11\/slider-products-50x100.png\" data-duration=\"2000ms\" data-anim=\"adpr:false;ms:300;\" data-in=\"o:0;\" data-out=\"a:false;\">\n\t\t\t\t\t\t\t<img decoding=\"async\" src=\"\/\/autostopglobal.com\/wp-content\/plugins\/revslider\/sr6\/assets\/assets\/dummy.png\" alt=\"slider products\" width=\"1191\" height=\"516\" class=\"rev-slidebg tp-rs-img rs-lazyload\" data-lazyload=\"\/\/autostopglobal.com\/wp-content\/uploads\/2020\/11\/slider-products.png\" data-parallax=\"off\" data-no-retina>\n<!--\n\t\t\t\t\t\t\t--><rs-layer\n\t\t\t\t\t\t\t\tid=\"slider-62-slide-157-layer-0\" \n\t\t\t\t\t\t\t\tclass=\"title\"\n\t\t\t\t\t\t\t\tdata-type=\"text\"\n\t\t\t\t\t\t\t\tdata-color=\"#ffffff\"\n\t\t\t\t\t\t\t\tdata-rsp_ch=\"on\"\n\t\t\t\t\t\t\t\tdata-xy=\"x:c;y:c;\"\n\t\t\t\t\t\t\t\tdata-text=\"w:normal;s:60;a:center;\"\n\t\t\t\t\t\t\t\tdata-frame_999=\"o:0;st:w;sR:200;\"\n\t\t\t\t\t\t\t\tstyle=\"z-index:8;font-family:'Questrial';\"\n\t\t\t\t\t\t\t>Proizvodi \n\t\t\t\t\t\t\t<\/rs-layer><!--\n-->\t\t\t\t\t<\/rs-slide>\n\t\t\t\t\t\t<rs-slide style=\"position: absolute;\" data-key=\"rs-158\" data-title=\"Slide\" data-thumb=\"\/\/autostopglobal.com\/wp-content\/uploads\/2020\/11\/slider-products-50x100.png\" data-duration=\"2000ms\" data-anim=\"adpr:false;\" data-in=\"o:0;\" data-out=\"a:false;\">\n\t\t\t\t\t\t\t<img decoding=\"async\" src=\"\/\/autostopglobal.com\/wp-content\/plugins\/revslider\/sr6\/assets\/assets\/dummy.png\" alt=\"slider products\" width=\"1191\" height=\"516\" class=\"rev-slidebg tp-rs-img rs-lazyload\" data-lazyload=\"\/\/autostopglobal.com\/wp-content\/uploads\/2020\/11\/slider-products.png\" data-parallax=\"off\" data-no-retina>\n<!--\n\t\t\t\t\t\t\t--><rs-layer\n\t\t\t\t\t\t\t\tid=\"slider-62-slide-158-layer-0\" \n\t\t\t\t\t\t\t\tclass=\"title\"\n\t\t\t\t\t\t\t\tdata-type=\"text\"\n\t\t\t\t\t\t\t\tdata-color=\"#ffffff\"\n\t\t\t\t\t\t\t\tdata-rsp_ch=\"on\"\n\t\t\t\t\t\t\t\tdata-xy=\"x:c;y:c;\"\n\t\t\t\t\t\t\t\tdata-text=\"w:normal;s:60;a:center;\"\n\t\t\t\t\t\t\t\tdata-frame_999=\"o:0;st:w;sR:1700;\"\n\t\t\t\t\t\t\t\tstyle=\"z-index:9;font-family:'Questrial';\"\n\t\t\t\t\t\t\t>Proizvodi \n\t\t\t\t\t\t\t<\/rs-layer><!--\n\n\t\t\t\t\t\t\t--><rs-layer\n\t\t\t\t\t\t\t\tid=\"slider-62-slide-158-layer-2\" \n\t\t\t\t\t\t\t\tdata-type=\"image\"\n\t\t\t\t\t\t\t\tdata-rsp_ch=\"on\"\n\t\t\t\t\t\t\t\tdata-xy=\"x:-504px;y:-450px;\"\n\t\t\t\t\t\t\t\tdata-text=\"w:normal;\"\n\t\t\t\t\t\t\t\tdata-dim=\"w:2560px;h:1700px;\"\n\t\t\t\t\t\t\t\tdata-frame_999=\"o:0;st:w;sR:1700;\"\n\t\t\t\t\t\t\t\tstyle=\"z-index:8;\"\n\t\t\t\t\t\t\t><img decoding=\"async\" src=\"\/\/autostopglobal.com\/wp-content\/plugins\/revslider\/sr6\/assets\/assets\/dummy.png\" alt=\"Leather car seats\" class=\"tp-rs-img rs-lazyload\" width=\"2560\" height=\"1700\" data-lazyload=\"\/\/autostopglobal.com\/wp-content\/uploads\/2021\/04\/leather-car-seats-P8NWNCA-scaled.jpg\" data-no-retina> \n\t\t\t\t\t\t\t<\/rs-layer><!--\n-->\t\t\t\t\t<\/rs-slide>\n\t\t\t\t\t\t<rs-slide style=\"position: absolute;\" data-key=\"rs-159\" data-title=\"Slide\" data-thumb=\"\/\/autostopglobal.com\/wp-content\/uploads\/2020\/11\/slider-products-50x100.png\" data-duration=\"2000ms\" data-anim=\"adpr:false;\" data-in=\"o:0;\" data-out=\"a:false;\">\n\t\t\t\t\t\t\t<img decoding=\"async\" src=\"\/\/autostopglobal.com\/wp-content\/plugins\/revslider\/sr6\/assets\/assets\/dummy.png\" alt=\"slider products\" width=\"1191\" height=\"516\" class=\"rev-slidebg tp-rs-img rs-lazyload\" data-lazyload=\"\/\/autostopglobal.com\/wp-content\/uploads\/2020\/11\/slider-products.png\" data-parallax=\"off\" data-no-retina>\n<!--\n\t\t\t\t\t\t\t--><rs-layer\n\t\t\t\t\t\t\t\tid=\"slider-62-slide-159-layer-0\" \n\t\t\t\t\t\t\t\tclass=\"title\"\n\t\t\t\t\t\t\t\tdata-type=\"text\"\n\t\t\t\t\t\t\t\tdata-color=\"#ffffff\"\n\t\t\t\t\t\t\t\tdata-rsp_ch=\"on\"\n\t\t\t\t\t\t\t\tdata-xy=\"x:c;y:c;\"\n\t\t\t\t\t\t\t\tdata-text=\"w:normal;s:60;a:center;\"\n\t\t\t\t\t\t\t\tdata-frame_999=\"o:0;st:w;\"\n\t\t\t\t\t\t\t\tstyle=\"z-index:9;font-family:'Questrial';\"\n\t\t\t\t\t\t\t>Proizvodi \n\t\t\t\t\t\t\t<\/rs-layer><!--\n\n\t\t\t\t\t\t\t--><rs-layer\n\t\t\t\t\t\t\t\tid=\"slider-62-slide-159-layer-2\" \n\t\t\t\t\t\t\t\tdata-type=\"image\"\n\t\t\t\t\t\t\t\tdata-rsp_ch=\"on\"\n\t\t\t\t\t\t\t\tdata-xy=\"x:-719px;y:-787px;\"\n\t\t\t\t\t\t\t\tdata-text=\"w:normal;\"\n\t\t\t\t\t\t\t\tdata-dim=\"w:2560px;h:1707px;\"\n\t\t\t\t\t\t\t\tdata-frame_999=\"o:0;st:w;\"\n\t\t\t\t\t\t\t\tstyle=\"z-index:8;\"\n\t\t\t\t\t\t\t><img decoding=\"async\" src=\"\/\/autostopglobal.com\/wp-content\/plugins\/revslider\/sr6\/assets\/assets\/dummy.png\" alt=\"\" class=\"tp-rs-img rs-lazyload\" width=\"2560\" height=\"1707\" data-lazyload=\"\/\/autostopglobal.com\/wp-content\/uploads\/2021\/05\/surface-and-crease-of-leather-H84J6DU-scaled.jpg\" data-no-retina> \n\t\t\t\t\t\t\t<\/rs-layer><!--\n-->\t\t\t\t\t<\/rs-slide>\n\t\t\t\t\t\t<rs-slide style=\"position: absolute;\" data-key=\"rs-161\" data-title=\"Slide\" data-thumb=\"\/\/autostopglobal.com\/wp-content\/uploads\/2020\/11\/slider-products-50x100.png\" data-duration=\"2000ms\" data-anim=\"adpr:false;\" data-in=\"o:0;\" data-out=\"a:false;\">\n\t\t\t\t\t\t\t<img decoding=\"async\" src=\"\/\/autostopglobal.com\/wp-content\/plugins\/revslider\/sr6\/assets\/assets\/dummy.png\" alt=\"slider products\" width=\"1191\" height=\"516\" class=\"rev-slidebg tp-rs-img rs-lazyload\" data-lazyload=\"\/\/autostopglobal.com\/wp-content\/uploads\/2020\/11\/slider-products.png\" data-parallax=\"off\" data-no-retina>\n<!--\n\t\t\t\t\t\t\t--><rs-layer\n\t\t\t\t\t\t\t\tid=\"slider-62-slide-161-layer-0\" \n\t\t\t\t\t\t\t\tclass=\"title\"\n\t\t\t\t\t\t\t\tdata-type=\"text\"\n\t\t\t\t\t\t\t\tdata-color=\"#ffffff\"\n\t\t\t\t\t\t\t\tdata-rsp_ch=\"on\"\n\t\t\t\t\t\t\t\tdata-xy=\"x:c;y:c;\"\n\t\t\t\t\t\t\t\tdata-text=\"w:normal;s:60;a:center;\"\n\t\t\t\t\t\t\t\tdata-frame_999=\"o:0;st:w;\"\n\t\t\t\t\t\t\t\tstyle=\"z-index:9;font-family:'Questrial';\"\n\t\t\t\t\t\t\t>Proizvodi \n\t\t\t\t\t\t\t<\/rs-layer><!--\n\n\t\t\t\t\t\t\t--><rs-layer\n\t\t\t\t\t\t\t\tid=\"slider-62-slide-161-layer-2\" \n\t\t\t\t\t\t\t\tdata-type=\"image\"\n\t\t\t\t\t\t\t\tdata-rsp_ch=\"on\"\n\t\t\t\t\t\t\t\tdata-xy=\"x:-341px;y:-585px;\"\n\t\t\t\t\t\t\t\tdata-text=\"w:normal;\"\n\t\t\t\t\t\t\t\tdata-dim=\"w:1920px;h:1280px;\"\n\t\t\t\t\t\t\t\tdata-frame_999=\"o:0;st:w;\"\n\t\t\t\t\t\t\t\tstyle=\"z-index:8;\"\n\t\t\t\t\t\t\t><img decoding=\"async\" src=\"\/\/autostopglobal.com\/wp-content\/plugins\/revslider\/sr6\/assets\/assets\/dummy.png\" alt=\"IMG_2414\" class=\"tp-rs-img rs-lazyload\" width=\"1920\" height=\"1280\" data-lazyload=\"\/\/autostopglobal.com\/wp-content\/uploads\/2021\/04\/IMG_2414.jpg\" data-no-retina> \n\t\t\t\t\t\t\t<\/rs-layer><!--\n-->\t\t\t\t\t<\/rs-slide>\n\t\t\t\t\t\t<rs-slide style=\"position: absolute;\" data-key=\"rs-160\" data-title=\"Slide\" data-thumb=\"\/\/autostopglobal.com\/wp-content\/uploads\/2020\/11\/slider-products-50x100.png\" data-duration=\"2000ms\" data-anim=\"adpr:false;\" data-in=\"o:0;\" data-out=\"a:false;\">\n\t\t\t\t\t\t\t<img decoding=\"async\" src=\"\/\/autostopglobal.com\/wp-content\/plugins\/revslider\/sr6\/assets\/assets\/dummy.png\" alt=\"slider products\" width=\"1191\" height=\"516\" class=\"rev-slidebg tp-rs-img rs-lazyload\" data-lazyload=\"\/\/autostopglobal.com\/wp-content\/uploads\/2020\/11\/slider-products.png\" data-parallax=\"off\" data-no-retina>\n<!--\n\t\t\t\t\t\t\t--><rs-layer\n\t\t\t\t\t\t\t\tid=\"slider-62-slide-160-layer-0\" \n\t\t\t\t\t\t\t\tclass=\"title\"\n\t\t\t\t\t\t\t\tdata-type=\"text\"\n\t\t\t\t\t\t\t\tdata-color=\"#ffffff\"\n\t\t\t\t\t\t\t\tdata-rsp_ch=\"on\"\n\t\t\t\t\t\t\t\tdata-xy=\"x:c;y:c;\"\n\t\t\t\t\t\t\t\tdata-text=\"w:normal;s:60;a:center;\"\n\t\t\t\t\t\t\t\tdata-frame_999=\"o:0;st:w;\"\n\t\t\t\t\t\t\t\tstyle=\"z-index:9;font-family:'Questrial';\"\n\t\t\t\t\t\t\t>Proizvodi \n\t\t\t\t\t\t\t<\/rs-layer><!--\n\n\t\t\t\t\t\t\t--><rs-layer\n\t\t\t\t\t\t\t\tid=\"slider-62-slide-160-layer-2\" \n\t\t\t\t\t\t\t\tdata-type=\"image\"\n\t\t\t\t\t\t\t\tdata-rsp_ch=\"on\"\n\t\t\t\t\t\t\t\tdata-xy=\"x:-401px;y:-590px;\"\n\t\t\t\t\t\t\t\tdata-text=\"w:normal;\"\n\t\t\t\t\t\t\t\tdata-dim=\"w:2560px;h:1700px;\"\n\t\t\t\t\t\t\t\tdata-frame_999=\"o:0;st:w;\"\n\t\t\t\t\t\t\t\tstyle=\"z-index:8;\"\n\t\t\t\t\t\t\t><img decoding=\"async\" src=\"\/\/autostopglobal.com\/wp-content\/plugins\/revslider\/sr6\/assets\/assets\/dummy.png\" alt=\"Leather car seats\" class=\"tp-rs-img rs-lazyload\" width=\"2560\" height=\"1700\" data-lazyload=\"\/\/autostopglobal.com\/wp-content\/uploads\/2021\/04\/leather-car-seats-P4XSV7U-scaled.jpg\" data-no-retina> \n\t\t\t\t\t\t\t<\/rs-layer><!--\n-->\t\t\t\t\t<\/rs-slide>\n\t\t\t\t\t<\/rs-slides>\n\t\t\t\t<\/rs-module>\n\t\t\t\t<script>\n\t\t\t\t\tsetREVStartSize({c: 'rev_slider_62_3',rl:[1240,1024,778,480],el:[240],gw:[1240],gh:[240],type:'standard',justify:'',layout:'fullwidth',mh:\"0\"});if (window.RS_MODULES!==undefined && window.RS_MODULES.modules!==undefined && window.RS_MODULES.modules[\"revslider623\"]!==undefined) {window.RS_MODULES.modules[\"revslider623\"].once = false;window.revapi62 = undefined;if (window.RS_MODULES.checkMinimal!==undefined) window.RS_MODULES.checkMinimal()}\n\t\t\t\t<\/script>\n\t\t\t<\/rs-module-wrap>\n\t\t\t<!-- END REVOLUTION SLIDER -->\n[\/vc_column][\/vc_row][\/vc_section][vc_row equal_height=&#8220;yes&#8220; content_placement=&#8220;bottom&#8220; css=&#8220;.vc_custom_1607475223867{margin-bottom: 30px !important;padding-top: 50px !important;}&#8220; el_class=&#8220;separator-triangle-up&#8220;][vc_column][vc_column_text]<\/p>\n<p style=\"text-align: justify;\">Glavni cilj <strong>Autostopa<\/strong> kao lidera u dizajnu, razvoju i proizvodnji delova za enterijer je da ponudi \u0161irok spektar proizvoda u vi\u0161e industrija. Koristi se kombinacija ko\u017ee, sinteti\u010dke ko\u017ee (PU, PVC, itd.), tekstila, pene, Alcantara\u00ae i tepiha na finalnim proizvodima. Svaka industrija i kupac su jedinstveni sa svojim specifikacijama i zahtevima, a <strong>Autostop<\/strong> je u moguc\u0301nosti da se lako prilagodi i mo\u017ee da obezbedi proizvode za svakog od njih.<\/p>\n<p>[\/vc_column_text][\/vc_column][\/vc_row][vc_row disable_element=&#8220;yes&#8220;][vc_column][autostop_category_block product_name=&#8220;Interiors&#8220; image=&#8220;275&#8243; link=&#8220;url:http%3A%2F%2Fautostopglobal.com%2Finteriors%2F|title:Interiors||&#8220;]AUTOSTOP concentrates all its efforts toward offering highest quality products and services, always taking into consideration modern demands, closely following social and individual developments. Respecting the environment, its employees and clients are the company\u2019s most important priority and commitment.[\/autostop_category_block][\/vc_column][\/vc_row][vc_row disable_element=&#8220;yes&#8220;][vc_column][autostop_category_block product_name=&#8220;Floor Mats&#8220; image=&#8220;287&#8243; link=&#8220;url:http%3A%2F%2Fautostopglobal.com%2Ffloormats%2F|title:Interiors||&#8220;]AUTOSTOP concentrates all its efforts toward offering highest quality products and services, always taking into consideration modern demands, closely following social and individual developments. Respecting the environment, its employees and clients are the company\u2019s most important priority and commitment.[\/autostop_category_block][\/vc_column][\/vc_row][vc_row disable_element=&#8220;yes&#8220;][vc_column][autostop_category_block product_name=&#8220;Aviaition&#8220; image=&#8220;249&#8243; link=&#8220;url:http%3A%2F%2Fautostopglobal.com%2Faviation-2%2F|title:Interiors||&#8220;]AUTOSTOP concentrates all its efforts toward offering highest quality products and services, always taking into consideration modern demands, closely following social and individual developments. Respecting the environment, its employees and clients are the company\u2019s most important priority and commitment.[\/autostop_category_block][\/vc_column][\/vc_row][vc_row disable_element=&#8220;yes&#8220;][vc_column][autostop_category_block product_name=&#8220;Materials&#8220; image=&#8220;288&#8243; link=&#8220;url:http%3A%2F%2Fautostopglobal.com%2Finteriors%2F|title:Interiors||&#8220;]AUTOSTOP concentrates all its efforts toward offering highest quality products and services, always taking into consideration modern demands, closely following social and individual developments. Respecting the environment, its employees and clients are the company\u2019s most important priority and commitment.[\/autostop_category_block][\/vc_column][\/vc_row][vc_section full_width=&#8220;stretch_row_content&#8220; content_placement=&#8220;middle&#8220; parallax=&#8220;content-moving&#8220; parallax_image=&#8220;1105&#8243; css=&#8220;.vc_custom_1617102549745{margin-bottom: 0px !important;padding-top: 0px !important;}&#8220;][vc_row equal_height=&#8220;yes&#8220; content_placement=&#8220;middle&#8220;][vc_column width=&#8220;1\/2&#8243; css=&#8220;.vc_custom_1608159959475{padding-top: 70px !important;padding-right: 6% !important;padding-bottom: 70px !important;padding-left: 6% !important;background-color: #efefef !important;}&#8220;][vc_custom_heading text=&#8220;Enterijer&#8220; font_container=&#8220;tag:h2|text_align:center&#8220; use_theme_fonts=&#8220;yes&#8220; css=&#8220;.vc_custom_1627022310969{margin-bottom: 35px !important;}&#8220;][vc_column_text]<\/p>\n<p style=\"text-align: justify;\"><strong>Autostop Interiors<\/strong> fokusira se na sve delove za enterijer vozila, kao \u0161to su presvlake za sedi\u0161ta, paneli za vrata, nasloni za ruke, instrument table, volani i drugi IP proizvodi koristec\u0301i \u0161iroku paletu materijala i boja. Zahvaljujuc\u0301i proizvodnim moguc\u0301nostima internog se\u010denja, \u0161ivenja, perforacije, laminiranja, instalacije i testiranja, <strong>Autostop<\/strong> mo\u017ee da ponudi celokupno re\u0161enje sa vertikalnom integracionom strukturom za sve svoje kupce.<\/p>\n<p>[\/vc_column_text][\/vc_column][vc_column width=&#8220;1\/2&#8243; css=&#8220;.vc_custom_1608159970017{padding-top: 70px !important;padding-bottom: 70px !important;}&#8220;][vc_btn title=&#8220;Na\u0161i proizvodi&#8220; style=&#8220;custom&#8220; custom_background=&#8220;#e30613&#8243; custom_text=&#8220;#ffffff&#8220; shape=&#8220;square&#8220; align=&#8220;center&#8220; link=&#8220;url:http%3A%2F%2Fautostopglobal.com%2Finteriors%2F|title:Products||&#8220; css=&#8220;.vc_custom_1626875710189{margin-bottom: 0px !important;}&#8220;][\/vc_column][\/vc_row][\/vc_section][vc_section full_width=&#8220;stretch_row_content&#8220; parallax=&#8220;content-moving&#8220; parallax_image=&#8220;2272&#8243; css=&#8220;.vc_custom_1627452163377{margin-bottom: 0px !important;padding-top: 0px !important;}&#8220; el_class=&#8220;mobile-hide-parallax&#8220;][vc_row equal_height=&#8220;yes&#8220; content_placement=&#8220;middle&#8220; el_class=&#8220;reverse-columns-mobile&#8220;][vc_column width=&#8220;1\/2&#8243; css=&#8220;.vc_custom_1623106563515{padding-top: 70px !important;padding-bottom: 70px !important;background-image: url(https:\/\/autostopglobal.com\/wp-content\/uploads\/2021\/06\/floormats-mobile-1.jpg?id=2643) !important;background-position: center !important;background-repeat: no-repeat !important;background-size: cover !important;}&#8220; el_class=&#8220;desktop-hide-background&#8220;][vc_btn title=&#8220;Na\u0161i proizvodi&#8220; style=&#8220;custom&#8220; custom_background=&#8220;#e30613&#8243; custom_text=&#8220;#ffffff&#8220; shape=&#8220;square&#8220; align=&#8220;center&#8220; link=&#8220;url:https%3A%2F%2Fautostopglobal.com%2Ffloor-mats%2F|title:Products||&#8220; css=&#8220;.vc_custom_1626875744383{margin-bottom: 0px !important;}&#8220;][\/vc_column][vc_column width=&#8220;1\/2&#8243; css=&#8220;.vc_custom_1608159762553{padding-top: 70px !important;padding-right: 6% !important;padding-bottom: 70px !important;padding-left: 6% !important;background-color: #dd3333 !important;}&#8220; el_class=&#8220;dark&#8220;][vc_custom_heading text=&#8220;Patosnice&#8220; font_container=&#8220;tag:h2|text_align:center&#8220; use_theme_fonts=&#8220;yes&#8220; css=&#8220;.vc_custom_1626875855734{margin-bottom: 35px !important;}&#8220;][vc_column_text]<\/p>\n<p style=\"text-align: justify;\"><strong>Autostop Floormats<\/strong> je jedan od vodec\u0301ih proizvo\u0111a\u010da automobilskih patosnica u Evropi koji nudi \u0161iroku paletu boja i stilskog dizajna koji ispunjava sve zahteve po meri. Fini dizajn svake automobilske patosnice obezbe\u0111uje dugotrajnost unutra\u0161njosti automobila pru\u017eajuc\u0301i maksimalnu za\u0161titu od svih habanja. Izuzetno ve\u0161ti i iskusni ljudi proizvode prvoklasne patosnice koristec\u0301i vrhunsku opremu i ma\u0161ine<\/p>\n<p>[\/vc_column_text][\/vc_column][\/vc_row][\/vc_section][vc_section full_width=&#8220;stretch_row_content&#8220; content_placement=&#8220;middle&#8220; parallax=&#8220;content-moving&#8220; parallax_image=&#8220;249&#8243; css=&#8220;.vc_custom_1623786845284{margin-bottom: 0px !important;padding-top: 0px !important;}&#8220;][vc_row equal_height=&#8220;yes&#8220; content_placement=&#8220;middle&#8220;][vc_column width=&#8220;1\/2&#8243; css=&#8220;.vc_custom_1608159788440{padding-top: 70px !important;padding-right: 6% !important;padding-bottom: 70px !important;padding-left: 6% !important;background-color: #efefef !important;}&#8220;][vc_custom_heading text=&#8220;Avijacija&#8220; font_container=&#8220;tag:h2|text_align:center&#8220; use_theme_fonts=&#8220;yes&#8220; css=&#8220;.vc_custom_1626875940658{margin-bottom: 35px !important;}&#8220;][vc_column_text]<\/p>\n<p style=\"text-align: justify;\"><strong>Autostop Aviation<\/strong> donosi automobilske standarde u avijaciju. Od nove klase materijala koja donosi transformaciju dizajna avio delova za sedenje, kompanija nudi \u0161iroku paletu proizvoda. Nove ideje i inovacije koje tim nudi mogu pomoc\u0301i na\u0161im kupcima da pretvore izazove u re\u0161enja. Kompanija te\u017ei da odr\u017ei najvi\u0161e standarde uskla\u0111enosti i transparentnosti u poslovnoj praksi, uskla\u0111ujuc\u0301i rast i inovacije kompanije sa potrebama kupaca.<\/p>\n<p>[\/vc_column_text][\/vc_column][vc_column width=&#8220;1\/2&#8243; css=&#8220;.vc_custom_1608160002985{padding-top: 70px !important;padding-bottom: 70px !important;}&#8220;][vc_btn title=&#8220;Na\u0161i proizvodi&#8220; style=&#8220;custom&#8220; custom_background=&#8220;#e30613&#8243; custom_text=&#8220;#ffffff&#8220; shape=&#8220;square&#8220; align=&#8220;center&#8220; link=&#8220;url:https%3A%2F%2Fautostopaviation.com%2F|title:Products|target:%20_blank|&#8220; css=&#8220;.vc_custom_1626875920942{margin-bottom: 0px !important;}&#8220;][\/vc_column][\/vc_row][\/vc_section][vc_section full_width=&#8220;stretch_row_content&#8220; content_placement=&#8220;middle&#8220; parallax=&#8220;content-moving&#8220; parallax_image=&#8220;2181&#8243; css=&#8220;.vc_custom_1623786940533{margin-bottom: -15px !important;padding-top: 0px !important;}&#8220;][vc_row equal_height=&#8220;yes&#8220; content_placement=&#8220;middle&#8220; el_class=&#8220;reverse-columns-mobile&#8220;][vc_column width=&#8220;1\/2&#8243; css=&#8220;.vc_custom_1608160009246{padding-top: 70px !important;padding-bottom: 70px !important;}&#8220;][vc_btn title=&#8220;Na\u0161i proizvodi&#8220; style=&#8220;custom&#8220; custom_background=&#8220;#e30613&#8243; custom_text=&#8220;#ffffff&#8220; shape=&#8220;square&#8220; align=&#8220;center&#8220; link=&#8220;url:http%3A%2F%2Fautostopglobal.com%2Fmaterials%2F|title:Products||&#8220; css=&#8220;.vc_custom_1626876057657{margin-bottom: 0px !important;}&#8220;][\/vc_column][vc_column width=&#8220;1\/2&#8243; css=&#8220;.vc_custom_1608159803633{padding-top: 70px !important;padding-right: 6% !important;padding-bottom: 70px !important;padding-left: 6% !important;background-color: #444444 !important;}&#8220; el_class=&#8220;dark&#8220;][vc_custom_heading text=&#8220;Materijali&#8220; font_container=&#8220;tag:h2|text_align:center&#8220; use_theme_fonts=&#8220;yes&#8220; css=&#8220;.vc_custom_1626875991670{margin-bottom: 35px !important;}&#8220;][vc_column_text]<\/p>\n<p style=\"text-align: justify;\">Paleta proizvoda <strong>Autostop Materials<\/strong> uklju\u010duje PVC, PU, Nubuck, Bio i obnovljive, pene i druge materijale. Kompanija proizvodi materijale za vi\u0161e industrija, poput automobilske, avio, transportne, industrije name\u0161taja i medicinske. Kompanija se zala\u017ee za proizvodnju materijala visokog kvaliteta i strogih specifikacija, dok je istra\u017eiva\u010dki i dizajnerski tim posvec\u0301en ponudi inovativnih, ekolo\u0161kih i drugih performansi.<\/p>\n<p>[\/vc_column_text][\/vc_column][\/vc_row][\/vc_section]<\/p>\n<\/div>","protected":false},"excerpt":{"rendered":"<p>[vc_section full_width=&#8220;stretch_row_content&#8220; el_id=&#8220;Subheader&#8220; css=&#8220;.vc_custom_1619800558615{padding-top: 0px !important;padding-bottom: 0px !important;}&#8220; el_class=&#8220;slider&#8220;][vc_row][vc_column][\/vc_column][\/vc_row][\/vc_section][vc_row equal_height=&#8220;yes&#8220; content_placement=&#8220;bottom&#8220; css=&#8220;.vc_custom_1607475223867{margin-bottom: 30px !important;padding-top: 50px !important;}&#8220; el_class=&#8220;separator-triangle-up&#8220;][vc_column][vc_column_text] Glavni cilj Autostopa kao lidera u dizajnu, razvoju i<span class=\"excerpt-hellip\"> [\u2026]<\/span><\/p>\n","protected":false},"author":1,"featured_media":0,"parent":0,"menu_order":0,"comment_status":"closed","ping_status":"closed","template":"","meta":{"inline_featured_image":false,"footnotes":""},"class_list":["post-158","page","type-page","status-publish","hentry"],"_links":{"self":[{"href":"https:\/\/autostopglobal.com\/sr\/wp-json\/wp\/v2\/pages\/158","targetHints":{"allow":["GET"]}}],"collection":[{"href":"https:\/\/autostopglobal.com\/sr\/wp-json\/wp\/v2\/pages"}],"about":[{"href":"https:\/\/autostopglobal.com\/sr\/wp-json\/wp\/v2\/types\/page"}],"author":[{"embeddable":true,"href":"https:\/\/autostopglobal.com\/sr\/wp-json\/wp\/v2\/users\/1"}],"replies":[{"embeddable":true,"href":"https:\/\/autostopglobal.com\/sr\/wp-json\/wp\/v2\/comments?post=158"}],"version-history":[{"count":68,"href":"https:\/\/autostopglobal.com\/sr\/wp-json\/wp\/v2\/pages\/158\/revisions"}],"predecessor-version":[{"id":3274,"href":"https:\/\/autostopglobal.com\/sr\/wp-json\/wp\/v2\/pages\/158\/revisions\/3274"}],"wp:attachment":[{"href":"https:\/\/autostopglobal.com\/sr\/wp-json\/wp\/v2\/media?parent=158"}],"curies":[{"name":"wp","href":"https:\/\/api.w.org\/{rel}","templated":true}]}}