{"id":567,"date":"2021-02-11T07:39:15","date_gmt":"2021-02-11T07:39:15","guid":{"rendered":"http:\/\/autostopglobal.com\/?page_id=567"},"modified":"2023-03-17T08:54:23","modified_gmt":"2023-03-17T08:54:23","slug":"design-and-development","status":"publish","type":"page","link":"https:\/\/autostopglobal.com\/de\/design-and-development\/","title":{"rendered":"D&#038;E"},"content":{"rendered":"<div class=\"wpb-content-wrapper\"><p>[vc_section full_width=&#8220;stretch_row&#8220; parallax=&#8220;content-moving&#8220; parallax_image=&#8220;1652&#8243; parallax_speed_bg=&#8220;2&#8243; el_id=&#8220;Subheader&#8220; css=&#8220;.vc_custom_1625225946742{background-image: url(https:\/\/autostopglobal.com\/wp-content\/uploads\/2020\/12\/materials-light.png?id=443) !important;}&#8220; el_class=&#8220;subheader-none slider&#8220;][vc_row][vc_column]\n\t\t\t<!-- START Subheader  Design and Development DE REVOLUTION SLIDER 6.7.33 --><p class=\"rs-p-wp-fix\"><\/p>\n\t\t\t<rs-module-wrap id=\"rev_slider_108_2_wrapper\" data-source=\"gallery\" style=\"visibility:hidden;background:transparent;padding:0;margin:0px auto;margin-top:0;margin-bottom:0;\">\n\t\t\t\t<rs-module id=\"rev_slider_108_2\" style=\"\" data-version=\"6.7.33\">\n\t\t\t\t\t<rs-slides style=\"overflow: hidden; position: absolute;\">\n\t\t\t\t\t\t<rs-slide style=\"position: absolute;\" data-key=\"rs-256\" data-title=\"Slide\" data-anim=\"adpr:false;\" data-in=\"o:0;\" data-out=\"a:false;\">\n\t\t\t\t\t\t\t<img decoding=\"async\" src=\"\/\/autostopglobal.com\/wp-content\/plugins\/revslider\/sr6\/assets\/assets\/dummy.png\" alt=\"Leather car seats\" width=\"2560\" height=\"1700\" class=\"rev-slidebg tp-rs-img rs-lazyload\" data-lazyload=\"\/\/autostopglobal.com\/wp-content\/uploads\/2021\/04\/leather-car-seats-P8NWNCA-scaled.jpg\" data-bg=\"p:right top;\" data-parallax=\"off\" data-no-retina>\n<!--\n\t\t\t\t\t\t\t--><rs-layer\n\t\t\t\t\t\t\t\tid=\"slider-108-slide-256-layer-0\" \n\t\t\t\t\t\t\t\tclass=\"title\"\n\t\t\t\t\t\t\t\tdata-type=\"text\"\n\t\t\t\t\t\t\t\tdata-color=\"#ffffff\"\n\t\t\t\t\t\t\t\tdata-rsp_ch=\"on\"\n\t\t\t\t\t\t\t\tdata-xy=\"x:c;y:c;\"\n\t\t\t\t\t\t\t\tdata-text=\"w:normal;s:60;a:center;\"\n\t\t\t\t\t\t\t\tdata-frame_999=\"o:0;st:w;\"\n\t\t\t\t\t\t\t\tstyle=\"z-index:9;font-family:'Questrial';\"\n\t\t\t\t\t\t\t>Design und Entwicklung \n\t\t\t\t\t\t\t<\/rs-layer><!--\n\n\t\t\t\t\t\t\t--><rs-layer\n\t\t\t\t\t\t\t\tid=\"slider-108-slide-256-layer-1\" \n\t\t\t\t\t\t\t\tdata-type=\"image\"\n\t\t\t\t\t\t\t\tdata-rsp_ch=\"on\"\n\t\t\t\t\t\t\t\tdata-xy=\"x:-384px;y:-371px;\"\n\t\t\t\t\t\t\t\tdata-text=\"w:normal;\"\n\t\t\t\t\t\t\t\tdata-dim=\"w:1965px;h:1305px;\"\n\t\t\t\t\t\t\t\tdata-frame_999=\"o:0;st:w;\"\n\t\t\t\t\t\t\t\tstyle=\"z-index:8;\"\n\t\t\t\t\t\t\t><img decoding=\"async\" src=\"\/\/autostopglobal.com\/wp-content\/plugins\/revslider\/sr6\/assets\/assets\/dummy.png\" alt=\"Leather car seats\" class=\"tp-rs-img rs-lazyload\" width=\"2048\" height=\"1360\" data-lazyload=\"\/\/autostopglobal.com\/wp-content\/uploads\/2021\/04\/leather-car-seats-P8NWNCA-2048x1360.jpg\" data-no-retina> \n\t\t\t\t\t\t\t<\/rs-layer><!--\n-->\t\t\t\t\t<\/rs-slide>\n\t\t\t\t\t<\/rs-slides>\n\t\t\t\t\t<rs-static-layers><!--\n\t\t\t\t\t--><\/rs-static-layers>\n\t\t\t\t<\/rs-module>\n\t\t\t\t<script>\n\t\t\t\t\tsetREVStartSize({c: 'rev_slider_108_2',rl:[1240,1024,778,480],el:[240],gw:[1240],gh:[240],type:'standard',justify:'',layout:'fullwidth',mh:\"0\"});if (window.RS_MODULES!==undefined && window.RS_MODULES.modules!==undefined && window.RS_MODULES.modules[\"revslider1082\"]!==undefined) {window.RS_MODULES.modules[\"revslider1082\"].once = false;window.revapi108 = undefined;if (window.RS_MODULES.checkMinimal!==undefined) window.RS_MODULES.checkMinimal()}\n\t\t\t\t<\/script>\n\t\t\t<\/rs-module-wrap>\n\t\t\t<!-- END REVOLUTION SLIDER -->\n[\/vc_column][\/vc_row][vc_row disable_element=&#8220;yes&#8220;][vc_column][vc_custom_heading text=&#8220;Design and Development&#8220; font_container=&#8220;tag:h1|text_align:center|color:%23000000&#8243; google_fonts=&#8220;font_family:Questrial%3Aregular|font_style:400%20regular%3A400%3Anormal&#8220; el_class=&#8220;title&#8220;][\/vc_column][\/vc_row][\/vc_section][vc_row disable_element=&#8220;yes&#8220; css=&#8220;.vc_custom_1678792445639{margin-bottom: 30px !important;padding-top: 70px !important;}&#8220; el_class=&#8220;separator-triangle-up&#8220;][vc_column width=&#8220;1\/2&#8243;][vc_single_image image=&#8220;2443&#8243; img_size=&#8220;400&#215;550&#8243; alignment=&#8220;center&#8220; onclick=&#8220;link_image&#8220;][\/vc_column][vc_column width=&#8220;1\/2&#8243;][vc_column_text]<\/p>\n<p style=\"text-align: justify;\">Autostop spielt als internationales Unternehmen seit vielen Jahren eine entscheidende Rolle in der Automobilindustrie, wenn es um die Entwicklung und Produktion von Interieurprodukten geht. Der Design- und Entwicklungsprozess des Unternehmens umfasst:<\/p>\n<ul>\n<li style=\"text-align: justify;\"><span style=\"color: #000000;\"><strong>Einf\u00fchrung neuer Ideen und Produkte<\/strong><\/span><\/li>\n<li style=\"text-align: justify;\"><span style=\"color: #000000;\"><strong>Bereitstellung von Innovation und neuen Technologien<\/strong><\/span><\/li>\n<li><span style=\"color: #000000;\"><strong>Erforschung und Entwicklung neuer Materialien<\/strong><\/span><\/li>\n<li><span style=\"color: #000000;\"><strong>Entwerfen von Produkten f\u00fcr eine Vielzahl von Branchen<\/strong><\/span><\/li>\n<li><span style=\"color: #000000;\"><strong>Anbieten von technischen L\u00f6sungen f\u00fcr komplizierte Designs<\/strong><\/span><\/li>\n<li><span style=\"color: #000000;\"><strong>Schnelle Ergebnisse bei der Pr\u00fcfung von Produkten und Materialien<\/strong><\/span><\/li>\n<\/ul>\n<p style=\"text-align: justify;\">Das Team verf\u00fcgt \u00fcber Expertise in mehreren Produkten und Branchen, wie beispielsweise Sitzbez\u00fcge, Fu\u00dfmatten, Interieurteile, Kunstleder, umweltfreundliche Materialien und Materialschutz. Ausgangspunkt jeder Entwicklung ist der Wunsch nach qualitativ hochwertigen Produkten und Design. All dies wird mit einem hochqualifizierten Design- und Entwicklungsteam durchgef\u00fchrt, um die best m\u00f6gliche Kundenzufriedenheit zu erreichen.<\/p>\n<p>[\/vc_column_text][\/vc_column][\/vc_row][vc_row][vc_column][vc_empty_space][vc_column_text]<strong>Autostop&#8217;s<\/strong> interdisciplinary D&amp;D team with many years of knowledge and experience in multiple products and industries offers to its customers services for all phases of the design and development process: introducing new ideas and products, transforming concepts into prototypes, providing innovation and new technologies, researching and developing new materials, designing products for multiple industries, offering engineering solutions to complicated designs, quick validating in the testing of products and materials, studying and proposing production improvements, designing to meet costs and quality requirements.[\/vc_column_text][\/vc_column][\/vc_row][vc_row][vc_column width=&#8220;1\/2&#8243;][vc_single_image image=&#8220;4132&#8243; img_size=&#8220;500&#215;500&#8243;][\/vc_column][vc_column width=&#8220;1\/2&#8243;][vc_single_image image=&#8220;4133&#8243; img_size=&#8220;500&#215;500&#8243;][\/vc_column][\/vc_row][vc_row][vc_column width=&#8220;1\/6&#8243;][vc_single_image image=&#8220;1787&#8243; img_size=&#8220;400&#215;400&#8243; alignment=&#8220;center&#8220; onclick=&#8220;link_image&#8220;][\/vc_column][vc_column width=&#8220;1\/6&#8243;][vc_single_image image=&#8220;1777&#8243; img_size=&#8220;400&#215;400&#8243; alignment=&#8220;center&#8220; onclick=&#8220;link_image&#8220;][\/vc_column][vc_column width=&#8220;1\/6&#8243;][vc_single_image image=&#8220;1793&#8243; img_size=&#8220;400&#215;400&#8243; alignment=&#8220;center&#8220; onclick=&#8220;link_image&#8220;][\/vc_column][vc_column width=&#8220;1\/6&#8243;][vc_single_image image=&#8220;1792&#8243; img_size=&#8220;400&#215;400&#8243; alignment=&#8220;center&#8220; onclick=&#8220;link_image&#8220;][\/vc_column][vc_column width=&#8220;1\/6&#8243;][vc_single_image image=&#8220;1794&#8243; img_size=&#8220;400&#215;400&#8243; alignment=&#8220;center&#8220; onclick=&#8220;link_image&#8220;][\/vc_column][vc_column width=&#8220;1\/6&#8243;][vc_single_image image=&#8220;1790&#8243; img_size=&#8220;400&#215;400&#8243; alignment=&#8220;center&#8220; onclick=&#8220;link_image&#8220;][\/vc_column][\/vc_row][vc_row][vc_column width=&#8220;1\/6&#8243;][vc_images_carousel images=&#8220;1852,1853&#8243; img_size=&#8220;400&#215;400&#8243;][\/vc_column][vc_column width=&#8220;1\/6&#8243;][vc_images_carousel images=&#8220;1810,1811,1812&#8243; img_size=&#8220;400&#215;400&#8243;][\/vc_column][vc_column width=&#8220;1\/6&#8243;][vc_images_carousel images=&#8220;1851,1850&#8243; img_size=&#8220;400&#215;400&#8243;][\/vc_column][vc_column width=&#8220;1\/6&#8243;][vc_images_carousel images=&#8220;1816,1815,1814&#8243; img_size=&#8220;400&#215;400&#8243;][\/vc_column][vc_column width=&#8220;1\/6&#8243;][vc_images_carousel images=&#8220;1799,1798,1797&#8243; img_size=&#8220;400&#215;400&#8243;][\/vc_column][vc_column width=&#8220;1\/6&#8243;][vc_images_carousel images=&#8220;1800,1801,1802&#8243; img_size=&#8220;400&#215;400&#8243;][\/vc_column][\/vc_row]<\/p>\n<\/div>","protected":false},"excerpt":{"rendered":"<p>[vc_section full_width=&#8220;stretch_row&#8220; parallax=&#8220;content-moving&#8220; parallax_image=&#8220;1652&#8243; parallax_speed_bg=&#8220;2&#8243; el_id=&#8220;Subheader&#8220; css=&#8220;.vc_custom_1625225946742{background-image: url(https:\/\/autostopglobal.com\/wp-content\/uploads\/2020\/12\/materials-light.png?id=443) !important;}&#8220; el_class=&#8220;subheader-none slider&#8220;][vc_row][vc_column][\/vc_column][\/vc_row][vc_row disable_element=&#8220;yes&#8220;][vc_column][vc_custom_heading text=&#8220;Design and Development&#8220; font_container=&#8220;tag:h1|text_align:center|color:%23000000&#8243; google_fonts=&#8220;font_family:Questrial%3Aregular|font_style:400%20regular%3A400%3Anormal&#8220; el_class=&#8220;title&#8220;][\/vc_column][\/vc_row][\/vc_section][vc_row disable_element=&#8220;yes&#8220; css=&#8220;.vc_custom_1678792445639{margin-bottom: 30px !important;padding-top: 70px !important;}&#8220; el_class=&#8220;separator-triangle-up&#8220;][vc_column width=&#8220;1\/2&#8243;][vc_single_image<span class=\"excerpt-hellip\"> [\u2026]<\/span><\/p>\n","protected":false},"author":3,"featured_media":0,"parent":0,"menu_order":0,"comment_status":"closed","ping_status":"closed","template":"","meta":{"inline_featured_image":false,"footnotes":""},"class_list":["post-567","page","type-page","status-publish","hentry"],"_links":{"self":[{"href":"https:\/\/autostopglobal.com\/de\/wp-json\/wp\/v2\/pages\/567","targetHints":{"allow":["GET"]}}],"collection":[{"href":"https:\/\/autostopglobal.com\/de\/wp-json\/wp\/v2\/pages"}],"about":[{"href":"https:\/\/autostopglobal.com\/de\/wp-json\/wp\/v2\/types\/page"}],"author":[{"embeddable":true,"href":"https:\/\/autostopglobal.com\/de\/wp-json\/wp\/v2\/users\/3"}],"replies":[{"embeddable":true,"href":"https:\/\/autostopglobal.com\/de\/wp-json\/wp\/v2\/comments?post=567"}],"version-history":[{"count":34,"href":"https:\/\/autostopglobal.com\/de\/wp-json\/wp\/v2\/pages\/567\/revisions"}],"predecessor-version":[{"id":1071,"href":"https:\/\/autostopglobal.com\/de\/wp-json\/wp\/v2\/pages\/567\/revisions\/1071"}],"wp:attachment":[{"href":"https:\/\/autostopglobal.com\/de\/wp-json\/wp\/v2\/media?parent=567"}],"curies":[{"name":"wp","href":"https:\/\/api.w.org\/{rel}","templated":true}]}}