{"id":528,"date":"2021-02-09T14:02:05","date_gmt":"2021-02-09T14:02:05","guid":{"rendered":"http:\/\/autostopglobal.com\/?page_id=528"},"modified":"2022-10-20T12:56:43","modified_gmt":"2022-10-20T11:56:43","slug":"quality-control","status":"publish","type":"page","link":"https:\/\/autostopglobal.com\/de\/quality-control\/","title":{"rendered":"Qualit\u00e4tskontrolle"},"content":{"rendered":"<div class=\"wpb-content-wrapper\"><p>[vc_section full_width=&#8220;stretch_row&#8220; parallax=&#8220;content-moving&#8220; parallax_image=&#8220;1778&#8243; parallax_speed_bg=&#8220;2&#8243; el_id=&#8220;Subheader&#8220; css=&#8220;.vc_custom_1625480899994{background-image: url(https:\/\/autostopglobal.com\/wp-content\/uploads\/2020\/12\/materials-light.png?id=443) !important;}&#8220; el_class=&#8220;subheader &#8211; none slider&#8220;][vc_row][vc_column]\n\t\t\t<!-- START Subheader  Quality Control DE REVOLUTION SLIDER 6.7.33 --><p class=\"rs-p-wp-fix\"><\/p>\n\t\t\t<rs-module-wrap id=\"rev_slider_129_2_wrapper\" data-source=\"gallery\" style=\"visibility:hidden;background:transparent;padding:0;margin:0px auto;margin-top:0;margin-bottom:0;\">\n\t\t\t\t<rs-module id=\"rev_slider_129_2\" style=\"\" data-version=\"6.7.33\">\n\t\t\t\t\t<rs-slides style=\"overflow: hidden; position: absolute;\">\n\t\t\t\t\t\t<rs-slide style=\"position: absolute;\" data-key=\"rs-277\" data-title=\"Slide\" data-anim=\"adpr:false;\" data-in=\"o:0;\" data-out=\"a:false;\">\n\t\t\t\t\t\t\t<img decoding=\"async\" src=\"\/\/autostopglobal.com\/wp-content\/plugins\/revslider\/sr6\/assets\/assets\/dummy.png\" alt=\"IMG_20210416_132037\" width=\"2560\" height=\"1920\" class=\"rev-slidebg tp-rs-img rs-lazyload\" data-lazyload=\"\/\/autostopglobal.com\/wp-content\/uploads\/2021\/04\/IMG_20210416_132037-scaled.jpg\" data-parallax=\"off\" data-no-retina>\n<!--\n\t\t\t\t\t\t\t--><rs-layer\n\t\t\t\t\t\t\t\tid=\"slider-129-slide-277-layer-0\" \n\t\t\t\t\t\t\t\tclass=\"title\"\n\t\t\t\t\t\t\t\tdata-type=\"text\"\n\t\t\t\t\t\t\t\tdata-color=\"#ffffff\"\n\t\t\t\t\t\t\t\tdata-rsp_ch=\"on\"\n\t\t\t\t\t\t\t\tdata-xy=\"x:c;xo:-4px;y:c;yo:-12px;\"\n\t\t\t\t\t\t\t\tdata-text=\"w:normal;s:60;a:center;\"\n\t\t\t\t\t\t\t\tdata-frame_999=\"o:0;st:w;\"\n\t\t\t\t\t\t\t\tstyle=\"z-index:9;font-family:'Questrial';\"\n\t\t\t\t\t\t\t>Qualit\u00e4tskontrolle \n\t\t\t\t\t\t\t<\/rs-layer><!--\n-->\t\t\t\t\t<\/rs-slide>\n\t\t\t\t\t<\/rs-slides>\n\t\t\t\t\t<rs-static-layers><!--\n\t\t\t\t\t--><\/rs-static-layers>\n\t\t\t\t<\/rs-module>\n\t\t\t\t<script>\n\t\t\t\t\tsetREVStartSize({c: 'rev_slider_129_2',rl:[1240,1024,778,480],el:[240],gw:[1240],gh:[240],type:'standard',justify:'',layout:'fullwidth',mh:\"0\"});if (window.RS_MODULES!==undefined && window.RS_MODULES.modules!==undefined && window.RS_MODULES.modules[\"revslider1292\"]!==undefined) {window.RS_MODULES.modules[\"revslider1292\"].once = false;window.revapi129 = undefined;if (window.RS_MODULES.checkMinimal!==undefined) window.RS_MODULES.checkMinimal()}\n\t\t\t\t<\/script>\n\t\t\t<\/rs-module-wrap>\n\t\t\t<!-- END REVOLUTION SLIDER -->\n[\/vc_column][\/vc_row][vc_row disable_element=&#8220;yes&#8220;][vc_column][vc_custom_heading text=&#8220;Quality Control&#8220; font_container=&#8220;tag:h1|text_align:center&#8220; google_fonts=&#8220;font_family:Questrial%3Aregular|font_style:400%20regular%3A400%3Anormal&#8220; el_class=&#8220;title&#8220;][\/vc_column][\/vc_row][\/vc_section][vc_row css=&#8220;.vc_custom_1608160442406{margin-bottom: 30px !important;padding-top: 70px !important;}&#8220; el_class=&#8220;separator-triangle-up&#8220;][vc_column width=&#8220;1\/2&#8243;][vc_single_image image=&#8220;1856&#8243; img_size=&#8220;500X300&#8243; onclick=&#8220;link_image&#8220;][vc_single_image image=&#8220;2009&#8243; img_size=&#8220;500X300&#8243; onclick=&#8220;link_image&#8220;][\/vc_column][vc_column width=&#8220;1\/2&#8243;][vc_column_text]<\/p>\n<p style=\"text-align: justify;\">Die Qualit\u00e4tsabteilung der Firma Autostop hat drei verschiedene Herangehensweisen:<\/p>\n<ul>\n<li style=\"text-align: justify;\"><span style=\"color: #000000;\"><strong>Qualit\u00e4tsmanagementsystem<\/strong><\/span><\/li>\n<li style=\"text-align: justify;\"><span style=\"color: #000000;\"><strong>Qualit\u00e4tssicherung<\/strong><\/span><\/li>\n<li style=\"text-align: justify;\"><span style=\"color: #000000;\"><strong>Qualit\u00e4tskontrolle<\/strong><\/span><\/li>\n<\/ul>\n<p style=\"text-align: justify;\">Das <strong>Qualit\u00e4tsmanagementsystem<\/strong> spielt eine Schl\u00fcsselrolle bei der kontinuierlichen Verbesserung einer Organisation. Das Hauptziel des Systems ist die Verbesserung der Qualit\u00e4t von Produkten, Prozessen und Dienstleistungen in Autostop.<\/p>\n<p style=\"text-align: justify;\">Die <strong>Qualit\u00e4tssicherung<\/strong> im Unternehmen Autostop zielt darauf ab, Prozesse zu entwickeln, deren Fokus auf der Fehlervermeidung liegt. Das Unternehmen Autostop verfolgt die Qualit\u00e4tssicherung von den ersten Phasen der Prozessentwicklung durch einen multidisziplin\u00e4ren Ansatz der Engineering-, Qualit\u00e4ts- und Projektmanagementabteilungen, einschlie\u00dflich aller Beteiligten.<\/p>\n<p style=\"text-align: justify;\"><strong>Qualit\u00e4tskontrolle<\/strong> \u2013 Das Unternehmen Autostop bietet dem Kunden ein Qualit\u00e4tsprodukt durch Aktivit\u00e4ten, die im Rahmen des Qualit\u00e4tskontrollprozesses durchgef\u00fchrt werden. Ein starkes Qualit\u00e4tskontrollsystem von Rohstoffen, Halbfertigwaren und Fertigprodukten bietet Qualit\u00e4tsprodukte, die den Kundenanforderungen und -erwartungen entsprechen.<\/p>\n<p>[\/vc_column_text][\/vc_column][\/vc_row][vc_row][vc_column width=&#8220;1\/6&#8243;][vc_single_image image=&#8220;3610&#8243; img_size=&#8220;400&#215;400&#8243; alignment=&#8220;center&#8220; onclick=&#8220;link_image&#8220; css_animation=&#8220;appear&#8220;][\/vc_column][vc_column width=&#8220;1\/6&#8243;][vc_single_image image=&#8220;3611&#8243; img_size=&#8220;400&#215;400&#8243; alignment=&#8220;center&#8220; onclick=&#8220;link_image&#8220; css_animation=&#8220;appear&#8220;][\/vc_column][vc_column width=&#8220;1\/6&#8243;][vc_single_image image=&#8220;3612&#8243; img_size=&#8220;400&#215;400&#8243; alignment=&#8220;center&#8220; onclick=&#8220;link_image&#8220; css_animation=&#8220;appear&#8220;][\/vc_column][vc_column width=&#8220;1\/6&#8243;][vc_single_image image=&#8220;2033&#8243; img_size=&#8220;400&#215;400&#8243; alignment=&#8220;center&#8220; onclick=&#8220;link_image&#8220; css_animation=&#8220;appear&#8220;][\/vc_column][vc_column width=&#8220;1\/6&#8243;][vc_single_image image=&#8220;3613&#8243; img_size=&#8220;400&#215;400&#8243; alignment=&#8220;center&#8220; onclick=&#8220;link_image&#8220; css_animation=&#8220;appear&#8220;][\/vc_column][vc_column width=&#8220;1\/6&#8243;][vc_single_image image=&#8220;3608&#8243; img_size=&#8220;400&#215;400&#8243; alignment=&#8220;center&#8220; onclick=&#8220;link_image&#8220; css_animation=&#8220;appear&#8220;][\/vc_column][\/vc_row]<\/p>\n<\/div>","protected":false},"excerpt":{"rendered":"<p>[vc_section full_width=&#8220;stretch_row&#8220; parallax=&#8220;content-moving&#8220; parallax_image=&#8220;1778&#8243; parallax_speed_bg=&#8220;2&#8243; el_id=&#8220;Subheader&#8220; css=&#8220;.vc_custom_1625480899994{background-image: url(https:\/\/autostopglobal.com\/wp-content\/uploads\/2020\/12\/materials-light.png?id=443) !important;}&#8220; el_class=&#8220;subheader &#8211; none slider&#8220;][vc_row][vc_column][\/vc_column][\/vc_row][vc_row disable_element=&#8220;yes&#8220;][vc_column][vc_custom_heading text=&#8220;Quality Control&#8220; font_container=&#8220;tag:h1|text_align:center&#8220; google_fonts=&#8220;font_family:Questrial%3Aregular|font_style:400%20regular%3A400%3Anormal&#8220; el_class=&#8220;title&#8220;][\/vc_column][\/vc_row][\/vc_section][vc_row css=&#8220;.vc_custom_1608160442406{margin-bottom: 30px !important;padding-top: 70px !important;}&#8220; el_class=&#8220;separator-triangle-up&#8220;][vc_column width=&#8220;1\/2&#8243;][vc_single_image<span class=\"excerpt-hellip\"> [\u2026]<\/span><\/p>\n","protected":false},"author":3,"featured_media":0,"parent":0,"menu_order":0,"comment_status":"closed","ping_status":"closed","template":"","meta":{"inline_featured_image":false,"footnotes":""},"class_list":["post-528","page","type-page","status-publish","hentry"],"_links":{"self":[{"href":"https:\/\/autostopglobal.com\/de\/wp-json\/wp\/v2\/pages\/528","targetHints":{"allow":["GET"]}}],"collection":[{"href":"https:\/\/autostopglobal.com\/de\/wp-json\/wp\/v2\/pages"}],"about":[{"href":"https:\/\/autostopglobal.com\/de\/wp-json\/wp\/v2\/types\/page"}],"author":[{"embeddable":true,"href":"https:\/\/autostopglobal.com\/de\/wp-json\/wp\/v2\/users\/3"}],"replies":[{"embeddable":true,"href":"https:\/\/autostopglobal.com\/de\/wp-json\/wp\/v2\/comments?post=528"}],"version-history":[{"count":27,"href":"https:\/\/autostopglobal.com\/de\/wp-json\/wp\/v2\/pages\/528\/revisions"}],"predecessor-version":[{"id":3617,"href":"https:\/\/autostopglobal.com\/de\/wp-json\/wp\/v2\/pages\/528\/revisions\/3617"}],"wp:attachment":[{"href":"https:\/\/autostopglobal.com\/de\/wp-json\/wp\/v2\/media?parent=528"}],"curies":[{"name":"wp","href":"https:\/\/api.w.org\/{rel}","templated":true}]}}