{"id":524,"date":"2021-02-09T14:00:26","date_gmt":"2021-02-09T14:00:26","guid":{"rendered":"http:\/\/autostopglobal.com\/?page_id=524"},"modified":"2025-05-10T10:38:46","modified_gmt":"2025-05-10T09:38:46","slug":"management-system","status":"publish","type":"page","link":"https:\/\/autostopglobal.com\/de\/management-system\/","title":{"rendered":"Mgt System"},"content":{"rendered":"<div class=\"wpb-content-wrapper\"><p>[vc_section full_width=&#8220;stretch_row&#8220; parallax=&#8220;content-moving&#8220; parallax_speed_bg=&#8220;2&#8243; css=&#8220;.vc_custom_1625479601893{background-image: url(https:\/\/autostopglobal.com\/wp-content\/uploads\/2020\/12\/materials-light.png?id=443) !important;}&#8220; el_class=&#8220;subheader-none slider&#8220; el_id=&#8220;Subheader&#8220;][vc_row][vc_column]\n\t\t\t<!-- START Subheader  Managing System DE REVOLUTION SLIDER 6.7.33 --><p class=\"rs-p-wp-fix\"><\/p>\n\t\t\t<rs-module-wrap id=\"rev_slider_123_2_wrapper\" data-source=\"gallery\" style=\"visibility:hidden;background:transparent;padding:0;margin:0px auto;margin-top:0;margin-bottom:0;\">\n\t\t\t\t<rs-module id=\"rev_slider_123_2\" style=\"\" data-version=\"6.7.33\">\n\t\t\t\t\t<rs-slides style=\"overflow: hidden; position: absolute;\">\n\t\t\t\t\t\t<rs-slide style=\"position: absolute;\" data-key=\"rs-271\" data-title=\"Slide\" data-anim=\"adpr:false;\" data-in=\"o:0;\" data-out=\"a:false;\">\n\t\t\t\t\t\t\t<img decoding=\"async\" src=\"\/\/autostopglobal.com\/wp-content\/plugins\/revslider\/sr6\/assets\/assets\/dummy.png\" alt=\"leon-bzqU01v-G54-unsplash\" width=\"2560\" height=\"1707\" class=\"rev-slidebg tp-rs-img rs-lazyload\" data-lazyload=\"\/\/autostopglobal.com\/wp-content\/uploads\/2021\/03\/leon-bzqU01v-G54-unsplash-scaled.jpg\" data-parallax=\"off\" data-no-retina>\n<!--\n\t\t\t\t\t\t\t--><rs-layer\n\t\t\t\t\t\t\t\tid=\"slider-123-slide-271-layer-0\" \n\t\t\t\t\t\t\t\tclass=\"title\"\n\t\t\t\t\t\t\t\tdata-type=\"text\"\n\t\t\t\t\t\t\t\tdata-color=\"#ffffff\"\n\t\t\t\t\t\t\t\tdata-rsp_ch=\"on\"\n\t\t\t\t\t\t\t\tdata-xy=\"x:c;xo:-4px;y:c;yo:-12px;\"\n\t\t\t\t\t\t\t\tdata-text=\"w:normal;s:60;a:center;\"\n\t\t\t\t\t\t\t\tdata-frame_999=\"o:0;st:w;\"\n\t\t\t\t\t\t\t\tstyle=\"z-index:9;font-family:'Questrial';\"\n\t\t\t\t\t\t\t>Management System \n\t\t\t\t\t\t\t<\/rs-layer><!--\n-->\t\t\t\t\t<\/rs-slide>\n\t\t\t\t\t<\/rs-slides>\n\t\t\t\t\t<rs-static-layers><!--\n\t\t\t\t\t--><\/rs-static-layers>\n\t\t\t\t<\/rs-module>\n\t\t\t\t<script>\n\t\t\t\t\tsetREVStartSize({c: 'rev_slider_123_2',rl:[1240,1024,778,480],el:[240],gw:[1240],gh:[240],type:'standard',justify:'',layout:'fullwidth',mh:\"0\"});if (window.RS_MODULES!==undefined && window.RS_MODULES.modules!==undefined && window.RS_MODULES.modules[\"revslider1232\"]!==undefined) {window.RS_MODULES.modules[\"revslider1232\"].once = false;window.revapi123 = undefined;if (window.RS_MODULES.checkMinimal!==undefined) window.RS_MODULES.checkMinimal()}\n\t\t\t\t<\/script>\n\t\t\t<\/rs-module-wrap>\n\t\t\t<!-- END REVOLUTION SLIDER -->\n[\/vc_column][\/vc_row][vc_row disable_element=&#8220;yes&#8220;][vc_column][vc_custom_heading text=&#8220;Managing System&#8220; font_container=&#8220;tag:h1|text_align:center&#8220; google_fonts=&#8220;font_family:Questrial%3Aregular|font_style:400%20regular%3A400%3Anormal&#8220; css_animation=&#8220;none&#8220; el_class=&#8220;title&#8220;][\/vc_column][\/vc_row][\/vc_section][vc_row disable_element=&#8220;yes&#8220; css=&#8220;.vc_custom_1679396441299{margin-bottom: 30px !important;padding-top: 70px !important;}&#8220; el_class=&#8220;separator-triangle-up&#8220;][vc_column width=&#8220;1\/2&#8243;][vc_single_image image=&#8220;1060&#8243; img_size=&#8220;500X300&#8243;][vc_single_image image=&#8220;1061&#8243; img_size=&#8220;500X300&#8243;][vc_single_image image=&#8220;1020&#8243; img_size=&#8220;500X300&#8243;][\/vc_column][vc_column width=&#8220;1\/2&#8243;][vc_column_text]<strong>Autostop<\/strong> implementiert ein Sicherheits-, Qualit\u00e4ts- und Umweltschutzmanagementsystem, das w\u00e4hrend der verschiedenen Phasen des Produktionsprozesses st\u00e4ndig \u00fcberwacht und kontinuierlich optimiert wird. Die verwendeten Rohstoffe und Ressourcen erf\u00fcllen alle Pr\u00fcfanforderungen und internationalen Industriestandards. Autostop ist nach folgenden Standards zertifiziert:<\/p>\n<ul>\n<li><span style=\"color: #000000;\"><strong>IATF 16949<\/strong><\/span><\/li>\n<li><span style=\"color: #000000;\"><strong>ISO 14001<\/strong><\/span><\/li>\n<li><span style=\"color: #000000;\"><strong>ISO 45001<\/strong><\/span><\/li>\n<li><span style=\"color: #000000;\"><strong>ISO 50001<\/strong><\/span><\/li>\n<li><span style=\"color: #000000;\"><strong>TISAX\u00ae Assessment Scope SXTH6Y<\/strong><\/span><\/li>\n<\/ul>\n<p><strong>Autostop besteht aus <\/strong>: Autostop Interiors und Autostop Floor mats.<\/p>\n<p>Anwendungsbereich von <strong>Autostop Interiors <\/strong>: Design und Produktion von Interieurteilen und Polstern aus Leder, Stoff und anderen weichen Materialien. Forschung und Entwicklung von Kunstleder und Herstellung von Kunstleder.<\/p>\n<p>Anwendungsbereich von <strong>Autostop-Fu\u00dfmatten <\/strong>: Design und Produktion von Matten.<\/p>\n<p>Autostop hat einen Unterst\u00fctzungsprozess:<\/p>\n<ul>\n<li><span style=\"color: #000000;\"><strong>Design und Entwicklung von Innenteilen und Fu\u00dfmatten sowie Labort\u00e4tigkeiten in Leskovac.<\/strong><\/span><\/li>\n<\/ul>\n<p>Das Unternehmen baut seinen Ansatz auf der gegenseitigen Zusammenarbeit zwischen Lieferanten und Kunden auf. Eine gute Verbindung und Interaktion zwischen den Hauptprozessen sowie dem Unterst\u00fctzungsprozess erreicht eine gute Interaktion und Koh\u00e4renz des Managementsystems und reagiert auf jede Aufgabe. Ein besonderer Vorteil, den Autostop durch diesen Ansatz aufgebaut hat, ist eine schnelle Reaktion und die M\u00f6glichkeit der Flexibilit\u00e4t gegen\u00fcber dem Kunden und anderen interessierten Parteien, eine schnelle Entscheidungsfindung, Implementierung sowie das Vorschlagen neuer L\u00f6sungen, alles mit dem Ziel, alle zufrieden zu stellen Parteien.[\/vc_column_text][\/vc_column][\/vc_row][vc_row css=&#8220;.vc_custom_1608160442406{margin-bottom: 30px !important;padding-top: 70px !important;}&#8220; el_class=&#8220;separator-triangle-up&#8220;][vc_column width=&#8220;1\/2&#8243;][vc_single_image image=&#8220;1060&#8243; img_size=&#8220;500X300&#8243;][vc_single_image image=&#8220;1061&#8243; img_size=&#8220;500X300&#8243;][vc_single_image image=&#8220;1020&#8243; img_size=&#8220;500X300&#8243;][\/vc_column][vc_column width=&#8220;1\/2&#8243;][vc_column_text]<\/p>\n<p style=\"text-align: justify;\"><strong>Autostop<\/strong> has implemented a safety, quality and environmental management system, which is constantly monitored and continuously optimized during various phases of the production process. The raw materials and resources used to meet all the requirements of testing and international industry standards. <strong>Autostop<\/strong> is certified according to standards:<\/p>\n<ul>\n<li style=\"text-align: justify;\"><strong><span style=\"color: #000000;\"> IATF 16949 <\/span><\/strong><\/li>\n<li style=\"text-align: justify;\"><strong><span style=\"color: #000000;\">ISO 14001 <\/span><\/strong><\/li>\n<li style=\"text-align: justify;\"><strong><span style=\"color: #000000;\">ISO 45001<\/span><\/strong><\/li>\n<li><span style=\"color: #000000;\"><strong>ISO 50001<\/strong><\/span><\/li>\n<\/ul>\n<p style=\"text-align: justify;\"><strong>Autostop consists of: Autostop Interiors<\/strong> and <strong>Autostop Floormats<\/strong>.<\/p>\n<p>Scope of <strong>Autostop Interiors<\/strong>, address: Leskovac, Serbia: Design and production of interior parts and covers from leather, fabric and other soft materials.<\/p>\n<p>Scope of <strong>Autostop Interiors<\/strong>, address: Bojnik, Serbia: Design and production of artificial leather.<\/p>\n<p>Scope of <strong>Autostop Floormats<\/strong>, address: Leskovac, Serbia: Design and production of interiors carpet floormats.<\/p>\n<p><strong>Autostop<\/strong> has a support process:<\/p>\n<ul>\n<li style=\"text-align: justify;\"><span style=\"color: #000000;\"><strong>Design and development of interior parts and floormats and Laboratory activities, which is also located in Leskovac.<\/strong><\/span><\/li>\n<\/ul>\n<p style=\"text-align: justify;\">The company builds its approach on mutual cooperation between suppliers and customers. Good connectivity and interaction between the main processes, as well as the support process, achieves good interaction and coherence of the management system to respond to each task. A special advantage, which <strong>Autostop<\/strong> has built through this approach, is the quick response and the possibility of flexibility towards the customer and other stakeholders, fast decision making, implementation, as well as the proposal of new solutions, all in order to satisfy all parties.<\/p>\n<p>[\/vc_column_text][\/vc_column][\/vc_row][vc_row disable_element=&#8220;yes&#8220;][vc_column width=&#8220;1\/2&#8243;][vc_single_image image=&#8220;1057&#8243; img_size=&#8220;500X300&#8243;][vc_single_image image=&#8220;1021&#8243; img_size=&#8220;500X300&#8243;][vc_single_image image=&#8220;2374&#8243; img_size=&#8220;500X300&#8243;][vc_single_image image=&#8220;710&#8243; img_size=&#8220;500X300&#8243;][\/vc_column][vc_column width=&#8220;1\/2&#8243;][vc_column_text]<\/p>\n<h5><strong>RICHTLINIE F\u00dcR INTEGRIERTE MANAGEMENTSYSTEME<\/strong><\/h5>\n<p>[\/vc_column_text][vc_column_text]Das Erreichen der in der Richtlinie des integrierten Managementsystems definierten Ziele ist die st\u00e4ndige Aufgabe aller Mitarbeiter von AUTOSTOP INTERIORS DOO und basiert auf Folgendem:<\/p>\n<ul>\n<li><span style=\"color: #000000;\">Erf\u00fcllung der Anforderungen und Erwartungen interessierter Parteien;<\/span><\/li>\n<li><span style=\"color: #000000;\">Kontinuierliche Verbesserung der Effektivit\u00e4t und Effizienz aller Aspekte der Organisation;<\/span><\/li>\n<li><span style=\"color: #000000;\">Hohe Professionalit\u00e4t und Kompetenz der Mitarbeiter sowie st\u00e4ndige Investitionen in Humanressourcen;<\/span><\/li>\n<li><span style=\"color: #000000;\">Aufbau von gesch\u00e4ftlichen Partnerschaftsbeziehungen mit Subunternehmern;<\/span><\/li>\n<li><span style=\"color: #000000;\">Verbesserung der Arbeitsorganisation zur rationellen Nutzung von Rohstoffen, Energie und Wasser, Verringerung der Emission von Schadstoffen in die Luft und Vermeidung von Wasser- und Bodenverschmutzung;<\/span><\/li>\n<li><span style=\"color: #000000;\">Entsorgung von Abf\u00e4llen, die umweltschonend verarbeitet werden;<\/span><\/li>\n<li><span style=\"color: #000000;\">Schaffung sicherer und gesunder Arbeitsbedingungen ohne Berufskrankheiten und Arbeitsunf\u00e4lle;<\/span><\/li>\n<li><span style=\"color: #000000;\">Kontinuierliche \u00dcberwachung der Auswirkungen der Aktivit\u00e4ten auf die Umwelt, volles Engagement f\u00fcr das Umweltmanagement;<\/span><\/li>\n<li><span style=\"color: #000000;\">Schonung der nat\u00fcrlichen Ressourcen und Minimierung der Abfallerzeugung jeglicher Art gem\u00e4\u00df geltender Gesetzgebung;<\/span><\/li>\n<li><span style=\"color: #000000;\">Konsequente \u00dcberwachung und Einhaltung von Gesetzen, Vorschriften, Kodizes, Standards im Bereich Umweltschutz, Sicherheit und Gesundheit bei der Arbeit, Gesch\u00e4ftst\u00e4tigkeit sowie Vertragsklauseln;<\/span><\/li>\n<li><span style=\"color: #000000;\">Akzeptanz und Umsetzung von Best Practices zur Verringerung negativer Umweltauswirkungen und zur Ber\u00fccksichtigung des bestehenden \u00d6kosystems (Flora und Fauna);<\/span><\/li>\n<li><span style=\"color: #000000;\">Verpflichtung aller Prozessfaktoren zur Vermeidung von Umweltverschmutzung und Ressourcenverbrauch (Rohstoffe und Energie) auf Kosten ihrer Wiederverwertung und\/oder Erneuerung;<\/span><\/li>\n<li><span style=\"color: #000000;\">Implementierung, Aufrechterhaltung und kontinuierliche Verbesserung des Integrierten Managementsystems;<\/span><\/li>\n<li><span style=\"color: #000000;\">Einbindung aller Mitarbeiter in die Aufrechterhaltung und Verbesserung des etablierten Integrierten Managementsystems;<\/span><\/li>\n<li><span style=\"color: #000000;\">St\u00e4ndige \u00dcberpr\u00fcfung der festgelegten Richtlinien und allgemeinen Ziele des Integrierten Managementsystems.<\/span><\/li>\n<\/ul>\n<p>Leskovac, 30.01.2023[\/vc_column_text][\/vc_column][\/vc_row][vc_row][vc_column width=&#8220;1\/2&#8243;][vc_single_image image=&#8220;1057&#8243; img_size=&#8220;500X300&#8243;][vc_single_image image=&#8220;1021&#8243; img_size=&#8220;500X300&#8243;][vc_single_image image=&#8220;2374&#8243; img_size=&#8220;500X300&#8243;][vc_single_image image=&#8220;710&#8243; img_size=&#8220;500X300&#8243;][\/vc_column][vc_column width=&#8220;1\/2&#8243;][vc_column_text]<\/p>\n<h5><strong>INTEGRATED MANAGEMENT SYSTEM POLICY<\/strong><\/h5>\n<p>[\/vc_column_text][vc_column_text]<span style=\"color: #000000;\">The achievement of the goals defined by the Integrated Management System Policy is a constant task of all employees in <strong>Autostop Interiors doo<\/strong> and are based on the following:<\/span><\/p>\n<ul>\n<li><span style=\"color: #000000;\">Meeting requirements and expectations of Stakeholders;<\/span><\/li>\n<li><span style=\"color: #000000;\">Continuous improvement of the effectiveness and efficiency of all aspects of the organization;<\/span><\/li>\n<li><span style=\"color: #000000;\">High professionalism and competence of employees, as well as constant investment in human resources;<\/span><\/li>\n<li><span style=\"color: #000000;\">Creating a business-partner relationships with subcontractors;<\/span><\/li>\n<li><span style=\"color: #000000;\">Improving the organization of work for the rational use of raw materials, energy and water, reducing emissions of harmful substances in the air and preventing pollution of water and soil;<\/span><\/li>\n<li><span style=\"color: #000000;\">Disposal of waste, which is processed in such a way that it does not endanger the environment;<\/span><\/li>\n<li><span style=\"color: #000000;\">Creation of safe and healthy working conditions, without occupational diseases and injuries at work;<\/span><\/li>\n<li><span style=\"color: #000000;\">Energy management and energy efficiency;<\/span><\/li>\n<li><span style=\"color: #000000;\">Continuous monitoring of the impact of activities on the environment, full commitment to environmental management;<\/span><\/li>\n<li><span style=\"color: #000000;\">Saving of natural resources and minimization of waste generation of any kind, in accordance with the current legislation;<\/span><\/li>\n<li><span style=\"color: #000000;\">Consistent monitoring and compliance with laws, regulations, codes, standards in the field of environmental protection, safety and health at work, business activities, as well as contractual clauses;<\/span><\/li>\n<li><span style=\"color: #000000;\">Acceptance and implementation of best practices for reducing harmful effects on the environment and reflecting the existing eco system (flora and fauna);<\/span><\/li>\n<li><span style=\"color: #000000;\">Obligation of all process factors to prevent pollution and resource consumption (raw materials and energy) at the expense of their recycling and\/or renewal;<\/span><\/li>\n<li><span style=\"color: #000000;\">Continuous improvement of energy performance and efficiency;<\/span><\/li>\n<li><span style=\"color: #000000;\">Procurement of energy efficient products;<\/span><\/li>\n<li><span style=\"color: #000000;\">Designing with the aim of reducing the carbon footprint of the product throughout its entire life cycle;<\/span><\/li>\n<li><span style=\"color: #000000;\">Application, maintenance and continuous improvement of the Integrated Management System;<\/span><\/li>\n<li><span style=\"color: #000000;\">Inclusion of all employees in maintenance and improvement of the established Integrated Management System;<\/span><\/li>\n<li><span style=\"color: #000000;\">Constant review of the established policy and general objectives of the Integrated Management System.<\/span><\/li>\n<\/ul>\n<p><span style=\"color: #000000;\">Leskovac, 01.02.2022<\/span>[\/vc_column_text][\/vc_column][\/vc_row]<\/p>\n<\/div>","protected":false},"excerpt":{"rendered":"<p>[vc_section full_width=&#8220;stretch_row&#8220; parallax=&#8220;content-moving&#8220; parallax_speed_bg=&#8220;2&#8243; css=&#8220;.vc_custom_1625479601893{background-image: url(https:\/\/autostopglobal.com\/wp-content\/uploads\/2020\/12\/materials-light.png?id=443) !important;}&#8220; el_class=&#8220;subheader-none slider&#8220; el_id=&#8220;Subheader&#8220;][vc_row][vc_column][\/vc_column][\/vc_row][vc_row disable_element=&#8220;yes&#8220;][vc_column][vc_custom_heading text=&#8220;Managing System&#8220; font_container=&#8220;tag:h1|text_align:center&#8220; google_fonts=&#8220;font_family:Questrial%3Aregular|font_style:400%20regular%3A400%3Anormal&#8220; css_animation=&#8220;none&#8220; el_class=&#8220;title&#8220;][\/vc_column][\/vc_row][\/vc_section][vc_row disable_element=&#8220;yes&#8220; css=&#8220;.vc_custom_1679396441299{margin-bottom: 30px !important;padding-top: 70px !important;}&#8220; el_class=&#8220;separator-triangle-up&#8220;][vc_column width=&#8220;1\/2&#8243;][vc_single_image image=&#8220;1060&#8243;<span class=\"excerpt-hellip\"> [\u2026]<\/span><\/p>\n","protected":false},"author":3,"featured_media":-1,"parent":0,"menu_order":0,"comment_status":"closed","ping_status":"closed","template":"","meta":{"inline_featured_image":false,"footnotes":""},"class_list":["post-524","page","type-page","status-publish","has-post-thumbnail","hentry"],"_links":{"self":[{"href":"https:\/\/autostopglobal.com\/de\/wp-json\/wp\/v2\/pages\/524","targetHints":{"allow":["GET"]}}],"collection":[{"href":"https:\/\/autostopglobal.com\/de\/wp-json\/wp\/v2\/pages"}],"about":[{"href":"https:\/\/autostopglobal.com\/de\/wp-json\/wp\/v2\/types\/page"}],"author":[{"embeddable":true,"href":"https:\/\/autostopglobal.com\/de\/wp-json\/wp\/v2\/users\/3"}],"replies":[{"embeddable":true,"href":"https:\/\/autostopglobal.com\/de\/wp-json\/wp\/v2\/comments?post=524"}],"version-history":[{"count":50,"href":"https:\/\/autostopglobal.com\/de\/wp-json\/wp\/v2\/pages\/524\/revisions"}],"predecessor-version":[{"id":4398,"href":"https:\/\/autostopglobal.com\/de\/wp-json\/wp\/v2\/pages\/524\/revisions\/4398"}],"wp:featuredmedia":[{"embeddable":true,"href":"https:\/\/autostopglobal.com\/de\/wp-json\/"}],"wp:attachment":[{"href":"https:\/\/autostopglobal.com\/de\/wp-json\/wp\/v2\/media?parent=524"}],"curies":[{"name":"wp","href":"https:\/\/api.w.org\/{rel}","templated":true}]}}