{"id":519,"date":"2021-02-09T13:56:40","date_gmt":"2021-02-09T13:56:40","guid":{"rendered":"http:\/\/autostopglobal.com\/?page_id=519"},"modified":"2022-03-28T12:41:07","modified_gmt":"2022-03-28T11:41:07","slug":"eco-friendly-materials-environment","status":"publish","type":"page","link":"https:\/\/autostopglobal.com\/de\/eco-friendly-materials-environment\/","title":{"rendered":"Umweltfreundliche Materialien"},"content":{"rendered":"<div class=\"wpb-content-wrapper\"><p>[vc_section full_width=&#8220;stretch_row&#8220; parallax=&#8220;content-moving&#8220; parallax_image=&#8220;754&#8243; parallax_speed_bg=&#8220;2&#8243; el_id=&#8220;Subheader&#8220; css=&#8220;.vc_custom_1625485622560{background-image: url(https:\/\/autostopglobal.com\/wp-content\/uploads\/2020\/12\/materials-light.png?id=443) !important;}&#8220; el_class=&#8220;subheader &#8211; none slider&#8220;][vc_row][vc_column]\n\t\t\t<!-- START Subheader  Eco Friendly Materials DE REVOLUTION SLIDER 6.7.33 --><p class=\"rs-p-wp-fix\"><\/p>\n\t\t\t<rs-module-wrap id=\"rev_slider_120_2_wrapper\" data-source=\"gallery\" style=\"visibility:hidden;background:transparent;padding:0;margin:0px auto;margin-top:0;margin-bottom:0;\">\n\t\t\t\t<rs-module id=\"rev_slider_120_2\" style=\"\" data-version=\"6.7.33\">\n\t\t\t\t\t<rs-slides style=\"overflow: hidden; position: absolute;\">\n\t\t\t\t\t\t<rs-slide style=\"position: absolute;\" data-key=\"rs-268\" data-title=\"Slide\" data-anim=\"adpr:false;\" data-in=\"o:0;\" data-out=\"a:false;\">\n\t\t\t\t\t\t\t<img decoding=\"async\" src=\"\/\/autostopglobal.com\/wp-content\/plugins\/revslider\/sr6\/assets\/assets\/dummy.png\" alt=\"20210315_101401\" width=\"2560\" height=\"1440\" class=\"rev-slidebg tp-rs-img rs-lazyload\" data-lazyload=\"\/\/autostopglobal.com\/wp-content\/uploads\/2021\/03\/20210315_101401-scaled.jpg\" data-parallax=\"off\" data-no-retina>\n<!--\n\t\t\t\t\t\t\t--><rs-layer\n\t\t\t\t\t\t\t\tid=\"slider-120-slide-268-layer-0\" \n\t\t\t\t\t\t\t\tclass=\"title\"\n\t\t\t\t\t\t\t\tdata-type=\"text\"\n\t\t\t\t\t\t\t\tdata-color=\"#ffffff\"\n\t\t\t\t\t\t\t\tdata-rsp_ch=\"on\"\n\t\t\t\t\t\t\t\tdata-xy=\"x:c;y:c;\"\n\t\t\t\t\t\t\t\tdata-text=\"w:normal;s:60;a:center;\"\n\t\t\t\t\t\t\t\tdata-frame_999=\"o:0;st:w;\"\n\t\t\t\t\t\t\t\tstyle=\"z-index:9;font-family:'Questrial';\"\n\t\t\t\t\t\t\t>Umweltfreundliche Materialien \n\t\t\t\t\t\t\t<\/rs-layer><!--\n\n\t\t\t\t\t\t\t--><rs-layer\n\t\t\t\t\t\t\t\tid=\"slider-120-slide-268-layer-1\" \n\t\t\t\t\t\t\t\tdata-type=\"image\"\n\t\t\t\t\t\t\t\tdata-rsp_ch=\"on\"\n\t\t\t\t\t\t\t\tdata-xy=\"x:-382px;y:-270px;\"\n\t\t\t\t\t\t\t\tdata-text=\"w:normal;\"\n\t\t\t\t\t\t\t\tdata-dim=\"w:1989px;h:1119px;\"\n\t\t\t\t\t\t\t\tdata-frame_999=\"o:0;st:w;\"\n\t\t\t\t\t\t\t\tstyle=\"z-index:8;\"\n\t\t\t\t\t\t\t><img decoding=\"async\" src=\"\/\/autostopglobal.com\/wp-content\/plugins\/revslider\/sr6\/assets\/assets\/dummy.png\" alt=\"20210315_101401\" class=\"tp-rs-img rs-lazyload\" width=\"2048\" height=\"1152\" data-lazyload=\"\/\/autostopglobal.com\/wp-content\/uploads\/2021\/03\/20210315_101401-2048x1152.jpg\" data-no-retina> \n\t\t\t\t\t\t\t<\/rs-layer><!--\n-->\t\t\t\t\t<\/rs-slide>\n\t\t\t\t\t<\/rs-slides>\n\t\t\t\t\t<rs-static-layers><!--\n\t\t\t\t\t--><\/rs-static-layers>\n\t\t\t\t<\/rs-module>\n\t\t\t\t<script>\n\t\t\t\t\tsetREVStartSize({c: 'rev_slider_120_2',rl:[1240,1024,778,480],el:[240],gw:[1240],gh:[240],type:'standard',justify:'',layout:'fullwidth',mh:\"0\"});if (window.RS_MODULES!==undefined && window.RS_MODULES.modules!==undefined && window.RS_MODULES.modules[\"revslider1202\"]!==undefined) {window.RS_MODULES.modules[\"revslider1202\"].once = false;window.revapi120 = undefined;if (window.RS_MODULES.checkMinimal!==undefined) window.RS_MODULES.checkMinimal()}\n\t\t\t\t<\/script>\n\t\t\t<\/rs-module-wrap>\n\t\t\t<!-- END REVOLUTION SLIDER -->\n[\/vc_column][\/vc_row][vc_row disable_element=&#8220;yes&#8220;][vc_column][vc_custom_heading text=&#8220;Eco-Friendly Materials&#8220; font_container=&#8220;tag:h1|text_align:center&#8220; google_fonts=&#8220;font_family:Questrial%3Aregular|font_style:400%20regular%3A400%3Anormal&#8220; el_class=&#8220;title&#8220;][\/vc_column][\/vc_row][\/vc_section][vc_row css=&#8220;.vc_custom_1608160442406{margin-bottom: 30px !important;padding-top: 70px !important;}&#8220; el_class=&#8220;separator-triangle-up&#8220;][vc_column][vc_column_text]<\/p>\n<p style=\"text-align: justify;\">Nachhaltigkeit ist ein wichtiges Thema f\u00fcr Autostop und seine Kunden. Autostop Interiors bietet innovative und umweltfreundliche Materialien, um den Kunden und die Umwelt zu sch\u00fctzen. Das Unternehmen folgt:<\/p>\n<ul>\n<li><span style=\"color: #000000;\"><strong>Die Philosophie des Ausschlusses von sch\u00e4dlichen, Allergenen und giftigen Substanzen und deren Ersatz durch wasserbasierte und ungiftige Alternativen<\/strong><\/span><\/li>\n<li><span style=\"color: #000000;\"><strong>Sicherstellung von geringstm\u00f6glichen Emissionen und nicht sch\u00e4dlichen Nebenprodukten<\/strong><\/span><\/li>\n<\/ul>\n<p style=\"text-align: justify;\">Das Unternehmen hat die Verwendung von L\u00f6sungsmitteln, Azofarbstoffen und Monomerr\u00fcckst\u00e4nden ausgeschlossen. Es bietet umweltfreundliche Alternativen zu herk\u00f6mmlichem Kunstleder, indem es die physikalischen und Leistungseigenschaften der dem Kunden angebotenen Materialien beibeh\u00e4lt. Auf diese Weise gilt Autostop als f\u00fchrend bei nachhaltigen Alternativen, die durch jahrelange Forschungs- und Testverfahren entstanden sind.<\/p>\n<div class=\"wpb_text_column wpb_content_element \">\n<div class=\"wpb_wrapper\">\n<p style=\"text-align: justify;\">Autostop ist auch der f\u00fchrende Anbieter von umweltfreundlichen Fu\u00dfmatten aus Teppichmaterial. Teppichmaterialien aus 100 % Polyester und 100 % Polypropylen sind vollst\u00e4ndig entwickelt und fungieren als recycelbare Alternativen zu aktuellen nicht recycelbaren Teppichkonstruktionen. Zus\u00e4tzlich zu vollst\u00e4ndig recycelbaren Fu\u00dfmatten bietet Autostop seinen Kunden eine Vielzahl von Optionen, um in aktuellen Materialzusammensetzungen einen hohen Recyclinganteil zu erzielen.<\/p>\n<\/div>\n<\/div>\n<div class=\"wpb_text_column wpb_content_element \">\n<div class=\"wpb_wrapper\">\n<p><strong>Lassen Sie uns gemeinsam in eine nachhaltige Zukunft gehen!<\/strong><\/p>\n<\/div>\n<\/div>\n<p>[\/vc_column_text][\/vc_column][\/vc_row][vc_row el_class=&#8220;mobile-x3-columns&#8220;][vc_column width=&#8220;1\/6&#8243;][vc_single_image image=&#8220;749&#8243; img_size=&#8220;100&#215;100&#8243;][vc_single_image image=&#8220;771&#8243; img_size=&#8220;100&#215;120&#8243;][vc_single_image image=&#8220;777&#8243; img_size=&#8220;100&#215;120&#8243;][\/vc_column][vc_column width=&#8220;1\/6&#8243;][vc_single_image image=&#8220;766&#8243; img_size=&#8220;100X100&#8243;][vc_single_image image=&#8220;772&#8243; img_size=&#8220;100X100&#8243;][vc_single_image image=&#8220;778&#8243; img_size=&#8220;100X150&#8243;][\/vc_column][vc_column width=&#8220;1\/6&#8243;][vc_single_image image=&#8220;767&#8243; img_size=&#8220;100X100&#8243;][vc_single_image image=&#8220;773&#8243; img_size=&#8220;100X100&#8243;][vc_single_image image=&#8220;779&#8243; img_size=&#8220;100X140&#8243;][\/vc_column][vc_column width=&#8220;1\/6&#8243;][vc_single_image image=&#8220;768&#8243; img_size=&#8220;100X100&#8243;][vc_single_image image=&#8220;774&#8243; img_size=&#8220;100X100&#8243;][vc_single_image image=&#8220;780&#8243; img_size=&#8220;110&#215;115&#8243;][\/vc_column][vc_column width=&#8220;1\/6&#8243;][vc_single_image image=&#8220;769&#8243; img_size=&#8220;100X100&#8243;][vc_single_image image=&#8220;775&#8243; img_size=&#8220;100X200&#8243;][\/vc_column][vc_column width=&#8220;1\/6&#8243;][vc_single_image image=&#8220;770&#8243; img_size=&#8220;100X100&#8243;][vc_single_image image=&#8220;776&#8243; img_size=&#8220;120&#215;135&#8243;][\/vc_column][\/vc_row]<\/p>\n<\/div>","protected":false},"excerpt":{"rendered":"<p>[vc_section full_width=&#8220;stretch_row&#8220; parallax=&#8220;content-moving&#8220; parallax_image=&#8220;754&#8243; parallax_speed_bg=&#8220;2&#8243; el_id=&#8220;Subheader&#8220; css=&#8220;.vc_custom_1625485622560{background-image: url(https:\/\/autostopglobal.com\/wp-content\/uploads\/2020\/12\/materials-light.png?id=443) !important;}&#8220; el_class=&#8220;subheader &#8211; none slider&#8220;][vc_row][vc_column][\/vc_column][\/vc_row][vc_row disable_element=&#8220;yes&#8220;][vc_column][vc_custom_heading text=&#8220;Eco-Friendly Materials&#8220; font_container=&#8220;tag:h1|text_align:center&#8220; google_fonts=&#8220;font_family:Questrial%3Aregular|font_style:400%20regular%3A400%3Anormal&#8220; el_class=&#8220;title&#8220;][\/vc_column][\/vc_row][\/vc_section][vc_row css=&#8220;.vc_custom_1608160442406{margin-bottom: 30px !important;padding-top: 70px !important;}&#8220; el_class=&#8220;separator-triangle-up&#8220;][vc_column][vc_column_text] Nachhaltigkeit<span class=\"excerpt-hellip\"> [\u2026]<\/span><\/p>\n","protected":false},"author":3,"featured_media":0,"parent":0,"menu_order":0,"comment_status":"closed","ping_status":"closed","template":"","meta":{"inline_featured_image":false,"footnotes":""},"class_list":["post-519","page","type-page","status-publish","hentry"],"_links":{"self":[{"href":"https:\/\/autostopglobal.com\/de\/wp-json\/wp\/v2\/pages\/519","targetHints":{"allow":["GET"]}}],"collection":[{"href":"https:\/\/autostopglobal.com\/de\/wp-json\/wp\/v2\/pages"}],"about":[{"href":"https:\/\/autostopglobal.com\/de\/wp-json\/wp\/v2\/types\/page"}],"author":[{"embeddable":true,"href":"https:\/\/autostopglobal.com\/de\/wp-json\/wp\/v2\/users\/3"}],"replies":[{"embeddable":true,"href":"https:\/\/autostopglobal.com\/de\/wp-json\/wp\/v2\/comments?post=519"}],"version-history":[{"count":22,"href":"https:\/\/autostopglobal.com\/de\/wp-json\/wp\/v2\/pages\/519\/revisions"}],"predecessor-version":[{"id":3265,"href":"https:\/\/autostopglobal.com\/de\/wp-json\/wp\/v2\/pages\/519\/revisions\/3265"}],"wp:attachment":[{"href":"https:\/\/autostopglobal.com\/de\/wp-json\/wp\/v2\/media?parent=519"}],"curies":[{"name":"wp","href":"https:\/\/api.w.org\/{rel}","templated":true}]}}