{"id":511,"date":"2021-02-09T13:49:13","date_gmt":"2021-02-09T13:49:13","guid":{"rendered":"http:\/\/autostopglobal.com\/?page_id=511"},"modified":"2025-05-29T17:05:28","modified_gmt":"2025-05-29T16:05:28","slug":"corporate-social-responsibility","status":"publish","type":"page","link":"https:\/\/autostopglobal.com\/de\/corporate-social-responsibility\/","title":{"rendered":"CSR"},"content":{"rendered":"<div class=\"wpb-content-wrapper\"><p>[vc_row][vc_column][vc_column_text][\/vc_column_text][\/vc_column][\/vc_row][vc_section full_width=&#8220;stretch_row&#8220; parallax=&#8220;content-moving&#8220; parallax_image=&#8220;1113&#8243; parallax_speed_bg=&#8220;2&#8243; el_id=&#8220;Subheader&#8220; css=&#8220;.vc_custom_1623232132195{background-image: url(https:\/\/autostopglobal.com\/wp-content\/uploads\/2020\/12\/materials-light.png?id=443) !important;}&#8220; el_class=&#8220;subheader-none slider&#8220;][vc_row][vc_column]\n\t\t\t<!-- START Subheader  Corporate Social Responsibility DE REVOLUTION SLIDER 6.7.33 --><p class=\"rs-p-wp-fix\"><\/p>\n\t\t\t<rs-module-wrap id=\"rev_slider_110_2_wrapper\" data-source=\"gallery\" style=\"visibility:hidden;background:transparent;padding:0;margin:0px auto;margin-top:0;margin-bottom:0;\">\n\t\t\t\t<rs-module id=\"rev_slider_110_2\" style=\"\" data-version=\"6.7.33\">\n\t\t\t\t\t<rs-slides style=\"overflow: hidden; position: absolute;\">\n\t\t\t\t\t\t<rs-slide style=\"position: absolute;\" data-key=\"rs-258\" data-title=\"Slide\" data-anim=\"adpr:false;\" data-in=\"o:0;\" data-out=\"a:false;\">\n\t\t\t\t\t\t\t<img decoding=\"async\" src=\"\/\/autostopglobal.com\/wp-content\/plugins\/revslider\/sr6\/assets\/assets\/dummy.png\" alt=\"top view of man and woman holding planet model on turquoise back\" width=\"2560\" height=\"967\" class=\"rev-slidebg tp-rs-img rs-lazyload\" data-lazyload=\"\/\/autostopglobal.com\/wp-content\/uploads\/2021\/03\/top-view-of-man-and-woman-holding-planet-model-on-Q4U2WMP-1-scaled.jpg\" data-parallax=\"off\" data-no-retina>\n<!--\n\t\t\t\t\t\t\t--><rs-layer\n\t\t\t\t\t\t\t\tid=\"slider-110-slide-258-layer-0\" \n\t\t\t\t\t\t\t\tclass=\"title\"\n\t\t\t\t\t\t\t\tdata-type=\"text\"\n\t\t\t\t\t\t\t\tdata-color=\"#ffffff\"\n\t\t\t\t\t\t\t\tdata-rsp_ch=\"on\"\n\t\t\t\t\t\t\t\tdata-xy=\"x:c;y:c;\"\n\t\t\t\t\t\t\t\tdata-text=\"w:normal;s:60;a:center;\"\n\t\t\t\t\t\t\t\tdata-frame_999=\"o:0;st:w;\"\n\t\t\t\t\t\t\t\tstyle=\"z-index:9;font-family:'Questrial';\"\n\t\t\t\t\t\t\t>Soziale Verantwortung des Unternehmens \n\t\t\t\t\t\t\t<\/rs-layer><!--\n\n\t\t\t\t\t\t\t--><rs-layer\n\t\t\t\t\t\t\t\tid=\"slider-110-slide-258-layer-1\" \n\t\t\t\t\t\t\t\tdata-type=\"image\"\n\t\t\t\t\t\t\t\tdata-rsp_ch=\"on\"\n\t\t\t\t\t\t\t\tdata-xy=\"x:-111px;y:-186px;\"\n\t\t\t\t\t\t\t\tdata-text=\"w:normal;\"\n\t\t\t\t\t\t\t\tdata-dim=\"w:1471px;h:556px;\"\n\t\t\t\t\t\t\t\tdata-frame_999=\"o:0;st:w;\"\n\t\t\t\t\t\t\t\tstyle=\"z-index:8;\"\n\t\t\t\t\t\t\t><img decoding=\"async\" src=\"\/\/autostopglobal.com\/wp-content\/plugins\/revslider\/sr6\/assets\/assets\/dummy.png\" alt=\"top view of man and woman holding planet model on turquoise back\" class=\"tp-rs-img rs-lazyload\" width=\"2048\" height=\"774\" data-lazyload=\"\/\/autostopglobal.com\/wp-content\/uploads\/2021\/03\/top-view-of-man-and-woman-holding-planet-model-on-Q4U2WMP-1-2048x774.jpg\" data-no-retina> \n\t\t\t\t\t\t\t<\/rs-layer><!--\n-->\t\t\t\t\t<\/rs-slide>\n\t\t\t\t\t<\/rs-slides>\n\t\t\t\t\t<rs-static-layers><!--\n\t\t\t\t\t--><\/rs-static-layers>\n\t\t\t\t<\/rs-module>\n\t\t\t\t<script>\n\t\t\t\t\tsetREVStartSize({c: 'rev_slider_110_2',rl:[1240,1024,778,480],el:[240],gw:[1240],gh:[240],type:'standard',justify:'',layout:'fullwidth',mh:\"0\"});if (window.RS_MODULES!==undefined && window.RS_MODULES.modules!==undefined && window.RS_MODULES.modules[\"revslider1102\"]!==undefined) {window.RS_MODULES.modules[\"revslider1102\"].once = false;window.revapi110 = undefined;if (window.RS_MODULES.checkMinimal!==undefined) window.RS_MODULES.checkMinimal()}\n\t\t\t\t<\/script>\n\t\t\t<\/rs-module-wrap>\n\t\t\t<!-- END REVOLUTION SLIDER -->\n[\/vc_column][\/vc_row][vc_row disable_element=&#8220;yes&#8220;][vc_column][vc_custom_heading text=&#8220;Corporate Social Responsibility&#8220; font_container=&#8220;tag:h1|text_align:center&#8220; google_fonts=&#8220;font_family:Questrial%3Aregular|font_style:400%20regular%3A400%3Anormal&#8220; el_class=&#8220;title&#8220;][\/vc_column][\/vc_row][\/vc_section][vc_row][vc_column][vc_empty_space][vc_column_text]<\/p>\n<h4 style=\"text-align: center;\">Recipient of the prestigious &#8218;\u0110or\u0111e Vajfert&#8216; National Award<\/h4>\n<p>[\/vc_column_text][vc_single_image image=&#8220;4422&#8243; img_size=&#8220;353&#215;160&#8243; alignment=&#8220;center&#8220;][vc_empty_space][vc_column_text css=&#8220;&#8220;]<\/p>\n<h3 style=\"text-align: center;\"><strong>Autostop<\/strong> unterst\u00fctzt die Ziele der Vereinten Nationen f\u00fcr nachhaltige Entwicklung<\/h3>\n<p>[\/vc_column_text][vc_single_image image=&#8220;3885&#8243; img_size=&#8220;full&#8220;][\/vc_column][\/vc_row][vc_row css=&#8220;.vc_custom_1608160442406{margin-bottom: 30px !important;padding-top: 70px !important;}&#8220; el_class=&#8220;separator-triangle-up&#8220;][vc_column width=&#8220;1\/2&#8243;][vc_single_image image=&#8220;939&#8243; img_size=&#8220;500&#215;300&#8243; onclick=&#8220;link_image&#8220; css_animation=&#8220;none&#8220;][vc_single_image image=&#8220;951&#8243; img_size=&#8220;500&#215;300&#8243; onclick=&#8220;link_image&#8220; css_animation=&#8220;none&#8220;][\/vc_column][vc_column width=&#8220;1\/2&#8243;][vc_column_text]<\/p>\n<p style=\"text-align: justify;\">Der Wunsch, kontinuierlich zur Gemeinschaft beizutragen, hat Autostop dazu veranlasst, viele Initiativen im Rahmen der sozialen Verantwortung des Unternehmens zu starten. Soziale Verantwortung ist zwingend erforderlich, um auf allen Ebenen richtig zu funktionieren zu k\u00f6nnen. Dazu geh\u00f6ren:<\/p>\n<ul>\n<li style=\"text-align: justify;\"><span style=\"color: #000000;\"><strong>Vertrauen in die Mitarbeiter<\/strong><\/span><\/li>\n<li style=\"text-align: justify;\"><span style=\"color: #000000;\"><strong>Aufbau stabiler und nachhaltiger Beziehungen zu Kunden<\/strong><\/span><\/li>\n<li style=\"text-align: justify;\"><span style=\"color: #000000;\"><strong>Zusammenarbeit mit der Gemeinschaft<\/strong><\/span><\/li>\n<li style=\"text-align: justify;\"><span style=\"color: #000000;\"><strong>Respekt f\u00fcr den Arbeitsplatz und die Umwelt<\/strong><\/span><\/li>\n<li style=\"text-align: justify;\"><span style=\"color: #000000;\"><strong>Beachtung und Anwendung gesetzlicher Vorschriften<\/strong><\/span><\/li>\n<li><span style=\"color: #000000;\"><strong>\u00dcbernahme und Anwendung ethischer Grunds\u00e4tze in der Wirtschaft<\/strong><\/span><\/li>\n<\/ul>\n<p style=\"text-align: justify;\">Als Teil der Gemeinschaft engagieren wir uns besonders f\u00fcr Kinder und Jugendliche, mit welchen auch wir uns weiterentwickeln und Werte f\u00fcr eine bessere Gesellschaft schaffen wollen. Unterst\u00fctzung, Spenden und Kooperationen mit Gymnasien, Hochschulen, dem Zentrum f\u00fcr Soziale Arbeit und Gesundheitseinrichtungen z\u00e4hlen zu den Aktivit\u00e4ten, mit denen Autostop seinen sozialen Auftrag umsetzt.<\/p>\n<p>[\/vc_column_text][\/vc_column][\/vc_row][vc_row][vc_column][vc_empty_space][\/vc_column][\/vc_row][vc_row][vc_column width=&#8220;1\/2&#8243;][vc_gallery type=&#8220;image_grid&#8220; images=&#8220;2480,2481,2482,2483,2484,1765&#8243; onclick=&#8220;&#8220;][\/vc_column][vc_column width=&#8220;1\/2&#8243;][vc_column_text]<\/p>\n<p style=\"text-align: justify;\">Autostop hat eine starke Politik der sozialen Verantwortung entwickelt. In den letzten f\u00fcnf Jahren hat das Unternehmen eine Reihe von Aktivit\u00e4ten f\u00fcr seine Mitarbeiter und die Gemeinschaft umgesetzt:<\/p>\n<ul>\n<li style=\"text-align: justify;\"><strong><span style=\"color: #000000;\">Betrieb eines Kindergartens f\u00fcr die Kinder der Mitarbeiter auf dem Firmengel\u00e4nde<\/span><\/strong><\/li>\n<li><strong><span style=\"color: #000000;\">Betrieb eines Lounge-Caf\u00e9s, eines Billardtischs, eines Fitnessraums und eines Unterhaltungsraums welches f\u00fcr alle Mitarbeiter, nach der Arbeitszeit zur Verf\u00fcgung stehen<\/span><\/strong><\/li>\n<li style=\"text-align: justify;\"><strong><span style=\"color: #000000;\">Weihnachtsgeschenke f\u00fcr alle Kinder der Mitarbeiter<\/span><\/strong><\/li>\n<\/ul>\n<p style=\"text-align: justify;\">Mit diesen Initiativen beobachtet und h\u00f6rt das Unternehmen die Bed\u00fcrfnisse aller Mitarbeiter und unternimmt Ma\u00dfnahmen um sie zu verwirklichen.<\/p>\n<p>[\/vc_column_text][\/vc_column][\/vc_row][vc_row][vc_column][vc_empty_space][\/vc_column][\/vc_row][vc_row][vc_column][vc_empty_space][\/vc_column][\/vc_row][vc_row][vc_column width=&#8220;1\/2&#8243;][vc_empty_space height=&#8220;10px&#8220;][vc_single_image image=&#8220;1122&#8243; img_size=&#8220;500X300&#8243; onclick=&#8220;link_image&#8220; css_animation=&#8220;none&#8220;][\/vc_column][vc_column width=&#8220;1\/2&#8243;][vc_empty_space height=&#8220;15px&#8220;][vc_column_text]<\/p>\n<p style=\"text-align: justify;\">Neben internen sozialen Aktivit\u00e4ten beteiligt sich das Unternehmen an der Gemeinschaft durch:<\/p>\n<ul>\n<li style=\"text-align: justify;\"><span style=\"color: #000000;\"><strong>Spende von Weihnachtsgeschenken an die Kinder des Zentrums f\u00fcr Soziale Arbeit<\/strong><\/span><\/li>\n<li style=\"text-align: justify;\"><span style=\"color: #000000;\"><strong>Spende an Kinder mit besonderen Bed\u00fcrfnissen<\/strong><\/span><\/li>\n<li style=\"text-align: justify;\"><span style=\"color: #000000;\"><strong>Spende an das Haus der F\u00e4higkeiten in Leskovac<\/strong><\/span><\/li>\n<li style=\"text-align: justify;\"><span style=\"color: #000000;\"><strong>Spende an &#8222;The Safehouse&#8220; in Leskovac<\/strong><\/span><\/li>\n<li style=\"text-align: justify;\"><span style=\"color: #000000;\"><strong>Spende von reflektierenden Westen f\u00fcr Radfahrer<\/strong><\/span><\/li>\n<li style=\"text-align: justify;\"><span style=\"color: #000000;\"><strong>Spende an die Textil- und Designschule in Leskovac f\u00fcr die Verwirklichung der dualen Ausbildung, an der Autostop aktiv teilnimmt.<\/strong><\/span><\/li>\n<\/ul>\n<p>[\/vc_column_text][\/vc_column][\/vc_row][vc_row][vc_column][vc_empty_space][\/vc_column][\/vc_row][vc_row][vc_column width=&#8220;1\/2&#8243;][vc_empty_space height=&#8220;10px&#8220;][vc_single_image image=&#8220;905&#8243; img_size=&#8220;500X300&#8243; onclick=&#8220;link_image&#8220; css_animation=&#8220;none&#8220;][\/vc_column][vc_column width=&#8220;1\/2&#8243;][vc_empty_space height=&#8220;15px&#8220;][vc_column_text]<\/p>\n<p style=\"text-align: justify;\">Innovationen und Initiativen, die von Autostop gef\u00f6rdert werden, tragen dazu bei, die Position eines Marktf\u00fchrers in sozial verantwortlichen Unternehmen zu st\u00e4rken. Auf die Bed\u00fcrfnisse der Mitarbeiter zu h\u00f6ren und die Elternschaft zu unterst\u00fctzen, wird zu einem wichtigen Teil des Beitrags des Unternehmens zur Bev\u00f6lkerungspolitik. Infolgedessen wurde ein Kindergarten f\u00fcr die Kinder der Mitarbeiter er\u00f6ffnet. Der Kindergarten umfasst:<\/p>\n<ul>\n<li style=\"text-align: justify;\"><span style=\"color: #000000;\"><strong>Gen\u00fcgend Platz zum Spielen, Betten zum Ausruhen, K\u00fcche und Bad. Der Kindergarten hat eine Kapazit\u00e4t f\u00fcr 90 Kinder. Geschulte Mitarbeiter arbeiten im Zweischichtbetrieb, um Eltern Flexibilit\u00e4t und Sicherheit f\u00fcr ihre Kinder zu bieten.<\/strong><\/span><\/li>\n<\/ul>\n<p>[\/vc_column_text][\/vc_column][\/vc_row][vc_row][vc_column][vc_empty_space][\/vc_column][\/vc_row][vc_row][vc_column width=&#8220;1\/6&#8243;][vc_single_image image=&#8220;944&#8243; img_size=&#8220;400&#215;400&#8243; alignment=&#8220;center&#8220; onclick=&#8220;link_image&#8220; css_animation=&#8220;appear&#8220;][\/vc_column][vc_column width=&#8220;1\/6&#8243;][vc_single_image image=&#8220;1123&#8243; img_size=&#8220;400&#215;400&#8243; alignment=&#8220;center&#8220; onclick=&#8220;link_image&#8220; css_animation=&#8220;appear&#8220;][\/vc_column][vc_column width=&#8220;1\/6&#8243;][vc_single_image image=&#8220;946&#8243; img_size=&#8220;400&#215;400&#8243; alignment=&#8220;center&#8220; onclick=&#8220;link_image&#8220; css_animation=&#8220;appear&#8220;][\/vc_column][vc_column width=&#8220;1\/6&#8243;][vc_single_image image=&#8220;907&#8243; img_size=&#8220;400&#215;400&#8243; alignment=&#8220;center&#8220; onclick=&#8220;link_image&#8220; css_animation=&#8220;appear&#8220;][\/vc_column][vc_column width=&#8220;1\/6&#8243;][vc_single_image image=&#8220;904&#8243; img_size=&#8220;400&#215;400&#8243; alignment=&#8220;center&#8220; onclick=&#8220;link_image&#8220; css_animation=&#8220;appear&#8220;][\/vc_column][vc_column width=&#8220;1\/6&#8243;][vc_single_image image=&#8220;902&#8243; img_size=&#8220;400&#215;400&#8243; alignment=&#8220;center&#8220; onclick=&#8220;link_image&#8220; css_animation=&#8220;appear&#8220;][\/vc_column][\/vc_row][vc_row][vc_column][vc_column_text][\/vc_column_text][\/vc_column][\/vc_row]<\/p>\n<\/div>","protected":false},"excerpt":{"rendered":"<p>[vc_row][vc_column][vc_column_text][\/vc_column_text][\/vc_column][\/vc_row][vc_section full_width=&#8220;stretch_row&#8220; parallax=&#8220;content-moving&#8220; parallax_image=&#8220;1113&#8243; parallax_speed_bg=&#8220;2&#8243; el_id=&#8220;Subheader&#8220; css=&#8220;.vc_custom_1623232132195{background-image: url(https:\/\/autostopglobal.com\/wp-content\/uploads\/2020\/12\/materials-light.png?id=443) !important;}&#8220; el_class=&#8220;subheader-none slider&#8220;][vc_row][vc_column][\/vc_column][\/vc_row][vc_row disable_element=&#8220;yes&#8220;][vc_column][vc_custom_heading text=&#8220;Corporate Social Responsibility&#8220; font_container=&#8220;tag:h1|text_align:center&#8220; google_fonts=&#8220;font_family:Questrial%3Aregular|font_style:400%20regular%3A400%3Anormal&#8220; el_class=&#8220;title&#8220;][\/vc_column][\/vc_row][\/vc_section][vc_row][vc_column][vc_empty_space][vc_column_text] Recipient of the prestigious &#8218;\u0110or\u0111e Vajfert&#8216; National Award<span class=\"excerpt-hellip\"> [\u2026]<\/span><\/p>\n","protected":false},"author":3,"featured_media":-1,"parent":0,"menu_order":0,"comment_status":"closed","ping_status":"closed","template":"","meta":{"inline_featured_image":false,"footnotes":""},"class_list":["post-511","page","type-page","status-publish","has-post-thumbnail","hentry"],"_links":{"self":[{"href":"https:\/\/autostopglobal.com\/de\/wp-json\/wp\/v2\/pages\/511","targetHints":{"allow":["GET"]}}],"collection":[{"href":"https:\/\/autostopglobal.com\/de\/wp-json\/wp\/v2\/pages"}],"about":[{"href":"https:\/\/autostopglobal.com\/de\/wp-json\/wp\/v2\/types\/page"}],"author":[{"embeddable":true,"href":"https:\/\/autostopglobal.com\/de\/wp-json\/wp\/v2\/users\/3"}],"replies":[{"embeddable":true,"href":"https:\/\/autostopglobal.com\/de\/wp-json\/wp\/v2\/comments?post=511"}],"version-history":[{"count":58,"href":"https:\/\/autostopglobal.com\/de\/wp-json\/wp\/v2\/pages\/511\/revisions"}],"predecessor-version":[{"id":4436,"href":"https:\/\/autostopglobal.com\/de\/wp-json\/wp\/v2\/pages\/511\/revisions\/4436"}],"wp:featuredmedia":[{"embeddable":true,"href":"https:\/\/autostopglobal.com\/de\/wp-json\/"}],"wp:attachment":[{"href":"https:\/\/autostopglobal.com\/de\/wp-json\/wp\/v2\/media?parent=511"}],"curies":[{"name":"wp","href":"https:\/\/api.w.org\/{rel}","templated":true}]}}