{"id":491,"date":"2021-02-09T13:28:36","date_gmt":"2021-02-09T13:28:36","guid":{"rendered":"http:\/\/autostopglobal.com\/?page_id=491"},"modified":"2022-09-19T17:41:40","modified_gmt":"2022-09-19T16:41:40","slug":"eco-friendly-materials-materials","status":"publish","type":"page","link":"https:\/\/autostopglobal.com\/de\/eco-friendly-materials-materials\/","title":{"rendered":"Eco-Friendly Materials"},"content":{"rendered":"<div class=\"wpb-content-wrapper\"><p>[vc_section full_width=&#8220;stretch_row&#8220; el_id=&#8220;Subheader&#8220; el_class=&#8220;subheader-materials slider&#8220;][vc_row][vc_column]\n\t\t\t<!-- START Subheader  EcoFriendly Materials DE REVOLUTION SLIDER 6.7.33 --><p class=\"rs-p-wp-fix\"><\/p>\n\t\t\t<rs-module-wrap id=\"rev_slider_88_2_wrapper\" data-source=\"gallery\" style=\"visibility:hidden;background:transparent;padding:0;margin:0px auto;margin-top:0;margin-bottom:0;\">\n\t\t\t\t<rs-module id=\"rev_slider_88_2\" style=\"\" data-version=\"6.7.33\">\n\t\t\t\t\t<rs-slides style=\"overflow: hidden; position: absolute;\">\n\t\t\t\t\t\t<rs-slide style=\"position: absolute;\" data-key=\"rs-236\" data-title=\"Slide\" data-anim=\"adpr:false;\" data-in=\"o:0;\" data-out=\"a:false;\">\n\t\t\t\t\t\t\t<img decoding=\"async\" src=\"\/\/autostopglobal.com\/wp-content\/plugins\/revslider\/sr6\/assets\/assets\/dummy.png\" alt=\"Picture4\" width=\"1500\" height=\"1125\" class=\"rev-slidebg tp-rs-img rs-lazyload\" data-lazyload=\"\/\/autostopglobal.com\/wp-content\/uploads\/2021\/03\/Picture4.png\" data-parallax=\"off\" data-no-retina>\n<!--\n\t\t\t\t\t\t\t--><rs-layer\n\t\t\t\t\t\t\t\tid=\"slider-88-slide-236-layer-0\" \n\t\t\t\t\t\t\t\tclass=\"title\"\n\t\t\t\t\t\t\t\tdata-type=\"text\"\n\t\t\t\t\t\t\t\tdata-color=\"#ffffff\"\n\t\t\t\t\t\t\t\tdata-rsp_ch=\"on\"\n\t\t\t\t\t\t\t\tdata-xy=\"x:c;y:c;\"\n\t\t\t\t\t\t\t\tdata-text=\"w:normal;s:60;a:center;\"\n\t\t\t\t\t\t\t\tdata-frame_999=\"o:0;st:w;\"\n\t\t\t\t\t\t\t\tstyle=\"z-index:5;font-family:'Questrial';\"\n\t\t\t\t\t\t\t>Umweltfreundliche Materialien \n\t\t\t\t\t\t\t<\/rs-layer><!--\n-->\t\t\t\t\t<\/rs-slide>\n\t\t\t\t\t<\/rs-slides>\n\t\t\t\t<\/rs-module>\n\t\t\t\t<script>\n\t\t\t\t\tsetREVStartSize({c: 'rev_slider_88_2',rl:[1240,1024,778,480],el:[240],gw:[1240],gh:[240],type:'standard',justify:'',layout:'fullwidth',mh:\"0\"});if (window.RS_MODULES!==undefined && window.RS_MODULES.modules!==undefined && window.RS_MODULES.modules[\"revslider882\"]!==undefined) {window.RS_MODULES.modules[\"revslider882\"].once = false;window.revapi88 = undefined;if (window.RS_MODULES.checkMinimal!==undefined) window.RS_MODULES.checkMinimal()}\n\t\t\t\t<\/script>\n\t\t\t<\/rs-module-wrap>\n\t\t\t<!-- END REVOLUTION SLIDER -->\n[\/vc_column][\/vc_row][\/vc_section][vc_row css=&#8220;.vc_custom_1608160442406{margin-bottom: 30px !important;padding-top: 70px !important;}&#8220; el_class=&#8220;separator-triangle-up&#8220;][vc_column][vc_column_text]Autostop bietet innovative und umweltfreundliche Materialien, um den Kunden und die Umwelt zu sch\u00fctzen. Das Unternehmen folgt:<\/p>\n<ul>\n<li style=\"text-align: justify;\"><span style=\"color: #000000;\"><strong>Der Philosophie des Ausschlusses von sch\u00e4dlichen, allergenen und giftigen Substanzen und deren Ersatz durch wasserbasierte und ungiftige Alternativen<\/strong><\/span><\/li>\n<li style=\"text-align: justify;\"><span style=\"color: #000000;\"><strong>Einer Strategie f\u00fcr geringe Emissionen und nicht sch\u00e4dliche Nebenprodukte, und alle notwendigen Verfahren, die die Begrenzung der Luftverschmutzung gew\u00e4hrleisten<\/strong><\/span><\/li>\n<\/ul>\n<p style=\"text-align: justify;\">Autostop hat die Verwendung von L\u00f6sungsmitteln, Azofarbstoffen und Monomerr\u00fcckst\u00e4nden ausgeschlossen. Bietet umweltfreundliche Alternativen zu herk\u00f6mmlichem Kunstleder, indem es die physikalischen und Leistungseigenschaften der dem Kunden angebotenen Materialien beibeh\u00e4lt. Auf diese Weise gilt Autostop als f\u00fchrend bei nachhaltigen Alternativen, die durch jahrelange Forschungs- und Testverfahren entstanden sind.<\/p>\n<p>[\/vc_column_text][\/vc_column][\/vc_row][vc_row el_class=&#8220;mobile-x3-columns&#8220;][vc_column width=&#8220;1\/6&#8243;][vc_single_image image=&#8220;749&#8243; img_size=&#8220;100&#215;100&#8243;][vc_single_image image=&#8220;771&#8243; img_size=&#8220;100&#215;120&#8243;][\/vc_column][vc_column width=&#8220;1\/6&#8243;][vc_single_image image=&#8220;766&#8243; img_size=&#8220;100&#215;100&#8243;][vc_single_image image=&#8220;777&#8243; img_size=&#8220;100&#215;120&#8243;][\/vc_column][vc_column width=&#8220;1\/6&#8243;][vc_single_image image=&#8220;767&#8243; img_size=&#8220;100&#215;100&#8243;][vc_single_image image=&#8220;775&#8243; img_size=&#8220;100&#215;200&#8243;][\/vc_column][vc_column width=&#8220;1\/6&#8243;][vc_single_image image=&#8220;768&#8243; img_size=&#8220;100&#215;100&#8243;][\/vc_column][vc_column width=&#8220;1\/6&#8243;][vc_single_image image=&#8220;769&#8243; img_size=&#8220;100&#215;100&#8243;][\/vc_column][vc_column width=&#8220;1\/6&#8243;][vc_single_image image=&#8220;770&#8243; img_size=&#8220;100&#215;100&#8243;][\/vc_column][\/vc_row][vc_row disable_element=&#8220;yes&#8220;][vc_column width=&#8220;1\/2&#8243;][vc_gallery type=&#8220;image_grid&#8220; images=&#8220;749,767,768,770,769&#8243; img_size=&#8220;100X100&#8243;][vc_gallery type=&#8220;image_grid&#8220; images=&#8220;771,777,775,766&#8243; img_size=&#8220;100X120&#8243;][\/vc_column][vc_column width=&#8220;1\/2&#8243;][\/vc_column][\/vc_row]<\/p>\n<\/div>","protected":false},"excerpt":{"rendered":"<p>[vc_section full_width=&#8220;stretch_row&#8220; el_id=&#8220;Subheader&#8220; el_class=&#8220;subheader-materials slider&#8220;][vc_row][vc_column][\/vc_column][\/vc_row][\/vc_section][vc_row css=&#8220;.vc_custom_1608160442406{margin-bottom: 30px !important;padding-top: 70px !important;}&#8220; el_class=&#8220;separator-triangle-up&#8220;][vc_column][vc_column_text]Autostop bietet innovative und umweltfreundliche Materialien, um den Kunden und die Umwelt zu sch\u00fctzen. Das Unternehmen<span class=\"excerpt-hellip\"> [\u2026]<\/span><\/p>\n","protected":false},"author":3,"featured_media":0,"parent":0,"menu_order":0,"comment_status":"closed","ping_status":"closed","template":"","meta":{"inline_featured_image":false,"footnotes":""},"class_list":["post-491","page","type-page","status-publish","hentry"],"_links":{"self":[{"href":"https:\/\/autostopglobal.com\/de\/wp-json\/wp\/v2\/pages\/491","targetHints":{"allow":["GET"]}}],"collection":[{"href":"https:\/\/autostopglobal.com\/de\/wp-json\/wp\/v2\/pages"}],"about":[{"href":"https:\/\/autostopglobal.com\/de\/wp-json\/wp\/v2\/types\/page"}],"author":[{"embeddable":true,"href":"https:\/\/autostopglobal.com\/de\/wp-json\/wp\/v2\/users\/3"}],"replies":[{"embeddable":true,"href":"https:\/\/autostopglobal.com\/de\/wp-json\/wp\/v2\/comments?post=491"}],"version-history":[{"count":34,"href":"https:\/\/autostopglobal.com\/de\/wp-json\/wp\/v2\/pages\/491\/revisions"}],"predecessor-version":[{"id":3498,"href":"https:\/\/autostopglobal.com\/de\/wp-json\/wp\/v2\/pages\/491\/revisions\/3498"}],"wp:attachment":[{"href":"https:\/\/autostopglobal.com\/de\/wp-json\/wp\/v2\/media?parent=491"}],"curies":[{"name":"wp","href":"https:\/\/api.w.org\/{rel}","templated":true}]}}