{"id":489,"date":"2021-02-09T13:25:00","date_gmt":"2021-02-09T13:25:00","guid":{"rendered":"http:\/\/autostopglobal.com\/?page_id=489"},"modified":"2023-03-10T13:36:21","modified_gmt":"2023-03-10T13:36:21","slug":"research-and-development","status":"publish","type":"page","link":"https:\/\/autostopglobal.com\/de\/research-and-development\/","title":{"rendered":"Forschung und Entwicklung"},"content":{"rendered":"<div class=\"wpb-content-wrapper\"><p>[vc_section full_width=&#8220;stretch_row&#8220; el_id=&#8220;Subheader&#8220; el_class=&#8220;subheader-materials slider&#8220;][vc_row][vc_column]\n\t\t\t<!-- START Subheader  R&amp;D DE REVOLUTION SLIDER 6.7.33 --><p class=\"rs-p-wp-fix\"><\/p>\n\t\t\t<rs-module-wrap id=\"rev_slider_87_2_wrapper\" data-source=\"gallery\" style=\"visibility:hidden;background:transparent;padding:0;margin:0px auto;margin-top:0;margin-bottom:0;\">\n\t\t\t\t<rs-module id=\"rev_slider_87_2\" style=\"\" data-version=\"6.7.33\">\n\t\t\t\t\t<rs-slides style=\"overflow: hidden; position: absolute;\">\n\t\t\t\t\t\t<rs-slide style=\"position: absolute;\" data-key=\"rs-235\" data-title=\"Slide\" data-anim=\"adpr:false;\" data-in=\"o:0;\" data-out=\"a:false;\">\n\t\t\t\t\t\t\t<img decoding=\"async\" src=\"\/\/autostopglobal.com\/wp-content\/plugins\/revslider\/sr6\/assets\/assets\/dummy.png\" alt=\"Laboratory Glassware\" width=\"2560\" height=\"1707\" class=\"rev-slidebg tp-rs-img rs-lazyload\" data-lazyload=\"\/\/autostopglobal.com\/wp-content\/uploads\/2021\/03\/laboratory-glassware-G5SQRWZ-scaled.jpg\" data-bg=\"p:0% 20%;\" data-parallax=\"off\" data-no-retina>\n<!--\n\t\t\t\t\t\t\t--><rs-layer\n\t\t\t\t\t\t\t\tid=\"slider-87-slide-235-layer-0\" \n\t\t\t\t\t\t\t\tclass=\"title\"\n\t\t\t\t\t\t\t\tdata-type=\"text\"\n\t\t\t\t\t\t\t\tdata-color=\"#ffffff\"\n\t\t\t\t\t\t\t\tdata-rsp_ch=\"on\"\n\t\t\t\t\t\t\t\tdata-xy=\"x:c;y:c;\"\n\t\t\t\t\t\t\t\tdata-text=\"w:normal;s:60;a:center;\"\n\t\t\t\t\t\t\t\tdata-frame_999=\"o:0;st:w;\"\n\t\t\t\t\t\t\t\tstyle=\"z-index:5;font-family:'Questrial';\"\n\t\t\t\t\t\t\t>Forschung und Entwicklung \n\t\t\t\t\t\t\t<\/rs-layer><!--\n-->\t\t\t\t\t<\/rs-slide>\n\t\t\t\t\t<\/rs-slides>\n\t\t\t\t<\/rs-module>\n\t\t\t\t<script>\n\t\t\t\t\tsetREVStartSize({c: 'rev_slider_87_2',rl:[1240,1024,778,480],el:[240],gw:[1240],gh:[240],type:'standard',justify:'',layout:'fullwidth',mh:\"0\"});if (window.RS_MODULES!==undefined && window.RS_MODULES.modules!==undefined && window.RS_MODULES.modules[\"revslider872\"]!==undefined) {window.RS_MODULES.modules[\"revslider872\"].once = false;window.revapi87 = undefined;if (window.RS_MODULES.checkMinimal!==undefined) window.RS_MODULES.checkMinimal()}\n\t\t\t\t<\/script>\n\t\t\t<\/rs-module-wrap>\n\t\t\t<!-- END REVOLUTION SLIDER -->\n[\/vc_column][\/vc_row][\/vc_section][vc_row disable_element=&#8220;yes&#8220; css=&#8220;.vc_custom_1678361886211{margin-bottom: 30px !important;padding-top: 70px !important;}&#8220; el_class=&#8220;separator-triangle-up&#8220;][vc_column width=&#8220;1\/2&#8243;][vc_single_image image=&#8220;2048&#8243; img_size=&#8220;500&#215;300&#8243; onclick=&#8220;link_image&#8220;][vc_single_image image=&#8220;914&#8243; img_size=&#8220;500&#215;300&#8243; onclick=&#8220;link_image&#8220;][\/vc_column][vc_column width=&#8220;1\/2&#8243;][vc_column_text]<\/p>\n<p style=\"text-align: justify;\">Labors f\u00fcr Materialforschung und -entwicklung sind der Philosophie verpflichtet, die Bed\u00fcrfnisse der Kunden zu verstehen und innovative &amp; nachhaltige L\u00f6sungen und Ideen anzubieten.<\/p>\n<ul>\n<li style=\"text-align: justify;\"><span style=\"color: #000000;\"><strong>Das Team sucht st\u00e4ndig nach M\u00f6glichkeiten zur Produktverbesserung, indem es strenge Standards und Anforderungen befolgt.<\/strong><\/span><\/li>\n<li style=\"text-align: justify;\"><strong><span style=\"color: #000000;\">Beschichtete Stoffe wie PVC, PU, Alcantara-Nachstellungen wie Suede und Silikon-Leder werden entwickelt und k\u00f6nnen mit zus\u00e4tzlichen Eigenschaften wie Flammschutz, Easy-Clean-Schutz, Mikrobenschutz und speziellen Soft-Touch-Ausr\u00fcstungen zus\u00e4tzlich aufgewertet werden.<\/span><\/strong><\/li>\n<li style=\"text-align: justify;\"><strong><span style=\"color: #000000;\">Zus\u00e4tzliche Anforderungen k\u00f6nnen Fett und \u00d6l, Jeans, IR, UV, Salz und Chlor, Wasserbest\u00e4ndigkeit und viele andere sein.<br \/>\n<\/span><\/strong><\/li>\n<\/ul>\n<p style=\"text-align: justify;\">Die Labors von Autostop Interiors sind mit spezialisiertem Personal und Experten sowie Maschinen ausgestattet, die die Forschung, das Design und die Entwicklung jeder Art von beschichteten Geweben unterst\u00fctzen k\u00f6nnen.<\/p>\n<p style=\"text-align: justify;\">Zertifiziert nach IATF-Standards folgt das Team einem hohen Qualit\u00e4tssicherungssystem, sicheren Bedingungen und einem Kontrollsystem, das die Leistung und Sicherheit der entwickelten Materialien garantiert. Aus dem Fachwissen und der Forschung des Labors werden Materialien auf einen hochmodernen Produktionsprozess hochskaliert, was zu qualitativ hochwertigen, innovativen und ma\u00dfgeschneiderten Produkten f\u00fchrt.<\/p>\n<p>[\/vc_column_text][\/vc_column][\/vc_row][vc_row][vc_column][vc_empty_space][vc_column_text]Labors f\u00fcr Materialforschung und -entwicklung sind der Philosophie verpflichtet, die Bed\u00fcrfnisse der Kunden zu verstehen und innovative &amp; nachhaltige L\u00f6sungen und Ideen anzubieten. <span style=\"color: #000000;\">Das Team sucht st\u00e4ndig nach M\u00f6glichkeiten zur Produktverbesserung, indem es strenge Standards und Anforderungen befolgt. <\/span><span style=\"color: #000000;\">Beschichtete Stoffe wie PVC, PU, Alcantara-Nachstellungen wie Suede und Silikon-Leder werden entwickelt und k\u00f6nnen mit zus\u00e4tzlichen Eigenschaften wie Flammschutz, Easy-Clean-Schutz, Mikrobenschutz und speziellen Soft-Touch-Ausr\u00fcstungen zus\u00e4tzlich aufgewertet werden. <\/span><span style=\"color: #000000;\">Zus\u00e4tzliche Anforderungen k\u00f6nnen Fett und \u00d6l, Jeans, IR, UV, Salz und Chlor, Wasserbest\u00e4ndigkeit und viele andere sein.<\/span>[\/vc_column_text][\/vc_column][\/vc_row][vc_row][vc_column width=&#8220;1\/2&#8243;][vc_single_image image=&#8220;759&#8243; img_size=&#8220;500&#215;300&#8243; onclick=&#8220;link_image&#8220;][\/vc_column][vc_column width=&#8220;1\/2&#8243;][vc_single_image image=&#8220;914&#8243; img_size=&#8220;500&#215;300&#8243; alignment=&#8220;right&#8220; onclick=&#8220;link_image&#8220;][\/vc_column][\/vc_row][vc_row][vc_column][vc_empty_space][vc_column_text]<\/p>\n<h3 style=\"text-align: center;\"><strong>Hauseigenesen Labor<\/strong><\/h3>\n<p>[\/vc_column_text][\/vc_column][\/vc_row][vc_row][vc_column][vc_column_text]Das Labor ist ausgestattet mit: moderne und spezifizierte Ger\u00e4te zur Pr\u00fcfung der mechanischen, physikalischen und chemischen Eigenschaften von Materialien wie Echt- und Kunstleder, Teppich, Textil und Schaumstoff. Ausr\u00fcstung zum Testen von Teilen des Fahrzeuginnenraums, wie z. B.: der Sitz, Teile der T\u00fcr usw. Die Pr\u00fcfungen werden nach verschiedenen internationalen Standards wie ISO, ASTM, DIN, BS sowie Kundenspezifischer Anforderungen wie TS, VW, PSG etc. durchgef\u00fchrt.[\/vc_column_text][\/vc_column][\/vc_row][vc_row][vc_column width=&#8220;1\/5&#8243;][vc_single_image image=&#8220;735&#8243; img_size=&#8220;500&#215;300&#8243;][\/vc_column][vc_column width=&#8220;1\/5&#8243;][vc_single_image image=&#8220;1740&#8243; img_size=&#8220;500&#215;300&#8243;][\/vc_column][vc_column width=&#8220;1\/5&#8243;][vc_single_image image=&#8220;1738&#8243; img_size=&#8220;500&#215;300&#8243;][\/vc_column][vc_column width=&#8220;1\/5&#8243;][vc_single_image image=&#8220;1739&#8243; img_size=&#8220;500&#215;300&#8243;][\/vc_column][vc_column width=&#8220;1\/5&#8243;][vc_single_image image=&#8220;734&#8243; img_size=&#8220;500&#215;300&#8243;][\/vc_column][\/vc_row][vc_row][vc_column][vc_empty_space][vc_column_text]<\/p>\n<h3 style=\"text-align: center;\"><strong>Materialanwenedung<\/strong><\/h3>\n<p>[\/vc_column_text][\/vc_column][\/vc_row][vc_row][vc_column][vc_column_text]Autostop Interiors bietet eine gro\u00dfe Auswahl an Kunstledermaterialien f\u00fcr eine vielzahl an m\u00f6glicher Anwendungen: Automobilindustrie, Transportindustrie, Marine, LKW- und Motorrads\u00e4ttel, M\u00f6belindustrie, Medizinisch, Kunstleder f\u00fcr Taschen und Schuhe, Kleidung und Regenm\u00e4ntel, Polsterung, Industrielle Materialien, Outdoor-Materialien.[\/vc_column_text][\/vc_column][\/vc_row][vc_row][vc_column width=&#8220;1\/2&#8243;][vc_single_image image=&#8220;752&#8243; img_size=&#8220;500&#215;300&#8243; onclick=&#8220;link_image&#8220;][\/vc_column][vc_column width=&#8220;1\/2&#8243;][vc_single_image image=&#8220;1714&#8243; img_size=&#8220;500&#215;300&#8243; alignment=&#8220;right&#8220; onclick=&#8220;link_image&#8220;][\/vc_column][\/vc_row][vc_row][vc_column width=&#8220;1\/6&#8243;][vc_single_image image=&#8220;743&#8243; img_size=&#8220;500&#215;500 &#8222;][\/vc_column][vc_column width=&#8220;1\/6&#8243;][vc_single_image image=&#8220;1719&#8220; img_size=&#8220;500&#215;500 &#8222;][\/vc_column][vc_column width=&#8220;1\/6&#8243;][vc_single_image image=&#8220;740&#8220; img_size=&#8220;500&#215;500 &#8222;][\/vc_column][vc_column width=&#8220;1\/6&#8243;][vc_single_image image=&#8220;884&#8220; img_size=&#8220;500&#215;500 &#8222;][\/vc_column][vc_column width=&#8220;1\/6&#8243;][vc_single_image image=&#8220;1718&#8220; img_size=&#8220;500&#215;500 &#8222;][\/vc_column][vc_column width=&#8220;1\/6&#8243;][vc_single_image image=&#8220;1716&#8220; img_size=&#8220;500&#215;500 &#8222;][\/vc_column][\/vc_row]<\/p>\n<\/div>","protected":false},"excerpt":{"rendered":"<p>[vc_section full_width=&#8220;stretch_row&#8220; el_id=&#8220;Subheader&#8220; el_class=&#8220;subheader-materials slider&#8220;][vc_row][vc_column][\/vc_column][\/vc_row][\/vc_section][vc_row disable_element=&#8220;yes&#8220; css=&#8220;.vc_custom_1678361886211{margin-bottom: 30px !important;padding-top: 70px !important;}&#8220; el_class=&#8220;separator-triangle-up&#8220;][vc_column width=&#8220;1\/2&#8243;][vc_single_image image=&#8220;2048&#8243; img_size=&#8220;500&#215;300&#8243; onclick=&#8220;link_image&#8220;][vc_single_image image=&#8220;914&#8243; img_size=&#8220;500&#215;300&#8243; onclick=&#8220;link_image&#8220;][\/vc_column][vc_column width=&#8220;1\/2&#8243;][vc_column_text] Labors f\u00fcr Materialforschung und -entwicklung sind<span class=\"excerpt-hellip\"> [\u2026]<\/span><\/p>\n","protected":false},"author":3,"featured_media":0,"parent":0,"menu_order":0,"comment_status":"closed","ping_status":"closed","template":"","meta":{"inline_featured_image":false,"footnotes":""},"class_list":["post-489","page","type-page","status-publish","hentry"],"_links":{"self":[{"href":"https:\/\/autostopglobal.com\/de\/wp-json\/wp\/v2\/pages\/489","targetHints":{"allow":["GET"]}}],"collection":[{"href":"https:\/\/autostopglobal.com\/de\/wp-json\/wp\/v2\/pages"}],"about":[{"href":"https:\/\/autostopglobal.com\/de\/wp-json\/wp\/v2\/types\/page"}],"author":[{"embeddable":true,"href":"https:\/\/autostopglobal.com\/de\/wp-json\/wp\/v2\/users\/3"}],"replies":[{"embeddable":true,"href":"https:\/\/autostopglobal.com\/de\/wp-json\/wp\/v2\/comments?post=489"}],"version-history":[{"count":40,"href":"https:\/\/autostopglobal.com\/de\/wp-json\/wp\/v2\/pages\/489\/revisions"}],"predecessor-version":[{"id":4126,"href":"https:\/\/autostopglobal.com\/de\/wp-json\/wp\/v2\/pages\/489\/revisions\/4126"}],"wp:attachment":[{"href":"https:\/\/autostopglobal.com\/de\/wp-json\/wp\/v2\/media?parent=489"}],"curies":[{"name":"wp","href":"https:\/\/api.w.org\/{rel}","templated":true}]}}