{"id":468,"date":"2021-02-09T08:04:58","date_gmt":"2021-02-09T08:04:58","guid":{"rendered":"http:\/\/autostopglobal.com\/?page_id=468"},"modified":"2022-03-28T11:49:55","modified_gmt":"2022-03-28T10:49:55","slug":"eco-friendly-carpet-floor-mats","status":"publish","type":"page","link":"https:\/\/autostopglobal.com\/de\/eco-friendly-carpet-floor-mats\/","title":{"rendered":"Umweltfreundliche Materialien"},"content":{"rendered":"<div class=\"wpb-content-wrapper\"><p>[vc_section full_width=&#8220;stretch_row&#8220; el_id=&#8220;Subheader&#8220; el_class=&#8220;subheader-floormats slider&#8220;][vc_row][vc_column]\n\t\t\t<!-- START Subheader  EcoFriendly DE REVOLUTION SLIDER 6.7.33 --><p class=\"rs-p-wp-fix\"><\/p>\n\t\t\t<rs-module-wrap id=\"rev_slider_82_2_wrapper\" data-source=\"gallery\" style=\"visibility:hidden;background:transparent;padding:0;margin:0px auto;margin-top:0;margin-bottom:0;\">\n\t\t\t\t<rs-module id=\"rev_slider_82_2\" style=\"\" data-version=\"6.7.33\">\n\t\t\t\t\t<rs-slides style=\"overflow: hidden; position: absolute;\">\n\t\t\t\t\t\t<rs-slide style=\"position: absolute;\" data-key=\"rs-230\" data-title=\"Slide\" data-anim=\"adpr:false;\" data-in=\"o:0;\" data-out=\"a:false;\">\n\t\t\t\t\t\t\t<img decoding=\"async\" src=\"\/\/autostopglobal.com\/wp-content\/plugins\/revslider\/sr6\/assets\/assets\/dummy.png\" alt=\"20210315_114854\" width=\"2560\" height=\"1440\" class=\"rev-slidebg tp-rs-img rs-lazyload\" data-lazyload=\"\/\/autostopglobal.com\/wp-content\/uploads\/2021\/03\/20210315_114854-scaled.jpg\" data-parallax=\"off\" data-no-retina>\n<!--\n\t\t\t\t\t\t\t--><rs-layer\n\t\t\t\t\t\t\t\tid=\"slider-82-slide-230-layer-0\" \n\t\t\t\t\t\t\t\tclass=\"title\"\n\t\t\t\t\t\t\t\tdata-type=\"text\"\n\t\t\t\t\t\t\t\tdata-color=\"#ffffff\"\n\t\t\t\t\t\t\t\tdata-rsp_ch=\"on\"\n\t\t\t\t\t\t\t\tdata-xy=\"x:c;y:c;\"\n\t\t\t\t\t\t\t\tdata-text=\"w:normal;s:60;l:50;a:center;\"\n\t\t\t\t\t\t\t\tdata-frame_999=\"o:0;st:w;\"\n\t\t\t\t\t\t\t\tstyle=\"z-index:5;font-family:'Questrial';\"\n\t\t\t\t\t\t\t>Umweltfreundlichen Fu\u00dfmatten aus Teppichmaterial \n\t\t\t\t\t\t\t<\/rs-layer><!--\n-->\t\t\t\t\t<\/rs-slide>\n\t\t\t\t\t<\/rs-slides>\n\t\t\t\t<\/rs-module>\n\t\t\t\t<script>\n\t\t\t\t\tsetREVStartSize({c: 'rev_slider_82_2',rl:[1240,1024,778,480],el:[240],gw:[1240],gh:[240],type:'standard',justify:'',layout:'fullwidth',mh:\"0\"});if (window.RS_MODULES!==undefined && window.RS_MODULES.modules!==undefined && window.RS_MODULES.modules[\"revslider822\"]!==undefined) {window.RS_MODULES.modules[\"revslider822\"].once = false;window.revapi82 = undefined;if (window.RS_MODULES.checkMinimal!==undefined) window.RS_MODULES.checkMinimal()}\n\t\t\t\t<\/script>\n\t\t\t<\/rs-module-wrap>\n\t\t\t<!-- END REVOLUTION SLIDER -->\n[\/vc_column][\/vc_row][\/vc_section][vc_row css=&#8220;.vc_custom_1608160442406{margin-bottom: 30px !important;padding-top: 70px !important;}&#8220; el_class=&#8220;separator-triangle-up&#8220;][vc_column width=&#8220;2\/3&#8243;][vc_column_text]<\/p>\n<p style=\"text-align: justify;\">Nachhaltigkeit ist ein wichtiges Thema f\u00fcr Autostop und seine Kunden. Autostop ist der f\u00fchrende Anbieter von umweltfreundlichen Fu\u00dfmatten aus Teppichmaterial. Teppichmaterialien aus 100 % Polyester und 100 % Polypropylen sind vollst\u00e4ndig entwickelt und fungieren als recycelbare Alternativen zu aktuell nicht recycelbaren Teppichkonstruktionen. Neben vollst\u00e4ndig recycelbaren Fu\u00dfmatten bietet Autostop seinen Kunden eine Vielzahl von Optionen, um in aktuellen Materialzusammensetzungen einen hohen Recyclinganteil zu erzielen.<\/p>\n<p>[\/vc_column_text][vc_column_text]<\/p>\n<p style=\"text-align: left;\">Lassen Sie uns gemeinsam in eine nachhaltige Zukunft gehen!<\/p>\n<p>[\/vc_column_text][vc_single_image image=&#8220;749&#8243; img_size=&#8220;100X100&#8243;][\/vc_column][vc_column width=&#8220;1\/3&#8243;][vc_column_text]<strong><u>Material Nachhaltigkeit:<\/u><\/strong><\/p>\n<ul>\n<li><span style=\"color: #000000;\">100 % Polyester-Teppich (vollst\u00e4ndig recycelbar)<\/span><\/li>\n<li><span style=\"color: #000000;\">100 % Polypropylen-Teppich (vollst\u00e4ndig recycelbar)<\/span><\/li>\n<\/ul>\n<p><span style=\"text-decoration: underline;\"><strong>Recycling-Anteil:<\/strong><\/span><\/p>\n<ul>\n<li><span style=\"color: #000000;\">Garn (Econyl\u00ae)<\/span><\/li>\n<li><span style=\"color: #000000;\">Recyceltes PES\/PP-Vlies<\/span><\/li>\n<li><span style=\"color: #000000;\">Recycelte Klebeschicht (PE-Recylat)<\/span><\/li>\n<\/ul>\n<p>[\/vc_column_text][\/vc_column][\/vc_row][vc_row][vc_column width=&#8220;1\/6&#8243;][\/vc_column][\/vc_row]<\/p>\n<\/div>","protected":false},"excerpt":{"rendered":"<p>[vc_section full_width=&#8220;stretch_row&#8220; el_id=&#8220;Subheader&#8220; el_class=&#8220;subheader-floormats slider&#8220;][vc_row][vc_column][\/vc_column][\/vc_row][\/vc_section][vc_row css=&#8220;.vc_custom_1608160442406{margin-bottom: 30px !important;padding-top: 70px !important;}&#8220; el_class=&#8220;separator-triangle-up&#8220;][vc_column width=&#8220;2\/3&#8243;][vc_column_text] Nachhaltigkeit ist ein wichtiges Thema f\u00fcr Autostop und seine Kunden. Autostop ist der f\u00fchrende<span class=\"excerpt-hellip\"> [\u2026]<\/span><\/p>\n","protected":false},"author":3,"featured_media":0,"parent":0,"menu_order":0,"comment_status":"closed","ping_status":"closed","template":"","meta":{"inline_featured_image":false,"footnotes":""},"class_list":["post-468","page","type-page","status-publish","hentry"],"_links":{"self":[{"href":"https:\/\/autostopglobal.com\/de\/wp-json\/wp\/v2\/pages\/468","targetHints":{"allow":["GET"]}}],"collection":[{"href":"https:\/\/autostopglobal.com\/de\/wp-json\/wp\/v2\/pages"}],"about":[{"href":"https:\/\/autostopglobal.com\/de\/wp-json\/wp\/v2\/types\/page"}],"author":[{"embeddable":true,"href":"https:\/\/autostopglobal.com\/de\/wp-json\/wp\/v2\/users\/3"}],"replies":[{"embeddable":true,"href":"https:\/\/autostopglobal.com\/de\/wp-json\/wp\/v2\/comments?post=468"}],"version-history":[{"count":22,"href":"https:\/\/autostopglobal.com\/de\/wp-json\/wp\/v2\/pages\/468\/revisions"}],"predecessor-version":[{"id":3252,"href":"https:\/\/autostopglobal.com\/de\/wp-json\/wp\/v2\/pages\/468\/revisions\/3252"}],"wp:attachment":[{"href":"https:\/\/autostopglobal.com\/de\/wp-json\/wp\/v2\/media?parent=468"}],"curies":[{"name":"wp","href":"https:\/\/api.w.org\/{rel}","templated":true}]}}