{"id":465,"date":"2021-02-09T08:00:51","date_gmt":"2021-02-09T08:00:51","guid":{"rendered":"http:\/\/autostopglobal.com\/?page_id=465"},"modified":"2022-03-31T12:34:03","modified_gmt":"2022-03-31T11:34:03","slug":"floor-mats-production","status":"publish","type":"page","link":"https:\/\/autostopglobal.com\/de\/floor-mats-production\/","title":{"rendered":"Produktion"},"content":{"rendered":"<div class=\"wpb-content-wrapper\"><p>[vc_section full_width=&#8220;stretch_row&#8220; el_id=&#8220;Subheader&#8220; el_class=&#8220;subheader-floormats slider&#8220;][vc_row][vc_column]\n\t\t\t<!-- START Subheader  Production Floor Mats SR REVOLUTION SLIDER 6.7.33 --><p class=\"rs-p-wp-fix\"><\/p>\n\t\t\t<rs-module-wrap id=\"rev_slider_85_2_wrapper\" data-source=\"gallery\" style=\"visibility:hidden;background:transparent;padding:0;margin:0px auto;margin-top:0;margin-bottom:0;\">\n\t\t\t\t<rs-module id=\"rev_slider_85_2\" style=\"\" data-version=\"6.7.33\">\n\t\t\t\t\t<rs-slides style=\"overflow: hidden; position: absolute;\">\n\t\t\t\t\t\t<rs-slide style=\"position: absolute;\" data-key=\"rs-233\" data-title=\"Slide\" data-anim=\"adpr:false;\" data-in=\"o:0;\" data-out=\"a:false;\">\n\t\t\t\t\t\t\t<img decoding=\"async\" src=\"\/\/autostopglobal.com\/wp-content\/plugins\/revslider\/sr6\/assets\/assets\/dummy.png\" alt=\"IMG_9502000000\" width=\"2560\" height=\"1440\" class=\"rev-slidebg tp-rs-img rs-lazyload\" data-lazyload=\"\/\/autostopglobal.com\/wp-content\/uploads\/2021\/03\/IMG_9502000000-scaled.jpg\" data-parallax=\"off\" data-no-retina>\n<!--\n\t\t\t\t\t\t\t--><rs-layer\n\t\t\t\t\t\t\t\tid=\"slider-85-slide-233-layer-0\" \n\t\t\t\t\t\t\t\tclass=\"title\"\n\t\t\t\t\t\t\t\tdata-type=\"text\"\n\t\t\t\t\t\t\t\tdata-color=\"#ffffff\"\n\t\t\t\t\t\t\t\tdata-rsp_ch=\"on\"\n\t\t\t\t\t\t\t\tdata-xy=\"x:c;y:c;\"\n\t\t\t\t\t\t\t\tdata-text=\"w:normal;s:60;a:center;\"\n\t\t\t\t\t\t\t\tdata-frame_999=\"o:0;st:w;\"\n\t\t\t\t\t\t\t\tstyle=\"z-index:5;font-family:'Questrial';\"\n\t\t\t\t\t\t\t>Proizvodnja \n\t\t\t\t\t\t\t<\/rs-layer><!--\n-->\t\t\t\t\t<\/rs-slide>\n\t\t\t\t\t<\/rs-slides>\n\t\t\t\t<\/rs-module>\n\t\t\t\t<script>\n\t\t\t\t\tsetREVStartSize({c: 'rev_slider_85_2',rl:[1240,1024,778,480],el:[240],gw:[1240],gh:[240],type:'standard',justify:'',layout:'fullwidth',mh:\"0\"});if (window.RS_MODULES!==undefined && window.RS_MODULES.modules!==undefined && window.RS_MODULES.modules[\"revslider852\"]!==undefined) {window.RS_MODULES.modules[\"revslider852\"].once = false;window.revapi85 = undefined;if (window.RS_MODULES.checkMinimal!==undefined) window.RS_MODULES.checkMinimal()}\n\t\t\t\t<\/script>\n\t\t\t<\/rs-module-wrap>\n\t\t\t<!-- END REVOLUTION SLIDER -->\n[\/vc_column][\/vc_row][\/vc_section][vc_row css=&#8220;.vc_custom_1608160442406{margin-bottom: 30px !important;padding-top: 70px !important;}&#8220; el_class=&#8220;separator-triangle-up&#8220;][vc_column width=&#8220;1\/2&#8243;][vc_single_image image=&#8220;2464&#8243; img_size=&#8220;500X310&#8243; alignment=&#8220;center&#8220; onclick=&#8220;link_image&#8220;][\/vc_column][vc_column width=&#8220;1\/2&#8243;][vc_empty_space][vc_column_text]<\/p>\n<p style=\"text-align: justify;\">Angetrieben von der nie endenden Suche nach der ultimativen L\u00f6sung, ist es f\u00fcr <strong>Autostop<\/strong> ein Muss, an der Weiterentwicklung und Innovation von Technologien und Verarbeitungsverfahren zu arbeiten. Gemeinsam mit wissenschaftlichen Instituten und unseren Kunden arbeitet das Team von <strong>Autostop<\/strong> permanent an neuen Produkten, Maschinen und Verarbeitungstechnologien, um mit unserer Innovation und Kreativit\u00e4t die Innenr\u00e4ume der Zukunft mitzugestalten.<\/p>\n<p>[\/vc_column_text][\/vc_column][\/vc_row][vc_row][vc_column width=&#8220;1\/2&#8243;][\/vc_column][vc_column width=&#8220;1\/2&#8243;][vc_column_text]<\/p>\n<h3><strong>Produktionsprozess: <\/strong><\/h3>\n<p>[\/vc_column_text][\/vc_column][\/vc_row][vc_row][vc_column width=&#8220;1\/2&#8243;][vc_single_image image=&#8220;704&#8243; img_size=&#8220;400&#215;200&#8243; alignment=&#8220;center&#8220; onclick=&#8220;link_image&#8220;][\/vc_column][vc_column width=&#8220;1\/2&#8243;][vc_column_text]<\/p>\n<p style=\"text-align: justify;\"><strong>Teppich-Zuschnitt<\/strong> &#8211; Mit mehreren hochmodernen Schneidemaschinen werden die einzelnen Formen aus den Teppichgrundmaterialien ausgeschnitten. Minimale Fertigungstoleranzen garantieren eine hohe Materialausnutzung.<\/p>\n<p>[\/vc_column_text][\/vc_column][\/vc_row][vc_row][vc_column width=&#8220;1\/2&#8243;][vc_single_image image=&#8220;1629&#8243; img_size=&#8220;400X200&#8243; alignment=&#8220;center&#8220; onclick=&#8220;link_image&#8220;][\/vc_column][vc_column width=&#8220;1\/2&#8243;][vc_column_text]<\/p>\n<p style=\"text-align: justify;\"><strong>Stickerei\/geschwei\u00dfte Logos<\/strong> &#8211; Mit mehreren Direktstich-Stickmaschinen und Hochfrequenz-\/Ultraschall-Schwei\u00dfmaschinen werden Logos kundenspezifisch auf die Fu\u00dfmatten aufgebracht.<\/p>\n<p>[\/vc_column_text][\/vc_column][\/vc_row][vc_row][vc_column width=&#8220;1\/2&#8243;][vc_single_image image=&#8220;1627&#8243; img_size=&#8220;400X200&#8243; alignment=&#8220;center&#8220; onclick=&#8220;link_image&#8220;][\/vc_column][vc_column width=&#8220;1\/2&#8243;][vc_column_text]<\/p>\n<p style=\"text-align: justify;\"><strong>Ketteln\/Einfassen<\/strong> &#8211; Zahlreiche Kettel- und Einfassmaschinen namhafter Hersteller, ausgestattet mit der modernsten Technologie, werden von hochqualifizierten und erfahrenen Mitarbeitern bedient und garantieren eine reibungslose Verarbeitung unserer Produkte.<\/p>\n<p>[\/vc_column_text][\/vc_column][\/vc_row][vc_row][vc_column width=&#8220;1\/2&#8243;][vc_single_image image=&#8220;1630&#8243; img_size=&#8220;400&#215;200&#8243; alignment=&#8220;center&#8220; onclick=&#8220;link_image&#8220; css_animation=&#8220;none&#8220;][\/vc_column][vc_column width=&#8220;1\/2&#8243;][vc_column_text]<\/p>\n<p style=\"text-align: justify;\"><strong>Befestigungssysteme\/Clips<\/strong> &#8211; Spezielle hydraulische Maschinen garantieren einen zuverl\u00e4ssigen Prozess der Anbringung der Befestigungselemente an den Fu\u00dfmatten mit einzigartigen Sicherheitsparametern.<\/p>\n<p>[\/vc_column_text][\/vc_column][\/vc_row][vc_row][vc_column width=&#8220;1\/2&#8243;][vc_single_image image=&#8220;1631&#8243; img_size=&#8220;400X200&#8243; alignment=&#8220;center&#8220; onclick=&#8220;link_image&#8220; css_animation=&#8220;none&#8220;][\/vc_column][vc_column width=&#8220;1\/2&#8243;][vc_column_text]<\/p>\n<p style=\"text-align: justify;\"><strong>Reinigung, Qualit\u00e4tskontrolle &amp; Verpackung<\/strong> &#8211; Vollautomatische Verpackungsstationen runden den Produktionsprozess ab. Je nach Kundenwunsch werden die Fu\u00dfmatten entweder in Kartons oder wiederverwendbaren Metallboxen versandt und sorgen so f\u00fcr einen sicheren Transport zum endg\u00fcltigen Bestimmungsort.<\/p>\n<p>[\/vc_column_text][\/vc_column][\/vc_row]<\/p>\n<\/div>","protected":false},"excerpt":{"rendered":"<p>[vc_section full_width=&#8220;stretch_row&#8220; el_id=&#8220;Subheader&#8220; el_class=&#8220;subheader-floormats slider&#8220;][vc_row][vc_column][\/vc_column][\/vc_row][\/vc_section][vc_row css=&#8220;.vc_custom_1608160442406{margin-bottom: 30px !important;padding-top: 70px !important;}&#8220; el_class=&#8220;separator-triangle-up&#8220;][vc_column width=&#8220;1\/2&#8243;][vc_single_image image=&#8220;2464&#8243; img_size=&#8220;500X310&#8243; alignment=&#8220;center&#8220; onclick=&#8220;link_image&#8220;][\/vc_column][vc_column width=&#8220;1\/2&#8243;][vc_empty_space][vc_column_text] Angetrieben von der nie endenden Suche nach der ultimativen<span class=\"excerpt-hellip\"> [\u2026]<\/span><\/p>\n","protected":false},"author":3,"featured_media":0,"parent":0,"menu_order":0,"comment_status":"closed","ping_status":"closed","template":"","meta":{"inline_featured_image":false,"footnotes":""},"class_list":["post-465","page","type-page","status-publish","hentry"],"_links":{"self":[{"href":"https:\/\/autostopglobal.com\/de\/wp-json\/wp\/v2\/pages\/465","targetHints":{"allow":["GET"]}}],"collection":[{"href":"https:\/\/autostopglobal.com\/de\/wp-json\/wp\/v2\/pages"}],"about":[{"href":"https:\/\/autostopglobal.com\/de\/wp-json\/wp\/v2\/types\/page"}],"author":[{"embeddable":true,"href":"https:\/\/autostopglobal.com\/de\/wp-json\/wp\/v2\/users\/3"}],"replies":[{"embeddable":true,"href":"https:\/\/autostopglobal.com\/de\/wp-json\/wp\/v2\/comments?post=465"}],"version-history":[{"count":39,"href":"https:\/\/autostopglobal.com\/de\/wp-json\/wp\/v2\/pages\/465\/revisions"}],"predecessor-version":[{"id":3280,"href":"https:\/\/autostopglobal.com\/de\/wp-json\/wp\/v2\/pages\/465\/revisions\/3280"}],"wp:attachment":[{"href":"https:\/\/autostopglobal.com\/de\/wp-json\/wp\/v2\/media?parent=465"}],"curies":[{"name":"wp","href":"https:\/\/api.w.org\/{rel}","templated":true}]}}