{"id":462,"date":"2021-02-09T07:51:50","date_gmt":"2021-02-09T07:51:50","guid":{"rendered":"http:\/\/autostopglobal.com\/?page_id=462"},"modified":"2023-03-08T07:00:31","modified_gmt":"2023-03-08T07:00:31","slug":"accessories","status":"publish","type":"page","link":"https:\/\/autostopglobal.com\/de\/accessories\/","title":{"rendered":"Zubeh\u00f6r"},"content":{"rendered":"<div class=\"wpb-content-wrapper\"><p>[vc_section full_width=&#8220;stretch_row&#8220; el_id=&#8220;Subheader&#8220; el_class=&#8220;subheader-interiors slider&#8220;][vc_row][vc_column]\n\t\t\t<!-- START Subheader  Accessories DE REVOLUTION SLIDER 6.7.33 --><p class=\"rs-p-wp-fix\"><\/p>\n\t\t\t<rs-module-wrap id=\"rev_slider_79_2_wrapper\" data-source=\"gallery\" style=\"visibility:hidden;background:transparent;padding:0;margin:0px auto;margin-top:0;margin-bottom:0;\">\n\t\t\t\t<rs-module id=\"rev_slider_79_2\" style=\"\" data-version=\"6.7.33\">\n\t\t\t\t\t<rs-slides style=\"overflow: hidden; position: absolute;\">\n\t\t\t\t\t\t<rs-slide style=\"position: absolute;\" data-key=\"rs-227\" data-title=\"Slide\" data-anim=\"adpr:false;\" data-in=\"o:0;\" data-out=\"a:false;\">\n\t\t\t\t\t\t\t<img decoding=\"async\" src=\"\/\/autostopglobal.com\/wp-content\/plugins\/revslider\/sr6\/assets\/assets\/dummy.png\" alt=\"New leather wallet on rustic wood background\" width=\"2560\" height=\"1709\" class=\"rev-slidebg tp-rs-img rs-lazyload\" data-lazyload=\"\/\/autostopglobal.com\/wp-content\/uploads\/2021\/03\/leather-wallet-on-the-rustic-wood-background-PTZXCWE-scaled.jpg\" data-parallax=\"off\" data-no-retina>\n<!--\n\t\t\t\t\t\t\t--><rs-layer\n\t\t\t\t\t\t\t\tid=\"slider-79-slide-227-layer-0\" \n\t\t\t\t\t\t\t\tclass=\"title\"\n\t\t\t\t\t\t\t\tdata-type=\"text\"\n\t\t\t\t\t\t\t\tdata-color=\"#ffffff\"\n\t\t\t\t\t\t\t\tdata-rsp_ch=\"on\"\n\t\t\t\t\t\t\t\tdata-xy=\"x:c;y:c;\"\n\t\t\t\t\t\t\t\tdata-text=\"w:normal;s:60;a:center;\"\n\t\t\t\t\t\t\t\tdata-frame_999=\"o:0;st:w;\"\n\t\t\t\t\t\t\t\tstyle=\"z-index:5;font-family:'Questrial';\"\n\t\t\t\t\t\t\t>Zubeh\u00f6r \n\t\t\t\t\t\t\t<\/rs-layer><!--\n-->\t\t\t\t\t<\/rs-slide>\n\t\t\t\t\t<\/rs-slides>\n\t\t\t\t<\/rs-module>\n\t\t\t\t<script>\n\t\t\t\t\tsetREVStartSize({c: 'rev_slider_79_2',rl:[1240,1024,778,480],el:[240],gw:[1240],gh:[240],type:'standard',justify:'',layout:'fullwidth',mh:\"0\"});if (window.RS_MODULES!==undefined && window.RS_MODULES.modules!==undefined && window.RS_MODULES.modules[\"revslider792\"]!==undefined) {window.RS_MODULES.modules[\"revslider792\"].once = false;window.revapi79 = undefined;if (window.RS_MODULES.checkMinimal!==undefined) window.RS_MODULES.checkMinimal()}\n\t\t\t\t<\/script>\n\t\t\t<\/rs-module-wrap>\n\t\t\t<!-- END REVOLUTION SLIDER -->\n[\/vc_column][\/vc_row][\/vc_section][vc_row disable_element=&#8220;yes&#8220; css=&#8220;.vc_custom_1678109889829{margin-bottom: 30px !important;padding-top: 70px !important;}&#8220; el_class=&#8220;separator-triangle-up&#8220;][vc_column width=&#8220;1\/2&#8243;][vc_single_image image=&#8220;3828&#8243; img_size=&#8220;500&#215;300&#8243;][vc_column_text]<\/p>\n<p style=\"text-align: center;\"><strong>Buster Sitz<\/strong><\/p>\n<p>[\/vc_column_text][\/vc_column][vc_column width=&#8220;1\/2&#8243;][vc_column_text]<strong>Autostop <\/strong>bietet eine Vielzahl von Produkten als Zubeh\u00f6r in verschiedenen Materialien und Designs f\u00fcr Fahrzeuge, B\u00fcro und Alltag an. Einige Beispiele sind:<\/p>\n<ul>\n<li><span style=\"color: #000000;\"><strong>Autoabdeckungen, Kofferraumauskleidungen f\u00fcr Hunde, Taschen, Kissen, Organizer usw.<\/strong><\/span><\/li>\n<\/ul>\n<p>Die Kombination aus hochwertigen Materialien, Kreativit\u00e4t und handwerklichem K\u00f6nnen ergeben einzigartige Produkte f\u00fcr jeden Geschmack.[\/vc_column_text][\/vc_column][\/vc_row][vc_row disable_element=&#8220;yes&#8220; el_class=&#8220;mobile-x3-columns&#8220;][vc_column width=&#8220;1\/6&#8243;][vc_single_image image=&#8220;3808&#8243; img_size=&#8220;400&#215;400&#8243; alignment=&#8220;center&#8220; onclick=&#8220;link_image&#8220; css_animation=&#8220;appear&#8220;][vc_column_text]<\/p>\n<p style=\"text-align: center;\"><strong>Ledertasche<\/strong><\/p>\n<p>[\/vc_column_text][vc_single_image image=&#8220;3832&#8243; img_size=&#8220;400&#215;400&#8243; alignment=&#8220;center&#8220; onclick=&#8220;link_image&#8220; css_animation=&#8220;appear&#8220;][vc_column_text]<\/p>\n<p style=\"text-align: center;\"><strong>Hundeeinlage<\/strong><\/p>\n<p>[\/vc_column_text][\/vc_column][vc_column width=&#8220;1\/6&#8243;][vc_single_image image=&#8220;3829&#8243; img_size=&#8220;400&#215;400&#8243; alignment=&#8220;center&#8220; onclick=&#8220;link_image&#8220; css_animation=&#8220;appear&#8220;][vc_column_text]<\/p>\n<p style=\"text-align: center;\"><strong>Reisetasche<\/strong><\/p>\n<p>[\/vc_column_text][vc_single_image image=&#8220;1891&#8243; img_size=&#8220;400&#215;400&#8243; alignment=&#8220;center&#8220; onclick=&#8220;link_image&#8220; css_animation=&#8220;appear&#8220;][vc_column_text]<\/p>\n<p style=\"text-align: center;\"><strong>Seitenorganizer<\/strong><\/p>\n<p>[\/vc_column_text][\/vc_column][vc_column width=&#8220;1\/6&#8243;][vc_single_image image=&#8220;3824&#8243; img_size=&#8220;400&#215;400&#8243; alignment=&#8220;center&#8220; onclick=&#8220;link_image&#8220; css_animation=&#8220;appear&#8220;][vc_column_text]<\/p>\n<p style=\"text-align: center;\"><strong>Matten<\/strong><\/p>\n<p>[\/vc_column_text][vc_single_image image=&#8220;3802&#8243; img_size=&#8220;400&#215;400&#8243; alignment=&#8220;center&#8220; onclick=&#8220;link_image&#8220; css_animation=&#8220;appear&#8220;][vc_column_text]<\/p>\n<p style=\"text-align: center;\"><strong>Kabeltasche<\/strong><\/p>\n<p>[\/vc_column_text][\/vc_column][vc_column width=&#8220;1\/6&#8243;][vc_single_image image=&#8220;3797&#8243; img_size=&#8220;400&#215;400&#8243; alignment=&#8220;center&#8220; onclick=&#8220;link_image&#8220; css_animation=&#8220;appear&#8220;][vc_column_text]<\/p>\n<p style=\"text-align: center;\"><strong>Kissen<\/strong><\/p>\n<p>[\/vc_column_text][vc_single_image image=&#8220;3830&#8243; img_size=&#8220;400&#215;400&#8243; alignment=&#8220;center&#8220; onclick=&#8220;link_image&#8220; css_animation=&#8220;appear&#8220;][vc_column_text]<\/p>\n<p style=\"text-align: center;\"><strong>R\u00fccksitzorganizer<\/strong><\/p>\n<p>[\/vc_column_text][\/vc_column][vc_column width=&#8220;1\/6&#8243;][vc_single_image image=&#8220;3796&#8243; img_size=&#8220;400&#215;400&#8243; alignment=&#8220;center&#8220; onclick=&#8220;link_image&#8220; css_animation=&#8220;appear&#8220;][vc_column_text]<\/p>\n<p style=\"text-align: center;\"><strong>Sitzkissen<\/strong><\/p>\n<p>[\/vc_column_text][vc_single_image image=&#8220;3801&#8243; img_size=&#8220;400&#215;400&#8243; alignment=&#8220;center&#8220; onclick=&#8220;link_image&#8220; css_animation=&#8220;appear&#8220;][vc_column_text]<\/p>\n<p style=\"text-align: center;\"><strong>Gurtschutz<\/strong><\/p>\n<p>[\/vc_column_text][\/vc_column][vc_column width=&#8220;1\/6&#8243;][vc_single_image image=&#8220;3827&#8243; img_size=&#8220;400&#215;400&#8243; alignment=&#8220;center&#8220; onclick=&#8220;link_image&#8220; css_animation=&#8220;appear&#8220;][vc_column_text]<\/p>\n<p style=\"text-align: center;\"><strong>Kulturbeutel<\/strong><\/p>\n<p>[\/vc_column_text][vc_single_image image=&#8220;3826&#8243; img_size=&#8220;400&#215;400&#8243; alignment=&#8220;center&#8220; onclick=&#8220;link_image&#8220; css_animation=&#8220;appear&#8220;][vc_column_text]<\/p>\n<p style=\"text-align: center;\"><strong>Schutzh\u00fclle<\/strong><\/p>\n<p>[\/vc_column_text][\/vc_column][\/vc_row][vc_row][vc_column][vc_empty_space][\/vc_column][\/vc_row][vc_row disable_element=&#8220;yes&#8220;][vc_column width=&#8220;1\/2&#8243;][vc_single_image image=&#8220;3974&#8243; img_size=&#8220;500&#215;500&#8243;][\/vc_column][vc_column width=&#8220;1\/2&#8243;][vc_column_text]<\/p>\n<p>I am text block. Click edit button to change this text. Lorem ipsum dolor sit amet, consectetur adipiscing elit. Ut elit tellus, luctus nec ullamcorper mattis, pulvinar dapibus leo.<\/p>\n<p>[\/vc_column_text][\/vc_column][\/vc_row][vc_row][vc_column width=&#8220;1\/2&#8243;][vc_images_carousel images=&#8220;3975,4052,4000&#8243; img_size=&#8220;500&#215;500&#8243; mode=&#8220;vertical&#8220; speed=&#8220;2000&#8243; autoplay=&#8220;yes&#8220; wrap=&#8220;yes&#8220;][vc_images_carousel images=&#8220;3974,4025&#8243; img_size=&#8220;500&#215;500&#8243; mode=&#8220;vertical&#8220; speed=&#8220;2000&#8243; autoplay=&#8220;yes&#8220; wrap=&#8220;yes&#8220;][\/vc_column][vc_column width=&#8220;1\/2&#8243;][vc_empty_space][vc_column_text]<\/p>\n<h3><strong>Silver Cover<\/strong><\/h3>\n<p>[\/vc_column_text][vc_column_text]Silver is a PVU material in a luxurious silver color. It is recommended for exterior car covers since it is UV resistant, Waterproof and has excellent Anti-Scratching properties.[\/vc_column_text][vc_empty_space][vc_empty_space][vc_empty_space][vc_empty_space][vc_empty_space][vc_column_text]<\/p>\n<h3><strong>Eco Cover<\/strong><\/h3>\n<p>[\/vc_column_text][vc_column_text]An environmentally friendly alternative to Silver since it is PU free. A PVC material free of toxic substances that can be used as an exterior car cover. UV resistant, Waterproof and highly Abrasion resistant. Since it is solvent free, there are no toxic byproducts during the production of the material and is considered a sustainable version of a PU material.[\/vc_column_text][\/vc_column][\/vc_row][vc_row][vc_column width=&#8220;1\/2&#8243;][vc_images_carousel images=&#8220;3987,3981,3983,4003,4006,4005,4004,3984&#8243; img_size=&#8220;500&#215;500&#8243; mode=&#8220;vertical&#8220; speed=&#8220;2000&#8243; autoplay=&#8220;yes&#8220; wrap=&#8220;yes&#8220;][\/vc_column][vc_column width=&#8220;1\/2&#8243;][vc_column_text]<\/p>\n<h3><strong>Other Accessories<\/strong><\/h3>\n<p>[\/vc_column_text][vc_column_text]A variety of accessory products are available from <strong>Autostop<\/strong> using different materials and designs for vehicles.<span style=\"color: #000000;\">\u00a0<\/span>Combination of high quality of materials, creativity and craftmanship result in unique products for every taste.[\/vc_column_text][\/vc_column][\/vc_row]<\/p>\n<\/div>","protected":false},"excerpt":{"rendered":"<p>[vc_section full_width=&#8220;stretch_row&#8220; el_id=&#8220;Subheader&#8220; el_class=&#8220;subheader-interiors slider&#8220;][vc_row][vc_column][\/vc_column][\/vc_row][\/vc_section][vc_row disable_element=&#8220;yes&#8220; css=&#8220;.vc_custom_1678109889829{margin-bottom: 30px !important;padding-top: 70px !important;}&#8220; el_class=&#8220;separator-triangle-up&#8220;][vc_column width=&#8220;1\/2&#8243;][vc_single_image image=&#8220;3828&#8243; img_size=&#8220;500&#215;300&#8243;][vc_column_text] Buster Sitz [\/vc_column_text][\/vc_column][vc_column width=&#8220;1\/2&#8243;][vc_column_text]Autostop bietet eine Vielzahl von Produkten als Zubeh\u00f6r<span class=\"excerpt-hellip\"> [\u2026]<\/span><\/p>\n","protected":false},"author":3,"featured_media":0,"parent":0,"menu_order":0,"comment_status":"closed","ping_status":"closed","template":"","meta":{"inline_featured_image":false,"footnotes":""},"class_list":["post-462","page","type-page","status-publish","hentry"],"_links":{"self":[{"href":"https:\/\/autostopglobal.com\/de\/wp-json\/wp\/v2\/pages\/462","targetHints":{"allow":["GET"]}}],"collection":[{"href":"https:\/\/autostopglobal.com\/de\/wp-json\/wp\/v2\/pages"}],"about":[{"href":"https:\/\/autostopglobal.com\/de\/wp-json\/wp\/v2\/types\/page"}],"author":[{"embeddable":true,"href":"https:\/\/autostopglobal.com\/de\/wp-json\/wp\/v2\/users\/3"}],"replies":[{"embeddable":true,"href":"https:\/\/autostopglobal.com\/de\/wp-json\/wp\/v2\/comments?post=462"}],"version-history":[{"count":81,"href":"https:\/\/autostopglobal.com\/de\/wp-json\/wp\/v2\/pages\/462\/revisions"}],"predecessor-version":[{"id":4060,"href":"https:\/\/autostopglobal.com\/de\/wp-json\/wp\/v2\/pages\/462\/revisions\/4060"}],"wp:attachment":[{"href":"https:\/\/autostopglobal.com\/de\/wp-json\/wp\/v2\/media?parent=462"}],"curies":[{"name":"wp","href":"https:\/\/api.w.org\/{rel}","templated":true}]}}