{"id":3500,"date":"2022-09-20T08:49:33","date_gmt":"2022-09-20T07:49:33","guid":{"rendered":"https:\/\/autostopglobal.com\/?page_id=3500"},"modified":"2023-01-23T08:48:03","modified_gmt":"2023-01-23T08:48:03","slug":"iso-50001-lca","status":"publish","type":"page","link":"https:\/\/autostopglobal.com\/de\/iso-50001-lca\/","title":{"rendered":"Nachhaltigkeits-Initiativen"},"content":{"rendered":"<div class=\"wpb-content-wrapper\"><p>[vc_section full_width=&#8220;stretch_row&#8220; parallax=&#8220;content-moving&#8220; parallax_image=&#8220;550&#8243; parallax_speed_bg=&#8220;2&#8243; el_id=&#8220;Subheader&#8220; css=&#8220;.vc_custom_1625477656832{background-image: url(https:\/\/autostopglobal.com\/wp-content\/uploads\/2020\/12\/materials-light.png?id=443) !important;}&#8220; el_class=&#8220;subheader-none slider&#8220;][vc_row][vc_column]\n\t\t\t<!-- START ISO 50001 &amp; LCA DE REVOLUTION SLIDER 6.7.33 --><p class=\"rs-p-wp-fix\"><\/p>\n\t\t\t<rs-module-wrap id=\"rev_slider_160_2_wrapper\" data-source=\"gallery\" style=\"visibility:hidden;background:transparent;padding:0;margin:0px auto;margin-top:0;margin-bottom:0;\">\n\t\t\t\t<rs-module id=\"rev_slider_160_2\" style=\"\" data-version=\"6.7.33\">\n\t\t\t\t\t<rs-slides style=\"overflow: hidden; position: absolute;\">\n\t\t\t\t\t\t<rs-slide style=\"position: absolute;\" data-key=\"rs-352\" data-title=\"Slide\" data-duration=\"2000ms\" data-anim=\"adpr:false;\" data-in=\"o:0;\" data-out=\"a:false;\">\n\t\t\t\t\t\t\t<img decoding=\"async\" src=\"\/\/autostopglobal.com\/wp-content\/plugins\/revslider\/sr6\/assets\/assets\/dummy.png\" alt=\"\" title=\"robert-linder-JbCtwdFumvk-unsplash\" width=\"2560\" height=\"1714\" class=\"rev-slidebg tp-rs-img rs-lazyload\" data-lazyload=\"\/\/autostopglobal.com\/wp-content\/uploads\/2022\/09\/robert-linder-JbCtwdFumvk-unsplash-scaled.jpg\" data-bg=\"p:0% 65%;\" data-parallax=\"off\" data-no-retina>\n<!--\n\t\t\t\t\t\t\t--><rs-layer\n\t\t\t\t\t\t\t\tid=\"slider-160-slide-352-layer-0\" \n\t\t\t\t\t\t\t\tclass=\"title\"\n\t\t\t\t\t\t\t\tdata-type=\"text\"\n\t\t\t\t\t\t\t\tdata-color=\"#ffffff\"\n\t\t\t\t\t\t\t\tdata-rsp_ch=\"on\"\n\t\t\t\t\t\t\t\tdata-xy=\"x:c;y:c;\"\n\t\t\t\t\t\t\t\tdata-text=\"w:normal;s:60;a:center;\"\n\t\t\t\t\t\t\t\tdata-frame_999=\"o:0;st:w;\"\n\t\t\t\t\t\t\t\tstyle=\"z-index:9;font-family:'Questrial';\"\n\t\t\t\t\t\t\t>ISO 50001 & LCA \n\t\t\t\t\t\t\t<\/rs-layer><!--\n-->\t\t\t\t\t<\/rs-slide>\n\t\t\t\t\t<\/rs-slides>\n\t\t\t\t<\/rs-module>\n\t\t\t\t<script>\n\t\t\t\t\tsetREVStartSize({c: 'rev_slider_160_2',rl:[1240,1024,778,480],el:[240],gw:[1240],gh:[240],type:'standard',justify:'',layout:'fullwidth',mh:\"0\"});if (window.RS_MODULES!==undefined && window.RS_MODULES.modules!==undefined && window.RS_MODULES.modules[\"revslider1602\"]!==undefined) {window.RS_MODULES.modules[\"revslider1602\"].once = false;window.revapi160 = undefined;if (window.RS_MODULES.checkMinimal!==undefined) window.RS_MODULES.checkMinimal()}\n\t\t\t\t<\/script>\n\t\t\t<\/rs-module-wrap>\n\t\t\t<!-- END REVOLUTION SLIDER -->\n[\/vc_column][\/vc_row][vc_row disable_element=&#8220;yes&#8220;][vc_column][vc_custom_heading text=&#8220;Green Initiatives&#8220; font_container=&#8220;tag:h1|text_align:center&#8220; google_fonts=&#8220;font_family:Questrial%3Aregular|font_style:400%20regular%3A400%3Anormal&#8220; el_class=&#8220;title&#8220;][\/vc_column][\/vc_row][\/vc_section][vc_row css=&#8220;.vc_custom_1608160442406{margin-bottom: 30px !important;padding-top: 70px !important;}&#8220; el_class=&#8220;separator-triangle-up&#8220;][vc_column width=&#8220;1\/2&#8243;][vc_single_image image=&#8220;3503&#8243; img_size=&#8220;500&#215;300&#8243;][\/vc_column][vc_column width=&#8220;1\/2&#8243;][vc_column_text]<strong>Autostop ist nach der Norm ISO 50001:2018 <\/strong>zertifiziert , f\u00fchrt aber auch eine Lebenszyklusanalyse (LCA) seiner Produkte durch und misst den CO2-Fu\u00dfabdruck des Unternehmens als Ganzes.<\/p>\n<p>Gem\u00e4\u00df den Anforderungen der Norm ISO 500001 wird das Unternehmen energieeffizienter, managt erfolgreich seine Energiequellen und reduziert CO <sub>2<\/sub> Emissionen durch Anwendung moderner Verfahren. Bereits installierte Solarmodule sind eine M\u00f6glichkeit, Fabrikemissionen zu reduzieren.<\/p>\n<p>LCA-Aktivit\u00e4ten und Berechnungen des CO2-Fu\u00dfabdrucks sind fortlaufende Prozesse, die es dem Unternehmen erm\u00f6glichen, zu arbeiten und Wege zu finden, die Umwelt zu sch\u00fctzen, indem sch\u00e4dliche Emissionen in die Luft reduziert werden.[\/vc_column_text][\/vc_column][\/vc_row]<\/p>\n<\/div>","protected":false},"excerpt":{"rendered":"<p>[vc_section full_width=&#8220;stretch_row&#8220; parallax=&#8220;content-moving&#8220; parallax_image=&#8220;550&#8243; parallax_speed_bg=&#8220;2&#8243; el_id=&#8220;Subheader&#8220; css=&#8220;.vc_custom_1625477656832{background-image: url(https:\/\/autostopglobal.com\/wp-content\/uploads\/2020\/12\/materials-light.png?id=443) !important;}&#8220; el_class=&#8220;subheader-none slider&#8220;][vc_row][vc_column][\/vc_column][\/vc_row][vc_row disable_element=&#8220;yes&#8220;][vc_column][vc_custom_heading text=&#8220;Green Initiatives&#8220; font_container=&#8220;tag:h1|text_align:center&#8220; google_fonts=&#8220;font_family:Questrial%3Aregular|font_style:400%20regular%3A400%3Anormal&#8220; el_class=&#8220;title&#8220;][\/vc_column][\/vc_row][\/vc_section][vc_row css=&#8220;.vc_custom_1608160442406{margin-bottom: 30px !important;padding-top: 70px !important;}&#8220; el_class=&#8220;separator-triangle-up&#8220;][vc_column width=&#8220;1\/2&#8243;][vc_single_image image=&#8220;3503&#8243; img_size=&#8220;500&#215;300&#8243;][\/vc_column][vc_column<span class=\"excerpt-hellip\"> [\u2026]<\/span><\/p>\n","protected":false},"author":3,"featured_media":0,"parent":0,"menu_order":0,"comment_status":"closed","ping_status":"closed","template":"","meta":{"inline_featured_image":false,"footnotes":""},"class_list":["post-3500","page","type-page","status-publish","hentry"],"_links":{"self":[{"href":"https:\/\/autostopglobal.com\/de\/wp-json\/wp\/v2\/pages\/3500","targetHints":{"allow":["GET"]}}],"collection":[{"href":"https:\/\/autostopglobal.com\/de\/wp-json\/wp\/v2\/pages"}],"about":[{"href":"https:\/\/autostopglobal.com\/de\/wp-json\/wp\/v2\/types\/page"}],"author":[{"embeddable":true,"href":"https:\/\/autostopglobal.com\/de\/wp-json\/wp\/v2\/users\/3"}],"replies":[{"embeddable":true,"href":"https:\/\/autostopglobal.com\/de\/wp-json\/wp\/v2\/comments?post=3500"}],"version-history":[{"count":19,"href":"https:\/\/autostopglobal.com\/de\/wp-json\/wp\/v2\/pages\/3500\/revisions"}],"predecessor-version":[{"id":3508,"href":"https:\/\/autostopglobal.com\/de\/wp-json\/wp\/v2\/pages\/3500\/revisions\/3508"}],"wp:attachment":[{"href":"https:\/\/autostopglobal.com\/de\/wp-json\/wp\/v2\/media?parent=3500"}],"curies":[{"name":"wp","href":"https:\/\/api.w.org\/{rel}","templated":true}]}}