{"id":3148,"date":"2022-03-24T19:20:50","date_gmt":"2022-03-24T19:20:50","guid":{"rendered":"https:\/\/autostopglobal.com\/?page_id=3148"},"modified":"2025-05-10T10:46:38","modified_gmt":"2025-05-10T09:46:38","slug":"quality-policy","status":"publish","type":"page","link":"https:\/\/autostopglobal.com\/de\/quality-policy\/","title":{"rendered":"Policy"},"content":{"rendered":"<div class=\"wpb-content-wrapper\"><p>[vc_section full_width=&#8220;stretch_row&#8220; parallax=&#8220;content-moving&#8220; parallax_image=&#8220;1778&#8243; parallax_speed_bg=&#8220;2&#8243; el_id=&#8220;Subheader&#8220; css=&#8220;.vc_custom_1625480899994{background-image: url(https:\/\/autostopglobal.com\/wp-content\/uploads\/2020\/12\/materials-light.png?id=443) !important;}&#8220; el_class=&#8220;subheader &#8211; none slider&#8220;][vc_row][vc_column]\n\t\t\t<!-- START Subheader  Quality Policy REVOLUTION SLIDER 6.7.33 --><p class=\"rs-p-wp-fix\"><\/p>\n\t\t\t<rs-module-wrap id=\"rev_slider_149_2_wrapper\" data-source=\"gallery\" style=\"visibility:hidden;background:transparent;padding:0;margin:0px auto;margin-top:0;margin-bottom:0;\">\n\t\t\t\t<rs-module id=\"rev_slider_149_2\" style=\"\" data-version=\"6.7.33\">\n\t\t\t\t\t<rs-slides style=\"overflow: hidden; position: absolute;\">\n\t\t\t\t\t\t<rs-slide style=\"position: absolute;\" data-key=\"rs-341\" data-title=\"Slide\" data-anim=\"adpr:false;\" data-in=\"o:0;\" data-out=\"a:false;\">\n\t\t\t\t\t\t\t<img decoding=\"async\" src=\"\/\/autostopglobal.com\/wp-content\/plugins\/revslider\/sr6\/assets\/assets\/dummy.png\" alt=\"\" title=\"Light brown pefrorated leather\" width=\"2560\" height=\"899\" class=\"rev-slidebg tp-rs-img rs-lazyload\" data-lazyload=\"\/\/autostopglobal.com\/wp-content\/uploads\/2021\/06\/light-bjjrown-pefrorated-leather-PNPYBAM-scaled.jpg\" data-parallax=\"off\" data-no-retina>\n<!--\n\t\t\t\t\t\t\t--><rs-layer\n\t\t\t\t\t\t\t\tid=\"slider-149-slide-341-layer-0\" \n\t\t\t\t\t\t\t\tclass=\"title\"\n\t\t\t\t\t\t\t\tdata-type=\"text\"\n\t\t\t\t\t\t\t\tdata-color=\"#ffffff\"\n\t\t\t\t\t\t\t\tdata-rsp_ch=\"on\"\n\t\t\t\t\t\t\t\tdata-xy=\"x:c;xo:-4px;y:c;yo:-12px;\"\n\t\t\t\t\t\t\t\tdata-text=\"w:normal;s:60;a:center;\"\n\t\t\t\t\t\t\t\tdata-frame_999=\"o:0;st:w;\"\n\t\t\t\t\t\t\t\tstyle=\"z-index:9;font-family:'Questrial';\"\n\t\t\t\t\t\t\t>Quality Policy \n\t\t\t\t\t\t\t<\/rs-layer><!--\n-->\t\t\t\t\t<\/rs-slide>\n\t\t\t\t\t<\/rs-slides>\n\t\t\t\t\t<rs-static-layers><!--\n\t\t\t\t\t--><\/rs-static-layers>\n\t\t\t\t<\/rs-module>\n\t\t\t\t<script>\n\t\t\t\t\tsetREVStartSize({c: 'rev_slider_149_2',rl:[1240,1024,778,480],el:[240],gw:[1240],gh:[240],type:'standard',justify:'',layout:'fullwidth',mh:\"0\"});if (window.RS_MODULES!==undefined && window.RS_MODULES.modules!==undefined && window.RS_MODULES.modules[\"revslider1492\"]!==undefined) {window.RS_MODULES.modules[\"revslider1492\"].once = false;window.revapi149_2 = undefined;if (window.RS_MODULES.checkMinimal!==undefined) window.RS_MODULES.checkMinimal()}\n\t\t\t\t<\/script>\n\t\t\t<\/rs-module-wrap>\n\t\t\t<!-- END REVOLUTION SLIDER -->\n[\/vc_column][\/vc_row][vc_row disable_element=&#8220;yes&#8220;][vc_column][vc_custom_heading text=&#8220;Quality Control&#8220; font_container=&#8220;tag:h1|text_align:center&#8220; google_fonts=&#8220;font_family:Questrial%3Aregular|font_style:400%20regular%3A400%3Anormal&#8220; el_class=&#8220;title&#8220;][\/vc_column][\/vc_row][\/vc_section][vc_row css=&#8220;.vc_custom_1608160442406{margin-bottom: 30px !important;padding-top: 70px !important;}&#8220; el_class=&#8220;separator-triangle-up&#8220;][vc_column width=&#8220;1\/2&#8243;][vc_single_image image=&#8220;2158&#8243; img_size=&#8220;500X300&#8243; onclick=&#8220;link_image&#8220;][vc_single_image image=&#8220;2149&#8243; img_size=&#8220;500X300&#8243; onclick=&#8220;link_image&#8220;][vc_single_image image=&#8220;1647&#8243; img_size=&#8220;500X300&#8243; onclick=&#8220;link_image&#8220;][vc_single_image image=&#8220;987&#8243; img_size=&#8220;500X300&#8243; onclick=&#8220;link_image&#8220;][\/vc_column][vc_column width=&#8220;1\/2&#8243;][vc_column_text]Die Qualit\u00e4tspolitik von <strong>Autostop<\/strong> ist ein integraler Bestandteil der Gesch\u00e4ftspolitik und des Rahmens f\u00fcr die Definition von Qualit\u00e4tszielen. Es basiert auf der Etablierung eines glaubw\u00fcrdigen Managementsystems, das sich st\u00e4ndig verbessert.<\/p>\n<p>Zu diesem Zweck wurden folgende Grunds\u00e4tze der Qualit\u00e4tspolitik festgelegt:<\/p>\n<ul>\n<li><span style=\"color: #000000;\">Respektieren Sie die Sprache und den Geist der Gesetze jeder Nation und f\u00fchren Sie offene und ehrliche Unternehmensaktivit\u00e4ten durch, um ein guter Unternehmensb\u00fcrger der Welt zu sein,<\/span><\/li>\n<li><span style=\"color: #000000;\">Respektieren Sie die Kultur und Br\u00e4uche jeder Nation und tragen Sie durch Unternehmensaktivit\u00e4ten in lokalen Gemeinschaften zur wirtschaftlichen und sozialen Entwicklung bei,<\/span><\/li>\n<li><span style=\"color: #000000;\">Wir verpflichten uns, durch all unsere Aktivit\u00e4ten saubere und sichere Produkte bereitzustellen und die Lebensqualit\u00e4t \u00fcberall zu verbessern,<\/span><\/li>\n<li><span style=\"color: #000000;\">Reduzierung der Umweltbelastung durch nachhaltige Produktion durch proaktive Ressourceneffizienz in allen Funktionen und Entwicklung umweltfreundlicher Produkte,<\/span><\/li>\n<\/ul>\n<ul>\n<li><span style=\"color: #000000;\">Erstellen und entwickeln Sie fortschrittliche Technologien und bieten Sie herausragende Produkte und Dienstleistungen an, die die Anforderungen unserer Kunden auf der ganzen Welt erf\u00fcllen,<\/span><\/li>\n<li><span style=\"color: #000000;\">F\u00f6rderung einer Unternehmenskultur, die die individuelle Kreativit\u00e4t und den Wert der Teamarbeit f\u00f6rdert und gleichzeitig gegenseitiges Vertrauen und Respekt zwischen Arbeitnehmern und Management respektiert,<\/span><\/li>\n<li><span style=\"color: #000000;\">Streben danach, durch innovatives Management in Harmonie mit der globalen Gemeinschaft zu wachsen,<\/span><\/li>\n<li><span style=\"color: #000000;\">Zusammenarbeit mit Gesch\u00e4ftspartnern in Forschung und Entwicklung, um ein stabiles, langfristiges Wachstum und gegenseitigen Nutzen zu erzielen und gleichzeitig offen f\u00fcr neue Partnerschaften zu sein,<\/span><\/li>\n<li><span style=\"color: #000000;\">Kontinuierliche Verbesserung der Abl\u00e4ufe und Prozesse mit klar definierten Verantwortlichkeiten, Management von Systemen gem\u00e4\u00df IATF 16949, Erreichen der Produktkonformit\u00e4t und damit der Kundenzufriedenheit,<\/span><\/li>\n<li><span style=\"color: #000000;\">Jeder <strong>AUTOSTOP<\/strong>-Prozess sowie Mitarbeiter zielgerichtet durchzuf\u00fchren, unter Ber\u00fccksichtigung der Bed\u00fcrfnisse und Ziele interessierter Parteien,<\/span><\/li>\n<\/ul>\n<p><strong>AUTOSTOP<\/strong> betont die Aktivit\u00e4ten und Bed\u00fcrfnisse der lokalen Verantwortung, einschlie\u00dflich der Auswahl der gelieferten Materialien und Dienstleistungen, immer in \u00dcbereinstimmung mit Kunden-, IATF-, gesetzlichen und organisatorischen Anforderungen.<\/p>\n<p>Basierend auf <strong>\u201eGegenseitigem Vertrauen und Verantwortung\u201c<\/strong> ist <strong>AUTOSTOP<\/strong> st\u00e4ndig bestrebt, ein sicheres und harmonisches Arbeitsumfeld f\u00fcr seine Mitarbeiter zu schaffen, geleitet von dem Bewusstsein, dass der Erfolg seines Unternehmens von der Kundenzufriedenheit abh\u00e4ngt.<\/p>\n<p>&nbsp;<\/p>\n<p>Leskovac, 30.01.2023[\/vc_column_text][vc_btn title=&#8220;Security Policy&#8220; css=&#8220;&#8220; link=&#8220;url:https%3A%2F%2Fautostopglobal.com%2Fwp-content%2Fuploads%2F2025%2F05%2FDO-5.00.000.001-A6-Quality-policy_Statement.pdf|target:_blank&#8220;][\/vc_column][\/vc_row]<\/p>\n<\/div>","protected":false},"excerpt":{"rendered":"<p>[vc_section full_width=&#8220;stretch_row&#8220; parallax=&#8220;content-moving&#8220; parallax_image=&#8220;1778&#8243; parallax_speed_bg=&#8220;2&#8243; el_id=&#8220;Subheader&#8220; css=&#8220;.vc_custom_1625480899994{background-image: url(https:\/\/autostopglobal.com\/wp-content\/uploads\/2020\/12\/materials-light.png?id=443) !important;}&#8220; el_class=&#8220;subheader &#8211; none slider&#8220;][vc_row][vc_column][\/vc_column][\/vc_row][vc_row disable_element=&#8220;yes&#8220;][vc_column][vc_custom_heading text=&#8220;Quality Control&#8220; font_container=&#8220;tag:h1|text_align:center&#8220; google_fonts=&#8220;font_family:Questrial%3Aregular|font_style:400%20regular%3A400%3Anormal&#8220; el_class=&#8220;title&#8220;][\/vc_column][\/vc_row][\/vc_section][vc_row css=&#8220;.vc_custom_1608160442406{margin-bottom: 30px !important;padding-top: 70px !important;}&#8220; el_class=&#8220;separator-triangle-up&#8220;][vc_column width=&#8220;1\/2&#8243;][vc_single_image<span class=\"excerpt-hellip\"> [\u2026]<\/span><\/p>\n","protected":false},"author":3,"featured_media":-1,"parent":0,"menu_order":0,"comment_status":"closed","ping_status":"closed","template":"","meta":{"inline_featured_image":false,"footnotes":""},"class_list":["post-3148","page","type-page","status-publish","has-post-thumbnail","hentry"],"_links":{"self":[{"href":"https:\/\/autostopglobal.com\/de\/wp-json\/wp\/v2\/pages\/3148","targetHints":{"allow":["GET"]}}],"collection":[{"href":"https:\/\/autostopglobal.com\/de\/wp-json\/wp\/v2\/pages"}],"about":[{"href":"https:\/\/autostopglobal.com\/de\/wp-json\/wp\/v2\/types\/page"}],"author":[{"embeddable":true,"href":"https:\/\/autostopglobal.com\/de\/wp-json\/wp\/v2\/users\/3"}],"replies":[{"embeddable":true,"href":"https:\/\/autostopglobal.com\/de\/wp-json\/wp\/v2\/comments?post=3148"}],"version-history":[{"count":21,"href":"https:\/\/autostopglobal.com\/de\/wp-json\/wp\/v2\/pages\/3148\/revisions"}],"predecessor-version":[{"id":4405,"href":"https:\/\/autostopglobal.com\/de\/wp-json\/wp\/v2\/pages\/3148\/revisions\/4405"}],"wp:featuredmedia":[{"embeddable":true,"href":"https:\/\/autostopglobal.com\/de\/wp-json\/"}],"wp:attachment":[{"href":"https:\/\/autostopglobal.com\/de\/wp-json\/wp\/v2\/media?parent=3148"}],"curies":[{"name":"wp","href":"https:\/\/api.w.org\/{rel}","templated":true}]}}