{"id":3069,"date":"2021-10-19T12:22:01","date_gmt":"2021-10-19T11:22:01","guid":{"rendered":"https:\/\/autostopglobal.com\/?page_id=3069"},"modified":"2022-03-31T12:27:36","modified_gmt":"2022-03-31T11:27:36","slug":"railway","status":"publish","type":"page","link":"https:\/\/autostopglobal.com\/de\/railway\/","title":{"rendered":"Bahn"},"content":{"rendered":"<div class=\"wpb-content-wrapper\"><p>[vc_section full_width=&#8220;stretch_row&#8220; el_id=&#8220;Subheader&#8220; el_class=&#8220;subheader-interiors slider&#8220;][vc_row][vc_column]\n\t\t\t<!-- START Subheader  Railway 1 REVOLUTION SLIDER 6.7.33 --><p class=\"rs-p-wp-fix\"><\/p>\n\t\t\t<rs-module-wrap id=\"rev_slider_147_2_wrapper\" data-source=\"gallery\" style=\"visibility:hidden;background:transparent;padding:0;margin:0px auto;margin-top:0;margin-bottom:0;\">\n\t\t\t\t<rs-module id=\"rev_slider_147_2\" style=\"\" data-version=\"6.7.33\">\n\t\t\t\t\t<rs-slides style=\"overflow: hidden; position: absolute;\">\n\t\t\t\t\t\t<rs-slide style=\"position: absolute;\" data-key=\"rs-339\" data-title=\"Slide\" data-duration=\"2000ms\" data-anim=\"adpr:false;\" data-in=\"o:0;\" data-out=\"a:false;\">\n\t\t\t\t\t\t\t<img decoding=\"async\" src=\"\/\/autostopglobal.com\/wp-content\/plugins\/revslider\/sr6\/assets\/assets\/dummy.png\" alt=\"fran-ydT9UfxDr6s-unsplash\" width=\"1920\" height=\"2560\" class=\"rev-slidebg tp-rs-img rs-lazyload\" data-lazyload=\"\/\/autostopglobal.com\/wp-content\/uploads\/2021\/03\/fran-ydT9UfxDr6s-unsplash-scaled.jpg\" data-parallax=\"off\" data-no-retina>\n<!--\n\t\t\t\t\t\t\t--><rs-layer\n\t\t\t\t\t\t\t\tid=\"slider-147-slide-339-layer-0\" \n\t\t\t\t\t\t\t\tclass=\"title\"\n\t\t\t\t\t\t\t\tdata-type=\"text\"\n\t\t\t\t\t\t\t\tdata-color=\"#ffffff\"\n\t\t\t\t\t\t\t\tdata-rsp_ch=\"on\"\n\t\t\t\t\t\t\t\tdata-xy=\"x:c;y:c;\"\n\t\t\t\t\t\t\t\tdata-text=\"w:normal;s:60;a:center;\"\n\t\t\t\t\t\t\t\tdata-frame_999=\"o:0;st:w;\"\n\t\t\t\t\t\t\t\tstyle=\"z-index:9;font-family:'Questrial';\"\n\t\t\t\t\t\t\t>Bahn \n\t\t\t\t\t\t\t<\/rs-layer><!--\n-->\t\t\t\t\t<\/rs-slide>\n\t\t\t\t\t<\/rs-slides>\n\t\t\t\t<\/rs-module>\n\t\t\t\t<script>\n\t\t\t\t\tsetREVStartSize({c: 'rev_slider_147_2',rl:[1240,1024,778,480],el:[240],gw:[1240],gh:[240],type:'standard',justify:'',layout:'fullwidth',mh:\"0\"});if (window.RS_MODULES!==undefined && window.RS_MODULES.modules!==undefined && window.RS_MODULES.modules[\"revslider1472\"]!==undefined) {window.RS_MODULES.modules[\"revslider1472\"].once = false;window.revapi147 = undefined;if (window.RS_MODULES.checkMinimal!==undefined) window.RS_MODULES.checkMinimal()}\n\t\t\t\t<\/script>\n\t\t\t<\/rs-module-wrap>\n\t\t\t<!-- END REVOLUTION SLIDER -->\n[\/vc_column][\/vc_row][\/vc_section][vc_row css=&#8220;.vc_custom_1608160442406{margin-bottom: 30px !important;padding-top: 70px !important;}&#8220; el_class=&#8220;separator-triangle-up&#8220;][vc_column width=&#8220;1\/2&#8243;][vc_single_image image=&#8220;3070&#8243; img_size=&#8220;500&#215;300&#8243;][\/vc_column][vc_column width=&#8220;1\/2&#8243;][vc_column_text]Durch die Kombination von hochwertigem Leder, PVC und diversen Stoffmaterialien in Kombination mit verschiedenen Kaschierungsoptionen produziert <strong>Autostop<\/strong> Interieurteile mit h\u00f6chster Qualit\u00e4t, Komfort, langer Lebensdauer und perfekter Optik f\u00fcr die Bahn- und Zugindustrie.<\/p>\n<p>Das Design wird gem\u00e4\u00df den Spezifikationen des Kunden angefertigt, wobei ein strenger Abnahmeprozess f\u00fcr Sicherheit und Haltbarkeit den Produkten zu Grunde liegt.<\/p>\n<p>Als Innovationsf\u00fchrer ist das Unternehmen bestrebt, st\u00e4ndig neue Produkte (Sitzbez\u00fcge, Armlehnen, Kopfst\u00fctzen usw.) zu entwickeln, um den sich \u00e4ndernden Anforderungen des wachsenden Marktes gerecht zu werden.[\/vc_column_text][\/vc_column][\/vc_row][vc_row el_class=&#8220;mobile-x3-columns&#8220;][vc_column width=&#8220;1\/6&#8243;][vc_single_image image=&#8220;3075&#8243; img_size=&#8220;400&#215;400&#8243; alignment=&#8220;center&#8220; onclick=&#8220;link_image&#8220; css_animation=&#8220;appear&#8220;][\/vc_column][vc_column width=&#8220;1\/6&#8243;][vc_single_image image=&#8220;3074&#8243; img_size=&#8220;400&#215;400&#8243; alignment=&#8220;center&#8220; onclick=&#8220;link_image&#8220; css_animation=&#8220;appear&#8220;][\/vc_column][vc_column width=&#8220;1\/6&#8243;][vc_single_image image=&#8220;3082&#8243; img_size=&#8220;400&#215;400&#8243; alignment=&#8220;center&#8220; onclick=&#8220;link_image&#8220; css_animation=&#8220;appear&#8220;][\/vc_column][vc_column width=&#8220;1\/6&#8243;][vc_single_image image=&#8220;3072&#8243; img_size=&#8220;400&#215;400&#8243; alignment=&#8220;center&#8220; onclick=&#8220;link_image&#8220; css_animation=&#8220;appear&#8220;][\/vc_column][vc_column width=&#8220;1\/6&#8243;][vc_single_image image=&#8220;3077&#8243; img_size=&#8220;400&#215;400&#8243; alignment=&#8220;center&#8220; onclick=&#8220;link_image&#8220; css_animation=&#8220;appear&#8220;][\/vc_column][vc_column width=&#8220;1\/6&#8243;][vc_single_image image=&#8220;3078&#8243; img_size=&#8220;400&#215;400&#8243; alignment=&#8220;center&#8220; onclick=&#8220;link_image&#8220; css_animation=&#8220;appear&#8220;][\/vc_column][\/vc_row]<\/p>\n<\/div>","protected":false},"excerpt":{"rendered":"<p>[vc_section full_width=&#8220;stretch_row&#8220; el_id=&#8220;Subheader&#8220; el_class=&#8220;subheader-interiors slider&#8220;][vc_row][vc_column][\/vc_column][\/vc_row][\/vc_section][vc_row css=&#8220;.vc_custom_1608160442406{margin-bottom: 30px !important;padding-top: 70px !important;}&#8220; el_class=&#8220;separator-triangle-up&#8220;][vc_column width=&#8220;1\/2&#8243;][vc_single_image image=&#8220;3070&#8243; img_size=&#8220;500&#215;300&#8243;][\/vc_column][vc_column width=&#8220;1\/2&#8243;][vc_column_text]Durch die Kombination von hochwertigem Leder, PVC und diversen Stoffmaterialien in Kombination<span class=\"excerpt-hellip\"> [\u2026]<\/span><\/p>\n","protected":false},"author":3,"featured_media":0,"parent":0,"menu_order":0,"comment_status":"closed","ping_status":"closed","template":"","meta":{"inline_featured_image":false,"footnotes":""},"class_list":["post-3069","page","type-page","status-publish","hentry"],"_links":{"self":[{"href":"https:\/\/autostopglobal.com\/de\/wp-json\/wp\/v2\/pages\/3069","targetHints":{"allow":["GET"]}}],"collection":[{"href":"https:\/\/autostopglobal.com\/de\/wp-json\/wp\/v2\/pages"}],"about":[{"href":"https:\/\/autostopglobal.com\/de\/wp-json\/wp\/v2\/types\/page"}],"author":[{"embeddable":true,"href":"https:\/\/autostopglobal.com\/de\/wp-json\/wp\/v2\/users\/3"}],"replies":[{"embeddable":true,"href":"https:\/\/autostopglobal.com\/de\/wp-json\/wp\/v2\/comments?post=3069"}],"version-history":[{"count":9,"href":"https:\/\/autostopglobal.com\/de\/wp-json\/wp\/v2\/pages\/3069\/revisions"}],"predecessor-version":[{"id":3278,"href":"https:\/\/autostopglobal.com\/de\/wp-json\/wp\/v2\/pages\/3069\/revisions\/3278"}],"wp:attachment":[{"href":"https:\/\/autostopglobal.com\/de\/wp-json\/wp\/v2\/media?parent=3069"}],"curies":[{"name":"wp","href":"https:\/\/api.w.org\/{rel}","templated":true}]}}