{"id":1965,"date":"2021-04-30T14:15:57","date_gmt":"2021-04-30T13:15:57","guid":{"rendered":"https:\/\/autostopglobal.com\/job-openings-2\/"},"modified":"2022-03-28T12:34:30","modified_gmt":"2022-03-28T11:34:30","slug":"join-our-team-2","status":"publish","type":"page","link":"https:\/\/autostopglobal.com\/de\/join-our-team-2\/","title":{"rendered":"Treten Sie unserem Team bei"},"content":{"rendered":"<p><\/p>\n<h3 style=\"text-align: center;\"><span style=\"color: #ffffff;\">JOB OPENINGS<\/span><\/h3>\n<h3 style=\"text-align: center;\"><span style=\"color: #000000;\"><strong>STELLENANGEBOTE<\/strong><\/span><\/h3>\n<p>&nbsp;<\/p>\n<h3><\/h3>\n<h3>\u00a0 \u00a0 \u00a0 \u00a0 \u00a0 \u00a0 \u00a0 \u00a0 \u00a0 <img loading=\"lazy\" decoding=\"async\" class=\"alignnone size-medium wp-image-928\" src=\"https:\/\/autostopglobal.com\/wp-content\/uploads\/2021\/03\/leon-Oalh2MojUuk-unsplash-300x200.jpg\" alt=\"leon-Oalh2MojUuk-unsplash\" width=\"300\" height=\"200\" data-wp-editing=\"1\" srcset=\"https:\/\/autostopglobal.com\/wp-content\/uploads\/2021\/03\/leon-Oalh2MojUuk-unsplash-300x200.jpg 300w, https:\/\/autostopglobal.com\/wp-content\/uploads\/2021\/03\/leon-Oalh2MojUuk-unsplash-1024x683.jpg 1024w, https:\/\/autostopglobal.com\/wp-content\/uploads\/2021\/03\/leon-Oalh2MojUuk-unsplash-768x512.jpg 768w, https:\/\/autostopglobal.com\/wp-content\/uploads\/2021\/03\/leon-Oalh2MojUuk-unsplash-1536x1024.jpg 1536w, https:\/\/autostopglobal.com\/wp-content\/uploads\/2021\/03\/leon-Oalh2MojUuk-unsplash-2048x1365.jpg 2048w, https:\/\/autostopglobal.com\/wp-content\/uploads\/2021\/03\/leon-Oalh2MojUuk-unsplash-219x146.jpg 219w, https:\/\/autostopglobal.com\/wp-content\/uploads\/2021\/03\/leon-Oalh2MojUuk-unsplash-50x33.jpg 50w, https:\/\/autostopglobal.com\/wp-content\/uploads\/2021\/03\/leon-Oalh2MojUuk-unsplash-113x75.jpg 113w\" sizes=\"auto, (max-width:767px) 300px, 300px\" \/>\u00a0 \u00a0 <img loading=\"lazy\" decoding=\"async\" class=\"alignnone size-medium wp-image-927\" src=\"https:\/\/autostopglobal.com\/wp-content\/uploads\/2021\/03\/leon-bzqU01v-G54-unsplash-300x200.jpg\" alt=\"leon-bzqU01v-G54-unsplash\" width=\"300\" height=\"200\" srcset=\"https:\/\/autostopglobal.com\/wp-content\/uploads\/2021\/03\/leon-bzqU01v-G54-unsplash-300x200.jpg 300w, https:\/\/autostopglobal.com\/wp-content\/uploads\/2021\/03\/leon-bzqU01v-G54-unsplash-1024x683.jpg 1024w, https:\/\/autostopglobal.com\/wp-content\/uploads\/2021\/03\/leon-bzqU01v-G54-unsplash-768x512.jpg 768w, https:\/\/autostopglobal.com\/wp-content\/uploads\/2021\/03\/leon-bzqU01v-G54-unsplash-1536x1024.jpg 1536w, https:\/\/autostopglobal.com\/wp-content\/uploads\/2021\/03\/leon-bzqU01v-G54-unsplash-2048x1365.jpg 2048w, https:\/\/autostopglobal.com\/wp-content\/uploads\/2021\/03\/leon-bzqU01v-G54-unsplash-219x146.jpg 219w, https:\/\/autostopglobal.com\/wp-content\/uploads\/2021\/03\/leon-bzqU01v-G54-unsplash-50x33.jpg 50w, https:\/\/autostopglobal.com\/wp-content\/uploads\/2021\/03\/leon-bzqU01v-G54-unsplash-113x75.jpg 113w\" sizes=\"auto, (max-width:767px) 300px, 300px\" \/>\u00a0 \u00a0 \u00a0<img loading=\"lazy\" decoding=\"async\" class=\"alignnone size-medium wp-image-926\" src=\"https:\/\/autostopglobal.com\/wp-content\/uploads\/2021\/03\/leon-0K7GgiA8lVE-unsplash-300x200.jpg\" alt=\"leon-0K7GgiA8lVE-unsplash\" width=\"300\" height=\"200\" srcset=\"https:\/\/autostopglobal.com\/wp-content\/uploads\/2021\/03\/leon-0K7GgiA8lVE-unsplash-300x200.jpg 300w, https:\/\/autostopglobal.com\/wp-content\/uploads\/2021\/03\/leon-0K7GgiA8lVE-unsplash-1024x683.jpg 1024w, https:\/\/autostopglobal.com\/wp-content\/uploads\/2021\/03\/leon-0K7GgiA8lVE-unsplash-768x512.jpg 768w, https:\/\/autostopglobal.com\/wp-content\/uploads\/2021\/03\/leon-0K7GgiA8lVE-unsplash-1536x1024.jpg 1536w, https:\/\/autostopglobal.com\/wp-content\/uploads\/2021\/03\/leon-0K7GgiA8lVE-unsplash-2048x1365.jpg 2048w, https:\/\/autostopglobal.com\/wp-content\/uploads\/2021\/03\/leon-0K7GgiA8lVE-unsplash-219x146.jpg 219w, https:\/\/autostopglobal.com\/wp-content\/uploads\/2021\/03\/leon-0K7GgiA8lVE-unsplash-50x33.jpg 50w, https:\/\/autostopglobal.com\/wp-content\/uploads\/2021\/03\/leon-0K7GgiA8lVE-unsplash-113x75.jpg 113w\" sizes=\"auto, (max-width:767px) 300px, 300px\" \/><\/h3>\n<p>&nbsp;<\/p>\n<p style=\"text-align: center;\">Autostop sucht motivierte und flexible Kandidaten, leidenschaftliche Teamplayer. Unser Unternehmen f\u00f6rdert eine teamorientierte Atmosph\u00e4re und hat eine Kultur aufgebaut, die es zu einem unterhaltsamen und angenehmen Ort macht, um eine Karriere aufzubauen.<\/p>\n<p style=\"text-align: center;\"><strong>Wenn Sie Teil des Autostop-Teams werden m\u00f6chten, k\u00f6nnen Sie Ihren Lebenslauf per E-Mail an <span style=\"text-decoration: underline;\">hr@autostopinteriors.com<\/span> senden<\/strong><\/p>\n<p>&nbsp;<\/p>\n<p style=\"text-align: center;\"><span style=\"color: #ff0000;\"><strong>Wir freuen uns sehr, Sie als unser n\u00e4chstes Teammitglied begr\u00fc\u00dfen zu d\u00fcrfen!<\/strong><\/span><\/p>\n<p>&nbsp;<\/p>\n<p>&nbsp;<\/p>\n<p>&nbsp;<\/p>\n<p>&nbsp;<\/p>\n<h3><\/h3>\n<p style=\"text-align: left;\">\n<p><\/p>","protected":false},"excerpt":{"rendered":"<p>JOB OPENINGS STELLENANGEBOTE &nbsp; \u00a0 \u00a0 \u00a0 \u00a0 \u00a0 \u00a0 \u00a0 \u00a0 \u00a0 \u00a0 \u00a0 \u00a0 \u00a0 \u00a0 &nbsp; Autostop sucht motivierte und flexible Kandidaten, leidenschaftliche<span class=\"excerpt-hellip\"> [\u2026]<\/span><\/p>\n","protected":false},"author":1,"featured_media":0,"parent":0,"menu_order":0,"comment_status":"closed","ping_status":"closed","template":"","meta":{"inline_featured_image":false,"footnotes":""},"class_list":["post-1965","page","type-page","status-publish","hentry"],"_links":{"self":[{"href":"https:\/\/autostopglobal.com\/de\/wp-json\/wp\/v2\/pages\/1965","targetHints":{"allow":["GET"]}}],"collection":[{"href":"https:\/\/autostopglobal.com\/de\/wp-json\/wp\/v2\/pages"}],"about":[{"href":"https:\/\/autostopglobal.com\/de\/wp-json\/wp\/v2\/types\/page"}],"author":[{"embeddable":true,"href":"https:\/\/autostopglobal.com\/de\/wp-json\/wp\/v2\/users\/1"}],"replies":[{"embeddable":true,"href":"https:\/\/autostopglobal.com\/de\/wp-json\/wp\/v2\/comments?post=1965"}],"version-history":[{"count":16,"href":"https:\/\/autostopglobal.com\/de\/wp-json\/wp\/v2\/pages\/1965\/revisions"}],"predecessor-version":[{"id":3262,"href":"https:\/\/autostopglobal.com\/de\/wp-json\/wp\/v2\/pages\/1965\/revisions\/3262"}],"wp:attachment":[{"href":"https:\/\/autostopglobal.com\/de\/wp-json\/wp\/v2\/media?parent=1965"}],"curies":[{"name":"wp","href":"https:\/\/api.w.org\/{rel}","templated":true}]}}