{"id":158,"date":"2020-11-08T22:42:26","date_gmt":"2020-11-08T22:42:26","guid":{"rendered":"http:\/\/autostopglobal.com\/?page_id=158"},"modified":"2022-03-31T10:34:31","modified_gmt":"2022-03-31T09:34:31","slug":"products","status":"publish","type":"page","link":"https:\/\/autostopglobal.com\/de\/products\/","title":{"rendered":"Produkte"},"content":{"rendered":"<div class=\"wpb-content-wrapper\"><p>[vc_section full_width=&#8220;stretch_row_content&#8220; el_id=&#8220;Subheader&#8220; css=&#8220;.vc_custom_1619800558615{padding-top: 0px !important;padding-bottom: 0px !important;}&#8220; el_class=&#8220;slider&#8220;][vc_row][vc_column]\n\t\t\t<!-- START Subheader  Products DE REVOLUTION SLIDER 6.7.33 --><p class=\"rs-p-wp-fix\"><\/p>\n\t\t\t<rs-module-wrap id=\"rev_slider_66_2_wrapper\" data-source=\"gallery\" style=\"visibility:hidden;background:transparent;padding:0;margin:0px auto;margin-top:0;margin-bottom:0;\">\n\t\t\t\t<rs-module id=\"rev_slider_66_2\" style=\"\" data-version=\"6.7.33\">\n\t\t\t\t\t<rs-slides style=\"overflow: hidden; position: absolute;\">\n\t\t\t\t\t\t<rs-slide style=\"position: absolute;\" data-key=\"rs-172\" data-title=\"Slide\" data-thumb=\"\/\/autostopglobal.com\/wp-content\/uploads\/2020\/11\/slider-products-50x100.png\" data-duration=\"2000ms\" data-anim=\"adpr:false;ms:300;\" data-in=\"o:0;\" data-out=\"a:false;\">\n\t\t\t\t\t\t\t<img decoding=\"async\" src=\"\/\/autostopglobal.com\/wp-content\/plugins\/revslider\/sr6\/assets\/assets\/dummy.png\" alt=\"slider products\" width=\"1191\" height=\"516\" class=\"rev-slidebg tp-rs-img rs-lazyload\" data-lazyload=\"\/\/autostopglobal.com\/wp-content\/uploads\/2020\/11\/slider-products.png\" data-parallax=\"off\" data-no-retina>\n<!--\n\t\t\t\t\t\t\t--><rs-layer\n\t\t\t\t\t\t\t\tid=\"slider-66-slide-172-layer-0\" \n\t\t\t\t\t\t\t\tclass=\"title\"\n\t\t\t\t\t\t\t\tdata-type=\"text\"\n\t\t\t\t\t\t\t\tdata-color=\"#ffffff\"\n\t\t\t\t\t\t\t\tdata-rsp_ch=\"on\"\n\t\t\t\t\t\t\t\tdata-xy=\"x:c;y:c;\"\n\t\t\t\t\t\t\t\tdata-text=\"w:normal;s:60;a:center;\"\n\t\t\t\t\t\t\t\tdata-frame_999=\"o:0;st:w;sR:200;\"\n\t\t\t\t\t\t\t\tstyle=\"z-index:8;font-family:'Questrial';\"\n\t\t\t\t\t\t\t>Produkte \n\t\t\t\t\t\t\t<\/rs-layer><!--\n-->\t\t\t\t\t<\/rs-slide>\n\t\t\t\t\t\t<rs-slide style=\"position: absolute;\" data-key=\"rs-173\" data-title=\"Slide\" data-thumb=\"\/\/autostopglobal.com\/wp-content\/uploads\/2020\/11\/slider-products-50x100.png\" data-duration=\"2000ms\" data-anim=\"adpr:false;\" data-in=\"o:0;\" data-out=\"a:false;\">\n\t\t\t\t\t\t\t<img decoding=\"async\" src=\"\/\/autostopglobal.com\/wp-content\/plugins\/revslider\/sr6\/assets\/assets\/dummy.png\" alt=\"slider products\" width=\"1191\" height=\"516\" class=\"rev-slidebg tp-rs-img rs-lazyload\" data-lazyload=\"\/\/autostopglobal.com\/wp-content\/uploads\/2020\/11\/slider-products.png\" data-parallax=\"off\" data-no-retina>\n<!--\n\t\t\t\t\t\t\t--><rs-layer\n\t\t\t\t\t\t\t\tid=\"slider-66-slide-173-layer-0\" \n\t\t\t\t\t\t\t\tclass=\"title\"\n\t\t\t\t\t\t\t\tdata-type=\"text\"\n\t\t\t\t\t\t\t\tdata-color=\"#ffffff\"\n\t\t\t\t\t\t\t\tdata-rsp_ch=\"on\"\n\t\t\t\t\t\t\t\tdata-xy=\"x:c;y:c;\"\n\t\t\t\t\t\t\t\tdata-text=\"w:normal;s:60;a:center;\"\n\t\t\t\t\t\t\t\tdata-frame_999=\"o:0;st:w;sR:1700;\"\n\t\t\t\t\t\t\t\tstyle=\"z-index:9;font-family:'Questrial';\"\n\t\t\t\t\t\t\t>Produkte \n\t\t\t\t\t\t\t<\/rs-layer><!--\n\n\t\t\t\t\t\t\t--><rs-layer\n\t\t\t\t\t\t\t\tid=\"slider-66-slide-173-layer-2\" \n\t\t\t\t\t\t\t\tdata-type=\"image\"\n\t\t\t\t\t\t\t\tdata-rsp_ch=\"on\"\n\t\t\t\t\t\t\t\tdata-xy=\"x:-504px;y:-450px;\"\n\t\t\t\t\t\t\t\tdata-text=\"w:normal;\"\n\t\t\t\t\t\t\t\tdata-dim=\"w:2560px;h:1700px;\"\n\t\t\t\t\t\t\t\tdata-frame_999=\"o:0;st:w;sR:1700;\"\n\t\t\t\t\t\t\t\tstyle=\"z-index:8;\"\n\t\t\t\t\t\t\t><img decoding=\"async\" src=\"\/\/autostopglobal.com\/wp-content\/plugins\/revslider\/sr6\/assets\/assets\/dummy.png\" alt=\"Leather car seats\" class=\"tp-rs-img rs-lazyload\" width=\"2560\" height=\"1700\" data-lazyload=\"\/\/autostopglobal.com\/wp-content\/uploads\/2021\/04\/leather-car-seats-P8NWNCA-scaled.jpg\" data-no-retina> \n\t\t\t\t\t\t\t<\/rs-layer><!--\n-->\t\t\t\t\t<\/rs-slide>\n\t\t\t\t\t\t<rs-slide style=\"position: absolute;\" data-key=\"rs-174\" data-title=\"Slide\" data-thumb=\"\/\/autostopglobal.com\/wp-content\/uploads\/2020\/11\/slider-products-50x100.png\" data-duration=\"2000ms\" data-anim=\"adpr:false;\" data-in=\"o:0;\" data-out=\"a:false;\">\n\t\t\t\t\t\t\t<img decoding=\"async\" src=\"\/\/autostopglobal.com\/wp-content\/plugins\/revslider\/sr6\/assets\/assets\/dummy.png\" alt=\"slider products\" width=\"1191\" height=\"516\" class=\"rev-slidebg tp-rs-img rs-lazyload\" data-lazyload=\"\/\/autostopglobal.com\/wp-content\/uploads\/2020\/11\/slider-products.png\" data-parallax=\"off\" data-no-retina>\n<!--\n\t\t\t\t\t\t\t--><rs-layer\n\t\t\t\t\t\t\t\tid=\"slider-66-slide-174-layer-0\" \n\t\t\t\t\t\t\t\tclass=\"title\"\n\t\t\t\t\t\t\t\tdata-type=\"text\"\n\t\t\t\t\t\t\t\tdata-color=\"#ffffff\"\n\t\t\t\t\t\t\t\tdata-rsp_ch=\"on\"\n\t\t\t\t\t\t\t\tdata-xy=\"x:c;y:c;\"\n\t\t\t\t\t\t\t\tdata-text=\"w:normal;s:60;a:center;\"\n\t\t\t\t\t\t\t\tdata-frame_999=\"o:0;st:w;\"\n\t\t\t\t\t\t\t\tstyle=\"z-index:9;font-family:'Questrial';\"\n\t\t\t\t\t\t\t>Produkte \n\t\t\t\t\t\t\t<\/rs-layer><!--\n\n\t\t\t\t\t\t\t--><rs-layer\n\t\t\t\t\t\t\t\tid=\"slider-66-slide-174-layer-2\" \n\t\t\t\t\t\t\t\tdata-type=\"image\"\n\t\t\t\t\t\t\t\tdata-rsp_ch=\"on\"\n\t\t\t\t\t\t\t\tdata-xy=\"x:-719px;y:-787px;\"\n\t\t\t\t\t\t\t\tdata-text=\"w:normal;\"\n\t\t\t\t\t\t\t\tdata-dim=\"w:2560px;h:1707px;\"\n\t\t\t\t\t\t\t\tdata-frame_999=\"o:0;st:w;\"\n\t\t\t\t\t\t\t\tstyle=\"z-index:8;\"\n\t\t\t\t\t\t\t><img decoding=\"async\" src=\"\/\/autostopglobal.com\/wp-content\/plugins\/revslider\/sr6\/assets\/assets\/dummy.png\" alt=\"\" class=\"tp-rs-img rs-lazyload\" width=\"2560\" height=\"1707\" data-lazyload=\"\/\/autostopglobal.com\/wp-content\/uploads\/2021\/05\/surface-and-crease-of-leather-H84J6DU-scaled.jpg\" data-no-retina> \n\t\t\t\t\t\t\t<\/rs-layer><!--\n-->\t\t\t\t\t<\/rs-slide>\n\t\t\t\t\t\t<rs-slide style=\"position: absolute;\" data-key=\"rs-176\" data-title=\"Slide\" data-thumb=\"\/\/autostopglobal.com\/wp-content\/uploads\/2020\/11\/slider-products-50x100.png\" data-duration=\"2000ms\" data-anim=\"adpr:false;\" data-in=\"o:0;\" data-out=\"a:false;\">\n\t\t\t\t\t\t\t<img decoding=\"async\" src=\"\/\/autostopglobal.com\/wp-content\/plugins\/revslider\/sr6\/assets\/assets\/dummy.png\" alt=\"slider products\" width=\"1191\" height=\"516\" class=\"rev-slidebg tp-rs-img rs-lazyload\" data-lazyload=\"\/\/autostopglobal.com\/wp-content\/uploads\/2020\/11\/slider-products.png\" data-parallax=\"off\" data-no-retina>\n<!--\n\t\t\t\t\t\t\t--><rs-layer\n\t\t\t\t\t\t\t\tid=\"slider-66-slide-176-layer-0\" \n\t\t\t\t\t\t\t\tclass=\"title\"\n\t\t\t\t\t\t\t\tdata-type=\"text\"\n\t\t\t\t\t\t\t\tdata-color=\"#ffffff\"\n\t\t\t\t\t\t\t\tdata-rsp_ch=\"on\"\n\t\t\t\t\t\t\t\tdata-xy=\"x:c;y:c;\"\n\t\t\t\t\t\t\t\tdata-text=\"w:normal;s:60;a:center;\"\n\t\t\t\t\t\t\t\tdata-frame_999=\"o:0;st:w;\"\n\t\t\t\t\t\t\t\tstyle=\"z-index:9;font-family:'Questrial';\"\n\t\t\t\t\t\t\t>Produkte \n\t\t\t\t\t\t\t<\/rs-layer><!--\n\n\t\t\t\t\t\t\t--><rs-layer\n\t\t\t\t\t\t\t\tid=\"slider-66-slide-176-layer-2\" \n\t\t\t\t\t\t\t\tdata-type=\"image\"\n\t\t\t\t\t\t\t\tdata-rsp_ch=\"on\"\n\t\t\t\t\t\t\t\tdata-xy=\"x:-341px;y:-585px;\"\n\t\t\t\t\t\t\t\tdata-text=\"w:normal;\"\n\t\t\t\t\t\t\t\tdata-dim=\"w:1920px;h:1280px;\"\n\t\t\t\t\t\t\t\tdata-frame_999=\"o:0;st:w;\"\n\t\t\t\t\t\t\t\tstyle=\"z-index:8;\"\n\t\t\t\t\t\t\t><img decoding=\"async\" src=\"\/\/autostopglobal.com\/wp-content\/plugins\/revslider\/sr6\/assets\/assets\/dummy.png\" alt=\"IMG_2414\" class=\"tp-rs-img rs-lazyload\" width=\"1920\" height=\"1280\" data-lazyload=\"\/\/autostopglobal.com\/wp-content\/uploads\/2021\/04\/IMG_2414.jpg\" data-no-retina> \n\t\t\t\t\t\t\t<\/rs-layer><!--\n-->\t\t\t\t\t<\/rs-slide>\n\t\t\t\t\t\t<rs-slide style=\"position: absolute;\" data-key=\"rs-175\" data-title=\"Slide\" data-thumb=\"\/\/autostopglobal.com\/wp-content\/uploads\/2020\/11\/slider-products-50x100.png\" data-duration=\"2000ms\" data-anim=\"adpr:false;\" data-in=\"o:0;\" data-out=\"a:false;\">\n\t\t\t\t\t\t\t<img decoding=\"async\" src=\"\/\/autostopglobal.com\/wp-content\/plugins\/revslider\/sr6\/assets\/assets\/dummy.png\" alt=\"slider products\" width=\"1191\" height=\"516\" class=\"rev-slidebg tp-rs-img rs-lazyload\" data-lazyload=\"\/\/autostopglobal.com\/wp-content\/uploads\/2020\/11\/slider-products.png\" data-parallax=\"off\" data-no-retina>\n<!--\n\t\t\t\t\t\t\t--><rs-layer\n\t\t\t\t\t\t\t\tid=\"slider-66-slide-175-layer-0\" \n\t\t\t\t\t\t\t\tclass=\"title\"\n\t\t\t\t\t\t\t\tdata-type=\"text\"\n\t\t\t\t\t\t\t\tdata-color=\"#ffffff\"\n\t\t\t\t\t\t\t\tdata-rsp_ch=\"on\"\n\t\t\t\t\t\t\t\tdata-xy=\"x:c;y:c;\"\n\t\t\t\t\t\t\t\tdata-text=\"w:normal;s:60;a:center;\"\n\t\t\t\t\t\t\t\tdata-frame_999=\"o:0;st:w;\"\n\t\t\t\t\t\t\t\tstyle=\"z-index:9;font-family:'Questrial';\"\n\t\t\t\t\t\t\t>Produkte \n\t\t\t\t\t\t\t<\/rs-layer><!--\n\n\t\t\t\t\t\t\t--><rs-layer\n\t\t\t\t\t\t\t\tid=\"slider-66-slide-175-layer-2\" \n\t\t\t\t\t\t\t\tdata-type=\"image\"\n\t\t\t\t\t\t\t\tdata-rsp_ch=\"on\"\n\t\t\t\t\t\t\t\tdata-xy=\"x:-401px;y:-590px;\"\n\t\t\t\t\t\t\t\tdata-text=\"w:normal;\"\n\t\t\t\t\t\t\t\tdata-dim=\"w:2560px;h:1700px;\"\n\t\t\t\t\t\t\t\tdata-frame_999=\"o:0;st:w;\"\n\t\t\t\t\t\t\t\tstyle=\"z-index:8;\"\n\t\t\t\t\t\t\t><img decoding=\"async\" src=\"\/\/autostopglobal.com\/wp-content\/plugins\/revslider\/sr6\/assets\/assets\/dummy.png\" alt=\"Leather car seats\" class=\"tp-rs-img rs-lazyload\" width=\"2560\" height=\"1700\" data-lazyload=\"\/\/autostopglobal.com\/wp-content\/uploads\/2021\/04\/leather-car-seats-P4XSV7U-scaled.jpg\" data-no-retina> \n\t\t\t\t\t\t\t<\/rs-layer><!--\n-->\t\t\t\t\t<\/rs-slide>\n\t\t\t\t\t<\/rs-slides>\n\t\t\t\t<\/rs-module>\n\t\t\t\t<script>\n\t\t\t\t\tsetREVStartSize({c: 'rev_slider_66_2',rl:[1240,1024,778,480],el:[240],gw:[1240],gh:[240],type:'standard',justify:'',layout:'fullwidth',mh:\"0\"});if (window.RS_MODULES!==undefined && window.RS_MODULES.modules!==undefined && window.RS_MODULES.modules[\"revslider662\"]!==undefined) {window.RS_MODULES.modules[\"revslider662\"].once = false;window.revapi66 = undefined;if (window.RS_MODULES.checkMinimal!==undefined) window.RS_MODULES.checkMinimal()}\n\t\t\t\t<\/script>\n\t\t\t<\/rs-module-wrap>\n\t\t\t<!-- END REVOLUTION SLIDER -->\n[\/vc_column][\/vc_row][\/vc_section][vc_row equal_height=&#8220;yes&#8220; content_placement=&#8220;bottom&#8220; css=&#8220;.vc_custom_1607475223867{margin-bottom: 30px !important;padding-top: 50px !important;}&#8220; el_class=&#8220;separator-triangle-up&#8220;][vc_column][vc_column_text]<\/p>\n<p style=\"text-align: justify;\">Das Hauptziel von <strong>Autostop<\/strong> als f\u00fchrendes Unternehmen in Design, Entwicklung und Produktion von Innenausstattungsteilen besteht darin, eine breite Produktpalette f\u00fcr verschiedene Branchen anzubieten. Bei den Endprodukten wird eine Kombination aus Leder, Kunstleder (PU, PVC usw.), Textilien, Schaumstoffen, Alcantara\u00ae und Teppich verwendet. Jede Branche und jeder Kunde sind einzigartig mit ihren eigenen Spezifikationen und Anforderungen. <strong>Autostop<\/strong> ist in der Lage, sich leicht anzupassen und Produkte f\u00fcr jeden Kunden bereitzustellen.<\/p>\n<p>[\/vc_column_text][\/vc_column][\/vc_row][vc_row disable_element=&#8220;yes&#8220;][vc_column][autostop_category_block product_name=&#8220;Interiors&#8220; image=&#8220;275&#8243; link=&#8220;url:http%3A%2F%2Fautostopglobal.com%2Finteriors%2F|title:Interiors||&#8220;]AUTOSTOP concentrates all its efforts toward offering highest quality products and services, always taking into consideration modern demands, closely following social and individual developments. Respecting the environment, its employees and clients are the company\u2019s most important priority and commitment.[\/autostop_category_block][\/vc_column][\/vc_row][vc_row disable_element=&#8220;yes&#8220;][vc_column][autostop_category_block product_name=&#8220;Floor Mats&#8220; image=&#8220;287&#8243; link=&#8220;url:http%3A%2F%2Fautostopglobal.com%2Ffloormats%2F|title:Interiors||&#8220;]AUTOSTOP concentrates all its efforts toward offering highest quality products and services, always taking into consideration modern demands, closely following social and individual developments. Respecting the environment, its employees and clients are the company\u2019s most important priority and commitment.[\/autostop_category_block][\/vc_column][\/vc_row][vc_row disable_element=&#8220;yes&#8220;][vc_column][autostop_category_block product_name=&#8220;Aviaition&#8220; image=&#8220;249&#8243; link=&#8220;url:http%3A%2F%2Fautostopglobal.com%2Faviation-2%2F|title:Interiors||&#8220;]AUTOSTOP concentrates all its efforts toward offering highest quality products and services, always taking into consideration modern demands, closely following social and individual developments. Respecting the environment, its employees and clients are the company\u2019s most important priority and commitment.[\/autostop_category_block][\/vc_column][\/vc_row][vc_row disable_element=&#8220;yes&#8220;][vc_column][autostop_category_block product_name=&#8220;Materials&#8220; image=&#8220;288&#8243; link=&#8220;url:http%3A%2F%2Fautostopglobal.com%2Finteriors%2F|title:Interiors||&#8220;]AUTOSTOP concentrates all its efforts toward offering highest quality products and services, always taking into consideration modern demands, closely following social and individual developments. Respecting the environment, its employees and clients are the company\u2019s most important priority and commitment.[\/autostop_category_block][\/vc_column][\/vc_row][vc_section full_width=&#8220;stretch_row_content&#8220; content_placement=&#8220;middle&#8220; parallax=&#8220;content-moving&#8220; parallax_image=&#8220;1105&#8243; css=&#8220;.vc_custom_1617102549745{margin-bottom: 0px !important;padding-top: 0px !important;}&#8220;][vc_row equal_height=&#8220;yes&#8220; content_placement=&#8220;middle&#8220;][vc_column width=&#8220;1\/2&#8243; css=&#8220;.vc_custom_1608159959475{padding-top: 70px !important;padding-right: 6% !important;padding-bottom: 70px !important;padding-left: 6% !important;background-color: #efefef !important;}&#8220;][vc_custom_heading text=&#8220;Innenr\u00e4ume&#8220; font_container=&#8220;tag:h2|text_align:center&#8220; use_theme_fonts=&#8220;yes&#8220; css=&#8220;.vc_custom_1626778071204{margin-bottom: 35px !important;}&#8220;][vc_column_text]<\/p>\n<p style=\"text-align: justify;\"><strong>Autostop Interiors<\/strong> konzentriert sich auf alle Fahrzeuginnenausstattungsteile wie Sitzbez\u00fcge, T\u00fcrverkleidungen, Armlehnen, Armaturenbretter, Lenkr\u00e4der und andere IP-Produkte mit einer breiten Palette von Materialien und Farben. Mit den Produktionsm\u00f6glichkeiten beginnend vom Zuschnitt, N\u00e4hen, Perforieren, Laminieren, Installieren und Testen kann Autostop eine Komplettl\u00f6sung mit einer vertikalen Integrations f\u00fcr alle seine Kunden anbieten.<\/p>\n<p>[\/vc_column_text][\/vc_column][vc_column width=&#8220;1\/2&#8243; css=&#8220;.vc_custom_1608159970017{padding-top: 70px !important;padding-bottom: 70px !important;}&#8220;][vc_btn title=&#8220;Sehen Sie sich unsere Produkte an&#8220; style=&#8220;custom&#8220; custom_background=&#8220;#e30613&#8243; custom_text=&#8220;#ffffff&#8220; shape=&#8220;square&#8220; align=&#8220;center&#8220; link=&#8220;url:http%3A%2F%2Fautostopglobal.com%2Finteriors%2F|title:Products||&#8220; css=&#8220;.vc_custom_1626778140295{margin-bottom: 0px !important;}&#8220;][\/vc_column][\/vc_row][\/vc_section][vc_section full_width=&#8220;stretch_row_content&#8220; content_placement=&#8220;middle&#8220; parallax=&#8220;content-moving&#8220; parallax_image=&#8220;2272&#8243; css=&#8220;.vc_custom_1627452332657{margin-bottom: 0px !important;padding-top: 0px !important;}&#8220; el_class=&#8220;mobile-hide-parallax&#8220;][vc_row equal_height=&#8220;yes&#8220; content_placement=&#8220;middle&#8220; el_class=&#8220;reverse-columns-mobile&#8220;][vc_column width=&#8220;1\/2&#8243; css=&#8220;.vc_custom_1623106563515{padding-top: 70px !important;padding-bottom: 70px !important;background-image: url(https:\/\/autostopglobal.com\/wp-content\/uploads\/2021\/06\/floormats-mobile-1.jpg?id=2643) !important;background-position: center !important;background-repeat: no-repeat !important;background-size: cover !important;}&#8220; el_class=&#8220;desktop-hide-background&#8220;][vc_btn title=&#8220;Sehen Sie sich unsere Produkte an&#8220; style=&#8220;custom&#8220; custom_background=&#8220;#e30613&#8243; custom_text=&#8220;#ffffff&#8220; shape=&#8220;square&#8220; align=&#8220;center&#8220; link=&#8220;url:https%3A%2F%2Fautostopglobal.com%2Ffloor-mats%2F|title:Products||&#8220; css=&#8220;.vc_custom_1626778147914{margin-bottom: 0px !important;}&#8220;][\/vc_column][vc_column width=&#8220;1\/2&#8243; css=&#8220;.vc_custom_1608159762553{padding-top: 70px !important;padding-right: 6% !important;padding-bottom: 70px !important;padding-left: 6% !important;background-color: #dd3333 !important;}&#8220; el_class=&#8220;dark&#8220;][vc_custom_heading text=&#8220;Fu\u00dfmatten&#8220; font_container=&#8220;tag:h2|text_align:center&#8220; use_theme_fonts=&#8220;yes&#8220; css=&#8220;.vc_custom_1626778212883{margin-bottom: 35px !important;}&#8220;][vc_column_text]<\/p>\n<p style=\"text-align: justify;\"><strong>Autostop Floormats<\/strong> ist einer der f\u00fchrenden Hersteller von Fu\u00dfmatten in Europa, der ein breites Spektrum an Farben, Einfassungen und stilvollen Designs anbietet, welche allen individuellen Anforderungen gerecht wird. Das edle Design jeder Automatte sorgt f\u00fcr die Langlebigkeit des Autoinnenraums, indem es maximalen Schutz vor allen Abnutzungserscheinungen bietet. Hochqualifizierte und erfahrene Mitarbeiter produzieren mit modernsten Ger\u00e4ten und Maschinen Fu\u00dfmatten in erstklassiger Qualit\u00e4t.<\/p>\n<p>[\/vc_column_text][\/vc_column][\/vc_row][\/vc_section][vc_section full_width=&#8220;stretch_row_content&#8220; content_placement=&#8220;middle&#8220; parallax=&#8220;content-moving&#8220; parallax_image=&#8220;249&#8243; css=&#8220;.vc_custom_1623786845284{margin-bottom: 0px !important;padding-top: 0px !important;}&#8220;][vc_row equal_height=&#8220;yes&#8220; content_placement=&#8220;middle&#8220;][vc_column width=&#8220;1\/2&#8243; css=&#8220;.vc_custom_1608159788440{padding-top: 70px !important;padding-right: 6% !important;padding-bottom: 70px !important;padding-left: 6% !important;background-color: #efefef !important;}&#8220;][vc_custom_heading text=&#8220;Luftfahrt&#8220; font_container=&#8220;tag:h2|text_align:center&#8220; use_theme_fonts=&#8220;yes&#8220; css=&#8220;.vc_custom_1626778243971{margin-bottom: 35px !important;}&#8220;][vc_column_text]<\/p>\n<p style=\"text-align: justify;\"><strong>Autostop Aviation<\/strong> bringt Automobilstandards in die Luftfahrt. Von einer neuen Materialklasse, die das Flugzeugdesign ver\u00e4ndert, bis hin zu Sitzkomponenten bietet das Unternehmen ein breites Produktportfolio. Die neuen Ideen und Innovationen des Teams k\u00f6nnen unseren Kunden helfen, Herausforderungen in L\u00f6sungen zu verwandeln. Das Unternehmen strebt an, die h\u00f6chsten Standards f\u00fcr Compliance und Transparenz in den Gesch\u00e4ftspraktiken aufrechtzuerhalten und das Wachstum und die Innovation des Unternehmens an die Bed\u00fcrfnisse des Kunden auszurichten.<\/p>\n<p>[\/vc_column_text][\/vc_column][vc_column width=&#8220;1\/2&#8243; css=&#8220;.vc_custom_1608160002985{padding-top: 70px !important;padding-bottom: 70px !important;}&#8220;][vc_btn title=&#8220;Sehen Sie sich unsere Produkte an&#8220; style=&#8220;custom&#8220; custom_background=&#8220;#e30613&#8243; custom_text=&#8220;#ffffff&#8220; shape=&#8220;square&#8220; align=&#8220;center&#8220; link=&#8220;url:https%3A%2F%2Fautostopaviation.com%2F|title:Products|target:%20_blank|&#8220; css=&#8220;.vc_custom_1626778158922{margin-bottom: 0px !important;}&#8220;][\/vc_column][\/vc_row][\/vc_section][vc_section full_width=&#8220;stretch_row_content&#8220; content_placement=&#8220;middle&#8220; parallax=&#8220;content-moving&#8220; parallax_image=&#8220;2181&#8243; css=&#8220;.vc_custom_1623786940533{margin-bottom: -15px !important;padding-top: 0px !important;}&#8220;][vc_row equal_height=&#8220;yes&#8220; content_placement=&#8220;middle&#8220; el_class=&#8220;reverse-columns-mobile&#8220;][vc_column width=&#8220;1\/2&#8243; css=&#8220;.vc_custom_1608160009246{padding-top: 70px !important;padding-bottom: 70px !important;}&#8220;][vc_btn title=&#8220;Sehen Sie sich unsere Produkte an&#8220; style=&#8220;custom&#8220; custom_background=&#8220;#e30613&#8243; custom_text=&#8220;#ffffff&#8220; shape=&#8220;square&#8220; align=&#8220;center&#8220; link=&#8220;url:http%3A%2F%2Fautostopglobal.com%2Fmaterials%2F|title:Products||&#8220; css=&#8220;.vc_custom_1626778171230{margin-bottom: 0px !important;}&#8220;][\/vc_column][vc_column width=&#8220;1\/2&#8243; css=&#8220;.vc_custom_1608159803633{padding-top: 70px !important;padding-right: 6% !important;padding-bottom: 70px !important;padding-left: 6% !important;background-color: #444444 !important;}&#8220; el_class=&#8220;dark&#8220;][vc_custom_heading text=&#8220;Materialien&#8220; font_container=&#8220;tag:h2|text_align:center&#8220; use_theme_fonts=&#8220;yes&#8220; css=&#8220;.vc_custom_1626778618969{margin-bottom: 35px !important;}&#8220;][vc_column_text]<\/p>\n<p style=\"text-align: justify;\">Die Produktpalette von <strong>Autostop Materials<\/strong> umfasst PVC, PU, Nubuck, Bio &amp; Erneuerbare, Schaumstoffe und andere Materialien. Das Unternehmen produziert Materialien f\u00fcr mehrere Branchen, wie Automobil, Luftfahrt, Transport, M\u00f6bel und Medizin. Es ist bestrebt, Materialien von hoher Qualit\u00e4t und strengen Spezifikationen herzustellen, w\u00e4hrend das Forschungs- und Designteam sich dem Angebot innovativer, umweltfreundlicher und leistungsstarker beschichteter Stoffe verschrieben hat.<\/p>\n<p>[\/vc_column_text][\/vc_column][\/vc_row][\/vc_section]<\/p>\n<\/div>","protected":false},"excerpt":{"rendered":"<p>[vc_section full_width=&#8220;stretch_row_content&#8220; el_id=&#8220;Subheader&#8220; css=&#8220;.vc_custom_1619800558615{padding-top: 0px !important;padding-bottom: 0px !important;}&#8220; el_class=&#8220;slider&#8220;][vc_row][vc_column][\/vc_column][\/vc_row][\/vc_section][vc_row equal_height=&#8220;yes&#8220; content_placement=&#8220;bottom&#8220; css=&#8220;.vc_custom_1607475223867{margin-bottom: 30px !important;padding-top: 50px !important;}&#8220; el_class=&#8220;separator-triangle-up&#8220;][vc_column][vc_column_text] Das Hauptziel von Autostop als f\u00fchrendes Unternehmen in Design,<span class=\"excerpt-hellip\"> [\u2026]<\/span><\/p>\n","protected":false},"author":1,"featured_media":0,"parent":0,"menu_order":0,"comment_status":"closed","ping_status":"closed","template":"","meta":{"inline_featured_image":false,"footnotes":""},"class_list":["post-158","page","type-page","status-publish","hentry"],"_links":{"self":[{"href":"https:\/\/autostopglobal.com\/de\/wp-json\/wp\/v2\/pages\/158","targetHints":{"allow":["GET"]}}],"collection":[{"href":"https:\/\/autostopglobal.com\/de\/wp-json\/wp\/v2\/pages"}],"about":[{"href":"https:\/\/autostopglobal.com\/de\/wp-json\/wp\/v2\/types\/page"}],"author":[{"embeddable":true,"href":"https:\/\/autostopglobal.com\/de\/wp-json\/wp\/v2\/users\/1"}],"replies":[{"embeddable":true,"href":"https:\/\/autostopglobal.com\/de\/wp-json\/wp\/v2\/comments?post=158"}],"version-history":[{"count":68,"href":"https:\/\/autostopglobal.com\/de\/wp-json\/wp\/v2\/pages\/158\/revisions"}],"predecessor-version":[{"id":3274,"href":"https:\/\/autostopglobal.com\/de\/wp-json\/wp\/v2\/pages\/158\/revisions\/3274"}],"wp:attachment":[{"href":"https:\/\/autostopglobal.com\/de\/wp-json\/wp\/v2\/media?parent=158"}],"curies":[{"name":"wp","href":"https:\/\/api.w.org\/{rel}","templated":true}]}}