{"id":1203,"date":"2021-04-01T09:29:58","date_gmt":"2021-04-01T08:29:58","guid":{"rendered":"https:\/\/autostopglobal.com\/?page_id=1203"},"modified":"2022-11-21T07:53:08","modified_gmt":"2022-11-21T07:53:08","slug":"clients","status":"publish","type":"page","link":"https:\/\/autostopglobal.com\/de\/clients\/","title":{"rendered":"Kunden"},"content":{"rendered":"<div class=\"wpb-content-wrapper\"><p>[vc_row][vc_column][vc_column_text][\/vc_column_text][\/vc_column][\/vc_row][vc_section full_width=&#8220;stretch_row&#8220; parallax=&#8220;content-moving&#8220; parallax_image=&#8220;942&#8243; parallax_speed_bg=&#8220;2&#8243; el_id=&#8220;Subheader&#8220; css=&#8220;.vc_custom_1625230706530{background-image: url(https:\/\/autostopglobal.com\/wp-content\/uploads\/2020\/12\/materials-light.png?id=443) !important;}&#8220; el_class=&#8220;subheader-none slider&#8220;][vc_row][vc_column]\n\t\t\t<!-- START Subheader  Clients DE REVOLUTION SLIDER 6.7.33 --><p class=\"rs-p-wp-fix\"><\/p>\n\t\t\t<rs-module-wrap id=\"rev_slider_104_2_wrapper\" data-source=\"gallery\" style=\"visibility:hidden;background:transparent;padding:0;margin:0px auto;margin-top:0;margin-bottom:0;\">\n\t\t\t\t<rs-module id=\"rev_slider_104_2\" style=\"\" data-version=\"6.7.33\">\n\t\t\t\t\t<rs-slides style=\"overflow: hidden; position: absolute;\">\n\t\t\t\t\t\t<rs-slide style=\"position: absolute;\" data-key=\"rs-252\" data-title=\"Slide\" data-anim=\"adpr:false;\" data-in=\"o:0;\" data-out=\"a:false;\">\n\t\t\t\t\t\t\t<img decoding=\"async\" src=\"\/\/autostopglobal.com\/wp-content\/plugins\/revslider\/sr6\/assets\/assets\/dummy.png\" alt=\"Closeup picture of businesspeople shaking hands, making an agreement.\" width=\"2560\" height=\"1089\" class=\"rev-slidebg tp-rs-img rs-lazyload\" data-lazyload=\"\/\/autostopglobal.com\/wp-content\/uploads\/2021\/03\/closeup-picture-of-businesspeople-shaking-hands-ma-283Z000007KF-scaled.jpg\" data-parallax=\"off\" data-no-retina>\n<!--\n\t\t\t\t\t\t\t--><rs-layer\n\t\t\t\t\t\t\t\tid=\"slider-104-slide-252-layer-0\" \n\t\t\t\t\t\t\t\tclass=\"title\"\n\t\t\t\t\t\t\t\tdata-type=\"text\"\n\t\t\t\t\t\t\t\tdata-color=\"#ffffff\"\n\t\t\t\t\t\t\t\tdata-rsp_ch=\"on\"\n\t\t\t\t\t\t\t\tdata-xy=\"x:c;xo:2px;y:c;\"\n\t\t\t\t\t\t\t\tdata-text=\"w:normal;s:60;a:center;\"\n\t\t\t\t\t\t\t\tdata-frame_999=\"o:0;st:w;\"\n\t\t\t\t\t\t\t\tstyle=\"z-index:9;font-family:'Questrial';\"\n\t\t\t\t\t\t\t>Kunden \n\t\t\t\t\t\t\t<\/rs-layer><!--\n\n\t\t\t\t\t\t\t--><rs-layer\n\t\t\t\t\t\t\t\tid=\"slider-104-slide-252-layer-1\" \n\t\t\t\t\t\t\t\tdata-type=\"image\"\n\t\t\t\t\t\t\t\tdata-rsp_ch=\"on\"\n\t\t\t\t\t\t\t\tdata-xy=\"x:-294px;y:-276px;\"\n\t\t\t\t\t\t\t\tdata-text=\"w:normal;\"\n\t\t\t\t\t\t\t\tdata-dim=\"w:1845px;h:785px;\"\n\t\t\t\t\t\t\t\tdata-frame_999=\"o:0;st:w;\"\n\t\t\t\t\t\t\t\tstyle=\"z-index:8;\"\n\t\t\t\t\t\t\t><img decoding=\"async\" src=\"\/\/autostopglobal.com\/wp-content\/plugins\/revslider\/sr6\/assets\/assets\/dummy.png\" alt=\"Closeup picture of businesspeople shaking hands, making an agreement.\" class=\"tp-rs-img rs-lazyload\" width=\"2048\" height=\"871\" data-lazyload=\"\/\/autostopglobal.com\/wp-content\/uploads\/2021\/03\/closeup-picture-of-businesspeople-shaking-hands-ma-283Z000007KF-2048x871.jpg\" data-no-retina> \n\t\t\t\t\t\t\t<\/rs-layer><!--\n-->\t\t\t\t\t<\/rs-slide>\n\t\t\t\t\t<\/rs-slides>\n\t\t\t\t\t<rs-static-layers><!--\n\t\t\t\t\t--><\/rs-static-layers>\n\t\t\t\t<\/rs-module>\n\t\t\t\t<script>\n\t\t\t\t\tsetREVStartSize({c: 'rev_slider_104_2',rl:[1240,1024,778,480],el:[240],gw:[1240],gh:[240],type:'standard',justify:'',layout:'fullwidth',mh:\"0\"});if (window.RS_MODULES!==undefined && window.RS_MODULES.modules!==undefined && window.RS_MODULES.modules[\"revslider1042\"]!==undefined) {window.RS_MODULES.modules[\"revslider1042\"].once = false;window.revapi104 = undefined;if (window.RS_MODULES.checkMinimal!==undefined) window.RS_MODULES.checkMinimal()}\n\t\t\t\t<\/script>\n\t\t\t<\/rs-module-wrap>\n\t\t\t<!-- END REVOLUTION SLIDER -->\n[\/vc_column][\/vc_row][vc_row disable_element=&#8220;yes&#8220;][vc_column][vc_custom_heading text=&#8220;Clients&#8220; font_container=&#8220;tag:h1|text_align:center&#8220; google_fonts=&#8220;font_family:Questrial%3Aregular|font_style:400%20regular%3A400%3Anormal&#8220; el_class=&#8220;title&#8220;][\/vc_column][\/vc_row][\/vc_section][vc_row css=&#8220;.vc_custom_1608160442406{margin-bottom: 30px !important;padding-top: 70px !important;}&#8220; el_class=&#8220;separator-triangle-up&#8220;][vc_column][vc_column_text]<\/p>\n<p style=\"text-align: justify;\">Das Hauptziel des Unternehmens ist es, die Kunden zufrieden zu stellen. Der Aufbau einer starken Beziehung zu ihnen ist ein Beweis f\u00fcr das langj\u00e4hrige und erfolgreiche Gesch\u00e4ft des Unternehmens. Als einer der f\u00fchrenden Anbieter von Sitzbez\u00fcgen und Fu\u00dfmatten f\u00fcr den Automobilmarkt in Europa ist Autostop derzeit in den meisten europ\u00e4ischen L\u00e4ndern vertreten und beliefert OEMs, Aftermarket, PDIs und lokale M\u00e4rkte.<\/p>\n<p style=\"text-align: justify;\">Als Unternehmen ist Autostop stets bestrebt, seine Kunden zufrieden zu stellen, eine bereits stabile Beziehung aufrechtzuerhalten und zu verbessern, indem es weiterhin ausgezeichnete Qualit\u00e4tsprodukte liefert.<\/p>\n<p>[\/vc_column_text][\/vc_column][\/vc_row][vc_row el_class=&#8220;clients-logos&#8220;][vc_column width=&#8220;1\/5&#8243;][vc_single_image image=&#8220;1368&#8243; alignment=&#8220;center&#8220; css_animation=&#8220;appear&#8220;][vc_single_image image=&#8220;1387&#8243; alignment=&#8220;center&#8220; css_animation=&#8220;appear&#8220;][vc_single_image image=&#8220;1408&#8243; alignment=&#8220;center&#8220; css_animation=&#8220;appear&#8220;][vc_single_image image=&#8220;1409&#8243; alignment=&#8220;center&#8220; css_animation=&#8220;appear&#8220;][vc_single_image image=&#8220;1417&#8243; img_size=&#8220;500&#215;300&#8243; alignment=&#8220;center&#8220; css_animation=&#8220;appear&#8220;][vc_single_image image=&#8220;1690&#8243; alignment=&#8220;center&#8220; css_animation=&#8220;appear&#8220;][\/vc_column][vc_column width=&#8220;1\/5&#8243;][vc_single_image image=&#8220;1369&#8243; alignment=&#8220;center&#8220; css_animation=&#8220;appear&#8220;][vc_single_image image=&#8220;1388&#8243; alignment=&#8220;center&#8220; css_animation=&#8220;appear&#8220;][vc_single_image image=&#8220;1382&#8243; alignment=&#8220;center&#8220; css_animation=&#8220;appear&#8220;][vc_single_image image=&#8220;1413&#8243; alignment=&#8220;center&#8220; css_animation=&#8220;appear&#8220;][vc_single_image image=&#8220;1672&#8243; alignment=&#8220;center&#8220; css_animation=&#8220;appear&#8220;][vc_single_image image=&#8220;1416&#8243; img_size=&#8220;500X300&#8243; alignment=&#8220;center&#8220; css_animation=&#8220;appear&#8220;][\/vc_column][vc_column width=&#8220;1\/5&#8243;][vc_single_image image=&#8220;3648&#8243; alignment=&#8220;center&#8220; css_animation=&#8220;appear&#8220;][vc_single_image image=&#8220;1383&#8243; alignment=&#8220;center&#8220; css_animation=&#8220;appear&#8220;][vc_single_image image=&#8220;1405&#8243; alignment=&#8220;center&#8220; css_animation=&#8220;appear&#8220;][vc_single_image image=&#8220;1347&#8243; alignment=&#8220;center&#8220; css_animation=&#8220;appear&#8220;][vc_single_image image=&#8220;1414&#8243; img_size=&#8220;500&#215;300&#8243; alignment=&#8220;center&#8220; css_animation=&#8220;appear&#8220;][vc_single_image image=&#8220;1400&#8243; alignment=&#8220;center&#8220; css_animation=&#8220;appear&#8220;][\/vc_column][vc_column width=&#8220;1\/5&#8243;][vc_single_image image=&#8220;3678&#8243; alignment=&#8220;center&#8220; css_animation=&#8220;appear&#8220;][vc_single_image image=&#8220;1384&#8243; alignment=&#8220;center&#8220; css_animation=&#8220;appear&#8220;][vc_single_image image=&#8220;1386&#8243; alignment=&#8220;center&#8220; css_animation=&#8220;appear&#8220;][vc_single_image image=&#8220;1689&#8243; alignment=&#8220;center&#8220; css_animation=&#8220;appear&#8220;][vc_single_image image=&#8220;1407&#8243; alignment=&#8220;center&#8220; css_animation=&#8220;appear&#8220;][\/vc_column][vc_column width=&#8220;1\/5&#8243;][vc_single_image image=&#8220;1362&#8243; alignment=&#8220;center&#8220; css_animation=&#8220;appear&#8220;][vc_single_image image=&#8220;1389&#8243; alignment=&#8220;center&#8220; css_animation=&#8220;appear&#8220;][vc_single_image image=&#8220;1401&#8243; alignment=&#8220;center&#8220; css_animation=&#8220;appear&#8220;][vc_single_image image=&#8220;1412&#8243; alignment=&#8220;center&#8220; css_animation=&#8220;appear&#8220;][vc_single_image image=&#8220;1415&#8243; img_size=&#8220;500X300&#8243; alignment=&#8220;center&#8220; css_animation=&#8220;appear&#8220;][\/vc_column][\/vc_row][vc_row][vc_column][vc_column_text][\/vc_column_text][\/vc_column][\/vc_row]<\/p>\n<\/div>","protected":false},"excerpt":{"rendered":"<p>[vc_row][vc_column][vc_column_text][\/vc_column_text][\/vc_column][\/vc_row][vc_section full_width=&#8220;stretch_row&#8220; parallax=&#8220;content-moving&#8220; parallax_image=&#8220;942&#8243; parallax_speed_bg=&#8220;2&#8243; el_id=&#8220;Subheader&#8220; css=&#8220;.vc_custom_1625230706530{background-image: url(https:\/\/autostopglobal.com\/wp-content\/uploads\/2020\/12\/materials-light.png?id=443) !important;}&#8220; el_class=&#8220;subheader-none slider&#8220;][vc_row][vc_column][\/vc_column][\/vc_row][vc_row disable_element=&#8220;yes&#8220;][vc_column][vc_custom_heading text=&#8220;Clients&#8220; font_container=&#8220;tag:h1|text_align:center&#8220; google_fonts=&#8220;font_family:Questrial%3Aregular|font_style:400%20regular%3A400%3Anormal&#8220; el_class=&#8220;title&#8220;][\/vc_column][\/vc_row][\/vc_section][vc_row css=&#8220;.vc_custom_1608160442406{margin-bottom: 30px !important;padding-top: 70px !important;}&#8220; el_class=&#8220;separator-triangle-up&#8220;][vc_column][vc_column_text] Das Hauptziel des Unternehmens<span class=\"excerpt-hellip\"> [\u2026]<\/span><\/p>\n","protected":false},"author":3,"featured_media":0,"parent":0,"menu_order":0,"comment_status":"closed","ping_status":"closed","template":"","meta":{"inline_featured_image":false,"footnotes":""},"class_list":["post-1203","page","type-page","status-publish","hentry"],"_links":{"self":[{"href":"https:\/\/autostopglobal.com\/de\/wp-json\/wp\/v2\/pages\/1203","targetHints":{"allow":["GET"]}}],"collection":[{"href":"https:\/\/autostopglobal.com\/de\/wp-json\/wp\/v2\/pages"}],"about":[{"href":"https:\/\/autostopglobal.com\/de\/wp-json\/wp\/v2\/types\/page"}],"author":[{"embeddable":true,"href":"https:\/\/autostopglobal.com\/de\/wp-json\/wp\/v2\/users\/3"}],"replies":[{"embeddable":true,"href":"https:\/\/autostopglobal.com\/de\/wp-json\/wp\/v2\/comments?post=1203"}],"version-history":[{"count":40,"href":"https:\/\/autostopglobal.com\/de\/wp-json\/wp\/v2\/pages\/1203\/revisions"}],"predecessor-version":[{"id":3712,"href":"https:\/\/autostopglobal.com\/de\/wp-json\/wp\/v2\/pages\/1203\/revisions\/3712"}],"wp:attachment":[{"href":"https:\/\/autostopglobal.com\/de\/wp-json\/wp\/v2\/media?parent=1203"}],"curies":[{"name":"wp","href":"https:\/\/api.w.org\/{rel}","templated":true}]}}